{"id":10066,"date":"2021-09-22T11:55:05","date_gmt":"2021-09-22T14:55:05","guid":{"rendered":"https:\/\/ieslvf-caba.infd.edu.ar\/sitio\/?page_id=10066"},"modified":"2025-04-23T10:51:14","modified_gmt":"2025-04-23T13:51:14","slug":"datos-institucionales-2021","status":"publish","type":"page","link":"https:\/\/ieslvf-caba.infd.edu.ar\/sitio\/datos-institucionales-2021\/","title":{"rendered":"Datos Institucionales"},"content":{"rendered":"\n<div class=\"wp-block-cover alignwide is-position-center-center\" style=\"min-height:100px\"><span aria-hidden=\"true\" class=\"wp-block-cover__background has-background-dim-20 has-background-dim\"><\/span><img decoding=\"async\" loading=\"lazy\" width=\"640\" height=\"480\" class=\"wp-block-cover__image-background wp-image-10177\" alt=\"\" src=\"https:\/\/ieslvf-caba.infd.edu.ar\/sitio\/wp-content\/uploads\/2021\/09\/entrada-ed-viejo-frente-1.jpg\" style=\"object-position:59% 6%\" data-object-fit=\"cover\" data-object-position=\"59% 6%\"\/><div class=\"wp-block-cover__inner-container\">\n<p class=\"has-text-align-center has-text-color\" style=\"color:#fffffa;font-size:50px;line-height:1.1\"><strong>Datos institucionales<\/strong><\/p>\n<\/div><\/div>\n\n\n\n<div class=\"wp-block-columns is-layout-flex wp-container-3\">\n<div class=\"wp-block-column is-layout-flow\">\n<h4 class=\"wp-block-heading has-text-align-center has-text-color\" style=\"color:#004aad\">Sede RETIRO<\/h4>\n\n\n\n<p class=\"has-text-align-center has-black-color has-text-color\">Escuela N\u00b0 81 del Distrito Escolar 1\u00b0<\/p>\n\n\n<div class=\"wp-block-image is-style-default\">\n<figure class=\"aligncenter size-full is-resized\"><img decoding=\"async\" src=\"https:\/\/ieslvf-caba.infd.edu.ar\/sitio\/wp-content\/uploads\/2022\/08\/entrada_frente_3-edited-1.jpg\" alt=\"\" class=\"wp-image-13754\" width=\"300\"\/><\/figure><\/div>\n\n\n<h6 class=\"wp-block-heading has-text-align-center\" id=\"block-e0d71060-4168-4e24-8a8c-0273a9c4e236\">Carlos Pellegrini 1515 &#8211; C.P.: C1011AAE<\/h6>\n\n\n\n<p class=\"has-text-align-center\"><strong>Ciudad Aut\u00f3noma de Buenos Aires<\/strong><\/p>\n\n\n\n<p class=\"has-text-align-center\"><strong>Tel.: 4322-3992<\/strong><\/p>\n\n\n\n<p class=\"has-text-align-center has-white-color has-text-color has-background\" style=\"background-color:#004aad\">Secretar\u00eda Administrativa<\/p>\n\n\n\n<p class=\"has-black-color has-text-color\"><strong>Secretaria:&nbsp;<\/strong>Silvana Sin\u00f3poli<\/p>\n\n\n\n<p class=\"has-black-color has-text-color\"><strong>Prosecretaria Nivel Terciario:<\/strong>&nbsp;Adriana Rodas \/ Alejandra Oteizza<\/p>\n\n\n\n<p class=\"has-black-color has-text-color\"><strong>Prosecretaria&nbsp;Nivel Medio y Primario:<\/strong>&nbsp;Alicia Mart\u00ednez<\/p>\n\n\n\n<p class=\"has-black-color has-text-color\"><strong>Horario de atenci\u00f3n al p\u00fablico:&nbsp;<\/strong>8 a 12 y 14 a 18 hs<\/p>\n\n\n\n<p class=\"has-black-color has-text-color\"><strong>Bedel\u00eda:<\/strong> Horario de atenci\u00f3n 8 a 11, de 13 a 16 y de 18 a 21 hs ieslvjrf_ntbedelia@bue.edu.ar<\/p>\n\n\n\n<p><a rel=\"noreferrer noopener\" href=\"https:\/\/cdn2.buenosaires.gob.ar\/bsas\/establecimientos-educativos\/tour_360\/020058400\/360_020058400.html\" target=\"_blank\">Recorr\u00e9 la escuela en 360\u00ba<\/a><\/p>\n\n\n\n<iframe src=\"https:\/\/www.google.com\/maps\/embed?pb=!1m18!1m12!1m3!1d3284.5342827830464!2d-58.38351658434773!3d-34.59064886431462!2m3!1f0!2f0!3f0!3m2!1i1024!2i768!4f13.1!3m3!1m2!1s0x95bccab0edb51145%3A0x45a3b8a756cc6fff!2sCarlos%20Pellegrini%201515%2C%20C1011AAE%20CABA!5e0!3m2!1ses!2sar!4v1632855191619!5m2!1ses!2sar\" width=\"400\" height=\"300\" style=\"border:0;\" allowfullscreen=\"\" loading=\"lazy\"><\/iframe>\n<\/div>\n\n\n\n<div class=\"wp-block-column is-layout-flow\">\n<h4 class=\"wp-block-heading has-text-align-center has-text-color\" style=\"color:#ff1616\">Anexo POMPEYA <\/h4>\n\n\n\n<p class=\"has-text-align-center\">Escuela N\u00b0 10 del Distrito Escolar 19\u00b0<\/p>\n\n\n<div class=\"wp-block-image is-style-default\">\n<figure class=\"aligncenter size-full is-resized\"><a href=\"https:\/\/ieslvf-caba.infd.edu.ar\/sitio\/wp-content\/uploads\/2021\/09\/Pompeya-web.png\"><img decoding=\"async\" src=\"https:\/\/ieslvf-caba.infd.edu.ar\/sitio\/wp-content\/uploads\/2021\/09\/Pompeya-web.png\" alt=\"\" class=\"wp-image-10230\" width=\"300\" srcset=\"https:\/\/ieslvf-caba.infd.edu.ar\/sitio\/wp-content\/uploads\/2021\/09\/Pompeya-web.png 2400w, https:\/\/ieslvf-caba.infd.edu.ar\/sitio\/wp-content\/uploads\/2021\/09\/Pompeya-web-1000x750.png 1000w, https:\/\/ieslvf-caba.infd.edu.ar\/sitio\/wp-content\/uploads\/2021\/09\/Pompeya-web-1900x1425.png 1900w, https:\/\/ieslvf-caba.infd.edu.ar\/sitio\/wp-content\/uploads\/2021\/09\/Pompeya-web-768x576.png 768w, https:\/\/ieslvf-caba.infd.edu.ar\/sitio\/wp-content\/uploads\/2021\/09\/Pompeya-web-1536x1152.png 1536w, https:\/\/ieslvf-caba.infd.edu.ar\/sitio\/wp-content\/uploads\/2021\/09\/Pompeya-web-2048x1536.png 2048w\" sizes=\"(max-width: 2400px) 100vw, 2400px\" \/><\/a><\/figure><\/div>\n\n\n<h6 class=\"wp-block-heading has-text-align-center\">&nbsp;An\u00edbal P. Arbeletche 1052, CABA, altura Av La Plata 2500<\/h6>\n\n\n\n<p class=\"has-text-align-center\"><strong>Ciudad Aut\u00f3noma de Buenos Aires<\/strong><\/p>\n\n\n\n<h6 class=\"wp-block-heading has-text-align-center\">Tel.: 4922-6261<\/h6>\n\n\n\n<p class=\"has-text-align-center has-white-color has-text-color has-background has-small-font-size\" style=\"background-color:#ff1616\">En el Anexo Pompeya solo se dicta<br>el PROFESORADO EN INGL\u00c9S \u2013 4 A\u00d1OS.<\/p>\n\n\n\n<p class=\"has-black-color has-text-color\"><strong>Director de Carrera<\/strong>: Daniel Ferreyra <br> <\/p>\n\n\n\n<p class=\"has-black-color has-text-color\"><strong>Coordinador de anexo<\/strong>: Jorge Cu\u00f1a Antunes &nbsp;<a rel=\"noreferrer noopener\" href=\"mailto:coordinacionpompeyalv@gmail.com\" target=\"_blank\">coordinacionpompeyalv@gmail.com<\/a><\/p>\n\n\n\n<p class=\"has-black-color has-text-color\"><strong>Preceptor<\/strong>: <br>ieslvjrfpompeya@gmail.com<\/p>\n\n\n\n<p class=\"has-black-color has-text-color\"><strong>Horario de atenci\u00f3n al p\u00fablico:<\/strong>&nbsp;18 a 20:30 hs<\/p>\n\n\n\n<p><a rel=\"noreferrer noopener\" href=\"https:\/\/cdn2.buenosaires.gob.ar\/bsas\/establecimientos-educativos\/tour_360\/020003703\/360_020003703.html\" target=\"_blank\">Recorr\u00e9 la escuela en 360\u00b0<\/a><\/p>\n\n\n\n<iframe src=\"https:\/\/www.google.com\/maps\/embed?pb=!1m18!1m12!1m3!1d3282.358351979965!2d-58.425850284346254!3d-34.64565186722602!2m3!1f0!2f0!3f0!3m2!1i1024!2i768!4f13.1!3m3!1m2!1s0x95bccba3e7e27deb%3A0xf6566befffdcb6e3!2sAn%C3%ADbal%20Pedro%20Arbeletche%201052%2C%20C1437%20GTF%2C%20Buenos%20Aires!5e0!3m2!1ses!2sar!4v1632855598746!5m2!1ses!2sar\" width=\"400\" height=\"300\" style=\"border:0;\" allowfullscreen=\"\" loading=\"lazy\"><\/iframe>\n\n\n\n<p><\/p>\n\n\n\n<p><\/p>\n<\/div>\n<\/div>\n\n\n\n<p><\/p>\n","protected":false},"excerpt":{"rendered":"<p>Sede RETIRO Escuela N\u00b0 81 del Distrito Escolar 1\u00b0 Carlos Pellegrini 1515 &#8211; C.P.: C1011AAE Ciudad Aut\u00f3noma de Buenos Aires Tel.: 4322-3992 Secretar\u00eda Administrativa Secretaria:&nbsp;Silvana Sin\u00f3poli Prosecretaria Nivel Terciario:&nbsp;Adriana Rodas \/ Alejandra Oteizza Prosecretaria&nbsp;Nivel Medio y Primario:&nbsp;Alicia Mart\u00ednez Horario de atenci\u00f3n al p\u00fablico:&nbsp;8 a 12 y 14 a 18 hs Bedel\u00eda: Horario de atenci\u00f3n 8 &#8230; <a title=\"Datos Institucionales\" class=\"read-more\" href=\"https:\/\/ieslvf-caba.infd.edu.ar\/sitio\/datos-institucionales-2021\/\" aria-label=\"More on Datos Institucionales\">[+]<\/a><\/p>\n","protected":false},"author":2415,"featured_media":0,"parent":0,"menu_order":0,"comment_status":"closed","ping_status":"closed","template":"","meta":[],"acf":[],"_links":{"self":[{"href":"https:\/\/ieslvf-caba.infd.edu.ar\/sitio\/wp-json\/wp\/v2\/pages\/10066"}],"collection":[{"href":"https:\/\/ieslvf-caba.infd.edu.ar\/sitio\/wp-json\/wp\/v2\/pages"}],"about":[{"href":"https:\/\/ieslvf-caba.infd.edu.ar\/sitio\/wp-json\/wp\/v2\/types\/page"}],"author":[{"embeddable":true,"href":"https:\/\/ieslvf-caba.infd.edu.ar\/sitio\/wp-json\/wp\/v2\/users\/2415"}],"replies":[{"embeddable":true,"href":"https:\/\/ieslvf-caba.infd.edu.ar\/sitio\/wp-json\/wp\/v2\/comments?post=10066"}],"version-history":[{"count":53,"href":"https:\/\/ieslvf-caba.infd.edu.ar\/sitio\/wp-json\/wp\/v2\/pages\/10066\/revisions"}],"predecessor-version":[{"id":19747,"href":"https:\/\/ieslvf-caba.infd.edu.ar\/sitio\/wp-json\/wp\/v2\/pages\/10066\/revisions\/19747"}],"wp:attachment":[{"href":"https:\/\/ieslvf-caba.infd.edu.ar\/sitio\/wp-json\/wp\/v2\/media?parent=10066"}],"curies":[{"name":"wp","href":"https:\/\/api.w.org\/{rel}","templated":true}]}}