{"id":10073,"date":"2021-09-22T12:01:17","date_gmt":"2021-09-22T15:01:17","guid":{"rendered":"https:\/\/ieslvf-caba.infd.edu.ar\/sitio\/?page_id=10073"},"modified":"2025-05-07T14:11:36","modified_gmt":"2025-05-07T17:11:36","slug":"autoridades-2021","status":"publish","type":"page","link":"https:\/\/ieslvf-caba.infd.edu.ar\/sitio\/autoridades-2021\/","title":{"rendered":"Autoridades"},"content":{"rendered":"\n<div class=\"wp-block-cover alignwide is-position-center-center\" style=\"min-height:100px\"><span aria-hidden=\"true\" class=\"wp-block-cover__background has-background-dim-20 has-background-dim\"><\/span><img decoding=\"async\" loading=\"lazy\" width=\"640\" height=\"480\" class=\"wp-block-cover__image-background wp-image-10182\" alt=\"\" src=\"https:\/\/ieslvf-caba.infd.edu.ar\/sitio\/wp-content\/uploads\/2021\/09\/entrada-escudo-muni.jpg\" style=\"object-position:42% 28%\" data-object-fit=\"cover\" data-object-position=\"42% 28%\"\/><div class=\"wp-block-cover__inner-container\">\n<p class=\"has-text-align-center has-text-color\" style=\"color:#fffffa;font-size:40px;line-height:1.1\"><strong>Autoridades<\/strong><\/p>\n<\/div><\/div>\n\n\n\n<div class=\"wp-block-buttons is-horizontal is-content-justification-right is-layout-flex wp-container-1\"><\/div>\n\n\n\n<h5 class=\"wp-block-heading has-base-background-color has-text-color has-background\" style=\"color:#004aad\">RECTORADO &#8211; Gesti\u00f3n 2022 &#8211; 2025<\/h5>\n\n\n\n<p><strong>Rectora<\/strong>: Paula L\u00f3pez Cano<\/p>\n\n\n\n<p><strong>Vicerrectora<\/strong>: N\u00e9lida Sosa<\/p>\n\n\n\n<p><strong>Vicerrectora<\/strong>: Marisa Rennis<\/p>\n\n\n\n<p>Mail de contacto del Nivel Terciario:&nbsp;ieslvjrf@bue.edu.ar<\/p>\n\n\n\n<p><strong>Secretaria acad\u00e9mica<\/strong>: Jimena Portas Robaina<\/p>\n\n\n\n<h5 class=\"wp-block-heading has-base-background-color has-text-color has-background\" style=\"color:#ff1616\">NIVEL MEDIO<\/h5>\n\n\n\n<p><strong>Director<\/strong>: Sebasti\u00e1n J. Rigueiro&nbsp;&nbsp;&nbsp;<\/p>\n\n\n\n<p><strong>Vicedirectora<\/strong>: Mar\u00eda Lorena de Arbelaiz<\/p>\n\n\n\n<p>Mail de contacto del Nivel Medio:&nbsp;ieslvjrf_nmdireccion@bue.edu.ar<\/p>\n\n\n\n<h5 class=\"wp-block-heading has-base-background-color has-text-color has-background\" style=\"color:#ddad04\">NIVEL PRIMARIO<\/h5>\n\n\n\n<p><strong>Regente<\/strong>: Mariela Berman<\/p>\n\n\n\n<p><strong>Subregente<\/strong>: Anal\u00eda Genoud<\/p>\n\n\n\n<p><strong>Maestra Secretaria<\/strong>: Natalia S\u00e1nchez&nbsp;<\/p>\n\n\n\n<p>Mail de contacto del Nivel Primario: ieslvjrf.nivelprimario@bue.edu.ar<\/p>\n\n\n\n<hr class=\"wp-block-separator has-css-opacity\"\/>\n\n\n\n<h3 class=\"wp-block-heading\">ELECCIONES<\/h3>\n\n\n\n<p><a rel=\"noreferrer noopener\" href=\"https:\/\/ieslvf-caba.infd.edu.ar\/sitio\/elecciones-2023\/\" target=\"_blank\"><strong>ELECCIONES 2018 &#8211; 2019 &#8211; 2020 &#8211; 2021 &#8211; 2022 &#8211; 2023 &#8211; 2024<\/strong><\/a><\/p>\n\n\n\n<p><strong><a rel=\"noreferrer noopener\" href=\"index.cgi?wid_seccion=6&amp;wid_item=167\" target=\"_blank\">ELECCIONES 2017 &#8211; RECTORADO &#8211; CONSEJO DIRECTIVO<\/a><\/strong><\/p>\n\n\n\n<p><strong><a href=\"index.cgi?wid_item=143\" target=\"_blank\" rel=\"noreferrer noopener\">ELECCIONES 2017&nbsp; &#8211; COORDINADOR CAMPO FORMACI\u00d3N ESPEC\u00cdFICA INGL\u00c9S<\/a><\/strong><\/p>\n\n\n\n<p><strong><a href=\"index.cgi?wid_item=24&amp;wid_seccion=6\">ELECCIONES 2016 &#8211; COORDINADORES AENS &#8211; ELE<\/a><\/strong><\/p>\n\n\n\n<p><strong><a href=\"index.cgi?wid_item=78&amp;wid_seccion=6\">ELECCIONES 2016 &#8211; DIRECTORES DE CARRERA &#8211; COORDINADORES Y CONSEJEROS ALUMNOS<\/a><\/strong><\/p>\n\n\n\n<p><strong><a href=\"index.cgi?wid_item=120&amp;wid_seccion=6\">ELECCIONES 2016 &#8211; VICERRECTORADO<\/a><\/strong><\/p>\n\n\n\n<p><strong><a href=\"index.cgi?wid_seccion=2&amp;wid_item=58\" target=\"_blank\" rel=\"noreferrer noopener\">ELECCIONES 2016 &#8211; SECRETAR\u00cdA ACAD\u00c9MICA<\/a><\/strong><\/p>\n\n\n\n<p><strong><a rel=\"noreferrer noopener\" href=\"index.cgi?wid_seccion=2&amp;wid_item=55\" target=\"_blank\">ELECCIONES 2015<\/a><\/strong><\/p>\n","protected":false},"excerpt":{"rendered":"<p>RECTORADO &#8211; Gesti\u00f3n 2022 &#8211; 2025 Rectora: Paula L\u00f3pez Cano Vicerrectora: N\u00e9lida Sosa Vicerrectora: Marisa Rennis Mail de contacto del Nivel Terciario:&nbsp;ieslvjrf@bue.edu.ar Secretaria acad\u00e9mica: Jimena Portas Robaina NIVEL MEDIO Director: Sebasti\u00e1n J. Rigueiro&nbsp;&nbsp;&nbsp; Vicedirectora: Mar\u00eda Lorena de Arbelaiz Mail de contacto del Nivel Medio:&nbsp;ieslvjrf_nmdireccion@bue.edu.ar NIVEL PRIMARIO Regente: Mariela Berman Subregente: Anal\u00eda Genoud Maestra Secretaria: Natalia &#8230; <a title=\"Autoridades\" class=\"read-more\" href=\"https:\/\/ieslvf-caba.infd.edu.ar\/sitio\/autoridades-2021\/\" aria-label=\"More on Autoridades\">[+]<\/a><\/p>\n","protected":false},"author":2415,"featured_media":0,"parent":0,"menu_order":0,"comment_status":"closed","ping_status":"closed","template":"","meta":[],"acf":[],"_links":{"self":[{"href":"https:\/\/ieslvf-caba.infd.edu.ar\/sitio\/wp-json\/wp\/v2\/pages\/10073"}],"collection":[{"href":"https:\/\/ieslvf-caba.infd.edu.ar\/sitio\/wp-json\/wp\/v2\/pages"}],"about":[{"href":"https:\/\/ieslvf-caba.infd.edu.ar\/sitio\/wp-json\/wp\/v2\/types\/page"}],"author":[{"embeddable":true,"href":"https:\/\/ieslvf-caba.infd.edu.ar\/sitio\/wp-json\/wp\/v2\/users\/2415"}],"replies":[{"embeddable":true,"href":"https:\/\/ieslvf-caba.infd.edu.ar\/sitio\/wp-json\/wp\/v2\/comments?post=10073"}],"version-history":[{"count":35,"href":"https:\/\/ieslvf-caba.infd.edu.ar\/sitio\/wp-json\/wp\/v2\/pages\/10073\/revisions"}],"predecessor-version":[{"id":19847,"href":"https:\/\/ieslvf-caba.infd.edu.ar\/sitio\/wp-json\/wp\/v2\/pages\/10073\/revisions\/19847"}],"wp:attachment":[{"href":"https:\/\/ieslvf-caba.infd.edu.ar\/sitio\/wp-json\/wp\/v2\/media?parent=10073"}],"curies":[{"name":"wp","href":"https:\/\/api.w.org\/{rel}","templated":true}]}}