{"id":10320,"date":"2021-09-28T11:09:44","date_gmt":"2021-09-28T14:09:44","guid":{"rendered":"https:\/\/ieslvf-caba.infd.edu.ar\/sitio\/?page_id=10320"},"modified":"2025-04-25T16:49:42","modified_gmt":"2025-04-25T19:49:42","slug":"normativa-2021","status":"publish","type":"page","link":"https:\/\/ieslvf-caba.infd.edu.ar\/sitio\/normativa-2021\/","title":{"rendered":"Normativa"},"content":{"rendered":"\n<div class=\"wp-block-cover alignwide is-position-center-center\" style=\"min-height:100px\"><span aria-hidden=\"true\" class=\"wp-block-cover__background has-background-dim-20 has-background-dim\"><\/span><img decoding=\"async\" loading=\"lazy\" width=\"640\" height=\"480\" class=\"wp-block-cover__image-background wp-image-10182\" alt=\"\" src=\"https:\/\/ieslvf-caba.infd.edu.ar\/sitio\/wp-content\/uploads\/2021\/09\/entrada-escudo-muni.jpg\" style=\"object-position:42% 28%\" data-object-fit=\"cover\" data-object-position=\"42% 28%\"\/><div class=\"wp-block-cover__inner-container\">\n<p class=\"has-text-align-center has-text-color\" style=\"color:#fffffa;font-size:40px;line-height:1.1\"><strong>Normativa<\/strong><\/p>\n<\/div><\/div>\n\n\n\n<div class=\"wp-block-buttons is-horizontal is-content-justification-right is-layout-flex wp-container-1\"><\/div>\n\n\n\n<h5 class=\"wp-block-heading\">Normativa Institucional<\/h5>\n\n\n\n<ul>\n<li><a rel=\"noreferrer noopener\" href=\"https:\/\/ieslvf-caba.infd.edu.ar\/sitio\/normativa\/upload\/Reglamento_Organico_RESOL_335-SSGECP-2015.pdf\" target=\"_blank\">Reglamento Org\u00e1nico Institucional<\/a><\/li>\n\n\n\n<li><a rel=\"noreferrer noopener\" href=\"https:\/\/ieslvf-caba.infd.edu.ar\/sitio\/normativa\/upload\/Reglamento_de_Biblioteca_Res_CD_119-12.pdf\" target=\"_blank\">Reglamento de la Biblioteca General<\/a><\/li>\n\n\n\n<li><a rel=\"noreferrer noopener\" href=\"https:\/\/ieslvf-caba.infd.edu.ar\/sitio\/wp-content\/uploads\/2020\/04\/REGLAMENTO-INTERNO-CD.pdf\" target=\"_blank\">Reglamento del funcionamiento interno del Consejo Directivo<\/a><\/li>\n\n\n\n<li><a rel=\"noreferrer noopener\" href=\"https:\/\/ieslvf-caba.infd.edu.ar\/sitio\/wp-content\/uploads\/2022\/02\/Formulario-Cambio-Registral-Ley-23743.pdf\" target=\"_blank\">Formulario identidad de g\u00e9nero<\/a><\/li>\n\n\n\n<li><a href=\"https:\/\/ieslvf-caba.infd.edu.ar\/sitio\/wp-content\/uploads\/2022\/02\/Recomendaciones-evitacion-maculino-generico.pdf\" target=\"_blank\" rel=\"noreferrer noopener\">Recomendaciones para la evitaci\u00f3n del masculino gen\u00e9rico<\/a><\/li>\n<\/ul>\n\n\n\n<h5 class=\"wp-block-heading\">Nivel Superior<\/h5>\n\n\n\n<ul>\n<li><a href=\"https:\/\/ieslvf-caba.infd.edu.ar\/sitio\/wp-content\/uploads\/2020\/12\/IF-2019-21117765-GCABA-ESC200584-RAI-aprobado.pdf\" target=\"_blank\" rel=\"noreferrer noopener\">Reglamento Acad\u00e9mico Institucional (aprobado por Resoluci\u00f3n Nro. 2366-GCABA-MEDGC\/2020, 17 de noviembre 2020)<\/a><\/li>\n\n\n\n<li><a href=\"https:\/\/ieslvf-caba.infd.edu.ar\/sitio\/wp-content\/uploads\/2023\/02\/GUIA-DEL-ESTUDIANTE-2023-1.pdf\" target=\"_blank\" rel=\"noreferrer noopener\">Gu\u00eda del Estudiante<\/a><\/li>\n\n\n\n<li><a href=\"https:\/\/ieslvf-caba.infd.edu.ar\/sitio\/wp-content\/uploads\/2020\/04\/Estatuto-CETLV.pdf\"><strong>Estatuto del Centro de Estudiantes del Nivel Terciario del IES en Lenguas Vivas \u201cJuan Ram\u00f3n Fern\u00e1ndez\u201d<\/strong><\/a><\/li>\n\n\n\n<li><a href=\"https:\/\/ieslvf-caba.infd.edu.ar\/sitio\/wp-content\/uploads\/2018\/12\/REGLAMENTO_ALUMNO_AYUDANTE_CD_11.03.2014.pdf\">Reglamento Alumno ayudante<\/a><\/li>\n\n\n\n<li><a href=\"https:\/\/ieslvf-caba.infd.edu.ar\/sitio\/normativa\/upload\/Reglamento_de_Adscripci%F3n_2015.pdf\" target=\"_blank\" rel=\"noreferrer noopener\">Reglamento de Adscripci\u00f3n<\/a><\/li>\n\n\n\n<li><a href=\"https:\/\/ieslvf-caba.infd.edu.ar\/sitio\/normativa\/upload\/Reg._ResidenciaTraduccion2010.pdf\" target=\"_blank\" rel=\"noreferrer noopener\">Reglamento de Residencia de Traducci\u00f3n<\/a><\/li>\n\n\n\n<li><a href=\"https:\/\/ieslvf-caba.infd.edu.ar\/sitio\/wp-content\/uploads\/2019\/03\/Reglamento_Trabajo_de_Campo_aprobado-noviembre-2018.pdf\">Reglamento de Trabajo de Campo<\/a><\/li>\n\n\n\n<li><a href=\"https:\/\/ieslvf-caba.infd.edu.ar\/sitio\/wp-content\/uploads\/2018\/10\/REGLAMENTO-DE-TUTOR-PAR-PROYECTO-APROBADO-EL-18-09-18.pdf\">Reglamento de Tutor Par \u2013&nbsp;<\/a><strong>Aprobado por&nbsp;Resoluci\u00f3n Consejo Directivo N\u00ba 40\/18 (18\/09\/2018)&nbsp; &nbsp;<\/strong><\/li>\n<\/ul>\n\n\n\n<ul>\n<li><a href=\"https:\/\/ieslvf-caba.infd.edu.ar\/sitio\/wp-content\/uploads\/2020\/04\/Reglamento-de-Pr%C3%A1cticas-docentes-PI-IESLVJRF-2019-.pdf\">Reglamento de Pr\u00e1cticas Docentes del Profesorado de Ingl\u00e9s<\/a><\/li>\n\n\n\n<li><a href=\"https:\/\/ieslvf-caba.infd.edu.ar\/sitio\/wp-content\/uploads\/2020\/04\/Reglamento-de-Pr%C3%A1cticas-Docentes-PF-2019.pdf\">Reglamento de Pr\u00e1cticas Docentes del Profesorado de Franc\u00e9s<\/a><\/li>\n\n\n\n<li><a rel=\"noreferrer noopener\" href=\"https:\/\/ieslvf-caba.infd.edu.ar\/sitio\/wp-content\/uploads\/2025\/04\/Reglamento-de-Practicas-Docentes-del-Profesorado-de-Portugues.pdf\" target=\"_blank\">Reglamento de Pr\u00e1cticas Docentes del Profesorado de Portugu\u00e9s<\/a><\/li>\n<\/ul>\n\n\n\n<h5 class=\"wp-block-heading\">Resoluciones Planes de estudio de las carreras del Nivel Superior<\/h5>\n\n\n\n<h5 class=\"wp-block-heading\"><strong>ALEM\u00c1N<\/strong><\/h5>\n\n\n\n<ul>\n<li><a rel=\"noreferrer noopener\" href=\"https:\/\/ieslvf-caba.infd.edu.ar\/sitio\/normativa\/upload\/IESLVJRF-PCI-Profesorado_de_Educacion_Superior_en_Aleman_NOV.pdf\" target=\"_blank\">Profesorado de Educaci\u00f3n Superior en Alem\u00e1n<\/a> &#8211; RESOLUCI\u00d3N N\u00b0 4053\/MEGC\/14 &#8211; BOCBA N\u00b0 5026 del 15\/12\/2016<\/li>\n\n\n\n<li>Profesorado de Alem\u00e1n &#8211; RESOLUCI\u00d3N N\u00ba 3815\/14<\/li>\n\n\n\n<li><a href=\"https:\/\/ieslvf-caba.infd.edu.ar\/sitio\/normativa\/upload\/TraductoradoAlemanversionfinal101006_1.pdf\">Traductorado en Alem\u00e1n<\/a><\/li>\n<\/ul>\n\n\n\n<p><strong>Planes anteriores<\/strong><\/p>\n\n\n\n<ul>\n<li><a href=\"https:\/\/ieslvf-caba.infd.edu.ar\/sitio\/normativa\/upload\/Plan_Aleman_Media_VR.pdf\">Profesorado en Alem\u00e1n para la Ense\u00f1anza Media y Superior<\/a> &#8211; 2601\/GCABA\/SED\/ 0502\/08\/05Aprueba dise\u00f1o curricular de formaci\u00f3n de profesor en alem\u00e1n &#8211; BOCBA N\u00b0 2257 del 19\/08\/2005<\/li>\n\n\n\n<li><a href=\"https:\/\/ieslvf-caba.infd.edu.ar\/sitio\/normativa\/upload\/Plan_Aleman_Inicial_VR.pdf\">Profesorado en Alem\u00e1n&nbsp;para la Ense\u00f1anza Inicial y Primaria<\/a>&nbsp;<a href=\"https:\/\/ieslvf-caba.infd.edu.ar\/sitio\/normativa\/upload\/Anexo_aleman_IP_completo.pdf\">ANEXO-ADECUACI\u00d3N IP<\/a> &#8211; 2602\/GCABA\/SED\/ 05 \u2013 02\/08\/05 Aprueba dise\u00f1o curricular de formaci\u00f3n de profesor en alem\u00e1n para el nivel inicial y primario\/EGB 1 y 23870\/MEGC\/2009 &#8211; BOCBA N\u00b0 2257 del 19\/08\/2005&nbsp;&nbsp;BOCBA N\u00ba 3247 del 31\/08\/2009<\/li>\n\n\n\n<li><a href=\"https:\/\/ieslvf-caba.infd.edu.ar\/sitio\/normativa\/upload\/Aleman_Sup.pdf\">Profesor\/a de Educaci\u00f3n Superior en Alem\u00e1n (con alcances en el nivel medio)<\/a> &#8211; 150\/GCABA\/MEGC\/10 Adecuaciones del dise\u00f1o curricular para el Profesorado de Educaci\u00f3n Superior en Alem\u00e1n &#8211; BOCBA N\u00b0 3368 del 25\/02\/2010&nbsp;<\/li>\n<\/ul>\n\n\n\n<h5 class=\"wp-block-heading\"><strong>FRANC\u00c9S<\/strong><\/h5>\n\n\n\n<ul>\n<li><a rel=\"noreferrer noopener\" href=\"http:\/\/www.boletinoficial.buenosaires.gob.ar\/?c=View&amp;a=anexoNorma&amp;boletin=4784&amp;anexo=61841\" target=\"_blank\">Profesorado en Educaci\u00f3n Superior en Franc\u00e9s<\/a> &#8211; RESOLUCI\u00d3N N\u00b0 3979\/MEGC\/14 &#8211; BOCBA N\u00ba 4784 del 17\/12\/2015<\/li>\n\n\n\n<li><a rel=\"noreferrer noopener\" href=\"https:\/\/ieslvf-caba.infd.edu.ar\/sitio\/normativa\/upload\/Traductorado_de_Frances.pdf\" target=\"_blank\">Traductorado en Franc\u00e9s<\/a> &#8211; RESOLUCI\u00d3N N\u00ba 168\/GCABA\/SSGECP\/13 &#8211; BOCBA N\u00b0 4140 del 26\/04\/2013<\/li>\n<\/ul>\n\n\n\n<p><strong>Planes anteriores<\/strong><\/p>\n\n\n\n<ul>\n<li><a href=\"https:\/\/ieslvf-caba.infd.edu.ar\/sitio\/normativa\/upload\/Plan_Frances_Inicial_Primaria.pdf\">Profesorado en Franc\u00e9s&nbsp;<\/a>para la Ense\u00f1anza Inicial y Primaria &#8211; <a href=\"https:\/\/ieslvf-caba.infd.edu.ar\/sitio\/normativa\/upload\/Anexo_II_Plan_de_Est._Prof_Frances.pdf\">ANEXO-ADECUACI\u00d3N PLAN DE ESTUDIOS<\/a> &#8211; 2920 GCABA\/ SED\/05 29\/08\/05.<\/li>\n\n\n\n<li>Dise\u00f1o curricular de formaci\u00f3n de profesor en franc\u00e9s para el nivel inicial y primario\/EGB 1 y 2 &#8211; RESOLUCI\u00d3N 4281\/MEGC\/2009 &#8211; BOCBA N\u00b0 2281 del 22\/09\/2005<\/li>\n\n\n\n<li><a href=\"https:\/\/ieslvf-caba.infd.edu.ar\/sitio\/normativa\/upload\/Plan_Frances_Media_VC.pdf\">Profesorado en Franc\u00e9s para la Ense\u00f1anza Media y Superior<\/a><\/li>\n\n\n\n<li><a rel=\"noreferrer noopener\" href=\"https:\/\/ieslvf-caba.infd.edu.ar\/sitio\/normativa\/upload\/Frances_Sup.pdf\" target=\"_blank\">Profesor\/a de Educaci\u00f3n Superior en Franc\u00e9s (con alcance a nivel medio)<\/a> &#8211; RESOLUCI\u00d3N 2919 GCABA\/ SED\/ 0529\/08\/05 &#8211;  RESOLUCI\u00d3N <a rel=\"noreferrer noopener\" href=\"https:\/\/ieslvf-caba.infd.edu.ar\/sitio\/normativa\/upload\/Frances_Sup.pdf\" target=\"_blank\">1103\/MEGC\/2010<\/a> &#8211; BOCBA N\u00b0 2281 del 22\/09\/2005<\/li>\n\n\n\n<li><a href=\"https:\/\/ieslvf-caba.infd.edu.ar\/sitio\/normativa\/upload\/Plan_Frances_Traductorado.pdf\">Traductorado Literario y T\u00e9cnico-Cient\u00edfico<\/a>&nbsp;en Franc\u00e9s &#8211; R.M. N\u00ba 98\/91 \u2013 05\/06\/91<\/li>\n<\/ul>\n\n\n\n<h5 class=\"wp-block-heading\"><strong>INGL\u00c9S<\/strong><\/h5>\n\n\n\n<ul>\n<li><a rel=\"noreferrer noopener\" href=\"https:\/\/ieslvf-caba.infd.edu.ar\/sitio\/normativa\/upload\/IESLVJRF_PCI_Profesorado_en_Educ_Sup_en_Ingles_2015.pdf\" target=\"_blank\">Profesorado de Educaci\u00f3n Superior en Ingl\u00e9s&nbsp;<\/a> &#8211; RESOLUCI\u00d3N N\u00ba 4284\/MEGC\/2014<\/li>\n\n\n\n<li><a rel=\"noreferrer noopener\" href=\"https:\/\/ieslvf-caba.infd.edu.ar\/sitio\/normativa\/upload\/IESLVJRF_PCI_Profesorado_de_Ingles_2015.pdf\" target=\"_blank\">Profesorado de Ingl\u00e9s<\/a> &#8211; RESOLUCI\u00d3N N\u00b0 4023\/MEGC\/14<\/li>\n\n\n\n<li><a rel=\"noreferrer noopener\" href=\"https:\/\/ieslvf-caba.infd.edu.ar\/sitio\/normativa\/upload\/Traductorado_en_Ingles_2014_last.pdf\" target=\"_blank\">Traductorado en Ingl\u00e9s<\/a> &#8211; RESOLUCI\u00d3N N\u00b0 3730\/SSGECP\/12 Resoluci\u00f3n N\u00ba 1094\/GCABA\/SSGECP\/13 &#8211; BOCBA N\u00b0 4056 del 14\/12\/2012 &#8211; BOCBA N\u00b0 4246 del 27\/09\/2013<\/li>\n<\/ul>\n\n\n\n<p><strong>Planes anteriores<\/strong><\/p>\n\n\n\n<ul>\n<li><a href=\"https:\/\/ieslvf-caba.infd.edu.ar\/sitio\/normativa\/upload\/Plan_Ingles_Inicial_Primario_VC.pdf\">Profesorado para la Ense\u00f1anza Inicial y Primaria&nbsp;en Ingl\u00e9s<\/a>&nbsp;<a href=\"https:\/\/ieslvf-caba.infd.edu.ar\/sitio\/normativa\/upload\/Anexo_II_Plan_de_Estudios_Prof_ingles.pdf\">ANEXO-ADECUACI\u00d3N PLAN DE ESTUDIOS<\/a> &#8211; 2364 GCABA\/ SED\/ 05 13\/07\/05&nbsp;&#8211; BOCBA N\u00b0 2255 del 17\/08\/2005<\/li>\n\n\n\n<li>Profesorado de Educaci\u00f3n Superior en Ingl\u00e9s (con alcance en el Nivel Medio&nbsp;(Plan de Estudios 2005) Adecuaci\u00f3n (Plan 2009) &#8211;&nbsp;&nbsp;Resoluci\u00f3n 2330\/05RESOLUCI\u00d3N N\u00ba 3284\/GCABA\/MEGC\/10 &#8211; BOCBA N\u00b0 3495 del 02\/09\/2010<\/li>\n\n\n\n<li><a href=\"https:\/\/ieslvf-caba.infd.edu.ar\/sitio\/normativa\/upload\/Plan_Ingles_Traductorado.pdf\">Traductorado Literario y T\u00e9cnico-Cient\u00edfico en ingl\u00e9s<\/a> &#8211; R.M. N\u00ba 98\/91 \u2013 05\/06\/91<\/li>\n<\/ul>\n\n\n\n<h5 class=\"wp-block-heading\"><strong>PORTUGU\u00c9S<\/strong><\/h5>\n\n\n\n<ul>\n<li><a rel=\"noreferrer noopener\" href=\"http:\/\/www.boletinoficial.buenosaires.gob.ar\/?c=View&amp;a=anexoNorma&amp;boletin=4784&amp;anexo=61842\" target=\"_blank\">Profesorado en Educaci\u00f3n Superior en Portugu\u00e9s<\/a> &#8211; RESOLUCI\u00d3N N\u00ba 4262\/GCABA\/MEGC\/14 &#8211; BOCBA N\u00ba 4784 del 17\/12\/2015<\/li>\n\n\n\n<li><a rel=\"noreferrer noopener\" href=\"https:\/\/ieslvf-caba.infd.edu.ar\/sitio\/normativa\/upload\/IESLVJRF_PCI_Profesorado_de_Portugues_2015.pdf\" target=\"_blank\">Profesorado de Portugu\u00e9s<\/a> &#8211; RESOLUCI\u00d3N N\u00b0 3643-MEGC\/14<\/li>\n\n\n\n<li><a rel=\"noreferrer noopener\" href=\"http:\/\/www.buenosaires.gov.ar\/areas\/leg_tecnica\/boletines\/20070703.htm#18\" target=\"_blank\">Traductorado en Portugu\u00e9s<\/a> &#8211; <a rel=\"noreferrer noopener\" href=\"https:\/\/ieslvf-caba.infd.edu.ar\/sitio\/wp-content\/uploads\/2020\/08\/Traductorado-en-Portugu%C3%A9s-Resoluci%C3%B3n-N%C2%B0-2163-de-2007.pdf\" target=\"_blank\">Resoluci\u00f3n N\u00b0 2163\/ GCABA\/ MEGC\/ 08\/06\/07<\/a> &#8211; <a rel=\"noreferrer noopener\" href=\"https:\/\/documentosboletinoficial.buenosaires.gob.ar\/publico\/20070703.pdf\" target=\"_blank\">BOCBA N\u00b0 2717 del 03\/07\/2007<\/a><\/li>\n<\/ul>\n\n\n\n<p><strong>Planes anteriores<\/strong><\/p>\n\n\n\n<ul>\n<li><a href=\"http:\/\/www.buenosaires.gov.ar\/areas\/educacion\/docentes\/superior\/pepor_egb.php?menu_id=20597\">Profesorado en Portugu\u00e9s Nivel Inicial y Primaria<\/a> &#8211; Resoluci\u00f3n N\u00b0 2169\/ GCABA\/SED\/04\/07\/05 &#8211; BOCBA N\u00b0 2246 del 03\/08\/2005<\/li>\n\n\n\n<li><a href=\"http:\/\/www.buenosaires.gov.ar\/areas\/educacion\/docentes\/superior\/pepor2.php?menu_id=20597\">Profesorado en Portugu\u00e9s Nivel Medio<\/a> &#8211; Resoluci\u00f3n N\u00b0 3243\/ GCABA\/ SED\/ 22\/09\/05 &#8211; BOCBA N\u00b0 2301 del 21\/10\/2005<\/li>\n<\/ul>\n\n\n\n<h5 class=\"wp-block-heading\">POST\u00cdTULOS<\/h5>\n\n\n\n<ul>\n<li>Especializaci\u00f3n Superior en Espa\u00f1ol Lengua Segunda y Extranjera \u2013 RESOLUCI\u00d3N N\u00b0 4003 GCABA\/ MEGC\/ 23\/11\/06 BOCBA N\u00b0 2593 el d\u00eda 27\/12\/2006.<\/li>\n\n\n\n<li>Especializaci\u00f3n Docente de Nivel Superior en Interculturalidad y Ense\u00f1anza de Espa\u00f1ol como Lengua Segunda y Extranjera &#8211;  RESOLUCI\u00d3N N\u00ba 8\/GCABA\/SSGECP\/15&nbsp;<a href=\"http:\/\/boletinoficial.buenosaires.gov.ar\/areas\/leg_tecnica\/boletinOficial\/documentos\/boletines\/2015\/03\/20150306.pdf\">BOCBA N\u00b0 4593<\/a>&nbsp;del 06\/03\/2015.<\/li>\n<\/ul>\n\n\n\n<h5 class=\"wp-block-heading\">Nivel Medio<\/h5>\n\n\n\n<ul>\n<li><a href=\"https:\/\/ieslvf-caba.infd.edu.ar\/sitio\/normativa\/upload\/Guia__del_estudiante_2008_NM.pdf\">Gu\u00eda del Estudiante del nivel medio<\/a>&nbsp;\u2013 Incluye las principales reglamentaciones del nivel.<\/li>\n\n\n\n<li><a rel=\"noreferrer noopener\" href=\"https:\/\/ieslvf-caba.infd.edu.ar\/sitio\/normativa\/upload\/Reglamentodeconvivencia.pdf\" target=\"_blank\">Reglamento de Convivencia<\/a>&nbsp;\u2013 El r\u00e9gimen de convivencia es el resultado del consenso entre todos los integrantes de la comunidad educativa del nivel medio: docentes, alumnos y familias.<\/li>\n<\/ul>\n\n\n\n<h5 class=\"wp-block-heading\">Normativa Nacional<\/h5>\n\n\n\n<ul>\n<li><a rel=\"noreferrer noopener\" href=\"http:\/\/www.infoleg.gob.ar\/infolegInternet\/anexos\/120000-124999\/123542\/norma.htm\" target=\"_blank\">Ley Federal de Educaci\u00f3n \u2013 Ley N\u00ba 26.206<\/a><\/li>\n\n\n\n<li><a rel=\"noreferrer noopener\" href=\"http:\/\/www.infoleg.gov.ar\/infolegInternet\/anexos\/25000-29999\/25394\/texact.htm\" target=\"_blank\">Ley de Educaci\u00f3n Superior \u2013 Ley N\u00ba 24.521<\/a><\/li>\n<\/ul>\n\n\n\n<h5 class=\"wp-block-heading\">Normativa de la DGCyE de la Provincia de Buenos Aires<\/h5>\n\n\n\n<ul>\n<li><a rel=\"noreferrer noopener\" href=\"https:\/\/ieslvf-caba.infd.edu.ar\/sitio\/normativa\/upload\/Nomenclador_provincia_de_Buenos_Aires.pdf\" target=\"_blank\">Nomenclador para los t\u00edtulos de profesorado del IESLVJRF<\/a><\/li>\n\n\n\n<li>Resoluci\u00f3n DGCyE 4904\/2009 \u2013 Aprueba para el ejercicio de la docencia en la Direcci\u00f3n General de Cultura y Educaci\u00f3n habilita el t\u00edtulo de profesores de lengua extranjera expedido por el IESLV JRF.<\/li>\n<\/ul>\n\n\n\n<h5 class=\"wp-block-heading\">Normativa del Ministerio de Educaci\u00f3n de la C.A.B.A.<\/h5>\n\n\n\n<ul>\n<li><a href=\"https:\/\/www.buenosaires.gob.ar\/sites\/gcaba\/files\/estatuto_junio_2022.pdf\">Estatuto del docente&nbsp;<\/a>\u2013 reglamenta la actividad profesional de los docentes de la jurisdicci\u00f3n.<\/li>\n\n\n\n<li><a rel=\"noreferrer noopener\" href=\"https:\/\/www.buenosaires.gob.ar\/educacion\/estudiantes\/sistema-educativo\/oferta-de-estudios-de-profesorado\" target=\"_blank\">Formaci\u00f3n docente<\/a><\/li>\n\n\n\n<li><a rel=\"noreferrer noopener\" href=\"http:\/\/www.buenosaires.gob.ar\/educacion\/escuelas\/consulta-de-normas-educativas\" target=\"_blank\">Consulta de normas educativas<\/a><\/li>\n<\/ul>\n\n\n\n<h5 class=\"wp-block-heading\">Leyes<\/h5>\n\n\n\n<ul>\n<li>Ley de titularizaci\u00f3n \u2013 Ley N\u00ba 2269\/06&nbsp;\u2013  Confirma en car\u00e1cter de titular a los docentes que revisten en car\u00e1cter de interinos con anterioridad al 31 de diciembre de 2005.<\/li>\n\n\n\n<li>Ley de concursos \u2013 Ley N\u00ba 2270\/06&nbsp;\u2013  Carrera docente en instituciones de gesti\u00f3n estatal: se establecen normas de ingreso.<\/li>\n\n\n\n<li>Ley N\u00ba 137\/98&nbsp;\u2013 Autoriza la constituci\u00f3n y funcionamiento de organismos de representaci\u00f3n estudiantil bajo la forma de un \u00fanico centro de estudiantes.<\/li>\n\n\n\n<li>Ley N\u00b0 1943\/06&nbsp;\u2013 Modifica la Ley N\u00b0 137 \u2013 Constituci\u00f3n y funcionamiento de organismos de representaci\u00f3n estudiantil bajo la forma de un \u00fanico centro de estudiantes.<\/li>\n<\/ul>\n\n\n\n<h5 class=\"wp-block-heading\">Resoluciones<\/h5>\n\n\n\n<ul>\n<li>Reglamento Escolar para el sistema educativo de gesti\u00f3n oficial dependiente del G.C.A.B.A. &#8211; <a rel=\"noreferrer noopener\" href=\"http:\/\/www.buenosaires.gob.ar\/educacion\/docentes\/reglamento-escolar\" target=\"_blank\">RESOLUCI\u00d3N N\u00ba 4776\/MEGC\/06<\/a>&nbsp;\u2013 Este Reglamento regula las actividades acad\u00e9micas y administrativas de la instituci\u00f3n.<\/li>\n<\/ul>\n\n\n\n<figure class=\"wp-block-image is-resized\"><a href=\"http:\/\/www.buenosaires.gov.ar\/areas\/educacion\/docentes\/reglamento\/?menu_id=19750\"><img decoding=\"async\" loading=\"lazy\" src=\"https:\/\/ieslvf-caba.infd.edu.ar\/sitio\/wp-content\/uploads\/2018\/08\/leer.jpg\" alt=\"Leer m\u00e1s (grande)\" width=\"95\" height=\"34\" title=\"Leer m\u00e1s (grande)\"\/><\/a><\/figure>\n\n\n\n<p><\/p>\n","protected":false},"excerpt":{"rendered":"<p>Normativa Institucional Nivel Superior Resoluciones Planes de estudio de las carreras del Nivel Superior ALEM\u00c1N Planes anteriores FRANC\u00c9S Planes anteriores INGL\u00c9S Planes anteriores PORTUGU\u00c9S Planes anteriores POST\u00cdTULOS Nivel Medio Normativa Nacional Normativa de la DGCyE de la Provincia de Buenos Aires Normativa del Ministerio de Educaci\u00f3n de la C.A.B.A. Leyes Resoluciones<\/p>\n","protected":false},"author":2415,"featured_media":0,"parent":0,"menu_order":0,"comment_status":"closed","ping_status":"closed","template":"","meta":[],"acf":[],"_links":{"self":[{"href":"https:\/\/ieslvf-caba.infd.edu.ar\/sitio\/wp-json\/wp\/v2\/pages\/10320"}],"collection":[{"href":"https:\/\/ieslvf-caba.infd.edu.ar\/sitio\/wp-json\/wp\/v2\/pages"}],"about":[{"href":"https:\/\/ieslvf-caba.infd.edu.ar\/sitio\/wp-json\/wp\/v2\/types\/page"}],"author":[{"embeddable":true,"href":"https:\/\/ieslvf-caba.infd.edu.ar\/sitio\/wp-json\/wp\/v2\/users\/2415"}],"replies":[{"embeddable":true,"href":"https:\/\/ieslvf-caba.infd.edu.ar\/sitio\/wp-json\/wp\/v2\/comments?post=10320"}],"version-history":[{"count":20,"href":"https:\/\/ieslvf-caba.infd.edu.ar\/sitio\/wp-json\/wp\/v2\/pages\/10320\/revisions"}],"predecessor-version":[{"id":19848,"href":"https:\/\/ieslvf-caba.infd.edu.ar\/sitio\/wp-json\/wp\/v2\/pages\/10320\/revisions\/19848"}],"wp:attachment":[{"href":"https:\/\/ieslvf-caba.infd.edu.ar\/sitio\/wp-json\/wp\/v2\/media?parent=10320"}],"curies":[{"name":"wp","href":"https:\/\/api.w.org\/{rel}","templated":true}]}}