{"id":10404,"date":"2021-09-29T10:51:37","date_gmt":"2021-09-29T13:51:37","guid":{"rendered":"https:\/\/ieslvf-caba.infd.edu.ar\/sitio\/?page_id=10404"},"modified":"2026-02-27T16:13:25","modified_gmt":"2026-02-27T19:13:25","slug":"cooperadora-2021","status":"publish","type":"page","link":"https:\/\/ieslvf-caba.infd.edu.ar\/sitio\/cooperadora-2021\/","title":{"rendered":"Cooperadora"},"content":{"rendered":"\n<div class=\"wp-block-cover alignwide is-light is-position-center-center\" style=\"min-height:100px\"><span aria-hidden=\"true\" class=\"wp-block-cover__background has-background-dim-20 has-background-dim\"><\/span><img decoding=\"async\" class=\"wp-block-cover__image-background wp-image-793\" alt=\"\" src=\"https:\/\/ieslvf-caba.infd.edu.ar\/sitio\/wp-content\/uploads\/sitio\/edificio_viejo_patio_jardin.jpg\" style=\"object-position:77% 40%\" data-object-fit=\"cover\" data-object-position=\"77% 40%\"\/><div class=\"wp-block-cover__inner-container\">\n<p class=\"has-text-align-center has-text-color\" style=\"color:#fffffa;font-size:40px;line-height:1.1\"><strong>Asociaci\u00f3n Cooperadora del Instituto de Ense\u00f1anza Superior en Lenguas Vivas \u00abJuan Ram\u00f3n Fern\u00e1ndez\u00bb<\/strong><\/p>\n<\/div><\/div>\n\n\n\n<p>Direcci\u00f3n: Carlos Pellegrini 1515<br>Celular: 11 2494 7088 <br>Mail:&nbsp;<a rel=\"noreferrer noopener\" href=\"mailto:cooperadoralenguas@gmail.com\" target=\"_blank\">cooperadoralenguas@gmail.com<\/a><\/p>\n\n\n<div class=\"wp-block-image\">\n<figure class=\"aligncenter size-full is-resized\"><a href=\"https:\/\/linktr.ee\/CoopeLenguas?utm_source=qr_code\" target=\"_blank\" rel=\"noreferrer noopener\"><img decoding=\"async\" loading=\"lazy\" src=\"https:\/\/ieslvf-caba.infd.edu.ar\/sitio\/wp-content\/uploads\/2026\/02\/flyer-coope-2-2026.jpg\" alt=\"\" class=\"wp-image-21110\" width=\"566\" height=\"703\" srcset=\"https:\/\/ieslvf-caba.infd.edu.ar\/sitio\/wp-content\/uploads\/2026\/02\/flyer-coope-2-2026.jpg 862w, https:\/\/ieslvf-caba.infd.edu.ar\/sitio\/wp-content\/uploads\/2026\/02\/flyer-coope-2-2026-805x1000.jpg 805w, https:\/\/ieslvf-caba.infd.edu.ar\/sitio\/wp-content\/uploads\/2026\/02\/flyer-coope-2-2026-768x954.jpg 768w\" sizes=\"(max-width: 566px) 100vw, 566px\" \/><\/a><\/figure><\/div>\n\n\n<hr class=\"wp-block-separator has-alpha-channel-opacity\"\/>\n\n\n<div class=\"wp-block-image\">\n<figure class=\"aligncenter size-full is-resized\"><a href=\"https:\/\/linktr.ee\/CoopeLenguas_cursos?utm_source=qr_code\" target=\"_blank\" rel=\"noreferrer noopener\"><img decoding=\"async\" loading=\"lazy\" src=\"https:\/\/ieslvf-caba.infd.edu.ar\/sitio\/wp-content\/uploads\/2026\/02\/ele-aens-coope.jpg\" alt=\"\" class=\"wp-image-21114\" width=\"797\" height=\"545\" srcset=\"https:\/\/ieslvf-caba.infd.edu.ar\/sitio\/wp-content\/uploads\/2026\/02\/ele-aens-coope.jpg 1444w, https:\/\/ieslvf-caba.infd.edu.ar\/sitio\/wp-content\/uploads\/2026\/02\/ele-aens-coope-1000x684.jpg 1000w, https:\/\/ieslvf-caba.infd.edu.ar\/sitio\/wp-content\/uploads\/2026\/02\/ele-aens-coope-768x525.jpg 768w\" sizes=\"(max-width: 797px) 100vw, 797px\" \/><\/a><\/figure><\/div>\n\n\n<hr class=\"wp-block-separator has-alpha-channel-opacity\"\/>\n\n\n\n<p class=\"has-accent-color has-text-color\"><strong>IMPORTANTE &#8211; <\/strong><a href=\"index.cgi?wid_item=113&amp;wid_seccion=1#asamblea\">Convocatoria a Asamblea Anual Ordinaria<\/a> 2024<\/p>\n\n\n\n<p><a href=\"https:\/\/ieslvf-caba.infd.edu.ar\/sitio\/wp-content\/uploads\/2025\/02\/COMISION-DIRECTICA-COOPE.jpeg\" target=\"_blank\" rel=\"noreferrer noopener\">Comisi\u00f3n directiva electa 2024<\/a><\/p>\n\n\n\n<p><a href=\"https:\/\/ieslvf-caba.infd.edu.ar\/sitio\/wp-content\/uploads\/2024\/04\/Comision-Asociacion-Cooperadora-2023.pdf\">Comisi\u00f3n directiva electa 2023<\/a><\/p>\n\n\n\n<p><a rel=\"noreferrer noopener\" href=\"https:\/\/ieslvf-caba.infd.edu.ar\/sitio\/wp-content\/uploads\/2022\/10\/comision-Asociacion-Cooperadora-2022.pdf\" target=\"_blank\">Comisi\u00f3n directiva electa 2022<\/a><\/p>\n\n\n\n<p><a rel=\"noreferrer noopener\" href=\"https:\/\/ieslvf-caba.infd.edu.ar\/sitio\/comision-directiva-2021\/\" target=\"_blank\">Comisi\u00f3n directiva electa 2021<\/a><\/p>\n\n\n\n<p><a href=\"https:\/\/ieslvf-caba.infd.edu.ar\/sitio\/asociacion-cooperadora-2019\/\" target=\"_blank\" rel=\"noreferrer noopener\">Comisi\u00f3n directiva electa 2019<\/a><\/p>\n\n\n\n<p><a href=\"https:\/\/ieslvf-caba.infd.edu.ar\/sitio\/comision-directiva-electa-2018\/\" target=\"_blank\" rel=\"noreferrer noopener\">Comisi\u00f3n directiva electa 2018<\/a><\/p>\n\n\n\n<p><a href=\"index.cgi?wid_item=113&amp;wid_seccion=1#CD2017\">Comisi\u00f3n directiva electa 2017<\/a><\/p>\n\n\n\n<p><a href=\"index.cgi?wid_item=113&amp;wid_seccion=1#CD2017\">Comisi\u00f3n directiva electa 2016<\/a><\/p>\n\n\n\n<p><a href=\"https:\/\/buenosaires.gob.ar\/sites\/default\/files\/2024-04\/ManualCooperadoras2024.pdf\">Constituci\u00f3n y funcionamiento de las Asociaciones Cooperadoras<\/a><\/p>\n\n\n\n<p><\/p>\n\n\n\n<p>Estatuto de la Asociaci\u00f3n Cooperadora<\/p>\n\n\n\n<hr class=\"wp-block-separator has-alpha-channel-opacity\"\/>\n","protected":false},"excerpt":{"rendered":"<p>Direcci\u00f3n: Carlos Pellegrini 1515Celular: 11 2494 7088 Mail:&nbsp;cooperadoralenguas@gmail.com IMPORTANTE &#8211; Convocatoria a Asamblea Anual Ordinaria 2024 Comisi\u00f3n directiva electa 2024 Comisi\u00f3n directiva electa 2023 Comisi\u00f3n directiva electa 2022 Comisi\u00f3n directiva electa 2021 Comisi\u00f3n directiva electa 2019 Comisi\u00f3n directiva electa 2018 Comisi\u00f3n directiva electa 2017 Comisi\u00f3n directiva electa 2016 Constituci\u00f3n y funcionamiento de las Asociaciones Cooperadoras &#8230; <a title=\"Cooperadora\" class=\"read-more\" href=\"https:\/\/ieslvf-caba.infd.edu.ar\/sitio\/cooperadora-2021\/\" aria-label=\"More on Cooperadora\">[+]<\/a><\/p>\n","protected":false},"author":726,"featured_media":0,"parent":0,"menu_order":0,"comment_status":"closed","ping_status":"closed","template":"","meta":[],"acf":[],"_links":{"self":[{"href":"https:\/\/ieslvf-caba.infd.edu.ar\/sitio\/wp-json\/wp\/v2\/pages\/10404"}],"collection":[{"href":"https:\/\/ieslvf-caba.infd.edu.ar\/sitio\/wp-json\/wp\/v2\/pages"}],"about":[{"href":"https:\/\/ieslvf-caba.infd.edu.ar\/sitio\/wp-json\/wp\/v2\/types\/page"}],"author":[{"embeddable":true,"href":"https:\/\/ieslvf-caba.infd.edu.ar\/sitio\/wp-json\/wp\/v2\/users\/726"}],"replies":[{"embeddable":true,"href":"https:\/\/ieslvf-caba.infd.edu.ar\/sitio\/wp-json\/wp\/v2\/comments?post=10404"}],"version-history":[{"count":45,"href":"https:\/\/ieslvf-caba.infd.edu.ar\/sitio\/wp-json\/wp\/v2\/pages\/10404\/revisions"}],"predecessor-version":[{"id":21116,"href":"https:\/\/ieslvf-caba.infd.edu.ar\/sitio\/wp-json\/wp\/v2\/pages\/10404\/revisions\/21116"}],"wp:attachment":[{"href":"https:\/\/ieslvf-caba.infd.edu.ar\/sitio\/wp-json\/wp\/v2\/media?parent=10404"}],"curies":[{"name":"wp","href":"https:\/\/api.w.org\/{rel}","templated":true}]}}