{"id":10410,"date":"2021-09-29T11:37:32","date_gmt":"2021-09-29T14:37:32","guid":{"rendered":"https:\/\/ieslvf-caba.infd.edu.ar\/sitio\/?page_id=10410"},"modified":"2021-10-27T15:21:27","modified_gmt":"2021-10-27T18:21:27","slug":"decoed","status":"publish","type":"page","link":"https:\/\/ieslvf-caba.infd.edu.ar\/sitio\/decoed\/","title":{"rendered":"Decoed 2021"},"content":{"rendered":"\n<div class=\"wp-block-cover alignwide has-background-dim-20 has-background-dim is-position-center-center\" style=\"min-height:100px\"><img decoding=\"async\" loading=\"lazy\" width=\"360\" height=\"480\" class=\"wp-block-cover__image-background wp-image-690\" alt=\"\" src=\"https:\/\/ieslvf-caba.infd.edu.ar\/sitio\/wp-content\/uploads\/2018\/08\/Inauguracion-Jornadas-007.jpg\" style=\"object-position:58% 40%\" data-object-fit=\"cover\" data-object-position=\"58% 40%\"\/><div class=\"wp-block-cover__inner-container\">\n<p class=\"has-text-align-center has-text-color\" style=\"color:#fffffa;font-size:40px;line-height:1.1\"><strong>Decoed<\/strong> <\/p>\n<\/div><\/div>\n\n\n\n<h5 class=\"wp-block-heading\">DECOED (Departamento de Comunicaci\u00f3n Educativa)<\/h5>\n\n\n\n<p>HORARIOS:<br>\u2022 Lunes: de 7:30 a 22 h<br>\u2022 Martes a jueves: de 7:45 a 22 h<br>\u2022 Viernes: de 8:30 a 22 h<\/p>\n\n\n\n<p><a href=\"https:\/\/ieslvf-caba.infd.edu.ar\/sitio\/decoed-pedido-de-recursos\/\"><strong>Formulario para la reserva de equipos: completar<\/strong><\/a><\/p>\n\n\n\n<p>Mail de contacto:&nbsp;<a href=\"mailto:lenguasvivasjrf@gmail.com\">lenguasvivasjrf@gmail.com<\/a><\/p>\n\n\n\n<p>El Departamento de Comunicaci\u00f3n Educativa (DECOED) del I.E.S. en Lenguas Vivas \u00abJuan Ram\u00f3n Fern\u00e1ndez\u00bb realiza tareas de servicio, de producci\u00f3n y de capacitaci\u00f3n en nuevas tecnolog\u00edas para la educaci\u00f3n.<\/p>\n\n\n\n<p>El DECOED busca incentivar la incorporaci\u00f3n de otras formas de representaci\u00f3n y comunicaci\u00f3n en el trabajo cotidiano, tanto para ampliar las posibilidades de aprendizaje de los alumnos como para multiplicar los canales de expresi\u00f3n y comunicaci\u00f3n de la comunidad educativa.<\/p>\n\n\n\n<p><strong>Funciones:<\/strong><\/p>\n\n\n\n<p>Dise\u00f1o de material gr\u00e1fico y audiovisual.<br>Pr\u00e9stamo de equipos y materiales para las aulas.<br>Edici\u00f3n de audio y video<br>Sonido, musicalizaci\u00f3n y grabaci\u00f3n en eventos de los niveles primario, secundario y terciario.<br>Coordinaci\u00f3n del uso de los laboratorios de idioma.<br>Administraci\u00f3n de la videoteca.<br>Elaboraci\u00f3n y actualizaci\u00f3n de cat\u00e1logos de materiales de audio y de video.<\/p>\n\n\n\n<p>Recursos para pr\u00e9stamos:<\/p>\n\n\n\n<ul><li>Proyectores<\/li><li>Netbooks<\/li><li>Parlantes, auriculares, grabadores y micr\u00f3fonos.<\/li><li>Fender<\/li><\/ul>\n\n\n\n<p>Para solicitar alguno de estos elementos y para asegurar un correcto registro de los pedidos, les solicitamos completar el&nbsp;<strong><a href=\"https:\/\/ieslvf-caba.infd.edu.ar\/sitio\/decoed-departamento-de-comunicacion-educativa\/index.cgi?wid_form=5&amp;wid_seccion=1&amp;wid_item=12&amp;wid_grupo_news=0\" target=\"_blank\" rel=\"noreferrer noopener\">formulario.<\/a><\/strong><\/p>\n\n\n\n<p>Recomendamos realizar los pedidos con por lo menos una semana de antelaci\u00f3n y con el mayor detalle posible (por ej: ca\u00f1\u00f3n, netbook, parlantes, micr\u00f3fonos, etc.) dado que las reservas se realizan por orden de llegada (excepto los eventos institucionales). Al recibir el correo se responde en el momento sobre la disponibilidad o no del recurso para la fecha pedida.<\/p>\n\n\n\n<p>Si se va a reproducir un archivo se recomienda pasar por el DECOED para chequear previamente que el formato se pueda utilizar en los equipos de que disponemos.Recomendamos realizar un uso responsable de los proyectores para aumentar su vida \u00fatil:<\/p>\n\n\n\n<ul><li>apagar los ca\u00f1ones cuando no se los est\u00e1 utilizando en clase.<\/li><li>realizar el correcto proceso de apagado: una vez presionado el bot\u00f3n power esperar la luz que indicar que se apag\u00f3 correctamente. Luego desenchufar. No desenchufar con el ventilador funcionando.<\/li><li>evitar el uso continuo de m\u00e1s de dos horas.<\/li><\/ul>\n\n\n\n<p><a href=\"https:\/\/docs.google.com\/presentation\/d\/1hSitU_wOihHG680Ws1GZxU7UK-E0KJxYHmtfkFSAWEQ\/edit?ts=57d1928a#slide=id.g12f473386d_0_305\" target=\"_blank\" rel=\"noreferrer noopener\">Tutorial instructico de proyector Epson (ver +)<\/a><\/p>\n\n\n\n<p><strong>&nbsp;\u00c1rea de producciones:<\/strong><\/p>\n\n\n\n<ul><li>Realizaciones en video y en audio.<br>Asesor\u00eda en proyectos multimedia.<br>Orientaci\u00f3n y apoyo t\u00e9cnico a los alumnos y docentes del instituto en realizaciones audiovisuales.<br>Articulaci\u00f3n de tareas y\/o proyectos entre los departamentos de inform\u00e1tica y DECOED para implementar las nuevas tecnolog\u00edas en la ense\u00f1anza-aprendizaje de las lenguas extranjeras.<br>PROYECTOS<\/li><li>Investigaci\u00f3n en Did\u00e1ctica de las lenguas extranjeras<\/li><\/ul>\n\n\n\n<p>Video grabaci\u00f3n de situaciones \u00e1ulicas de lengua extranjera en niveles primario, secundario y cursos de extensi\u00f3n (AENS) de todos los idiomas ense\u00f1ados en esta instituci\u00f3n a fin de promover la investigaci\u00f3n en did\u00e1ctica de las lenguas extranjeras<\/p>\n\n\n\n<ul><li>Documental \u00abLa Imagen \u2013 El Sujeto de la Percepci\u00f3n\u00bb<\/li><\/ul>\n\n\n\n<p>IMAGEN es una construcci\u00f3n a la que llegamos a trav\u00e9s de los sentidos y procesamos con nuestro conocimiento previo.El SUJETO construye a la imagen y la imagen lo construye a \u00e9l, modificando su percepci\u00f3n de im\u00e1genes posteriores.<br>Es un participante emocional y cognitivamente activo de la imagen.<\/p>\n\n\n\n<ul><li>Producci\u00f3n de soportes multimedia aut\u00f3nomos<\/li><\/ul>\n\n\n\n<p>A- Elaboraci\u00f3n de soportes multimedia aut\u00f3nomos para niveles primario y secundario de franc\u00e9s e ingl\u00e9s<br>B- Implementaci\u00f3n en clase del material.<br>C- Elaboraci\u00f3n de material para contenidos de cursos de capacitaci\u00f3n de Red<br>Federal para la capacitaci\u00f3n a distancia de los profesores de LE.<br>D- Elaboraci\u00f3n de material pluriling\u00fce&nbsp;MEDIATECAVIDEO T\u00edtulos en diferentes idiomas, subtitulados y sin subtitular, m\u00e9todos de aprendizaje de idioma, documentales, clases, etc.<\/p>\n\n\n\n<ul><li>Se podr\u00e1 consultar el cat\u00e1logo de videos en la secretar\u00eda del Decoed, abierta a la comunidad educativa del I.E.S. en L.V.<\/li><\/ul>\n\n\n\n<p><a href=\"https:\/\/ieslvf-caba.infd.edu.ar\/sitio\/decoed-departamento-de-comunicacion-educativa\/upload\/Catalogo_audios.pdf\">Listado de grabaciones de cursos y seminarios en audio<\/a><\/p>\n\n\n\n<p><a href=\"https:\/\/ieslvf-caba.infd.edu.ar\/sitio\/decoed-departamento-de-comunicacion-educativa\/upload\/Catalogo_videos.pdf\">Cat\u00e1logo de videos producidos por DECOED<\/a><\/p>\n\n\n\n<p>&nbsp;<em><a href=\"http:\/\/www.youtube.com\/watch?v=ecFayPt8vJ0\">HOMENAJE A JORGE LUIS BORGES -\u00abInasible reflejo\u00bb- 1999&nbsp;<\/a><\/em><em><a href=\"http:\/\/www.dailymotion.com\/video\/x7au67_presentacion-del-ies-en-lenguas-viv_shortfilms\">PRESENTACI\u00d3N LENGUAS VIVAS, APERTURA EMSIONES TV \u00abPLURILING\u00dcISMO\u00bb-2000<\/a><\/em><em><a href=\"http:\/\/www.dailymotion.com\/lenguasvivasjrf\/video\/15482820\">BUENA IDEA \u2013 CLASE DE JAPON\u00c9S<\/a><\/em><\/p>\n\n\n\n<p>ARCHIVO F\u00cdLMICO PEDAG\u00d3GICO para j\u00f3venes y escuelas enviado por el Ministerio de Educaci\u00f3n.Algunas &nbsp;de las pel\u00edculas apuntan casi espec\u00edficamente a lo que sucede en el interior de las escuelas. Otras remiten a lo que ocurre en el exterior de ellas, a j\u00f3venes que transitan diferentes situaciones (violencia, ausencia de adultos, pobreza). Los t\u00edtulos escogidos son una invitaci\u00f3n a pensar las cuestiones presentes en mundos que, en ciertas ocasiones, se nos presentan diversos, extra\u00f1os o ajenos.El Archivo consta de 41 pel\u00edculas y cuatro cuadernillos impresos. Estos \u00faltimos materiales contienen un an\u00e1lisis de cada pel\u00edcula como tambi\u00e9n un conjunto de actividades para el aula.La serie consta de 3 cuadernillos y un \u00faltimo espec\u00edfico para Institutos de Formaci\u00f3n Docente.Los materiales impresos y digitales se encuentran en el DECOED, tambi\u00e9n se pueden descargar los cuadernillos en el siguiente enlace:<\/p>\n\n\n\n<p><a href=\"http:\/\/www.educ.ar\/sitios\/educar\/seccion\/?ir=archivo_filmico\" target=\"_blank\" rel=\"noreferrer noopener\">http:\/\/www.educ.ar\/sitios\/educar\/seccion\/?ir=archivo_filmico<\/a><\/p>\n","protected":false},"excerpt":{"rendered":"<p>DECOED (Departamento de Comunicaci\u00f3n Educativa) HORARIOS:\u2022 Lunes: de 7:30 a 22 h\u2022 Martes a jueves: de 7:45 a 22 h\u2022 Viernes: de 8:30 a 22 h Formulario para la reserva de equipos: completar Mail de contacto:&nbsp;lenguasvivasjrf@gmail.com El Departamento de Comunicaci\u00f3n Educativa (DECOED) del I.E.S. en Lenguas Vivas \u00abJuan Ram\u00f3n Fern\u00e1ndez\u00bb realiza tareas de servicio, de &#8230; <a title=\"Decoed 2021\" class=\"read-more\" href=\"https:\/\/ieslvf-caba.infd.edu.ar\/sitio\/decoed\/\" aria-label=\"More on Decoed 2021\">[+]<\/a><\/p>\n","protected":false},"author":2415,"featured_media":0,"parent":0,"menu_order":0,"comment_status":"closed","ping_status":"closed","template":"","meta":[],"acf":[],"_links":{"self":[{"href":"https:\/\/ieslvf-caba.infd.edu.ar\/sitio\/wp-json\/wp\/v2\/pages\/10410"}],"collection":[{"href":"https:\/\/ieslvf-caba.infd.edu.ar\/sitio\/wp-json\/wp\/v2\/pages"}],"about":[{"href":"https:\/\/ieslvf-caba.infd.edu.ar\/sitio\/wp-json\/wp\/v2\/types\/page"}],"author":[{"embeddable":true,"href":"https:\/\/ieslvf-caba.infd.edu.ar\/sitio\/wp-json\/wp\/v2\/users\/2415"}],"replies":[{"embeddable":true,"href":"https:\/\/ieslvf-caba.infd.edu.ar\/sitio\/wp-json\/wp\/v2\/comments?post=10410"}],"version-history":[{"count":3,"href":"https:\/\/ieslvf-caba.infd.edu.ar\/sitio\/wp-json\/wp\/v2\/pages\/10410\/revisions"}],"predecessor-version":[{"id":10415,"href":"https:\/\/ieslvf-caba.infd.edu.ar\/sitio\/wp-json\/wp\/v2\/pages\/10410\/revisions\/10415"}],"wp:attachment":[{"href":"https:\/\/ieslvf-caba.infd.edu.ar\/sitio\/wp-json\/wp\/v2\/media?parent=10410"}],"curies":[{"name":"wp","href":"https:\/\/api.w.org\/{rel}","templated":true}]}}