{"id":10421,"date":"2021-09-29T14:13:54","date_gmt":"2021-09-29T17:13:54","guid":{"rendered":"https:\/\/ieslvf-caba.infd.edu.ar\/sitio\/?page_id=10421"},"modified":"2023-11-02T11:02:35","modified_gmt":"2023-11-02T14:02:35","slug":"cef","status":"publish","type":"page","link":"https:\/\/ieslvf-caba.infd.edu.ar\/sitio\/cef\/","title":{"rendered":"CEF 2021"},"content":{"rendered":"\n<div class=\"wp-block-cover alignwide is-position-center-center\" style=\"min-height:100px\"><span aria-hidden=\"true\" class=\"wp-block-cover__background has-background-dim-20 has-background-dim\"><\/span><img decoding=\"async\" loading=\"lazy\" width=\"640\" height=\"480\" class=\"wp-block-cover__image-background wp-image-10186\" alt=\"\" src=\"https:\/\/ieslvf-caba.infd.edu.ar\/sitio\/wp-content\/uploads\/2021\/09\/pasillo-tv-contraplano.jpg\" style=\"object-position:66% 49%\" data-object-fit=\"cover\" data-object-position=\"66% 49%\"\/><div class=\"wp-block-cover__inner-container\">\n<p class=\"has-text-align-center has-text-color\" style=\"color:#fffffa;font-size:40px;line-height:1.1\"><strong>CEF &#8211; Centro de Estudios Franc\u00f3fonos<\/strong><\/p>\n<\/div><\/div>\n\n\n<div class=\"wp-block-image\">\n<figure class=\"aligncenter size-large is-resized\"><img decoding=\"async\" loading=\"lazy\" src=\"https:\/\/ieslvf-caba.infd.edu.ar\/sitio\/wp-content\/uploads\/2018\/12\/Logo-CEF-elegido-1900x538.jpg\" alt=\"\" class=\"wp-image-3545\" width=\"475\" height=\"135\" srcset=\"https:\/\/ieslvf-caba.infd.edu.ar\/sitio\/wp-content\/uploads\/2018\/12\/Logo-CEF-elegido-1900x538.jpg 1900w, https:\/\/ieslvf-caba.infd.edu.ar\/sitio\/wp-content\/uploads\/2018\/12\/Logo-CEF-elegido-1000x283.jpg 1000w, https:\/\/ieslvf-caba.infd.edu.ar\/sitio\/wp-content\/uploads\/2018\/12\/Logo-CEF-elegido-768x217.jpg 768w\" sizes=\"(max-width: 475px) 100vw, 475px\" \/><\/figure><\/div>\n\n\n<hr class=\"wp-block-separator has-css-opacity\"\/>\n\n\n\n<p>El <strong>Centro de Estudios Franc\u00f3fonos<\/strong> cuenta con una p\u00e1gina de Facebook que difunde sus actividades, as\u00ed como noticias culturales relacionadas con los universos franc\u00f3fonos.<\/p>\n\n\n\n<p><a href=\"https:\/\/www.facebook.com\/ceflenguas\/\">https:\/\/www.facebook.com\/ceflenguas\/<\/a><\/p>\n\n\n\n<p>Y con un mail de contacto: <a href=\"mailto:ceflenguasvivas@gmail.com\">ceflenguasvivas@gmail.com<\/a><\/p>\n\n\n\n<hr class=\"wp-block-separator has-css-opacity\"\/>\n\n\n\n<p><strong>\u00bfCu\u00e1ndo fue creado el CEF?<\/strong><\/p>\n\n\n\n<p>Tras ser aprobado por el Consejo Directivo, el CEF inici\u00f3 sus actividades en agosto de 2018.<\/p>\n\n\n\n<p><strong>Actividades del CEF<\/strong><\/p>\n\n\n\n<p>Apuntando a la mayor diversidad posible en cuanto a tem\u00e1ticas, \u00e9pocas, e invitados, el CEF organiza:<\/p>\n\n\n\n<ul>\n<li>paneles de invitados, autores, traductores, editores, de libros;<\/li>\n\n\n\n<li>conferencias de profesores e investigadores argentinos y extranjeros especializados en temas vinculados a las culturas franc\u00f3fonas<\/li>\n\n\n\n<li>grupos de lectura y de estudio;<\/li>\n\n\n\n<li>rese\u00f1as de textos;<\/li>\n\n\n\n<li>participaci\u00f3n de alumnos en el Congreso de alumnos del Instituto y en distintas instancias del mundo acad\u00e9mico;<\/li>\n\n\n\n<li>elaboraci\u00f3n de audiolibros y conciertos de lectura de cuentos infantiles franc\u00f3fonos para los alumnos de la escuela primaria y los colegios pluriling\u00fces;<\/li>\n\n\n\n<li>actividades art\u00edsticas, tales como conciertos, representaciones de teatro y danza;<\/li>\n\n\n\n<li>festivales de cortometrajes, proyecciones de pel\u00edculas.<\/li>\n<\/ul>\n\n\n\n<p><strong>\u00bfD\u00f3nde funciona?<\/strong><\/p>\n\n\n\n<p>Desde agosto de 2018, el CEF cuenta con un espacio f\u00edsico en la biblioteca franc\u00f3fona del Lenguas Vivas donde dispone de un fondo bibliogr\u00e1fico propio en v\u00edas de expansi\u00f3n.<\/p>\n","protected":false},"excerpt":{"rendered":"<p>El Centro de Estudios Franc\u00f3fonos cuenta con una p\u00e1gina de Facebook que difunde sus actividades, as\u00ed como noticias culturales relacionadas con los universos franc\u00f3fonos. https:\/\/www.facebook.com\/ceflenguas\/ Y con un mail de contacto: ceflenguasvivas@gmail.com \u00bfCu\u00e1ndo fue creado el CEF? Tras ser aprobado por el Consejo Directivo, el CEF inici\u00f3 sus actividades en agosto de 2018. Actividades del &#8230; <a title=\"CEF 2021\" class=\"read-more\" href=\"https:\/\/ieslvf-caba.infd.edu.ar\/sitio\/cef\/\" aria-label=\"More on CEF 2021\">[+]<\/a><\/p>\n","protected":false},"author":2415,"featured_media":0,"parent":0,"menu_order":0,"comment_status":"closed","ping_status":"closed","template":"","meta":[],"acf":[],"_links":{"self":[{"href":"https:\/\/ieslvf-caba.infd.edu.ar\/sitio\/wp-json\/wp\/v2\/pages\/10421"}],"collection":[{"href":"https:\/\/ieslvf-caba.infd.edu.ar\/sitio\/wp-json\/wp\/v2\/pages"}],"about":[{"href":"https:\/\/ieslvf-caba.infd.edu.ar\/sitio\/wp-json\/wp\/v2\/types\/page"}],"author":[{"embeddable":true,"href":"https:\/\/ieslvf-caba.infd.edu.ar\/sitio\/wp-json\/wp\/v2\/users\/2415"}],"replies":[{"embeddable":true,"href":"https:\/\/ieslvf-caba.infd.edu.ar\/sitio\/wp-json\/wp\/v2\/comments?post=10421"}],"version-history":[{"count":5,"href":"https:\/\/ieslvf-caba.infd.edu.ar\/sitio\/wp-json\/wp\/v2\/pages\/10421\/revisions"}],"predecessor-version":[{"id":16328,"href":"https:\/\/ieslvf-caba.infd.edu.ar\/sitio\/wp-json\/wp\/v2\/pages\/10421\/revisions\/16328"}],"wp:attachment":[{"href":"https:\/\/ieslvf-caba.infd.edu.ar\/sitio\/wp-json\/wp\/v2\/media?parent=10421"}],"curies":[{"name":"wp","href":"https:\/\/api.w.org\/{rel}","templated":true}]}}