{"id":10461,"date":"2021-09-30T10:51:59","date_gmt":"2021-09-30T13:51:59","guid":{"rendered":"https:\/\/ieslvf-caba.infd.edu.ar\/sitio\/?page_id=10461"},"modified":"2021-10-27T15:35:51","modified_gmt":"2021-10-27T18:35:51","slug":"preguntas-frecuentes-nm","status":"publish","type":"page","link":"https:\/\/ieslvf-caba.infd.edu.ar\/sitio\/preguntas-frecuentes-nm\/","title":{"rendered":"Preguntas frecuentes &#8211; NM"},"content":{"rendered":"\n<div class=\"wp-block-cover alignwide has-background-dim-20 has-background-dim is-position-center-center\" style=\"min-height:100px\"><img decoding=\"async\" loading=\"lazy\" width=\"1900\" height=\"1467\" class=\"wp-block-cover__image-background wp-image-1952\" alt=\"\" src=\"https:\/\/ieslvf-caba.infd.edu.ar\/sitio\/wp-content\/uploads\/2018\/08\/028Acto_escolar_con_la_presencia_de_alumnos_de_jardin_de_infantes_curso_de_aplicacion_ambos_de_caracter_mixto_y_alumnas_de_la_Escuela_Normal__1895.jpg\" style=\"object-position:75% 60%\" data-object-fit=\"cover\" data-object-position=\"75% 60%\" srcset=\"https:\/\/ieslvf-caba.infd.edu.ar\/sitio\/wp-content\/uploads\/2018\/08\/028Acto_escolar_con_la_presencia_de_alumnos_de_jardin_de_infantes_curso_de_aplicacion_ambos_de_caracter_mixto_y_alumnas_de_la_Escuela_Normal__1895.jpg 1900w, https:\/\/ieslvf-caba.infd.edu.ar\/sitio\/wp-content\/uploads\/2018\/08\/028Acto_escolar_con_la_presencia_de_alumnos_de_jardin_de_infantes_curso_de_aplicacion_ambos_de_caracter_mixto_y_alumnas_de_la_Escuela_Normal__1895-1000x772.jpg 1000w, https:\/\/ieslvf-caba.infd.edu.ar\/sitio\/wp-content\/uploads\/2018\/08\/028Acto_escolar_con_la_presencia_de_alumnos_de_jardin_de_infantes_curso_de_aplicacion_ambos_de_caracter_mixto_y_alumnas_de_la_Escuela_Normal__1895-768x593.jpg 768w\" sizes=\"(max-width: 1900px) 100vw, 1900px\" \/><div class=\"wp-block-cover__inner-container\">\n<p class=\"has-text-align-center has-text-color\" style=\"color:#fffffa;font-size:40px;line-height:1.1\"><strong>Preguntas frecuentes &#8211; N<\/strong>M<\/p>\n<\/div><\/div>\n\n\n\n<p><strong>1.&nbsp; \u00bfCu\u00e1l es el horario del Nivel Medio?<\/strong><\/p>\n\n\n\n<p>Las clases en el Nivel Medio se desarrollan en el horario de 7:35 a 13:30, con actividades, talleres y educaci\u00f3n f\u00edsica en contraturno.<\/p>\n\n\n\n<p><strong>2.&nbsp; Para ingresar a la escuela a partir de 2do a\u00f1o, \u00bfes necesario rendir examen?<\/strong><\/p>\n\n\n\n<p>S\u00ed, se debe rendir examen de idioma extranjero, ingl\u00e9s o franc\u00e9s. El ingreso depende la cantidad de vacantes disponibles y es por orden de m\u00e9rito.<\/p>\n\n\n\n<p><strong>3.&nbsp; \u00bfCu\u00e1ndo es la inscripci\u00f3n para ingresar a partir de segundo a\u00f1o?<\/strong><\/p>\n\n\n\n<p>La inscripci\u00f3n es a partir de la segunda quincena de febrero.<\/p>\n\n\n\n<p><strong>4.&nbsp; \u00bfCu\u00e1ndo son los ex\u00e1menes para alumnos que quieren ingresar a partir de segundo a\u00f1o?<\/strong><\/p>\n\n\n\n<p>Una vez terminado el ciclo lectivo correspondiente al a\u00f1o anterior, una vez conocida la cantidad de vacantes disponibles para cada curso.<\/p>\n\n\n\n<p><strong>5.&nbsp; \u00bfCu\u00e1l es el programa de ingreso?<\/strong><\/p>\n\n\n\n<p>Los programas, indicados por curso y por lengua, est\u00e1n disponibles en<\/p>\n\n\n\n<p><a href=\"index.cgi?wid_seccion=5&amp;wid_item=131\">http:\/\/ieslvf.caba.infd.edu.ar\/sitio\/index.cgi?wid_seccion=5&amp;wid_item=131<\/a><\/p>\n\n\n\n<p><strong>6.&nbsp; \u00bfCu\u00e1l es el horario de atenci\u00f3n de secretar\u00eda?<\/strong><\/p>\n\n\n\n<p>De Lunes a Viernes de 9 a 11 hs.<\/p>\n\n\n\n<p><strong>7. \u00bfCu\u00e1les son las orientaciones del bachillerato?<\/strong><\/p>\n\n\n\n<p>Actualmente hay dos orientaciones a partir de 4to a\u00f1o, el Bachillerato en Ciencias F\u00edsico Matem\u00e1tico con Intensificaci\u00f3n en Lenguas Extranjeras y Bachillerato en Lenguas con Intensificaci\u00f3n en Lenguas Extranjeras.<\/p>\n\n\n\n<p>Para los ingresantes a primer a\u00f1o en 2015, y de acuerdo con la NESC, las orientaciones comenzar\u00e1n en 3er a\u00f1o, y se agregar\u00e1 la orientaci\u00f3n en Ciencias Sociales con Intensificaci\u00f3n en Lenguas Extranjeras.<\/p>\n","protected":false},"excerpt":{"rendered":"<p>1.&nbsp; \u00bfCu\u00e1l es el horario del Nivel Medio? Las clases en el Nivel Medio se desarrollan en el horario de 7:35 a 13:30, con actividades, talleres y educaci\u00f3n f\u00edsica en contraturno. 2.&nbsp; Para ingresar a la escuela a partir de 2do a\u00f1o, \u00bfes necesario rendir examen? S\u00ed, se debe rendir examen de idioma extranjero, ingl\u00e9s &#8230; <a title=\"Preguntas frecuentes &#8211; NM\" class=\"read-more\" href=\"https:\/\/ieslvf-caba.infd.edu.ar\/sitio\/preguntas-frecuentes-nm\/\" aria-label=\"More on Preguntas frecuentes &#8211; NM\">[+]<\/a><\/p>\n","protected":false},"author":2415,"featured_media":0,"parent":0,"menu_order":0,"comment_status":"closed","ping_status":"closed","template":"","meta":[],"acf":[],"_links":{"self":[{"href":"https:\/\/ieslvf-caba.infd.edu.ar\/sitio\/wp-json\/wp\/v2\/pages\/10461"}],"collection":[{"href":"https:\/\/ieslvf-caba.infd.edu.ar\/sitio\/wp-json\/wp\/v2\/pages"}],"about":[{"href":"https:\/\/ieslvf-caba.infd.edu.ar\/sitio\/wp-json\/wp\/v2\/types\/page"}],"author":[{"embeddable":true,"href":"https:\/\/ieslvf-caba.infd.edu.ar\/sitio\/wp-json\/wp\/v2\/users\/2415"}],"replies":[{"embeddable":true,"href":"https:\/\/ieslvf-caba.infd.edu.ar\/sitio\/wp-json\/wp\/v2\/comments?post=10461"}],"version-history":[{"count":3,"href":"https:\/\/ieslvf-caba.infd.edu.ar\/sitio\/wp-json\/wp\/v2\/pages\/10461\/revisions"}],"predecessor-version":[{"id":10467,"href":"https:\/\/ieslvf-caba.infd.edu.ar\/sitio\/wp-json\/wp\/v2\/pages\/10461\/revisions\/10467"}],"wp:attachment":[{"href":"https:\/\/ieslvf-caba.infd.edu.ar\/sitio\/wp-json\/wp\/v2\/media?parent=10461"}],"curies":[{"name":"wp","href":"https:\/\/api.w.org\/{rel}","templated":true}]}}