{"id":10468,"date":"2021-09-30T11:16:42","date_gmt":"2021-09-30T14:16:42","guid":{"rendered":"https:\/\/ieslvf-caba.infd.edu.ar\/sitio\/?page_id=10468"},"modified":"2025-07-20T11:04:57","modified_gmt":"2025-07-20T14:04:57","slug":"preguntas-frecuentes-ns","status":"publish","type":"page","link":"https:\/\/ieslvf-caba.infd.edu.ar\/sitio\/preguntas-frecuentes-ns\/","title":{"rendered":"Preguntas frecuentes &#8211; NT"},"content":{"rendered":"\n<div class=\"wp-block-cover alignwide is-position-center-center\" style=\"min-height:100px\"><span aria-hidden=\"true\" class=\"wp-block-cover__background has-background-dim-20 has-background-dim\"><\/span><img decoding=\"async\" loading=\"lazy\" width=\"1273\" height=\"945\" class=\"wp-block-cover__image-background wp-image-1947\" alt=\"\" src=\"https:\/\/ieslvf-caba.infd.edu.ar\/sitio\/wp-content\/uploads\/2018\/08\/023Cuerpo_docente.jpg\" style=\"object-position:40% 26%\" data-object-fit=\"cover\" data-object-position=\"40% 26%\" srcset=\"https:\/\/ieslvf-caba.infd.edu.ar\/sitio\/wp-content\/uploads\/2018\/08\/023Cuerpo_docente.jpg 1273w, https:\/\/ieslvf-caba.infd.edu.ar\/sitio\/wp-content\/uploads\/2018\/08\/023Cuerpo_docente-1000x742.jpg 1000w, https:\/\/ieslvf-caba.infd.edu.ar\/sitio\/wp-content\/uploads\/2018\/08\/023Cuerpo_docente-768x570.jpg 768w\" sizes=\"(max-width: 1273px) 100vw, 1273px\" \/><div class=\"wp-block-cover__inner-container\">\n<p class=\"has-text-align-center has-text-color\" style=\"color:#fffffa;font-size:40px;line-height:1.1\"><strong>Preguntas frecuentes &#8211; Nivel Terciario<\/strong><\/p>\n<\/div><\/div>\n\n\n\n<ul>\n<li><strong><em>Soy estudiante y tengo dudas sobre temas de bedel\u00eda de alumnos o inscripci\u00f3n a materias<\/em><\/strong> Escrib\u00ed a ieslvjrf_ntbedelia@bue.edu.ar<br><br><\/li>\n\n\n\n<li><em><strong>\u00bfC\u00f3mo hago para anotarme?<\/strong><\/em>  Se accede a nuestras carreras mediante un examen de admisi\u00f3n.&nbsp;Ver requisitos, fechas de inscripci\u00f3n y modalidad en la pesta\u00f1a [TERCIARIO] &gt; [<a rel=\"noreferrer noopener\" href=\"https:\/\/ieslvf-caba.infd.edu.ar\/sitio\/ingreso-ns\/\" target=\"_blank\">Ingreso<\/a>]. Se va actualizando con las novedades de cada ingreso.<\/li>\n<\/ul>\n\n\n\n<ul>\n<li><strong><em>\u00bfHay cuota o matr\u00edcula?<\/em><\/strong> El Lenguas Vivas \u00abJuan Ram\u00f3n Fern\u00e1ndez\u00bb es una instituci\u00f3n de gesti\u00f3n estatal, por lo tanto, sus carreras <strong>NO son aranceladas<\/strong>. Con fines de ayuda social y de cooperaci\u00f3n con la labor cotidiana institucional, la Comunidad Educativa colabora con la <a rel=\"noreferrer noopener\" href=\"https:\/\/ieslvf-caba.infd.edu.ar\/sitio\/cooperadora-2021\/\" target=\"_blank\">Asociaci\u00f3n Cooperadora<\/a> de la instituci\u00f3n.<\/li>\n<\/ul>\n\n\n\n<ul>\n<li><strong><em>\u00bfEn qu\u00e9 fechas son las inscripciones?<\/em><\/strong> Contamos con dos instancias de inscripci\u00f3n para el ingreso a las carreras: <br><strong>-Inicio abril:<\/strong> Las inscripciones van desde octubre a febrero aproximadamente. Se rinden los ex\u00e1menes de ingreso en marzo. (Ingreso a todas las carreras)<br><strong>-Inicio agosto:<\/strong> Las inscripciones van desde mayo a julio. Se rinde el examen de ingreso en agosto. (Ingreso \u00fanicamente a carreras de alem\u00e1n, franc\u00e9s, portugu\u00e9s y Profesorado de Ingl\u00e9s en Anexo Pompeya)<\/li>\n<\/ul>\n\n\n\n<ul>\n<li><strong><em>\u00bfPresencial o virtual? <\/em><\/strong>La modalidad de cursada de todas las carreras y cursos de idiomas es presencial. <\/li>\n<\/ul>\n\n\n\n<ul>\n<li><strong><em>Quiero informaci\u00f3n sobre las carreras \u00bfD\u00f3nde la encuentro?<\/em><\/strong> En la pesta\u00f1a [TERCIARIO] &gt; [Nuestras Carreras] se encuentra el detalle de los cuatro departamentos de idiomas: <a rel=\"noreferrer noopener\" href=\"https:\/\/ieslvf-caba.infd.edu.ar\/sitio\/departamento-de-aleman-3\/\" target=\"_blank\">Alem\u00e1n<\/a>, <a rel=\"noreferrer noopener\" href=\"https:\/\/ieslvf-caba.infd.edu.ar\/sitio\/departamento-de-frances-2021\/\" target=\"_blank\">Franc\u00e9s<\/a>, <a rel=\"noreferrer noopener\" href=\"https:\/\/ieslvf-caba.infd.edu.ar\/sitio\/departamento-de-ingles-2021\/\" target=\"_blank\">Ingl\u00e9s <\/a>y <a rel=\"noreferrer noopener\" href=\"https:\/\/ieslvf-caba.infd.edu.ar\/sitio\/departamento-de-portugues-2021\/\" target=\"_blank\">Portugu\u00e9s<\/a>.<\/li>\n<\/ul>\n\n\n\n<ul>\n<li><strong><em>Quiero estudiar idioma desde cero \u00bfD\u00f3nde me anoto?<\/em><\/strong> Toda la informaci\u00f3n de los cursos de idiomas AENS (Actividades de Extensi\u00f3n del Nivel Superior) est\u00e1 en la pesta\u00f1a <a rel=\"noreferrer noopener\" href=\"https:\/\/ieslvf-caba.infd.edu.ar\/sitio\/aens-cursos-de-idiomas\/\" target=\"_blank\" data-type=\"URL\" data-id=\"https:\/\/ieslvf-caba.infd.edu.ar\/sitio\/aens-cursos-de-idiomas\/\">CURSOS DE IDIOMAS<\/a><\/li>\n<\/ul>\n\n\n\n<ul>\n<li><strong><em>\u00bfCu\u00e1l es la ubicaci\u00f3n del Instituto? \u00bfTienen varias sedes? <\/em><\/strong>Contamos con dos sedes, una en Retiro y otra en Pompeya, m\u00e1s informaci\u00f3n aqu\u00ed: <a rel=\"noreferrer noopener\" href=\"https:\/\/ieslvf-caba.infd.edu.ar\/sitio\/datos-institucionales-2021\/\" target=\"_blank\">Datos institucionales<\/a>.<\/li>\n<\/ul>\n\n\n\n<ul>\n<li><strong><em>\u00bfQu\u00e9 carreras se ofrecen en el instituto? <\/em><\/strong>Contamos con 8 carreras: <strong>Profesorados<\/strong> (una orientaci\u00f3n en Inicial y Primaria y una orientaci\u00f3n en Superior) y <strong>Traductorados <\/strong>de <a rel=\"noreferrer noopener\" href=\"https:\/\/ieslvf-caba.infd.edu.ar\/sitio\/departamento-de-aleman-3\/\" target=\"_blank\">Alem\u00e1n<\/a>, <a rel=\"noreferrer noopener\" href=\"https:\/\/ieslvf-caba.infd.edu.ar\/sitio\/departamento-de-frances-2021\/\" target=\"_blank\">Franc\u00e9s<\/a>, <a rel=\"noreferrer noopener\" href=\"https:\/\/ieslvf-caba.infd.edu.ar\/sitio\/departamento-de-ingles-2021\/\" target=\"_blank\">Ingl\u00e9s<\/a> y <a rel=\"noreferrer noopener\" href=\"https:\/\/ieslvf-caba.infd.edu.ar\/sitio\/departamento-de-portugues-2021\/\" target=\"_blank\">Portugu\u00e9s<\/a>. <\/li>\n<\/ul>\n\n\n\n<ul>\n<li><strong><em>\u00bfEl Lenguas es una facultad? \u00bfQu\u00e9 alcance tiene el t\u00edtulo?<\/em><\/strong> El Lenguas es un instituto de nivel terciario no universitario, los t\u00edtulos tienen validez nacional. Las carreras son de cuatro y cinco a\u00f1os, el t\u00edtulo habilita a cursar maestr\u00edas, especializaciones, y otros posgrados en universidades nacionales p\u00fablicas y privadas (Ley de Educaci\u00f3n Superior, N\u00ba 24.521).<\/li>\n<\/ul>\n\n\n\n<ul>\n<li><strong><em>Tengo un t\u00edtulo o materias aprobadas en otra instituci\u00f3n, \u00bfpuedo comenzar a estudiar en el Lenguas y revalidar materias que ya haya cursado? <\/em><\/strong>S\u00ed, dependiendo de las materias y los contenidos, se puede realizar el tr\u00e1mite de equivalencias externas, siguiendo las condiciones y los pasos que se muestran en la <em><a rel=\"noreferrer noopener\" href=\"https:\/\/ieslvf-caba.infd.edu.ar\/sitio\/wp-content\/uploads\/2021\/06\/GUIA-DEL-ESTUDIANTE-2021.pdf\" target=\"_blank\">Gu\u00eda del estudiante<\/a><\/em>, p\u00e1gina 17.<\/li>\n<\/ul>\n","protected":false},"excerpt":{"rendered":"","protected":false},"author":726,"featured_media":0,"parent":0,"menu_order":0,"comment_status":"closed","ping_status":"closed","template":"","meta":[],"acf":[],"_links":{"self":[{"href":"https:\/\/ieslvf-caba.infd.edu.ar\/sitio\/wp-json\/wp\/v2\/pages\/10468"}],"collection":[{"href":"https:\/\/ieslvf-caba.infd.edu.ar\/sitio\/wp-json\/wp\/v2\/pages"}],"about":[{"href":"https:\/\/ieslvf-caba.infd.edu.ar\/sitio\/wp-json\/wp\/v2\/types\/page"}],"author":[{"embeddable":true,"href":"https:\/\/ieslvf-caba.infd.edu.ar\/sitio\/wp-json\/wp\/v2\/users\/726"}],"replies":[{"embeddable":true,"href":"https:\/\/ieslvf-caba.infd.edu.ar\/sitio\/wp-json\/wp\/v2\/comments?post=10468"}],"version-history":[{"count":25,"href":"https:\/\/ieslvf-caba.infd.edu.ar\/sitio\/wp-json\/wp\/v2\/pages\/10468\/revisions"}],"predecessor-version":[{"id":20215,"href":"https:\/\/ieslvf-caba.infd.edu.ar\/sitio\/wp-json\/wp\/v2\/pages\/10468\/revisions\/20215"}],"wp:attachment":[{"href":"https:\/\/ieslvf-caba.infd.edu.ar\/sitio\/wp-json\/wp\/v2\/media?parent=10468"}],"curies":[{"name":"wp","href":"https:\/\/api.w.org\/{rel}","templated":true}]}}