{"id":10471,"date":"2021-09-30T11:52:12","date_gmt":"2021-09-30T14:52:12","guid":{"rendered":"https:\/\/ieslvf-caba.infd.edu.ar\/sitio\/?page_id=10471"},"modified":"2025-09-05T16:41:36","modified_gmt":"2025-09-05T19:41:36","slug":"revista-lenguas-vivas","status":"publish","type":"page","link":"https:\/\/ieslvf-caba.infd.edu.ar\/sitio\/revista-lenguas-vivas\/","title":{"rendered":"Revista Lenguas V;vas"},"content":{"rendered":"\n<div class=\"wp-block-cover alignwide is-light is-position-center-center\" style=\"min-height:100px\" id=\"arriba\"><span aria-hidden=\"true\" class=\"wp-block-cover__background has-background-dim-20 has-background-dim\"><\/span><img decoding=\"async\" loading=\"lazy\" width=\"640\" height=\"480\" class=\"wp-block-cover__image-background wp-image-2428\" alt=\"\" src=\"https:\/\/ieslvf-caba.infd.edu.ar\/sitio\/wp-content\/uploads\/2018\/08\/entrada_ed_viejo_frente_6.jpg\" style=\"object-position:40% 26%\" data-object-fit=\"cover\" data-object-position=\"40% 26%\"\/><div class=\"wp-block-cover__inner-container\">\n<p class=\"has-text-align-center has-text-color\" style=\"color:#fffffa;font-size:40px;line-height:1.1\"><strong>Revista Lenguas V;vas<\/strong><\/p>\n<\/div><\/div>\n\n\n\n<div class=\"wp-block-buttons alignwide is-layout-flex\" style=\"text-decoration:none\">\n<div class=\"wp-block-button is-style-fill\"><a class=\"wp-block-button__link has-midnight-gradient-background has-background wp-element-button\" href=\"https:\/\/ieslvf-caba.infd.edu.ar\/sitio\/wp-content\/uploads\/2023\/07\/Perfil-revista-Lenguas-V_vas.pdf\" target=\"_blank\" rel=\"noreferrer noopener\">Perfil de la Revista <em>Lenguas V;vas<\/em><\/a><\/div>\n\n\n\n<div class=\"wp-block-button is-style-fill\"><a class=\"wp-block-button__link has-midnight-gradient-background has-background wp-element-button\" href=\"https:\/\/ieslvf-caba.infd.edu.ar\/sitio\/wp-content\/uploads\/2025\/07\/Lenguas-V_vas-N%C2%B0-21-2025-Convocatoria-1.pdf\" target=\"_blank\" rel=\"noreferrer noopener\">Convocatoria N\u00famero 21<\/a><\/div>\n\n\n\n<div class=\"wp-block-button is-style-fill\"><a class=\"wp-block-button__link has-midnight-gradient-background has-background wp-element-button\" href=\"https:\/\/ieslvf-caba.infd.edu.ar\/sitio\/wp-content\/uploads\/2025\/07\/2025-PAUTAS_Revista_Lenguas_Vivas-1.pdf\" target=\"_blank\" rel=\"noreferrer noopener\">2025 Pautas de Edici\u00f3n Revista<\/a><\/div>\n<\/div>\n\n\n<div class=\"wp-block-image\">\n<figure class=\"alignright size-full is-resized\"><img decoding=\"async\" loading=\"lazy\" src=\"https:\/\/ieslvf-caba.infd.edu.ar\/sitio\/wp-content\/uploads\/2025\/09\/imagen-premio.png\" alt=\"\" class=\"wp-image-20405\" width=\"530\" height=\"707\" srcset=\"https:\/\/ieslvf-caba.infd.edu.ar\/sitio\/wp-content\/uploads\/2025\/09\/imagen-premio.png 960w, https:\/\/ieslvf-caba.infd.edu.ar\/sitio\/wp-content\/uploads\/2025\/09\/imagen-premio-750x1000.png 750w, https:\/\/ieslvf-caba.infd.edu.ar\/sitio\/wp-content\/uploads\/2025\/09\/imagen-premio-768x1024.png 768w\" sizes=\"(max-width: 530px) 100vw, 530px\" \/><figcaption class=\"wp-element-caption\"><strong>Ganadora Premio Pregonero 2025<\/strong><\/figcaption><\/figure><\/div>\n\n\n<p><strong>Editora<\/strong><br>Prof. Magdalena Arnoux<\/p>\n\n\n\n<p><br><strong>Comit\u00e9 de redacci\u00f3n<\/strong><br>Sergio Etkin<br>Silvina Rotemberg<br>Mar\u00eda Virginia Hael<br>Daniela Bentancur<br>Mari\u00e1ngeles Viqueira<\/p>\n\n\n\n<p><br><strong>Consejo consultivo<\/strong><br>Cristina Banfi<br>Roberto Bein<br>Martina Fern\u00e1ndez Polcuch<br>Patricia Franzoni<br>Estela Klett<br>Lorrain Ledwith<br>Cecilia Magad\u00e1n<br>Elena Marengo<br>Griselda M\u00e1rsico<br>Rosana Pasquale<br>Florencia Perduca<br>Olga Regueira<br>Uwe Schoor<br>Patricia Willson<\/p>\n\n\n\n<p><\/p>\n\n\n\n<p><em>Redes<\/em><br>Instagram: <a href=\"https:\/\/www.instagram.com\/revistalv\/?hl=es-la\" target=\"_blank\" rel=\"noreferrer noopener\">revistalv<\/a><br>Facebook: <a href=\"https:\/\/www.facebook.com\/revistalv\" target=\"_blank\" rel=\"noreferrer noopener\">https:\/\/www.facebook.com\/revistalv<\/a><br>Twitter: <a href=\"https:\/\/mobile.twitter.com\/revistalv\" target=\"_blank\" rel=\"noreferrer noopener\">@revistalv<\/a><\/p>\n\n\n\n<hr class=\"wp-block-separator has-css-opacity\"\/>\n\n\n\n<h4 class=\"wp-block-heading\"><strong>Revista Lenguas V;vas<\/strong><\/h4>\n\n\n\n<figure class=\"wp-block-table\"><table><tbody><tr><td class=\"has-text-align-center\" data-align=\"center\">N\u00famero 20<br><img decoding=\"async\" loading=\"lazy\" width=\"2550\" height=\"3300\" class=\"wp-image-20076\" style=\"width: 90px;\" src=\"https:\/\/ieslvf-caba.infd.edu.ar\/sitio\/wp-content\/uploads\/2025\/06\/Tapa_revista_20-01.png\" alt=\"\" srcset=\"https:\/\/ieslvf-caba.infd.edu.ar\/sitio\/wp-content\/uploads\/2025\/06\/Tapa_revista_20-01.png 2550w, https:\/\/ieslvf-caba.infd.edu.ar\/sitio\/wp-content\/uploads\/2025\/06\/Tapa_revista_20-01-773x1000.png 773w, https:\/\/ieslvf-caba.infd.edu.ar\/sitio\/wp-content\/uploads\/2025\/06\/Tapa_revista_20-01-1468x1900.png 1468w, https:\/\/ieslvf-caba.infd.edu.ar\/sitio\/wp-content\/uploads\/2025\/06\/Tapa_revista_20-01-768x994.png 768w, https:\/\/ieslvf-caba.infd.edu.ar\/sitio\/wp-content\/uploads\/2025\/06\/Tapa_revista_20-01-1187x1536.png 1187w, https:\/\/ieslvf-caba.infd.edu.ar\/sitio\/wp-content\/uploads\/2025\/06\/Tapa_revista_20-01-1583x2048.png 1583w\" sizes=\"(max-width: 2550px) 100vw, 2550px\" \/><\/td><td><a href=\"https:\/\/ieslvf-caba.infd.edu.ar\/sitio\/wp-content\/uploads\/2025\/06\/RevistaLV_20.pdf\" target=\"_blank\" rel=\"noreferrer noopener\">Herramientas digitales para la traducci\u00f3n y la ense\u00f1anza de lenguas extranjeras<\/a><\/td><\/tr><tr><td class=\"has-text-align-center\" data-align=\"center\">N\u00famero 19<br><img decoding=\"async\" loading=\"lazy\" width=\"2550\" height=\"3300\" class=\"wp-image-16845\" style=\"width: 90px;\" src=\"https:\/\/ieslvf-caba.infd.edu.ar\/sitio\/wp-content\/uploads\/2024\/03\/Tapa_revista_19-01-2.png\" alt=\"\" srcset=\"https:\/\/ieslvf-caba.infd.edu.ar\/sitio\/wp-content\/uploads\/2024\/03\/Tapa_revista_19-01-2.png 2550w, https:\/\/ieslvf-caba.infd.edu.ar\/sitio\/wp-content\/uploads\/2024\/03\/Tapa_revista_19-01-2-773x1000.png 773w, https:\/\/ieslvf-caba.infd.edu.ar\/sitio\/wp-content\/uploads\/2024\/03\/Tapa_revista_19-01-2-1468x1900.png 1468w, https:\/\/ieslvf-caba.infd.edu.ar\/sitio\/wp-content\/uploads\/2024\/03\/Tapa_revista_19-01-2-768x994.png 768w, https:\/\/ieslvf-caba.infd.edu.ar\/sitio\/wp-content\/uploads\/2024\/03\/Tapa_revista_19-01-2-1187x1536.png 1187w, https:\/\/ieslvf-caba.infd.edu.ar\/sitio\/wp-content\/uploads\/2024\/03\/Tapa_revista_19-01-2-1583x2048.png 1583w\" sizes=\"(max-width: 2550px) 100vw, 2550px\" \/><\/td><td><a href=\"https:\/\/ieslvf-caba.infd.edu.ar\/sitio\/wp-content\/uploads\/2024\/03\/RevistaLV_19.pdf\" target=\"_blank\" rel=\"noreferrer noopener\">Experiencias creativas del contacto entre lenguas<\/a><\/td><\/tr><tr><td class=\"has-text-align-center\" data-align=\"center\">N\u00famero 18<br><img decoding=\"async\" loading=\"lazy\" width=\"403\" height=\"528\" class=\"wp-image-14382\" style=\"width: 90px;\" src=\"https:\/\/ieslvf-caba.infd.edu.ar\/sitio\/wp-content\/uploads\/2022\/12\/tapa-rev-18.png\" alt=\"\"><\/td><td><a href=\"https:\/\/ieslvf-caba.infd.edu.ar\/sitio\/wp-content\/uploads\/2022\/12\/RevistaLV_18.pdf\" target=\"_blank\" rel=\"noreferrer noopener\">Representaciones sociales en torno a las lenguas y la traducci\u00f3n<\/a><\/td><\/tr><tr><td class=\"has-text-align-center\" data-align=\"center\">N\u00famero 17<br><img decoding=\"async\" loading=\"lazy\" width=\"1277\" height=\"1652\" class=\"wp-image-11894\" style=\"width: 90px;\" src=\"https:\/\/ieslvf-caba.infd.edu.ar\/sitio\/wp-content\/uploads\/2021\/12\/Tapa_revista_17-para-web.jpg\" alt=\"\" srcset=\"https:\/\/ieslvf-caba.infd.edu.ar\/sitio\/wp-content\/uploads\/2021\/12\/Tapa_revista_17-para-web.jpg 1277w, https:\/\/ieslvf-caba.infd.edu.ar\/sitio\/wp-content\/uploads\/2021\/12\/Tapa_revista_17-para-web-773x1000.jpg 773w, https:\/\/ieslvf-caba.infd.edu.ar\/sitio\/wp-content\/uploads\/2021\/12\/Tapa_revista_17-para-web-768x994.jpg 768w, https:\/\/ieslvf-caba.infd.edu.ar\/sitio\/wp-content\/uploads\/2021\/12\/Tapa_revista_17-para-web-1187x1536.jpg 1187w\" sizes=\"(max-width: 1277px) 100vw, 1277px\" \/><\/td><td><a href=\"https:\/\/ieslvf-caba.infd.edu.ar\/sitio\/wp-content\/uploads\/2021\/12\/Revista-LV-N\u00b0-17.pdf\" target=\"_blank\" rel=\"noreferrer noopener\">La circulaci\u00f3n de la literatura infantil y juvenil extranjera en la Argentina<\/a><\/td><\/tr><tr><td class=\"has-text-align-center\" data-align=\"center\">N\u00famero 16<br><img decoding=\"async\" src=\"https:\/\/ieslvf-caba.infd.edu.ar\/sitio\/wp-content\/uploads\/2021\/03\/Tapa-new3-revista-01-773x1000.png\" alt=\"La imagen tiene un atributo ALT vac\u00edo; su nombre de archivo es Tapa-new3-revista-01-773x1000.png\" style=\"width: 90px;\"><\/td><td><a href=\"https:\/\/ieslvf-caba.infd.edu.ar\/sitio\/wp-content\/uploads\/2021\/03\/Lenguas-Vivas-16.pdf\" target=\"_blank\" rel=\"noreferrer noopener\">G\u00e9nero: Formaci\u00f3n Y pr\u00e1ctica profesional&nbsp;<\/a><\/td><\/tr><tr><td class=\"has-text-align-center\" data-align=\"center\">N\u00famero 15<br><img decoding=\"async\" src=\"https:\/\/ieslvf-caba.infd.edu.ar\/sitio\/wp-content\/uploads\/2019\/12\/tapa-15.png\" alt=\"La imagen tiene un atributo ALT vac\u00edo; su nombre de archivo es tapa-15.png\" style=\"width: 90px;\"><\/td><td><a href=\"https:\/\/ieslvf-caba.infd.edu.ar\/sitio\/wp-content\/uploads\/2019\/12\/Lenguas-Vivas_15_digital.pdf\" target=\"_blank\" rel=\"noreferrer noopener\">Como mandan los c\u00e1nones. \u00bfC\u00f3mo mandan los c\u00e1nones?<\/a><\/td><\/tr><tr><td class=\"has-text-align-center\" data-align=\"center\">N\u00famero 14<br><img decoding=\"async\" src=\"https:\/\/ieslvf-caba.infd.edu.ar\/sitio\/wp-content\/uploads\/2018\/12\/Revista-14.png\" alt=\"La imagen tiene un atributo ALT vac\u00edo; su nombre de archivo es Revista-14.png\" style=\"width: 90px;\"><\/td><td><a href=\"https:\/\/ieslvf-caba.infd.edu.ar\/sitio\/wp-content\/uploads\/2018\/12\/Lenguas-Vivas_14.pdf\" target=\"_blank\" rel=\"noreferrer noopener\">Did\u00e1ctica de las lenguas y de la traducci\u00f3n en el nivel superior.<\/a><\/td><\/tr><tr><td class=\"has-text-align-center\" data-align=\"center\">N\u00famero 13<br><img decoding=\"async\" src=\"https:\/\/ieslvf-caba.infd.edu.ar\/sitio\/wp-content\/uploads\/2018\/08\/Revista_LV_13.png\" alt=\"revista LV 13\" style=\"width: 90px;\"><\/td><td><a href=\"https:\/\/ieslvf-caba.infd.edu.ar\/sitio\/wp-admin\/upload\/Lenguas_Vivas_13_corregido_el_15.3.2018.pdf\" target=\"_blank\" rel=\"noreferrer noopener\">La traducci\u00f3n en Argentina<\/a><\/td><\/tr><tr><td class=\"has-text-align-center\" data-align=\"center\">N\u00famero 12<br><img decoding=\"async\" src=\"https:\/\/ieslvf-caba.infd.edu.ar\/sitio\/wp-admin\/upload\/Revista12.jpg\" alt=\"La imagen tiene un atributo ALT vac\u00edo\" style=\"width: 90px;\"><\/td><td><a href=\"https:\/\/ieslvf-caba.infd.edu.ar\/sitio\/wp-admin\/upload\/Lenguas_Vivas_12.pdf\" target=\"_blank\" rel=\"noreferrer noopener\">Nuevas perspectivas en la pr\u00e1ctica, la did\u00e1ctica y la investigaci\u00f3n en lenguas y en traducci\u00f3n<\/a><\/td><\/tr><tr><td class=\"has-text-align-center\" data-align=\"center\">N\u00famero 11<br><img decoding=\"async\" src=\"https:\/\/ieslvf-caba.infd.edu.ar\/sitio\/wp-admin\/upload\/RevistaLV11.jpg\" alt=\"La imagen tiene un atributo ALT vac\u00edo\" style=\"width: 90px;\"><\/td><td><a href=\"https:\/\/ieslvf-caba.infd.edu.ar\/sitio\/wp-admin\/upload\/Lenguas_11_web.pdf\" target=\"_blank\" rel=\"noreferrer noopener\">Intermedialidad e intertextualidad en el campo de las lenguas extranjeras y la traducci\u00f3n<\/a><\/td><\/tr><tr><td class=\"has-text-align-center\" data-align=\"center\">N\u00famero 10<br><img decoding=\"async\" src=\"https:\/\/ieslvf-caba.infd.edu.ar\/sitio\/wp-content\/uploads\/2018\/08\/Revista_10.png\" alt=\"Revista 10\" style=\"width: 90px;\"><\/td><td><a href=\"https:\/\/ieslvf-caba.infd.edu.ar\/sitio\/wp-admin\/upload\/lenguas_10_web.pdf\" target=\"_blank\" rel=\"noreferrer noopener\">Las variedades ling\u00fc\u00edsticas en la comunicaci\u00f3n oral y escrita<\/a><\/td><\/tr><tr><td class=\"has-text-align-center\" data-align=\"center\">N\u00famero 9<br><img decoding=\"async\" src=\"https:\/\/ieslvf-caba.infd.edu.ar\/sitio\/wp-content\/uploads\/2018\/08\/revista9.png\" alt=\"Revista9\" style=\"width: 90px;\"><\/td><td><a rel=\"noreferrer noopener\" href=\"https:\/\/ieslvf-caba.infd.edu.ar\/sitio\/wp-admin\/upload\/lenguas_9_mayo.pdf\" target=\"_blank\">El quehacer de los profesionales de las lenguas en perspectiva hist\u00f3rica<\/a><\/td><\/tr><tr><td class=\"has-text-align-center\" data-align=\"center\">N\u00famero 8<br><img decoding=\"async\" src=\"https:\/\/ieslvf-caba.infd.edu.ar\/sitio\/wp-content\/uploads\/2018\/08\/revista8.png\" alt=\"Revista8\" style=\"width: 90px;\"><\/td><td><a href=\"https:\/\/ieslvf-caba.infd.edu.ar\/sitio\/wp-admin\/upload\/lenguas_8.pdf\" target=\"_blank\" rel=\"noreferrer noopener\">La teor\u00eda en el campo de las lenguas y la traducci\u00f3n<\/a><\/td><\/tr><tr><td class=\"has-text-align-center\" data-align=\"center\">N\u00famero 7<br><img decoding=\"async\" src=\"https:\/\/ieslvf-caba.infd.edu.ar\/sitio\/wp-content\/uploads\/2021\/10\/REVISTA7b-1554x1900.jpg\" alt=\"La imagen tiene un atributo ALT vac\u00edo; su nombre de archivo es REVISTA7b-1554x1900.jpg\" style=\"width: 90px;\"><\/td><td><a href=\"https:\/\/ieslvf-caba.infd.edu.ar\/sitio\/wp-content\/uploads\/2022\/11\/Lenguas-Vvas-7.pdf\" target=\"_blank\" rel=\"noreferrer noopener\">Lengua, Cultura e Identidad<\/a><\/td><\/tr><tr><td class=\"has-text-align-center\" data-align=\"center\">N\u00famero 6<br><img decoding=\"async\" src=\"https:\/\/ieslvf-caba.infd.edu.ar\/sitio\/wp-content\/uploads\/2021\/10\/REVISTA6b-1541x1900.jpg\" alt=\"La imagen tiene un atributo ALT vac\u00edo; su nombre de archivo es REVISTA6b-1541x1900.jpg\" style=\"width: 90px;\"><\/td><td><a href=\"https:\/\/ieslvf-caba.infd.edu.ar\/sitio\/wp-content\/uploads\/2022\/11\/Lenguas-Vvas-6.pdf\" target=\"_blank\" rel=\"noreferrer noopener\">Escritura y Oralidad<\/a><\/td><\/tr><tr><td class=\"has-text-align-center\" data-align=\"center\">N\u00famero 5<br><img decoding=\"async\" src=\"https:\/\/ieslvf-caba.infd.edu.ar\/sitio\/wp-content\/uploads\/2021\/10\/REVISTA5b-1541x1900.jpg\" alt=\"La imagen tiene un atributo ALT vac\u00edo; su nombre de archivo es REVISTA5b-1541x1900.jpg\" style=\"width: 90px;\"><\/td><td><a href=\"https:\/\/ieslvf-caba.infd.edu.ar\/sitio\/wp-content\/uploads\/2022\/11\/Lenguas-Vvas-5.pdf\" target=\"_blank\" rel=\"noreferrer noopener\">Cien a\u00f1os del Lenguas Vivas<\/a><\/td><\/tr><tr><td class=\"has-text-align-center\" data-align=\"center\">N\u00famero 3-4&nbsp;&nbsp;<br><img decoding=\"async\" src=\"https:\/\/ieslvf-caba.infd.edu.ar\/sitio\/wp-content\/uploads\/2021\/10\/REVISTA3-4b-1548x1900.jpg\" alt=\"La imagen tiene un atributo ALT vac\u00edo; su nombre de archivo es REVISTA3-4b-1548x1900.jpg\" style=\"width: 90px;\"><\/td><td><a href=\"https:\/\/drive.google.com\/file\/d\/1qhjNzXzfanFd7v-SR2WMY0gWLhadjsTd\/view?ts=635c16d9\" target=\"_blank\" rel=\"noreferrer noopener\">Formaci\u00f3n Docente<\/a><\/td><\/tr><tr><td class=\"has-text-align-center\" data-align=\"center\">N\u00famero 2&nbsp;<br><img decoding=\"async\" src=\"https:\/\/ieslvf-caba.infd.edu.ar\/sitio\/wp-content\/uploads\/2021\/10\/REVISTA2b-1548x1900.jpg\" alt=\"La imagen tiene un atributo ALT vac\u00edo; su nombre de archivo es REVISTA2b-1548x1900.jpg\" style=\"width: 90px;\"><\/td><td><a href=\"https:\/\/ieslvf-caba.infd.edu.ar\/sitio\/wp-content\/uploads\/2022\/11\/Lenguas-Vvas-2.pdf\" target=\"_blank\" rel=\"noreferrer noopener\">La Lectura<\/a><\/td><\/tr><tr><td class=\"has-text-align-center\" data-align=\"center\">N\u00famero 1&nbsp;<br><img decoding=\"async\" src=\"https:\/\/ieslvf-caba.infd.edu.ar\/sitio\/wp-content\/uploads\/2021\/10\/REVISTA1b-1541x1900.jpg\" alt=\"La imagen tiene un atributo ALT vac\u00edo; su nombre de archivo es REVISTA1b-1541x1900.jpg\" style=\"width: 90px;\"><\/td><td><a href=\"https:\/\/drive.google.com\/file\/d\/1uzdkjHwE9_0WEvHQEg5UGf2FkauVBra7\/view\" target=\"_blank\" rel=\"noreferrer noopener\">Los problemas de la traducci\u00f3n<\/a><\/td><\/tr><\/tbody><\/table><\/figure>\n\n\n\n<p class=\"has-pale-cyan-blue-background-color has-background\"><strong>NOVEDAD: Los n\u00fameros 1, 2, 3-4, 5, 6 y 7 fueron digitalizados en octubre de 2022 por la Biblioteca, ya est\u00e1n disponible en sus respectivos links de acceso.<\/strong><br><strong>Los n\u00fameros 9 y 13 se pueden adquirir tambi\u00e9n en formato papel en la cooperadora de la instituci\u00f3n.<\/strong><\/p>\n\n\n\n<p><\/p>\n\n\n\n<h4 class=\"wp-block-heading\"><strong>Archivo hist\u00f3rico<\/strong><\/h4>\n\n\n\n<figure class=\"wp-block-table\"><table><tbody><tr><td class=\"has-text-align-center\" data-align=\"center\"><br><img decoding=\"async\" loading=\"lazy\" width=\"631\" height=\"900\" class=\"wp-image-16266\" style=\"width: 90px;\" src=\"https:\/\/ieslvf-caba.infd.edu.ar\/sitio\/wp-content\/uploads\/2023\/10\/portada-1.jpg\" alt=\"\"><\/td><td><a href=\"https:\/\/drive.google.com\/file\/d\/1j4_hKnM05CPmUSYDMkhqCduRwSAkUdSv\/view?usp=drive_link\" target=\"_blank\" rel=\"noreferrer noopener\">N\u00famero 1 (junio 1957<\/a>)<br><\/td><\/tr><tr><td class=\"has-text-align-center\" data-align=\"center\"><br><img decoding=\"async\" loading=\"lazy\" width=\"631\" height=\"900\" class=\"wp-image-16266\" style=\"width: 90px;\" src=\"https:\/\/ieslvf-caba.infd.edu.ar\/sitio\/wp-content\/uploads\/2023\/10\/portada-1.jpg\" alt=\"\"><\/td><td><a href=\"https:\/\/drive.google.com\/file\/d\/1mVnxhQdQVwtMTLb3gzXykQ4M2Y51WmYE\/view?usp=drive_link\" target=\"_blank\" rel=\"noreferrer noopener\">N\u00famero 2 (octubre 1957)<\/a><br><\/td><\/tr><tr><td class=\"has-text-align-center\" data-align=\"center\"><br><img decoding=\"async\" loading=\"lazy\" width=\"631\" height=\"900\" class=\"wp-image-16266\" style=\"width: 90px;\" src=\"https:\/\/ieslvf-caba.infd.edu.ar\/sitio\/wp-content\/uploads\/2023\/10\/portada-1.jpg\" alt=\"\"><\/td><td><a href=\"https:\/\/drive.google.com\/file\/d\/1jn-mdhOruJ7Zk4Dz61wKucDwa0yc3JLI\/view?usp=drive_link\" target=\"_blank\" rel=\"noreferrer noopener\">N\u00famero 3 (mayo 1958)<\/a><\/td><\/tr><tr><td class=\"has-text-align-center\" data-align=\"center\"><img decoding=\"async\" loading=\"lazy\" width=\"631\" height=\"900\" class=\"wp-image-16266\" style=\"width: 90px;\" src=\"https:\/\/ieslvf-caba.infd.edu.ar\/sitio\/wp-content\/uploads\/2023\/10\/portada-1.jpg\" alt=\"\"><\/td><td><a href=\"https:\/\/drive.google.com\/file\/d\/1HV_0FuvPPEedjKROAfl8CZiDdrjBkPVq\/view?usp=drive_link\" target=\"_blank\" rel=\"noreferrer noopener\">N\u00famero 4 (octubre 1958)<\/a><\/td><\/tr><tr><td class=\"has-text-align-center\" data-align=\"center\"><img decoding=\"async\" loading=\"lazy\" width=\"631\" height=\"900\" class=\"wp-image-16266\" style=\"width: 90px;\" src=\"https:\/\/ieslvf-caba.infd.edu.ar\/sitio\/wp-content\/uploads\/2023\/10\/portada-1.jpg\" alt=\"\"><\/td><td><a href=\"https:\/\/drive.google.com\/file\/d\/1T2Zl95xdD8Xzz_hbFVNiMHYBrre3QLgO\/view?usp=drive_link\" target=\"_blank\" rel=\"noreferrer noopener\">N\u00famero 5-6 (noviembre 1959)<\/a><br><\/td><\/tr><tr><td class=\"has-text-align-center\" data-align=\"center\"><img decoding=\"async\" loading=\"lazy\" width=\"631\" height=\"900\" class=\"wp-image-16266\" style=\"width: 90px;\" src=\"https:\/\/ieslvf-caba.infd.edu.ar\/sitio\/wp-content\/uploads\/2023\/10\/portada-1.jpg\" alt=\"\"><\/td><td><a href=\"https:\/\/drive.google.com\/file\/d\/1qG7310sIVHxWqRgKQmxx3j0SAbMzwSWG\/view?usp=drive_link\" target=\"_blank\" rel=\"noreferrer noopener\">N\u00famero 7-8 (octubre 1960)<\/a><\/td><\/tr><tr><td class=\"has-text-align-center\" data-align=\"center\"><img decoding=\"async\" loading=\"lazy\" width=\"631\" height=\"900\" class=\"wp-image-16266\" style=\"width: 90px;\" src=\"https:\/\/ieslvf-caba.infd.edu.ar\/sitio\/wp-content\/uploads\/2023\/10\/portada-1.jpg\" alt=\"\"><\/td><td><a href=\"https:\/\/drive.google.com\/file\/d\/1LA-R1iujlvXoR9JQYDMSNPanlHkJLoMa\/view?usp=drive_link\" target=\"_blank\" rel=\"noreferrer noopener\">N\u00famero&nbsp;9-10 (noviembre 1961)<\/a><br><\/td><\/tr><tr><td class=\"has-text-align-center\" data-align=\"center\"><img decoding=\"async\" loading=\"lazy\" width=\"631\" height=\"900\" class=\"wp-image-16266\" style=\"width: 90px;\" src=\"https:\/\/ieslvf-caba.infd.edu.ar\/sitio\/wp-content\/uploads\/2023\/10\/portada-1.jpg\" alt=\"\"><\/td><td><a href=\"https:\/\/drive.google.com\/file\/d\/1giflbEcm1m2c2xg-3D5vS6mRmh_09M_i\/view?usp=sharing\" target=\"_blank\" rel=\"noreferrer noopener\">N\u00famero 11-12 (noviembre 1962)<\/a><br><\/td><\/tr><tr><td class=\"has-text-align-center\" data-align=\"center\"><img decoding=\"async\" loading=\"lazy\" width=\"631\" height=\"900\" class=\"wp-image-16266\" style=\"width: 90px;\" src=\"https:\/\/ieslvf-caba.infd.edu.ar\/sitio\/wp-content\/uploads\/2023\/10\/portada-1.jpg\" alt=\"\"><\/td><td><a href=\"https:\/\/drive.google.com\/file\/d\/10n_Ar3O12OR01npvSP8Qye3aKN6fg19N\/view?usp=drive_link\" target=\"_blank\" rel=\"noreferrer noopener\">N\u00famero 13-14 (noviembre 1965)<\/a><br><\/td><\/tr><tr><td class=\"has-text-align-center\" data-align=\"center\"><img decoding=\"async\" loading=\"lazy\" width=\"631\" height=\"900\" class=\"wp-image-16266\" style=\"width: 90px;\" src=\"https:\/\/ieslvf-caba.infd.edu.ar\/sitio\/wp-content\/uploads\/2023\/10\/portada-1.jpg\" alt=\"\"><\/td><td><a href=\"https:\/\/drive.google.com\/file\/d\/1V0D8YN49yQOUM8Gt1_HWadnSuaxM0TTf\/view?usp=drive_link\" target=\"_blank\" rel=\"noreferrer noopener\">N\u00famero 15-16-17-18 (noviembre 1967)<\/a><br><\/td><\/tr><tr><td class=\"has-text-align-center\" data-align=\"center\"><img decoding=\"async\" loading=\"lazy\" width=\"631\" height=\"900\" class=\"wp-image-16266\" style=\"width: 90px;\" src=\"https:\/\/ieslvf-caba.infd.edu.ar\/sitio\/wp-content\/uploads\/2023\/10\/portada-1.jpg\" alt=\"\"><\/td><td><a href=\"https:\/\/drive.google.com\/file\/d\/19UEHu-5See44FjF1PFEObK0fM3vYGP9z\/view?usp=drive_link\" target=\"_blank\" rel=\"noreferrer noopener\">N\u00famero 19 (noviembre 1971)<\/a><br><\/td><\/tr><\/tbody><\/table><\/figure>\n\n\n\n<p><a href=\"#arriba\">Volver arriba<\/a><\/p>\n","protected":false},"excerpt":{"rendered":"<p>EditoraProf. Magdalena Arnoux Comit\u00e9 de redacci\u00f3nSergio EtkinSilvina RotembergMar\u00eda Virginia HaelDaniela BentancurMari\u00e1ngeles Viqueira Consejo consultivoCristina BanfiRoberto BeinMartina Fern\u00e1ndez PolcuchPatricia FranzoniEstela KlettLorrain LedwithCecilia Magad\u00e1nElena MarengoGriselda M\u00e1rsicoRosana PasqualeFlorencia PerducaOlga RegueiraUwe SchoorPatricia Willson RedesInstagram: revistalvFacebook: https:\/\/www.facebook.com\/revistalvTwitter: @revistalv Revista Lenguas V;vas N\u00famero 20 Herramientas digitales para la traducci\u00f3n y la ense\u00f1anza de lenguas extranjeras N\u00famero 19 Experiencias creativas del contacto &#8230; <a title=\"Revista Lenguas V;vas\" class=\"read-more\" href=\"https:\/\/ieslvf-caba.infd.edu.ar\/sitio\/revista-lenguas-vivas\/\" aria-label=\"More on Revista Lenguas V;vas\">[+]<\/a><\/p>\n","protected":false},"author":2415,"featured_media":0,"parent":0,"menu_order":0,"comment_status":"closed","ping_status":"closed","template":"","meta":[],"acf":[],"_links":{"self":[{"href":"https:\/\/ieslvf-caba.infd.edu.ar\/sitio\/wp-json\/wp\/v2\/pages\/10471"}],"collection":[{"href":"https:\/\/ieslvf-caba.infd.edu.ar\/sitio\/wp-json\/wp\/v2\/pages"}],"about":[{"href":"https:\/\/ieslvf-caba.infd.edu.ar\/sitio\/wp-json\/wp\/v2\/types\/page"}],"author":[{"embeddable":true,"href":"https:\/\/ieslvf-caba.infd.edu.ar\/sitio\/wp-json\/wp\/v2\/users\/2415"}],"replies":[{"embeddable":true,"href":"https:\/\/ieslvf-caba.infd.edu.ar\/sitio\/wp-json\/wp\/v2\/comments?post=10471"}],"version-history":[{"count":83,"href":"https:\/\/ieslvf-caba.infd.edu.ar\/sitio\/wp-json\/wp\/v2\/pages\/10471\/revisions"}],"predecessor-version":[{"id":20408,"href":"https:\/\/ieslvf-caba.infd.edu.ar\/sitio\/wp-json\/wp\/v2\/pages\/10471\/revisions\/20408"}],"wp:attachment":[{"href":"https:\/\/ieslvf-caba.infd.edu.ar\/sitio\/wp-json\/wp\/v2\/media?parent=10471"}],"curies":[{"name":"wp","href":"https:\/\/api.w.org\/{rel}","templated":true}]}}