{"id":10487,"date":"2021-09-30T12:30:04","date_gmt":"2021-09-30T15:30:04","guid":{"rendered":"https:\/\/ieslvf-caba.infd.edu.ar\/sitio\/?page_id=10487"},"modified":"2026-02-26T16:57:23","modified_gmt":"2026-02-26T19:57:23","slug":"aens-ele-espanol-lengua-extranjera","status":"publish","type":"page","link":"https:\/\/ieslvf-caba.infd.edu.ar\/sitio\/aens-ele-espanol-lengua-extranjera\/","title":{"rendered":"AENS ELE &#8211; Espa\u00f1ol Lengua extranjera"},"content":{"rendered":"\n<div class=\"wp-block-cover alignwide is-light is-position-center-center\" style=\"min-height:138px\"><span aria-hidden=\"true\" class=\"wp-block-cover__background has-background-dim-20 has-background-dim\"><\/span><img decoding=\"async\" loading=\"lazy\" width=\"1200\" height=\"630\" class=\"wp-block-cover__image-background wp-image-10489\" alt=\"\" src=\"https:\/\/ieslvf-caba.infd.edu.ar\/sitio\/wp-content\/uploads\/2021\/09\/espanol1200x630.png\" style=\"object-position:72% 0%\" data-object-fit=\"cover\" data-object-position=\"72% 0%\" srcset=\"https:\/\/ieslvf-caba.infd.edu.ar\/sitio\/wp-content\/uploads\/2021\/09\/espanol1200x630.png 1200w, https:\/\/ieslvf-caba.infd.edu.ar\/sitio\/wp-content\/uploads\/2021\/09\/espanol1200x630-1000x525.png 1000w, https:\/\/ieslvf-caba.infd.edu.ar\/sitio\/wp-content\/uploads\/2021\/09\/espanol1200x630-768x403.png 768w\" sizes=\"(max-width: 1200px) 100vw, 1200px\" \/><div class=\"wp-block-cover__inner-container\">\n<p class=\"has-text-align-center has-text-color\" style=\"color:#fffffa;font-size:40px;line-height:1.1\"><strong>BIENVENIDOS AL PROGRAMA ELE<\/strong><br><strong>Espa\u00f1ol Lengua extranjera<\/strong><\/p>\n<\/div><\/div>\n\n\n\n<div class=\"wp-block-columns is-layout-flex wp-container-2\">\n<div class=\"wp-block-column is-layout-flow\"><div class=\"wp-block-image\">\n<figure class=\"alignright size-full is-resized\"><img decoding=\"async\" loading=\"lazy\" src=\"https:\/\/ieslvf-caba.infd.edu.ar\/sitio\/wp-content\/uploads\/2025\/12\/ELE-1.png\" alt=\"\" class=\"wp-image-20933\" width=\"158\" height=\"151\" srcset=\"https:\/\/ieslvf-caba.infd.edu.ar\/sitio\/wp-content\/uploads\/2025\/12\/ELE-1.png 1835w, https:\/\/ieslvf-caba.infd.edu.ar\/sitio\/wp-content\/uploads\/2025\/12\/ELE-1-1000x958.png 1000w, https:\/\/ieslvf-caba.infd.edu.ar\/sitio\/wp-content\/uploads\/2025\/12\/ELE-1-768x736.png 768w, https:\/\/ieslvf-caba.infd.edu.ar\/sitio\/wp-content\/uploads\/2025\/12\/ELE-1-1536x1472.png 1536w\" sizes=\"(max-width: 158px) 100vw, 158px\" \/><\/figure><\/div>\n\n\n<h6 class=\"wp-block-heading has-text-align-center has-contrast-color has-base-background-color has-text-color has-background\">INSCRIPCIONES 2026<\/h6>\n\n\n\n<p class=\"has-text-align-left has-background\" style=\"background-color:#fff1c9;font-size:12px\">  <strong>Pasos de inscripci\u00f3n:<\/strong><br><br><strong>Paso 1: <\/strong>Completar el formulario para principiantes (si el alumno no sabe nada de espa\u00f1ol) o para no principiantes (si ya sabe algo de espa\u00f1ol)<br><br><strong>Paso 2: <\/strong>Los principiantes van a recibir un email en el que les van a informar si obtuvieron la vacante, y los d\u00edas y horarios del curso. Los no principiantes tienen que hacer el Examen de nivelaci\u00f3n presencial en Carlos Pellegrini 1515. Luego van a recibir un email en el que les van a informar si obtuvieron la vacante, y los d\u00edas y horarios del curso.<br><br><strong>Paso 3:<\/strong> Si obtuvieron la vacante, pasar por Cooperadora (pago de cuota)<br><br><strong>Paso 4:<\/strong> Empezar el curso en la fecha indicada en el email.<br><br><strong>Nota:<\/strong> Si no obtuvieron la vacante, quedan en la lista de espera. Si se libera un lugar, les vamos a escribir para que puedan empezar el curso. Si no se libera ning\u00fan lugar, quedan en lista de espera para el pr\u00f3ximo inicio de curso.<br><br>Ante cualquier duda, escriban a&nbsp;<a rel=\"noreferrer noopener\" href=\"mailto:aensele@gmail.com\" target=\"_blank\">aensele@gmail.com<\/a>&nbsp;<\/p>\n\n\n\n<p><\/p>\n\n\n\n<h5 class=\"wp-block-heading has-text-align-center has-contrast-color has-pale-cyan-blue-background-color has-text-color has-background\">CURSOS INTENSIVOS 2026<br>(2 meses)<\/h5>\n\n\n\n<figure class=\"wp-block-table is-style-regular has-small-font-size\"><table class=\"has-base-3-background-color has-background\"><tbody><tr><td class=\"has-text-align-center\" data-align=\"center\">INICIO EN <strong>MARZO<\/strong>&#x1f4c5;<\/td><td class=\"has-text-align-center\" data-align=\"center\">INICIO EN <strong>MAYO<\/strong>&#x1f4c5;<\/td><\/tr><tr><td class=\"has-text-align-center\" data-align=\"center\">&#x1f469;&#x200d;&#x1f3eb;<em><strong>Del 9 de marzo al 8 de mayo<\/strong><\/em> &#x1f6ab; <br>Inscripci\u00f3n cerrada<\/td><td class=\"has-text-align-center\" data-align=\"center\">&#x1f469;&#x200d;&#x1f3eb;<em><strong>Del 18 de mayo al 10 de julio<\/strong><\/em> &#x1f51c;<br>Inscripci\u00f3n: 8 de mayo, 14 h en este <a href=\"https:\/\/docs.google.com\/forms\/d\/e\/1FAIpQLSfyXYyleJAxR9g5avQPiVmZUhep8sz43m8CQPL08-uOnPrMhg\/closedform\" target=\"_blank\" rel=\"noreferrer noopener\">formulario<\/a><\/td><\/tr><tr><td class=\"has-text-align-center\" data-align=\"center\">INICIO EN <strong>AGOSTO<\/strong>&#x1f4c5;<\/td><td class=\"has-text-align-center\" data-align=\"center\">INICIO EN <strong>OCTUBRE<\/strong>&#x1f4c5;<\/td><\/tr><tr><td class=\"has-text-align-center\" data-align=\"center\">&#x1f469;&#x200d;&#x1f3eb;<em><strong>Del 12 de agosto al 9 de octubre<\/strong><\/em><br>Inscripci\u00f3n: 3 de agosto, <strong>12 h <\/strong>en este <a rel=\"noreferrer noopener\" href=\"https:\/\/docs.google.com\/forms\/d\/e\/1FAIpQLSfyXYyleJAxR9g5avQPiVmZUhep8sz43m8CQPL08-uOnPrMhg\/closedform\" target=\"_blank\">formulario<\/a> <\/td><td class=\"has-text-align-center\" data-align=\"center\">&#x1f469;&#x200d;&#x1f3eb;<em><strong>Del 21 de octubre al 11 de diciembre<\/strong><\/em> <br>Inscripci\u00f3n: 9 de octubre, 14 h en este <a rel=\"noreferrer noopener\" href=\"https:\/\/docs.google.com\/forms\/d\/e\/1FAIpQLSfyXYyleJAxR9g5avQPiVmZUhep8sz43m8CQPL08-uOnPrMhg\/closedform\" target=\"_blank\">formulario<\/a> <\/td><\/tr><\/tbody><\/table><\/figure>\n\n\n\n<p><\/p>\n\n\n\n<h5 class=\"wp-block-heading has-text-align-center has-contrast-color has-pale-cyan-blue-background-color has-text-color has-background\">CURSOS REGULARES 2026<br>(4 meses)<\/h5>\n<\/div>\n<\/div>\n\n\n\n<figure class=\"wp-block-table is-style-regular has-small-font-size\"><table><tbody><tr><td class=\"has-text-align-center\" data-align=\"center\">INICIO EN <strong>MARZO<\/strong>&#x1f4c5;<\/td><td class=\"has-text-align-center\" data-align=\"center\">INICIO EN <strong>AGOSTO<\/strong>&#x1f4c5;<\/td><\/tr><tr><td class=\"has-text-align-center\" data-align=\"center\">&#x1f469;&#x200d;&#x1f3eb;<strong><em>Del 16 de marzo al 3 de julio<\/em><\/strong> &#x1f6ab; <br>Inscripci\u00f3n cerrada <\/td><td class=\"has-text-align-center\" data-align=\"center\">&#x1f469;&#x200d;&#x1f3eb;<strong><em>Del 18 de agosto al 4 de diciembre<\/em><\/strong> &#x1f51c;<br>Inscripci\u00f3n: 3 de agosto, 12 h en este <a rel=\"noreferrer noopener\" href=\"https:\/\/docs.google.com\/forms\/d\/e\/1FAIpQLSfyXYyleJAxR9g5avQPiVmZUhep8sz43m8CQPL08-uOnPrMhg\/closedform\" target=\"_blank\">formulario<\/a><\/td><\/tr><\/tbody><\/table><figcaption class=\"wp-element-caption\"> <\/figcaption><\/figure>\n\n\n\n<p class=\"has-text-align-center has-base-background-color has-text-color has-background has-medium-font-size\" style=\"color:#f60e0e\"><strong>LOS CURSOS DE ESPA\u00d1OL PARA EXTRANJEROS SON PRESENCIALES<\/strong><\/p>\n\n\n\n<p class=\"has-accent-color has-text-color\"><strong>INSCRIPCI\u00d3N DE EX ALUMNOS DEL PROGRAMA ELE PARA LOS PR\u00d3XIMOS CURSOS INTENSIVOS<\/strong>:<br>Si cursaste un nivel de espa\u00f1ol en el IES en Lenguas Vivas \u201cJuan Ram\u00f3n Fern\u00e1ndez\u201d y dejaste, pod\u00e9s retomar. Para inscribirte, escrib\u00ed un email a&nbsp;<strong>aensele@gmail.com<\/strong>, donde indiques cu\u00e1ndo y en qu\u00e9 nivel cursaste y se analizar\u00e1 tu caso.<\/p>\n\n\n\n<hr class=\"wp-block-separator has-css-opacity\"\/>\n\n\n\n<p><strong>Espa\u00f1ol como lengua extranjera \u2013 ELE<\/strong><strong><br>Coordinaci\u00f3n: Mar\u00eda Jos\u00e9 Gass\u00f3<\/strong><\/p>\n\n\n<div class=\"wp-block-image\">\n<figure class=\"alignleft size-full is-resized\"><img decoding=\"async\" loading=\"lazy\" src=\"https:\/\/ieslvf-caba.infd.edu.ar\/sitio\/wp-content\/uploads\/2025\/12\/ELE-1.png\" alt=\"\" class=\"wp-image-20933\" width=\"166\" height=\"158\" srcset=\"https:\/\/ieslvf-caba.infd.edu.ar\/sitio\/wp-content\/uploads\/2025\/12\/ELE-1.png 1835w, https:\/\/ieslvf-caba.infd.edu.ar\/sitio\/wp-content\/uploads\/2025\/12\/ELE-1-1000x958.png 1000w, https:\/\/ieslvf-caba.infd.edu.ar\/sitio\/wp-content\/uploads\/2025\/12\/ELE-1-768x736.png 768w, https:\/\/ieslvf-caba.infd.edu.ar\/sitio\/wp-content\/uploads\/2025\/12\/ELE-1-1536x1472.png 1536w\" sizes=\"(max-width: 166px) 100vw, 166px\" \/><\/figure><\/div>\n\n\n<p>Este proyecto, que fue aprobado por Resoluci\u00f3n Ministerial 1471 desde 1991, tiene como antecedente los cursos de espa\u00f1ol para extranjeros que se dictaban en la instituci\u00f3n desde 1979 y que ya hab\u00edan sido previstos en 1904 por los fundadores del INES en Lenguas Vivas, con el objetivo de facilitar la integraci\u00f3n social, cultural y productiva de los inmigrantes.<\/p>\n\n\n\n<p>M\u00e1s all\u00e1 del cambio producido en el perfil de los alumnos que asisten a estos cursos, es necesario destacar la competencia de sus docentes quienes, adem\u00e1s de implementar metodolog\u00edas que se actualizan en funci\u00f3n de los avances en las did\u00e1cticas de las lenguas extranjeras, elaboran el material que utilizan ya que existe en el pa\u00eds pocos manuales que reflejen la variedad del espa\u00f1ol del R\u00edo de la Plata, pues la industria editorial dedicada a la ense\u00f1anza del espa\u00f1ol como lengua extranjera es predominantemente de origen hisp\u00e1nico.<\/p>\n\n\n\n<p>Los cursos est\u00e1n repartidos en cinco niveles:<\/p>\n\n\n\n<ul>\n<li>B\u00e1sico<\/li>\n\n\n\n<li>Pre-intermedio<\/li>\n\n\n\n<li>Intermedio<\/li>\n\n\n\n<li>Pre-avanzado<\/li>\n\n\n\n<li>Avanzado<\/li>\n<\/ul>\n\n\n\n<p>y se dictan en dos modalidades:<\/p>\n\n\n\n<ul>\n<li>Regulares: son cuatrimestrales y tienen una carga horaria de 4 (cuatro) horas semanales, distribuidas en dos d\u00edas. Se dictan en horario vespertino.<\/li>\n\n\n\n<li>Intensivos: son bimestrales y tienen una carga horaria de 8 (ocho) horas semanales, distribuidas en cuatro d\u00edas. Se dictan por la tarde.<\/li>\n<\/ul>\n\n\n\n<p>Para ingresar en estos cursos, es necesario rendir una prueba de nivelaci\u00f3n que permite al postulante extranjero inscribirse en el nivel adecuado, siempre que haya vacantes.<\/p>\n\n\n\n<h3 class=\"wp-block-heading has-text-align-center has-pale-cyan-blue-background-color has-background\" style=\"font-size:24px\"><strong><span class=\"has-inline-color has-vivid-red-color\"><strong>BONO CONTRIBUCI\u00d3N DE LA ASOCIACI\u00d3N COOPERADORA<\/strong><\/span><\/strong><\/h3>\n\n\n\n<p>El pago de este bono ayuda a la adquisici\u00f3n de materiales de ense\u00f1anza y otros insumos para el desarrollo institucional. <br>La colaboraci\u00f3n de todos es muy importante ya que implica una acci\u00f3n de responsabilidad solidaria.<br>La cooperadora atiende de lunes a viernes de 10 a 14 y de 16 a 20 h.&nbsp;&nbsp;<strong>cooperadoralenguas@gmail.com<\/strong> <\/p>\n","protected":false},"excerpt":{"rendered":"<p>INSCRIPCIONES 2026 Pasos de inscripci\u00f3n: Paso 1: Completar el formulario para principiantes (si el alumno no sabe nada de espa\u00f1ol) o para no principiantes (si ya sabe algo de espa\u00f1ol) Paso 2: Los principiantes van a recibir un email en el que les van a informar si obtuvieron la vacante, y los d\u00edas y horarios &#8230; <a title=\"AENS ELE &#8211; Espa\u00f1ol Lengua extranjera\" class=\"read-more\" href=\"https:\/\/ieslvf-caba.infd.edu.ar\/sitio\/aens-ele-espanol-lengua-extranjera\/\" aria-label=\"More on AENS ELE &#8211; Espa\u00f1ol Lengua extranjera\">[+]<\/a><\/p>\n","protected":false},"author":4,"featured_media":0,"parent":0,"menu_order":0,"comment_status":"closed","ping_status":"closed","template":"","meta":[],"acf":[],"_links":{"self":[{"href":"https:\/\/ieslvf-caba.infd.edu.ar\/sitio\/wp-json\/wp\/v2\/pages\/10487"}],"collection":[{"href":"https:\/\/ieslvf-caba.infd.edu.ar\/sitio\/wp-json\/wp\/v2\/pages"}],"about":[{"href":"https:\/\/ieslvf-caba.infd.edu.ar\/sitio\/wp-json\/wp\/v2\/types\/page"}],"author":[{"embeddable":true,"href":"https:\/\/ieslvf-caba.infd.edu.ar\/sitio\/wp-json\/wp\/v2\/users\/4"}],"replies":[{"embeddable":true,"href":"https:\/\/ieslvf-caba.infd.edu.ar\/sitio\/wp-json\/wp\/v2\/comments?post=10487"}],"version-history":[{"count":127,"href":"https:\/\/ieslvf-caba.infd.edu.ar\/sitio\/wp-json\/wp\/v2\/pages\/10487\/revisions"}],"predecessor-version":[{"id":21104,"href":"https:\/\/ieslvf-caba.infd.edu.ar\/sitio\/wp-json\/wp\/v2\/pages\/10487\/revisions\/21104"}],"wp:attachment":[{"href":"https:\/\/ieslvf-caba.infd.edu.ar\/sitio\/wp-json\/wp\/v2\/media?parent=10487"}],"curies":[{"name":"wp","href":"https:\/\/api.w.org\/{rel}","templated":true}]}}