{"id":10511,"date":"2021-09-30T13:02:36","date_gmt":"2021-09-30T16:02:36","guid":{"rendered":"https:\/\/ieslvf-caba.infd.edu.ar\/sitio\/?page_id=10511"},"modified":"2026-02-20T07:52:45","modified_gmt":"2026-02-20T10:52:45","slug":"eotl-escuela-de-otono-de-traduccion-literaria-lucila-cordone-2021","status":"publish","type":"page","link":"https:\/\/ieslvf-caba.infd.edu.ar\/sitio\/eotl-escuela-de-otono-de-traduccion-literaria-lucila-cordone-2021\/","title":{"rendered":"EOTL &#8211; Escuela de Oto\u00f1o de Traducci\u00f3n Literaria \u201cLucila Cordone\u201d 2021"},"content":{"rendered":"\n<div class=\"wp-block-cover alignwide is-light is-position-center-center\" style=\"min-height:100px\"><span aria-hidden=\"true\" class=\"wp-block-cover__background has-background-dim-20 has-background-dim\"><\/span><img decoding=\"async\" loading=\"lazy\" width=\"830\" height=\"463\" class=\"wp-block-cover__image-background wp-image-10526\" alt=\"\" src=\"https:\/\/ieslvf-caba.infd.edu.ar\/sitio\/wp-content\/uploads\/2021\/09\/otono.jpg\" style=\"object-position:40% 36%\" data-object-fit=\"cover\" data-object-position=\"40% 36%\" srcset=\"https:\/\/ieslvf-caba.infd.edu.ar\/sitio\/wp-content\/uploads\/2021\/09\/otono.jpg 830w, https:\/\/ieslvf-caba.infd.edu.ar\/sitio\/wp-content\/uploads\/2021\/09\/otono-768x428.jpg 768w\" sizes=\"(max-width: 830px) 100vw, 830px\" \/><div class=\"wp-block-cover__inner-container\">\n<p class=\"has-text-align-center has-text-color\" style=\"color:#fffffa;font-size:40px;line-height:1.1\"><strong>EOTL &#8211; Escuela de Oto\u00f1o de Traducci\u00f3n Literaria <\/strong><br><strong>\u201cLucila Cordone\u201d<\/strong><\/p>\n<\/div><\/div>\n\n\n\n<h4 class=\"wp-block-heading\">Convocatoria abierta para la&nbsp;XI&nbsp;edici\u00f3n de la&nbsp;Escuela de Oto\u00f1o de Traducci\u00f3n Literaria \u00abLucila Cordone\u00bb (2026)<\/h4>\n\n\n\n<p>Les recordamos&nbsp;la convocatoria a la&nbsp;XI&nbsp;edici\u00f3n de la&nbsp;Escuela de Oto\u00f1o de Traducci\u00f3n Literaria \u00abLucila Cordone\u00bb, del IES en Lenguas Vivas \u00abJ. R. Fern\u00e1ndez\u00bb de Buenos Aires,&nbsp;<strong>se encuentra abierta<\/strong>.<\/p>\n\n\n\n<p>En esta ocasi\u00f3n, la convocatoria est\u00e1 dirigida a traductorxs noveles&nbsp;<strong>de franc\u00e9s, portugu\u00e9s&nbsp;e&nbsp;ingl\u00e9s&nbsp;al espa\u00f1ol<\/strong>, para participar en los talleres de traducci\u00f3n y actividades suplementarias&nbsp;<strong>entre el&nbsp;15&nbsp;y el 24&nbsp;de abril de 2026<\/strong>.<\/p>\n\n\n\n<blockquote class=\"wp-block-quote\">\n<p>\u00a1Pueden seguirnos en nuestras redes para descubrir cada semana un nuevo dato de nuestrxs autorxs invitadxs!<\/p>\n\n\n\n<p>IG: <a rel=\"noreferrer noopener\" href=\"https:\/\/www.instagram.com\/eotl.lenguasvivas\/\" target=\"_blank\">https:\/\/www.instagram.com\/eotl.lenguasvivas\/<\/a> <\/p>\n\n\n\n<p>FB:&nbsp;<a href=\"https:\/\/www.facebook.com\/EOTLLenguasVivas1\" target=\"_blank\" rel=\"noreferrer noopener\">https:\/\/www.facebook.com\/EOTLLenguasVivas1<\/a><\/p>\n<\/blockquote>\n\n\n\n<p>Quienes deseen postularse, deber\u00e1n llenar\u00a0<strong>hasta el\u00a02\u00a0de marzo\u00a0de 2026\u00a0<\/strong>los siguientes formularios, seg\u00fan el idioma elegido:- Franc\u00e9s:\u00a0<a rel=\"noreferrer noopener\" href=\"https:\/\/forms.gle\/kGNvU8TkLjhKQaRd6\" target=\"_blank\">https:\/\/forms.gle\/kGNvU8TkLjhKQaRd6<\/a><br>&#8211; Portugu\u00e9s:\u00a0<a rel=\"noreferrer noopener\" href=\"https:\/\/forms.gle\/NXvBdSQZLgsBZ1qR8\" target=\"_blank\">https:\/\/forms.gle\/NXvBdSQZLgsBZ1qR8<\/a><br>&#8211; Ingl\u00e9s:\u00a0<a rel=\"noreferrer noopener\" href=\"https:\/\/forms.gle\/nvtx3wAMc2KbuPpQ7\" target=\"_blank\">https:\/\/forms.gle\/nvtx3wAMc2KbuPpQ7<\/a><\/p>\n\n\n\n<p>En todos los casos, deber\u00e1n adjuntar CV, video de presentaci\u00f3n y un fragmento traducido, especificado en los formularios de cada idioma.<\/p>\n\n\n\n<p>Los resultados ser\u00e1n anunciados el&nbsp;13&nbsp;de marzo de 2026.<\/p>\n\n\n\n<p>\u00a1Esperamos sus postulaciones!<\/p>\n\n\n\n<p>Saludos cordiales,<\/p>\n\n\n\n<p>Mariela I\u00f1iguez (coordinaci\u00f3n general)<\/p>\n\n\n\n<p>Lucia Dorin (coordinaci\u00f3n general y franc\u00e9s)<\/p>\n\n\n\n<p>Paula Galindez (coordinaci\u00f3n&nbsp;general e ingl\u00e9s)<\/p>\n\n\n\n<p>Franco Monterroso (ingl\u00e9s)<\/p>\n\n\n\n<p>Sof\u00eda Sopa (portugu\u00e9s)<\/p>\n\n\n\n<p><\/p>\n\n\n\n<hr class=\"wp-block-separator has-alpha-channel-opacity\"\/>\n\n\n\n<h4 class=\"wp-block-heading\"><b><span style=\"font-family: arial, sans-serif;\"><a rel=\"noreferrer noopener\" href=\"https:\/\/ieslvf-caba.infd.edu.ar\/sitio\/wp-content\/uploads\/2022\/02\/EOTL2022_extension.pdf\" data-type=\"URL\" data-id=\"https:\/\/ieslvf-caba.infd.edu.ar\/sitio\/wp-content\/uploads\/2022\/02\/EOTL2022_extension.pdf\" target=\"_blank\">Convocatoria <\/a>a la VII EOTL, Informaci\u00f3n para presentaci\u00f3n de candidaturas <a rel=\"noreferrer noopener\" href=\"https:\/\/ieslvf-caba.infd.edu.ar\/sitio\/wp-content\/uploads\/2022\/02\/INFORMACION-EOTL-2022-EXTENSION-CONVOCATORIA.pdf\" data-type=\"URL\" data-id=\"https:\/\/ieslvf-caba.infd.edu.ar\/sitio\/wp-content\/uploads\/2022\/02\/INFORMACION-EOTL-2022-EXTENSION-CONVOCATORIA.pdf\" target=\"_blank\">AQU\u00cd<\/a><\/span><\/b><\/h4>\n\n\n\n<hr class=\"wp-block-separator has-css-opacity\"\/>\n\n\n\n<h4 class=\"wp-block-heading\"><b><span style=\"font-family: arial, sans-serif;\">N\u00famero especial <a href=\"https:\/\/ieslvf-caba.infd.edu.ar\/sitio\/wp-content\/uploads\/2021\/09\/Revista-EOTL_24-08-2021.pdf\" target=\"_blank\" rel=\"noopener\">LOS PRIMEROS CINCO A\u00d1OS DE LA EOTL<\/a><\/span><\/b><\/h4>\n\n\n\n<hr class=\"wp-block-separator has-css-opacity\"\/>\n\n\n\n<h4 class=\"wp-block-heading\"><b><a href=\"https:\/\/drive.google.com\/file\/d\/1nklkLIdT5OZwuU5gxBSLKcxoQkMX1yDX\/view?usp=sharing\">&nbsp;\u201cCARTA RODANTE\u201d, un viaje infinito<\/a> &#8211; EOTL \u2018Lucila Cordone\u2019 &nbsp;2021<\/b><\/h4>\n\n\n\n<hr class=\"wp-block-separator has-css-opacity\"\/>\n\n\n\n<h4 class=\"wp-block-heading\"><strong>A<\/strong><b>ctividad con Lucila Cordone y Cecilia Rossi:&nbsp;<\/b><a href=\"https:\/\/drive.google.com\/file\/d\/1zvflNxc-h9bDeJQHYUJsKHOC1Ym6Rops\/view\">THE WRITING OF TRANSLATION AND MEMORIES<\/a><\/h4>\n\n\n\n<hr class=\"wp-block-separator has-css-opacity\"\/>\n\n\n\n<h4 class=\"wp-block-heading\"><span style=\"color: #0000ff;\"><b><span style=\"color: #000000;\">RESUMEN DE LA EOTL \u00abLucila Cordone\u00bb 2020-2021:<\/span> <a href=\"https:\/\/ieslvf-caba.infd.edu.ar\/sitio\/wp-content\/uploads\/2021\/04\/Presentaci\u00f3n-EOTL-2021-para-p\u00e1gina-LV.pdf\" target=\"_blank\" rel=\"noopener\">acceder al archivo<\/a><\/b><\/span><\/h4>\n\n\n\n<h4 class=\"wp-block-heading\"><span style=\"color: #0000ff;\"><span style=\"color: #000000;\"><b>CIERRE EOTL&nbsp;\u00abLucila Cordone\u00bb&nbsp;<\/b><\/span><b><span style=\"color: #000000;\">2020-2021:<\/span> <a href=\"https:\/\/www.youtube.com\/watch?v=VbynVDsxvyw&amp;t=649s&amp;ab_channel=AATI\" target=\"_blank\" rel=\"noopener\">acceder al video<\/a><\/b><\/span><\/h4>\n\n\n\n<hr class=\"wp-block-separator has-css-opacity\"\/>\n\n\n\n<h4 class=\"wp-block-heading\"><span style=\"color: #0000ff;\"><b>LUCILA CORDONE&nbsp;<i>IN MEMORIAM&nbsp;<\/i><a href=\"https:\/\/www.youtube.com\/watch?v=MZo1bx29u0M\" target=\"_blank\" rel=\"noopener\">(video)<\/a><\/b><\/span><\/h4>\n\n\n\n<hr class=\"wp-block-separator has-css-opacity\"\/>\n\n\n\n<p><iframe loading=\"lazy\" style=\"border: 1px solid #CCC; border-width: 1px; margin-bottom: 5px; max-width: 100%;\" src=\"\/\/www.slideshare.net\/slideshow\/embed_code\/key\/rzG1BLbJH51Sts\" width=\"668\" height=\"714\" frameborder=\"0\" marginwidth=\"0\" marginheight=\"0\" scrolling=\"no\" allowfullscreen=\"allowfullscreen\"> <\/iframe><\/p>\n\n\n\n<p class=\"has-text-align-center\"><a href=\"https:\/\/ieslvf-caba.infd.edu.ar\/sitio\/wp-content\/uploads\/2021\/04\/Presentacion-2021-EOTL.pdf\">Descargar PDF<\/a><\/p>\n\n\n\n<hr class=\"wp-block-separator has-css-opacity\"\/>\n\n\n\n<h2 class=\"wp-block-heading\">Actividades de la VI edici\u00f3n de la<\/h2>\n\n\n\n<h2 class=\"wp-block-heading\">Escuela de Oto\u00f1o de Traducci\u00f3n Literaria<\/h2>\n\n\n\n<h2 class=\"wp-block-heading\">\u201cLucila Cordone\u201d &#8211; abril 2021<\/h2>\n\n\n<div class=\"wp-block-image\">\n<figure class=\"aligncenter\"><a href=\"https:\/\/www.malba.org.ar\/evento\/mesa-redonda-los-caminos-de-la-poesia-en-traduccion\/\" target=\"_blank\" rel=\"noopener\"><img decoding=\"async\" loading=\"lazy\" width=\"655\" height=\"1000\" src=\"https:\/\/ieslvf-caba.infd.edu.ar\/sitio\/wp-content\/uploads\/2021\/04\/EOTL-actividades-Los-caminos...-1-655x1000.png\" alt=\"\" class=\"wp-image-8892\" srcset=\"https:\/\/ieslvf-caba.infd.edu.ar\/sitio\/wp-content\/uploads\/2021\/04\/EOTL-actividades-Los-caminos...-1-655x1000.png 655w, https:\/\/ieslvf-caba.infd.edu.ar\/sitio\/wp-content\/uploads\/2021\/04\/EOTL-actividades-Los-caminos...-1-768x1173.png 768w, https:\/\/ieslvf-caba.infd.edu.ar\/sitio\/wp-content\/uploads\/2021\/04\/EOTL-actividades-Los-caminos...-1-1245x1900.png 1245w, https:\/\/ieslvf-caba.infd.edu.ar\/sitio\/wp-content\/uploads\/2021\/04\/EOTL-actividades-Los-caminos...-1.png 1310w\" sizes=\"(max-width: 655px) 100vw, 655px\" \/><\/a><\/figure><\/div>\n\n\n<div style=\"text-align: center;\">La actividad se agrega a la agenda del MALBA el 13 de abril:<\/div>\n\n\n\n<div>\n<div style=\"text-align: center;\"><a href=\"https:\/\/www.malba.org.ar\/evento\/mesa-redonda-los-caminos-de-la-poesia-en-traduccion\/\" target=\"_blank\" rel=\"noopener\" data-saferedirecturl=\"https:\/\/www.google.com\/url?q=https:\/\/www.malba.org.ar\/evento\/mesa-redonda-los-caminos-de-la-poesia-en-traduccion\/&amp;source=gmail&amp;ust=1617977444149000&amp;usg=AFQjCNHMNwxSih10rjaGO8uyFGCXF4i4ww\">https:\/\/www.malba.org.ar\/<wbr>evento\/mesa-redonda-los-<wbr>caminos-de-la-poesia-en-<wbr>traduccion\/<\/a><\/div>\n<\/div>\n\n\n\n<hr class=\"wp-block-separator has-css-opacity\"\/>\n\n\n<div class=\"wp-block-image\">\n<figure class=\"aligncenter\"><a href=\"https:\/\/bit.ly\/3s2HhVL\" target=\"_blank\" rel=\"noopener\"><img decoding=\"async\" loading=\"lazy\" width=\"655\" height=\"1000\" src=\"https:\/\/ieslvf-caba.infd.edu.ar\/sitio\/wp-content\/uploads\/2021\/04\/EOTL-Donat-Blum-1-655x1000.png\" alt=\"\" class=\"wp-image-8895\" srcset=\"https:\/\/ieslvf-caba.infd.edu.ar\/sitio\/wp-content\/uploads\/2021\/04\/EOTL-Donat-Blum-1-655x1000.png 655w, https:\/\/ieslvf-caba.infd.edu.ar\/sitio\/wp-content\/uploads\/2021\/04\/EOTL-Donat-Blum-1-768x1173.png 768w, https:\/\/ieslvf-caba.infd.edu.ar\/sitio\/wp-content\/uploads\/2021\/04\/EOTL-Donat-Blum-1-1245x1900.png 1245w, https:\/\/ieslvf-caba.infd.edu.ar\/sitio\/wp-content\/uploads\/2021\/04\/EOTL-Donat-Blum-1.png 1310w\" sizes=\"(max-width: 655px) 100vw, 655px\" \/><\/a><\/figure><\/div>\n\n\n<p class=\"has-text-align-center\"><strong>Enlace a Zoom:<\/strong>&nbsp;<a href=\"https:\/\/bit.ly\/3s2HhVL\" data-saferedirecturl=\"https:\/\/www.google.com\/url?q=https:\/\/bit.ly\/3s2HhVL&amp;source=gmail&amp;ust=1617823232713000&amp;usg=AFQjCNE75wFs7tw5e3k5iUkF_tNigwHssg\">https:\/\/bit.ly\/3s2HhVL<\/a><\/p>\n\n\n\n<hr class=\"wp-block-separator has-css-opacity\"\/>\n\n\n\n<div title=\"Page 1\">\n<figure><img decoding=\"async\" loading=\"lazy\" class=\"size-full wp-image-8242 aligncenter\" src=\"https:\/\/ieslvf-caba.infd.edu.ar\/sitio\/wp-content\/uploads\/2021\/02\/Captura-de-pantalla-2021-02-08-182157.png\" alt=\"\" width=\"601\" height=\"748\"><\/figure><p><\/p>\n<h5 style=\"text-align: center;\"><strong>Summer School Bursaries in memory of BCLT friend and collaborator Lucila Cordone<\/strong><\/h5>\n<p>&nbsp;<\/p>\n<p><strong>International Literary Translation and Creative Writing Summer School 2021<\/strong><\/p>\n<p><strong>\u00abBecas AHRC OWRI in memoriam Lucila Cordone\u00bb<\/strong><\/p>\n<p>En homenaje a la profesora y traductora Lucila Cordone, la Universidad de East Anglia y el&nbsp;<i>British Centre for Literary Translation<\/i>&nbsp;ofrecen cuatro (4) becas para participar en el prestigioso seminario internacional de la Escuela de Verano de Traducci\u00f3n Literaria, que se desarrollar\u00e1 en l\u00ednea entre el&nbsp;<b>19 y el 24 de julio de 2021.<\/b><\/p>\n<p>Las becas, que se hacen posibles gracias al apoyo del programa&nbsp;<i>AHRC&nbsp;<\/i><i>Open World Research Initiative<\/i>&nbsp;y de la Universidad de Manchester, est\u00e1n dirigidas a traductores literarios argentinos que sean adem\u00e1s formadores en traducci\u00f3n literaria en instituciones de nivel superior de ense\u00f1anza en la Argentina.<\/p>\n<p>La convocatoria est\u00e1 abierta hasta el&nbsp;<b>12 de abril<\/b>. Al presentar su candidatura, los interesados deber\u00e1n elegir dos de los talleres (en orden de preferencia) que ofrece la presente edici\u00f3n del&nbsp;<i>Summer School of Literary Translation:<\/i><\/p>\n<p>&nbsp;<\/p>\n<p>Talleres disponibles en la edici\u00f3n 2021:<\/p>\n<p>\u00b7&nbsp;&nbsp;&nbsp;&nbsp;&nbsp;&nbsp;&nbsp;&nbsp;&nbsp;Chino &lt; Ingl\u00e9s<\/p>\n<p>\u00b7&nbsp;&nbsp;&nbsp;&nbsp;&nbsp;&nbsp;&nbsp;&nbsp;&nbsp;Dan\u00e9s &lt; Ingl\u00e9s<\/p>\n<p>\u00b7&nbsp;&nbsp;&nbsp;&nbsp;&nbsp;&nbsp;&nbsp;&nbsp;&nbsp;Neerland\u00e9s &lt; Ingl\u00e9s<\/p>\n<p>\u00b7&nbsp;&nbsp;&nbsp;&nbsp;&nbsp;&nbsp;&nbsp;&nbsp;&nbsp;Franc\u00e9s &lt; Ingl\u00e9s<\/p>\n<p>\u00b7&nbsp;&nbsp;&nbsp;&nbsp;&nbsp;&nbsp;&nbsp;&nbsp;&nbsp;Alem\u00e1n &lt; Ingl\u00e9s<\/p>\n<p>\u00b7&nbsp;&nbsp;&nbsp;&nbsp;&nbsp;&nbsp;&nbsp;&nbsp;&nbsp;Italiano &lt; Ingl\u00e9s<\/p>\n<p>\u00b7&nbsp;&nbsp;&nbsp;&nbsp;&nbsp;&nbsp;&nbsp;&nbsp;&nbsp;Japon\u00e9s &lt; Ingl\u00e9s<\/p>\n<p>\u00b7&nbsp;&nbsp;&nbsp;&nbsp;&nbsp;&nbsp;&nbsp;&nbsp;&nbsp;Multiling\u00fce (Prosa \u2013 Lenguas poco traducidas) &lt; Ingl\u00e9s<\/p>\n<p>\u00b7&nbsp;&nbsp;&nbsp;&nbsp;&nbsp;&nbsp;&nbsp;&nbsp;&nbsp;Multiling\u00fce (Teatro) &lt; Ingl\u00e9s<\/p>\n<p>\u00b7&nbsp;&nbsp;&nbsp;&nbsp;&nbsp;&nbsp;&nbsp;&nbsp;&nbsp;Formaci\u00f3n de formadores<\/p>\n<p>&nbsp;<\/p>\n<p>Informes e inscripci\u00f3n:<\/p>\n<p><a href=\"http:\/\/tracking.aati.org.ar\/tracking\/click?d=j5g9VvXuxtEcdcIrPl67W4uT8zbNtfZddFx4VSP49BY45mHLA4Ejw1MZWNQFn9MVn9fImKojwbRDReaAnOGzeqBKxa1qXMeCjj2I7B5qJqG60GoW_JLxZydY05Pfax-ISf1PVLN9G9ibdmhkzPhaz181\" target=\"_blank\" rel=\"noopener noreferrer\" data-saferedirecturl=\"https:\/\/www.google.com\/url?q=http:\/\/tracking.aati.org.ar\/tracking\/click?d%3Dj5g9VvXuxtEcdcIrPl67W4uT8zbNtfZddFx4VSP49BY45mHLA4Ejw1MZWNQFn9MVn9fImKojwbRDReaAnOGzeqBKxa1qXMeCjj2I7B5qJqG60GoW_JLxZydY05Pfax-ISf1PVLN9G9ibdmhkzPhaz181&amp;source=gmail&amp;ust=1612905127152000&amp;usg=AFQjCNF7e-0g6T-iFwaXrQtS-AHu0V_n-g\">http:\/\/www.bclt.org.uk\/summer-<wbr>school<\/a><\/p>\n<p><a href=\"http:\/\/tracking.aati.org.ar\/tracking\/click?d=KcSkQ2D5YItSJAMTLSbgU7yIEUUU61xAYxN1wXRkqMMm6V6djWG7QKvirGTAtYywulhcKvC8sS1wq5UmUUSKBEY2uVaTOzfetKF0E3VgQkjbpkjWD5wdwDA-7sIQd4QwnxfjAqqggS2bO8TXFG_Wylh8iW3UWMqF8xPqd5dYA6M70\" target=\"_blank\" rel=\"noopener noreferrer\" data-saferedirecturl=\"https:\/\/www.google.com\/url?q=http:\/\/tracking.aati.org.ar\/tracking\/click?d%3DKcSkQ2D5YItSJAMTLSbgU7yIEUUU61xAYxN1wXRkqMMm6V6djWG7QKvirGTAtYywulhcKvC8sS1wq5UmUUSKBEY2uVaTOzfetKF0E3VgQkjbpkjWD5wdwDA-7sIQd4QwnxfjAqqggS2bO8TXFG_Wylh8iW3UWMqF8xPqd5dYA6M70&amp;source=gmail&amp;ust=1612905127152000&amp;usg=AFQjCNGbq2Ej_P8pxBOrrvkXJWn-9YB8YQ\">https:\/\/mailchi.mp\/<wbr>0205144b27fc\/6xust8ympz-<wbr>8246421<\/a><\/p>\n<p>Consulta por la Beca Lucila Cordone:&nbsp;<a href=\"mailto:editoriales@aati.org.ar\" target=\"_blank\" rel=\"noopener noreferrer\">editoriales@aati.<wbr>org.ar<\/a><\/p>\n<hr>\n<h3><span style=\"font-size: large; color: #000000;\">VI Edici\u00f3n de la Escuela de Oto\u00f1o de Traducci\u00f3n Literaria &#8211; 2020 (Entrevistas a autores invitados)&nbsp;<\/span><\/h3>\n<p><a href=\"https:\/\/www.youtube.com\/watch?v=N_ji4fW1_Fc&amp;ab_channel=AATI\"><strong>Entrevista a Ana Luisa Amaral, 15 de septiembre de 2020<\/strong><\/a><\/p>\n<p><a href=\"https:\/\/www.youtube.com\/watch?v=fFMlxaFzIbI&amp;ab_channel=AATI\" target=\"_blank\" rel=\"noopener\"><strong>Entrevista a Donat Blum, 17 de septiembre de 2020<\/strong><\/a><\/p>\n<p><a href=\"https:\/\/www.youtube.com\/watch?v=q9j3q2X6mY8&amp;ab_channel=AATI\" target=\"_blank\" rel=\"noopener\"><strong style=\"font-size: 16px;\">Entrevista a Irma Pelatan, 21 de septiembre de 2020<\/strong><\/a><\/p>\n<p><strong><a href=\"https:\/\/www.youtube.com\/watch?v=XxIscSmCiZg&amp;ab_channel=AATI\" target=\"_blank\" rel=\"noopener\">Entrevista a Giles Foden, 19 de octubre de 2020<\/a><\/strong><\/p>\n<\/div>\n\n\n\n<hr class=\"wp-block-separator has-css-opacity\"\/>\n\n\n\n<p><b><span style=\"color: #ff0000;\">Queridos amigos y amigas,<\/span><\/b><\/p>\n\n\n\n<div>&nbsp;<\/div>\n\n\n\n<div><b><span style=\"color: #ff0000;\">Lamentamos comunicarles que por razones de p\u00fablico conocimiento hemos tenido que tomar la decisi\u00f3n de posponer la edici\u00f3n&nbsp;2020 para el 21 al&nbsp;27 de septiembre (fechas aproximadas, a confirmar).&nbsp;<\/span><\/b><\/div>\n\n\n\n<div><b><span style=\"color: #ff0000;\">&nbsp;<\/span><\/b><\/div>\n\n\n\n<div><b><span style=\"color: #ff0000;\">Nos pareci\u00f3 m\u00e1s sensato tomar la decisi\u00f3n ahora y no esperar hasta \u00faltimo momento ya que sabemos que varios de ustedes tendr\u00e1n que cambiar fechas de pasajes y alojamiento. Cuenten con nosotros en caso de que necesiten cartas que acrediten este cambio en el programa.&nbsp;<\/span><\/b><\/div>\n\n\n\n<div><b><span style=\"color: #ff0000;\">&nbsp;<\/span><\/b><\/div>\n\n\n\n<div><b><span style=\"color: #ff0000;\">Realmente lo lamentamos mucho y esperamos poder encontrarnos en septiembre.<\/span><\/b><\/div>\n\n\n\n<div><b><span style=\"color: #ff0000;\">&nbsp;<\/span><\/b><\/div>\n\n\n\n<div><b><span style=\"color: #ff0000;\">Escuela de Oto\u00f1o de Traducci\u00f3n Literaria<br><\/span><\/b><\/div>\n\n\n\n<div>\n<div dir=\"ltr\">\n<div dir=\"ltr\">\n<div><b><span style=\"color: #ff0000;\">IES Lenguas Vivas \u00abJuan Ram\u00f3n Fern\u00e1ndez\u00bb<\/span><\/b><\/div>\n<\/div>\n<\/div>\n<\/div>\n\n\n\n<div title=\"Page 1\"><hr>\n<figure><img decoding=\"async\" loading=\"lazy\" class=\"alignnone size-medium wp-image-5946 aligncenter\" src=\"https:\/\/ieslvf-caba.infd.edu.ar\/sitio\/wp-content\/uploads\/2020\/02\/Copia-de-Flyer-Escuela-de-Oto\u00f1o-de-Traducci\u00f3n-Literaria-707x1000.png\" alt=\"\" width=\"707\" height=\"1000\" srcset=\"https:\/\/ieslvf-caba.infd.edu.ar\/sitio\/wp-content\/uploads\/2020\/02\/Copia-de-Flyer-Escuela-de-Oto\u00f1o-de-Traducci\u00f3n-Literaria-707x1000.png 707w, https:\/\/ieslvf-caba.infd.edu.ar\/sitio\/wp-content\/uploads\/2020\/02\/Copia-de-Flyer-Escuela-de-Oto\u00f1o-de-Traducci\u00f3n-Literaria-768x1086.png 768w, https:\/\/ieslvf-caba.infd.edu.ar\/sitio\/wp-content\/uploads\/2020\/02\/Copia-de-Flyer-Escuela-de-Oto\u00f1o-de-Traducci\u00f3n-Literaria-1343x1900.png 1343w, https:\/\/ieslvf-caba.infd.edu.ar\/sitio\/wp-content\/uploads\/2020\/02\/Copia-de-Flyer-Escuela-de-Oto\u00f1o-de-Traducci\u00f3n-Literaria.png 1587w\" sizes=\"(max-width: 707px) 100vw, 707px\" \/><\/figure><p><\/p>\n<\/div>\n\n\n<div class=\"wp-block-image\">\n<figure class=\"aligncenter\"><img decoding=\"async\" loading=\"lazy\" width=\"707\" height=\"1000\" src=\"https:\/\/ieslvf-caba.infd.edu.ar\/sitio\/wp-content\/uploads\/2020\/02\/Escuela-de-Oto\u00f1o-de-Traducci\u00f3n-Literaria-CONVOCATORIA-COMPLETA-2-707x1000.png\" alt=\"\" class=\"wp-image-5947\" srcset=\"https:\/\/ieslvf-caba.infd.edu.ar\/sitio\/wp-content\/uploads\/2020\/02\/Escuela-de-Oto\u00f1o-de-Traducci\u00f3n-Literaria-CONVOCATORIA-COMPLETA-2-707x1000.png 707w, https:\/\/ieslvf-caba.infd.edu.ar\/sitio\/wp-content\/uploads\/2020\/02\/Escuela-de-Oto\u00f1o-de-Traducci\u00f3n-Literaria-CONVOCATORIA-COMPLETA-2-768x1086.png 768w, https:\/\/ieslvf-caba.infd.edu.ar\/sitio\/wp-content\/uploads\/2020\/02\/Escuela-de-Oto\u00f1o-de-Traducci\u00f3n-Literaria-CONVOCATORIA-COMPLETA-2-1343x1900.png 1343w, https:\/\/ieslvf-caba.infd.edu.ar\/sitio\/wp-content\/uploads\/2020\/02\/Escuela-de-Oto\u00f1o-de-Traducci\u00f3n-Literaria-CONVOCATORIA-COMPLETA-2.png 1587w\" sizes=\"(max-width: 707px) 100vw, 707px\" \/><\/figure><\/div>\n\n\n<div title=\"Page 1\">&nbsp;<\/div>\n\n\n\n<p><\/p>\n\n\n\n<p><\/p>\n","protected":false},"excerpt":{"rendered":"<p>Convocatoria abierta para la&nbsp;XI&nbsp;edici\u00f3n de la&nbsp;Escuela de Oto\u00f1o de Traducci\u00f3n Literaria \u00abLucila Cordone\u00bb (2026) Les recordamos&nbsp;la convocatoria a la&nbsp;XI&nbsp;edici\u00f3n de la&nbsp;Escuela de Oto\u00f1o de Traducci\u00f3n Literaria \u00abLucila Cordone\u00bb, del IES en Lenguas Vivas \u00abJ. R. Fern\u00e1ndez\u00bb de Buenos Aires,&nbsp;se encuentra abierta. En esta ocasi\u00f3n, la convocatoria est\u00e1 dirigida a traductorxs noveles&nbsp;de franc\u00e9s, portugu\u00e9s&nbsp;e&nbsp;ingl\u00e9s&nbsp;al espa\u00f1ol, para &#8230; <a title=\"EOTL &#8211; Escuela de Oto\u00f1o de Traducci\u00f3n Literaria \u201cLucila Cordone\u201d 2021\" class=\"read-more\" href=\"https:\/\/ieslvf-caba.infd.edu.ar\/sitio\/eotl-escuela-de-otono-de-traduccion-literaria-lucila-cordone-2021\/\" aria-label=\"More on EOTL &#8211; Escuela de Oto\u00f1o de Traducci\u00f3n Literaria \u201cLucila Cordone\u201d 2021\">[+]<\/a><\/p>\n","protected":false},"author":4,"featured_media":0,"parent":0,"menu_order":0,"comment_status":"closed","ping_status":"closed","template":"","meta":[],"acf":[],"_links":{"self":[{"href":"https:\/\/ieslvf-caba.infd.edu.ar\/sitio\/wp-json\/wp\/v2\/pages\/10511"}],"collection":[{"href":"https:\/\/ieslvf-caba.infd.edu.ar\/sitio\/wp-json\/wp\/v2\/pages"}],"about":[{"href":"https:\/\/ieslvf-caba.infd.edu.ar\/sitio\/wp-json\/wp\/v2\/types\/page"}],"author":[{"embeddable":true,"href":"https:\/\/ieslvf-caba.infd.edu.ar\/sitio\/wp-json\/wp\/v2\/users\/4"}],"replies":[{"embeddable":true,"href":"https:\/\/ieslvf-caba.infd.edu.ar\/sitio\/wp-json\/wp\/v2\/comments?post=10511"}],"version-history":[{"count":20,"href":"https:\/\/ieslvf-caba.infd.edu.ar\/sitio\/wp-json\/wp\/v2\/pages\/10511\/revisions"}],"predecessor-version":[{"id":21036,"href":"https:\/\/ieslvf-caba.infd.edu.ar\/sitio\/wp-json\/wp\/v2\/pages\/10511\/revisions\/21036"}],"wp:attachment":[{"href":"https:\/\/ieslvf-caba.infd.edu.ar\/sitio\/wp-json\/wp\/v2\/media?parent=10511"}],"curies":[{"name":"wp","href":"https:\/\/api.w.org\/{rel}","templated":true}]}}