{"id":10519,"date":"2021-09-30T13:12:46","date_gmt":"2021-09-30T16:12:46","guid":{"rendered":"https:\/\/ieslvf-caba.infd.edu.ar\/sitio\/?page_id=10519"},"modified":"2026-03-04T18:47:58","modified_gmt":"2026-03-04T21:47:58","slug":"posgrado-2","status":"publish","type":"page","link":"https:\/\/ieslvf-caba.infd.edu.ar\/sitio\/posgrado-2\/","title":{"rendered":"Posgrado 2023"},"content":{"rendered":"\n<div class=\"wp-block-cover alignwide is-light is-position-center-center\" style=\"min-height:100px\" id=\"arriba\"><span aria-hidden=\"true\" class=\"wp-block-cover__background has-background-dim-20 has-background-dim\"><\/span><img decoding=\"async\" loading=\"lazy\" width=\"480\" height=\"640\" class=\"wp-block-cover__image-background wp-image-10178\" alt=\"\" src=\"https:\/\/ieslvf-caba.infd.edu.ar\/sitio\/wp-content\/uploads\/2021\/09\/entrada-ed-viejo-frente-2.jpg\" style=\"object-position:59% 24%\" data-object-fit=\"cover\" data-object-position=\"59% 24%\"\/><div class=\"wp-block-cover__inner-container\">\n<p class=\"has-text-align-center has-text-color\" id=\"volver\" style=\"color:#fffffa;font-size:40px;line-height:1.1\"><strong>Posgrados<\/strong><\/p>\n<\/div><\/div>\n\n\n\n<hr class=\"wp-block-separator has-alpha-channel-opacity\"\/>\n\n\n\n<p><\/p>\n\n\n\n<h4 class=\"wp-block-heading has-pale-cyan-blue-background-color has-background\">Post\u00edtulo: Diplomatura Superior en Ense\u00f1anza de Espa\u00f1ol como Lengua Segunda y Extranjera para la Inclusi\u00f3n en el Sistema Educativo.<br>(Res. N\u00ba 3551 &#8211; GCABA-SSCDOC\/2022)<\/h4>\n\n\n\n<p>La <strong>Diplomatura Superior en Ense\u00f1anza de Espa\u00f1ol como Lengua Segunda y Extranjera para la Inclusi\u00f3n en el Sistema Educativo es una propuesta de posgrado <\/strong>destinada a docentes de todos los niveles y modalidades interesados en adquirir conocimientos que les permitan observar con mirada etnogr\u00e1fica la composici\u00f3n multicultural y multiling\u00fce de sus aulas.<\/p>\n\n\n\n<p>Entre sus prop\u00f3sitos generales, la Diplomatura aspira a:<\/p>\n\n\n\n<ul>\n<li>Formar especialistas que se desempe\u00f1en en el \u00e1mbito de la ense\u00f1anza-aprendizaje del espa\u00f1ol como lengua segunda y extranjera.<\/li>\n\n\n\n<li>Favorecer un \u00e1mbito de discusi\u00f3n interdisciplinaria que permita abarcar diferentes miradas en torno a la inclusi\u00f3n vinculada con las barreras ling\u00fc\u00edsticas.<\/li>\n\n\n\n<li>Ofrecer estrategias de intervenci\u00f3n para favorecer las trayectorias escolares de estudiantes con una lengua materna distinta del espa\u00f1ol rioplatense y\/o variedades distantes.<\/li>\n\n\n\n<li>Promover la indagaci\u00f3n en estos campos y la transferencia de los conocimientos a la pr\u00e1ctica cotidiana en las aulas.<\/li>\n<\/ul>\n\n\n\n<p><\/p>\n\n\n\n<h5 class=\"wp-block-heading has-pale-cyan-blue-background-color has-text-color has-background\" style=\"color:#0071a1\">Plan de Estudios<\/h5>\n\n\n\n<p class=\"has-text-color\" style=\"color:#d74646\"><strong>Todas las materias del post\u00edtulo se dictan en los dos cuatrimestres del a\u00f1o.<\/strong><\/p>\n\n\n\n<p><a rel=\"noreferrer noopener\" href=\"https:\/\/ieslvf-caba.infd.edu.ar\/sitio\/wp-content\/uploads\/2022\/04\/Diplomatura-ELSE-Plan-de-estudios.pdf\" target=\"_blank\">Click aqu\u00ed para descargar<\/a><\/p>\n\n\n\n<h5 class=\"wp-block-heading has-pale-cyan-blue-background-color has-text-color has-background\" style=\"color:#0071a1\"><strong><strong>Destinatarios\/as<\/strong><\/strong><\/h5>\n\n\n\n<ul>\n<li>Docentes de todos los niveles y modalidades que se encuentren en ejercicio en el sistema educativo&nbsp;formal.&nbsp;<\/li>\n<\/ul>\n\n\n\n<h5 class=\"wp-block-heading has-pale-cyan-blue-background-color has-text-color has-background\" style=\"color:#0071a1\"><strong>Modalidad, d\u00edas y horarios<\/strong><\/h5>\n\n\n\n<ul>\n<li>Cursada presencial (materias cuatrimestrales)<\/li>\n\n\n\n<li>Martes y Jueves de 18 a 20hs. y de 20 a 22hs.<\/li>\n<\/ul>\n\n\n\n<h5 class=\"wp-block-heading has-pale-cyan-blue-background-color has-text-color has-background\" style=\"color:#0071a1\"><strong>Documentaci\u00f3n&nbsp;Requerida<\/strong><\/h5>\n\n\n\n<p>Presentar en carpeta de tres solapas<strong>:<\/strong><\/p>\n\n\n\n<ul>\n<li>Formulario de preinscripci\u00f3n SIU GUARAN\u00cd impreso<\/li>\n\n\n\n<li>DNI original y fotocopias de anverso y reverso.<\/li>\n\n\n\n<li>Partida de nacimiento original y fotocopia.<\/li>\n\n\n\n<li>T\u00edtulo de nivel superior docente original y&nbsp;fotocopia o constancia de t\u00edtulo&nbsp;en tr\u00e1mite original.<\/li>\n\n\n\n<li>Constancia de trabajo original (escuelas de gesti\u00f3n p\u00fablica o privada) o constancia de inscripci\u00f3n a interinatos y suplencias en establecimientos educativos de la Ciudad de Buenos Aires y\/o Provinciales. (Documentaci\u00f3n no excluyente para hacer la preinscripci\u00f3n).<\/li>\n<\/ul>\n\n\n\n<p><\/p>\n\n\n\n<h5 class=\"wp-block-heading has-pale-cyan-blue-background-color has-text-color has-background\" style=\"color:#0071a1\"><strong>Bono contribuci\u00f3n de la Asociaci\u00f3n Cooperadora<\/strong><\/h5>\n\n\n\n<p>Informaci\u00f3n para contribuir con Cooperadora disponible en:<br><a rel=\"noreferrer noopener\" href=\"https:\/\/ieslvf-caba.infd.edu.ar\/sitio\/cooperadora-2021\/\" target=\"_blank\">https:\/\/ieslvf-caba.infd.edu.ar\/sitio\/cooperadora-2021\/<\/a><\/p>\n\n\n\n<p><\/p>\n\n\n\n<h5 class=\"wp-block-heading has-pale-cyan-blue-background-color has-text-color has-background\" style=\"color:#0071a1\">Calendario Acad\u00e9mico<\/h5>\n\n\n\n<p>Descargar Calendario Acad\u00e9mico<\/p>\n\n\n\n<p>Descargar Calendario 2do cuatrimestre<\/p>\n\n\n\n<h5 class=\"wp-block-heading has-pale-cyan-blue-background-color has-text-color has-background\" style=\"color:#0071a1\">HORARIO DE MATERIAS (Actividades)<\/h5>\n\n\n\n<p><strong>HORARIOS DE CURSADA MATERIAS DEL\u00a01ER CUATRIMESTRE 2026<\/strong>\u00a0\u2013\u00a0<a href=\"https:\/\/ieslvf-caba.infd.edu.ar\/sitio\/wp-content\/uploads\/2026\/03\/Horarios-ELSE-1er-cuat.-2026.pdf\" target=\"_blank\" rel=\"noreferrer noopener\">descargar aqu\u00ed<\/a><\/p>\n\n\n\n<p><strong>HORARIOS DE CURSADA MATERIAS DEL\u00a02DO CUATRIMESTRE 2026<\/strong><\/p>\n\n\n\n<p class=\"has-pale-cyan-blue-background-color has-text-color has-background has-medium-font-size\" style=\"color:#0071a1\"><strong>Inscripci\u00f3n a materias (Actividades)<\/strong><\/p>\n\n\n\n<p>Fechas: 11 y 12\/03\/2026 por SIU guaran\u00ed (estudiantes fuera de SIU v\u00eda mail: <a rel=\"noreferrer noopener\" href=\"mailto:postituloelse@gmail.com\" target=\"_blank\">postituloelse@gmail.com<\/a>)<\/p>\n\n\n\n<ul>\n<li>Comienzo de clases del 1er cuatrimestre: martes: 17\/03\/2026<\/li>\n\n\n\n<li>Finalizaci\u00f3n del 1er cuatrimestre: jueves 02\/07\/2026<\/li>\n<\/ul>\n\n\n\n<p>Pasos para la inscripci\u00f3n online:<\/p>\n\n\n\n<ol>\n<li>Visualizar el instructivo de acceso al sistema SIU GUARAN\u00ed.&nbsp;<strong>(<a rel=\"noreferrer noopener\" href=\"https:\/\/ieslvf-caba.infd.edu.ar\/sitio\/wp-content\/uploads\/2023\/03\/INGRESO-AL-SISTEMA-ESTUDIANTES.pdf\" target=\"_blank\">descargar instructivo<\/a>)<\/strong>&nbsp; <\/li>\n\n\n\n<li>Generar usuario y contrase\u00f1a ingresando al Link de SIU GUARAN\u00cd:&nbsp;<a rel=\"noreferrer noopener\" href=\"https:\/\/guarani-autogestionfdocente.bue.edu.ar\/\" target=\"_blank\">https:\/\/guarani-autogestionfocente.bue.edu.ar\/<\/a><\/li>\n\n\n\n<li>Visualizar el instructivo de inscripci\u00f3n a materias.&nbsp;<strong>(<a rel=\"noreferrer noopener\" href=\"https:\/\/ieslvf-caba.infd.edu.ar\/sitio\/wp-content\/uploads\/2023\/03\/INSTRUCTIVO-DE-INSCRIPCION-A-MATERIAS-AUTOGESTION-ESTUDIANTES.pdf\" target=\"_blank\">descargar instructivo<\/a>)&nbsp;<\/strong><\/li>\n\n\n\n<li>Realizar la inscripci\u00f3n a materias (Actividades) en:&nbsp;<a rel=\"noreferrer noopener\" href=\"https:\/\/guarani-autogestionfdocente.bue.edu.ar\/\" target=\"_blank\">https:\/\/guarani-autogestionfdocente.bue.edu.ar\/<\/a><\/li>\n<\/ol>\n\n\n\n<p><\/p>\n\n\n\n<p><\/p>\n\n\n\n<h5 class=\"wp-block-heading has-pale-cyan-blue-background-color has-text-color has-background\" style=\"color:#0071a1\"><strong>Mesas de Ex\u00e1menes Finales &#8211; Febrero \/ Marzo<\/strong><\/h5>\n\n\n\n<p class=\"has-text-color\" style=\"color:#e93f3f\"><strong>Inscripci\u00f3n a finales por SIU Guaran\u00ed :18 y 19 de febrero de 2026<\/strong><\/p>\n\n\n\n<ol>\n<li><strong>Primer llamado: martes 24\/02\/2026 y jueves 26\/02\/2026<\/strong><\/li>\n\n\n\n<li><strong>Segundo llamado: martes 03\/03\/2026 y jueves 05\/03\/2026<\/strong><\/li>\n<\/ol>\n\n\n\n<p>Link de SIU GUARAN\u00cd:&nbsp;<a rel=\"noreferrer noopener\" href=\"https:\/\/guarani-autogestionfdocente.bue.edu.ar\/\" target=\"_blank\">https:\/\/guarani-autogestionfocente.bue.edu.ar\/<\/a><\/p>\n\n\n\n<h5 class=\"wp-block-heading has-pale-cyan-blue-background-color has-text-color has-background\" style=\"color:#0071a1\"><strong>Mesas de Ex\u00e1menes Finales &#8211; <\/strong>Agosto<\/h5>\n\n\n\n<p class=\"has-text-color\" style=\"color:#e93f3f\"><strong>Inscripci\u00f3n a finales por SIU Guaran\u00ed:<\/strong><\/p>\n\n\n\n<p>Link de SIU GUARAN\u00cd:&nbsp;<a rel=\"noreferrer noopener\" href=\"https:\/\/guarani-autogestionfdocente.bue.edu.ar\/\" target=\"_blank\">https:\/\/guarani-autogestionfocente.bue.edu.ar\/<\/a><\/p>\n\n\n\n<h5 class=\"wp-block-heading has-pale-cyan-blue-background-color has-text-color has-background\" style=\"color:#0071a1\"><strong>Mesas de Ex\u00e1menes Finales &#8211; Diciembre<\/strong><\/h5>\n\n\n\n<p><strong>Inscripci\u00f3n a finales por SIU Guaran\u00ed<\/strong><\/p>\n\n\n\n<p>Link de SIU GUARAN\u00cd:&nbsp;<a rel=\"noreferrer noopener\" href=\"https:\/\/guarani-autogestionfdocente.bue.edu.ar\/\" target=\"_blank\">https:\/\/guarani-autogestionfocente.bue.edu.ar\/<\/a><\/p>\n\n\n\n<h5 class=\"wp-block-heading has-pale-cyan-blue-background-color has-text-color has-background\" style=\"color:#0071a1\">Constancias de alumnos\/as&nbsp; <\/h5>\n\n\n\n<ul>\n<li><a href=\"https:\/\/ieslvf-caba.infd.edu.ar\/sitio\/wp-content\/uploads\/2026\/02\/ELSE-ALUMNO-REGULAR-26.pdf\" target=\"_blank\" rel=\"noreferrer noopener\">Constancia de alumno\/a regular (descargar aqu\u00ed)<\/a><\/li>\n\n\n\n<li><a href=\"https:\/\/ieslvf-caba.infd.edu.ar\/sitio\/wp-content\/uploads\/2026\/02\/ELSE-CONSTANCIA-EXAMEN-26.pdf\" target=\"_blank\" rel=\"noreferrer noopener\">Constancia de examen (descargar aqu\u00ed)<\/a><\/li>\n<\/ul>\n\n\n\n<h5 class=\"wp-block-heading has-pale-cyan-blue-background-color has-text-color has-background\" style=\"color:#0071a1\">Informes <\/h5>\n\n\n\n<p><\/p>\n\n\n\n<ul>\n<li>En Bedel\u00eda de Alumnos (presencial).<\/li>\n\n\n\n<li>Horario de atenci\u00f3n: lunes a viernes de 18 a 20:30&nbsp;<\/li>\n\n\n\n<li>Lugar: Carlos Pellegrini 1515, CABA.<\/li>\n\n\n\n<li>V\u00eda mail: postituloelse@gmail.com<\/li>\n<\/ul>\n\n\n\n<p class=\"has-small-font-size\"><a href=\"#arriba\" data-type=\"internal\" data-id=\"#arriba\">volver arriba<\/a><\/p>\n\n\n\n<hr class=\"wp-block-separator has-css-opacity is-style-default\"\/>\n\n\n\n<h5 class=\"wp-block-heading has-pale-cyan-blue-background-color has-text-color has-background\" style=\"color:#0071a1\">Adscripci\u00f3n a c\u00e1tedra <\/h5>\n\n\n\n<p>La adscripci\u00f3n a c\u00e1tedra para profesores en lenguas extranjeras y traductores es una instancia de formaci\u00f3n que comprende un m\u00ednimo de dos a\u00f1os, al t\u00e9rmino de la cual se obtiene un certificado de adscripci\u00f3n en la asignatura.<\/p>\n\n\n\n<p>La adcripci\u00f3n tiene como objetivo capacitar al profesor de lengua extranjera\/ traductor en la did\u00e1ctica del Nivel Superior mediante la profundizaci\u00f3n de sus conocimientos en la asignatura elegida, la incorporaci\u00f3n de elementos metodol\u00f3gicos espec\u00edficos y una experiencia docente analizada con el profesor de la c\u00e1tedra; de esta manera, la adscripci\u00f3n constituye un antecedente de desempe\u00f1o acad\u00e9mico en la asignatura.<\/p>\n\n\n\n<p>Adem\u00e1s aporta herramientas para la investigaci\u00f3n en la tem\u00e1tica que contribuyen a la producci\u00f3n del&nbsp;informe monogr\u00e1fico final; de esta manera, la adscripci\u00f3n favorece el desarrollo del perfil de docente-investigador.<\/p>\n\n\n\n<p>Consulte el&nbsp;<a rel=\"noreferrer noopener\" href=\"https:\/\/ieslvf-caba.infd.edu.ar\/sitio\/posgrado\/upload\/Reglamento_de_Adscripcion__Res._CD_60_14.pdf\" target=\"_blank\">Reglamento de Adscripci\u00f3n<\/a><\/p>\n\n\n\n<p class=\"has-small-font-size\"><a href=\"#arriba\" data-type=\"internal\" data-id=\"#arriba\">volver arriba<\/a><\/p>\n","protected":false},"excerpt":{"rendered":"<p>Post\u00edtulo: Diplomatura Superior en Ense\u00f1anza de Espa\u00f1ol como Lengua Segunda y Extranjera para la Inclusi\u00f3n en el Sistema Educativo.(Res. N\u00ba 3551 &#8211; GCABA-SSCDOC\/2022) La Diplomatura Superior en Ense\u00f1anza de Espa\u00f1ol como Lengua Segunda y Extranjera para la Inclusi\u00f3n en el Sistema Educativo es una propuesta de posgrado destinada a docentes de todos los niveles y &#8230; <a title=\"Posgrado 2023\" class=\"read-more\" href=\"https:\/\/ieslvf-caba.infd.edu.ar\/sitio\/posgrado-2\/\" aria-label=\"More on Posgrado 2023\">[+]<\/a><\/p>\n","protected":false},"author":4,"featured_media":0,"parent":0,"menu_order":0,"comment_status":"closed","ping_status":"closed","template":"","meta":[],"acf":[],"_links":{"self":[{"href":"https:\/\/ieslvf-caba.infd.edu.ar\/sitio\/wp-json\/wp\/v2\/pages\/10519"}],"collection":[{"href":"https:\/\/ieslvf-caba.infd.edu.ar\/sitio\/wp-json\/wp\/v2\/pages"}],"about":[{"href":"https:\/\/ieslvf-caba.infd.edu.ar\/sitio\/wp-json\/wp\/v2\/types\/page"}],"author":[{"embeddable":true,"href":"https:\/\/ieslvf-caba.infd.edu.ar\/sitio\/wp-json\/wp\/v2\/users\/4"}],"replies":[{"embeddable":true,"href":"https:\/\/ieslvf-caba.infd.edu.ar\/sitio\/wp-json\/wp\/v2\/comments?post=10519"}],"version-history":[{"count":103,"href":"https:\/\/ieslvf-caba.infd.edu.ar\/sitio\/wp-json\/wp\/v2\/pages\/10519\/revisions"}],"predecessor-version":[{"id":21153,"href":"https:\/\/ieslvf-caba.infd.edu.ar\/sitio\/wp-json\/wp\/v2\/pages\/10519\/revisions\/21153"}],"wp:attachment":[{"href":"https:\/\/ieslvf-caba.infd.edu.ar\/sitio\/wp-json\/wp\/v2\/media?parent=10519"}],"curies":[{"name":"wp","href":"https:\/\/api.w.org\/{rel}","templated":true}]}}