{"id":10530,"date":"2021-09-30T15:56:21","date_gmt":"2021-09-30T18:56:21","guid":{"rendered":"https:\/\/ieslvf-caba.infd.edu.ar\/sitio\/?page_id=10530"},"modified":"2026-03-27T15:24:25","modified_gmt":"2026-03-27T18:24:25","slug":"inscripcion-primaria-2021","status":"publish","type":"page","link":"https:\/\/ieslvf-caba.infd.edu.ar\/sitio\/inscripcion-primaria-2021\/","title":{"rendered":"Inscripci\u00f3n Primaria"},"content":{"rendered":"\n<div class=\"wp-block-cover alignwide is-light is-position-center-center\" style=\"min-height:100px\"><span aria-hidden=\"true\" class=\"wp-block-cover__background has-background-dim-20 has-background-dim\"><\/span><img decoding=\"async\" loading=\"lazy\" width=\"640\" height=\"480\" class=\"wp-block-cover__image-background wp-image-10172\" alt=\"\" src=\"https:\/\/ieslvf-caba.infd.edu.ar\/sitio\/wp-content\/uploads\/2021\/09\/edificio-nuevo-pg-5.jpg\" style=\"object-position:40% 26%\" data-object-fit=\"cover\" data-object-position=\"40% 26%\"\/><div class=\"wp-block-cover__inner-container\">\n<p class=\"has-text-align-center has-text-color\" style=\"color:#fffffa;font-size:40px;line-height:1.1\"><strong>Inscripci\u00f3n Primaria<\/strong><\/p>\n<\/div><\/div>\n\n\n\n<p><\/p>\n\n\n\n<p class=\"has-large-font-size\"><strong>CICLO LECTIVO 2026<\/strong><\/p>\n\n\n\n<p class=\"has-medium-font-size\"><em><strong>Familias interesadas en ingresar al Nivel Primario, las vacantes disponibles para el 2026 son:<\/strong><\/em><\/p>\n\n\n\n<figure class=\"wp-block-table aligncenter\"><table><tbody><tr><td><strong>Grado<\/strong>    <\/td><td><strong>Ingl\u00e9s<\/strong>    <\/td><td><strong>Franc\u00e9s<\/strong>   <\/td><\/tr><tr><td>2\u00b0<\/td><td>3<\/td><td>3<\/td><\/tr><tr><td>3\u00b0<\/td><td>1<\/td><td>2<\/td><\/tr><tr><td>4\u00b0<\/td><td>1<\/td><td>2<\/td><\/tr><tr><td>5\u00b0<\/td><td>3<\/td><td>2<\/td><\/tr><\/tbody><\/table><\/figure>\n\n\n\n<p style=\"font-size:19px\"><strong>Informaci\u00f3n general (vacantes de 2do a 7mo):<\/strong><\/p>\n\n\n\n<ul>\n<li>Para acceder a la vacante, el alumno deber\u00e1 rendir examen en la lengua en la que se anote.<\/li>\n\n\n\n<li>Habiendo una sola vacante, si se presentasen dos o m\u00e1s candidatos, el lugar ser\u00e1 otorgado al alumno que haya obtenido el mejor promedio. De haber m\u00e1s de una vacante, los lugares ser\u00e1n ocupados siempre por aquellos estudiantes con mayor puntaje.<\/li>\n\n\n\n<li>Los programas se encuentran en la fotocopiadora de la escuela.<\/li>\n\n\n\n<li>El examen se realizar\u00e1 el d\u00eda <strong>9 de abril a las 13:30 hs<\/strong><\/li>\n\n\n\n<li>Mail de contacto para realizar consultas:&nbsp;<a rel=\"noreferrer noopener\" href=\"mailto:ieslvjrf.nivelprimario@bue.edu.ar\" target=\"_blank\">ieslvjrf.nivelprimario@bue.edu.ar<\/a><\/li>\n<\/ul>\n\n\n\n<p>Los aspirantes deber\u00e1n completar el siguiente formulario \u00a0 <a href=\"https:\/\/tinyurl.com\/admisionidiomaabril2026\">https:\/\/tinyurl.com\/admisionidiomaabril2026<\/a>\u00a0<\/p>\n\n\n\n<p><\/p>\n\n\n\n<p><\/p>\n","protected":false},"excerpt":{"rendered":"<p>CICLO LECTIVO 2026 Familias interesadas en ingresar al Nivel Primario, las vacantes disponibles para el 2026 son: Grado Ingl\u00e9s Franc\u00e9s 2\u00b0 3 3 3\u00b0 1 2 4\u00b0 1 2 5\u00b0 3 2 Informaci\u00f3n general (vacantes de 2do a 7mo): Los aspirantes deber\u00e1n completar el siguiente formulario \u00a0 https:\/\/tinyurl.com\/admisionidiomaabril2026\u00a0<\/p>\n","protected":false},"author":4,"featured_media":0,"parent":0,"menu_order":0,"comment_status":"closed","ping_status":"closed","template":"","meta":[],"acf":[],"_links":{"self":[{"href":"https:\/\/ieslvf-caba.infd.edu.ar\/sitio\/wp-json\/wp\/v2\/pages\/10530"}],"collection":[{"href":"https:\/\/ieslvf-caba.infd.edu.ar\/sitio\/wp-json\/wp\/v2\/pages"}],"about":[{"href":"https:\/\/ieslvf-caba.infd.edu.ar\/sitio\/wp-json\/wp\/v2\/types\/page"}],"author":[{"embeddable":true,"href":"https:\/\/ieslvf-caba.infd.edu.ar\/sitio\/wp-json\/wp\/v2\/users\/4"}],"replies":[{"embeddable":true,"href":"https:\/\/ieslvf-caba.infd.edu.ar\/sitio\/wp-json\/wp\/v2\/comments?post=10530"}],"version-history":[{"count":36,"href":"https:\/\/ieslvf-caba.infd.edu.ar\/sitio\/wp-json\/wp\/v2\/pages\/10530\/revisions"}],"predecessor-version":[{"id":21408,"href":"https:\/\/ieslvf-caba.infd.edu.ar\/sitio\/wp-json\/wp\/v2\/pages\/10530\/revisions\/21408"}],"wp:attachment":[{"href":"https:\/\/ieslvf-caba.infd.edu.ar\/sitio\/wp-json\/wp\/v2\/media?parent=10530"}],"curies":[{"name":"wp","href":"https:\/\/api.w.org\/{rel}","templated":true}]}}