{"id":10535,"date":"2021-09-30T16:04:13","date_gmt":"2021-09-30T19:04:13","guid":{"rendered":"https:\/\/ieslvf-caba.infd.edu.ar\/sitio\/?page_id=10535"},"modified":"2023-08-15T10:36:55","modified_gmt":"2023-08-15T13:36:55","slug":"el-rincon-de-las-familias","status":"publish","type":"page","link":"https:\/\/ieslvf-caba.infd.edu.ar\/sitio\/el-rincon-de-las-familias\/","title":{"rendered":"El rinc\u00f3n de las familias 2021"},"content":{"rendered":"\n<div class=\"wp-block-cover alignwide is-light is-position-center-center\" style=\"min-height:100px\"><span aria-hidden=\"true\" class=\"wp-block-cover__background has-background-dim-20 has-background-dim\"><\/span><img decoding=\"async\" loading=\"lazy\" width=\"1000\" height=\"563\" class=\"wp-block-cover__image-background wp-image-10574\" alt=\"\" src=\"https:\/\/ieslvf-caba.infd.edu.ar\/sitio\/wp-content\/uploads\/2021\/09\/cute-family-concept-arrangement-with-copy-space.jpg\" style=\"object-position:44% 44%\" data-object-fit=\"cover\" data-object-position=\"44% 44%\" srcset=\"https:\/\/ieslvf-caba.infd.edu.ar\/sitio\/wp-content\/uploads\/2021\/09\/cute-family-concept-arrangement-with-copy-space.jpg 1000w, https:\/\/ieslvf-caba.infd.edu.ar\/sitio\/wp-content\/uploads\/2021\/09\/cute-family-concept-arrangement-with-copy-space-768x432.jpg 768w\" sizes=\"(max-width: 1000px) 100vw, 1000px\" \/><div class=\"wp-block-cover__inner-container\">\n<p class=\"has-text-align-center has-text-color\" style=\"color:#fffffa;font-size:40px;line-height:1.1\"><strong>El rinc\u00f3n de las familias<\/strong><\/p>\n<\/div><\/div>\n\n\n\n<p>Para estar mejor comunicados entre escuela y familias por favor completar el&nbsp;<strong><a href=\"https:\/\/docs.google.com\/forms\/d\/e\/1FAIpQLSfwZfjZYyonhrB910D98S2Ys4UyKnxC52-TblC2ChE22iEHuA\/viewform\" target=\"_blank\" rel=\"noreferrer noopener\">Formulario Nivel Primario <\/a>\u00a1Gracias!<\/strong><\/p>\n\n\n\n<p><strong>Familiares delegadas\/os del nivel primario:<\/strong><br><strong>1\u00baA:&nbsp;<\/strong>Sandra Faggiano &nbsp;<a rel=\"noreferrer noopener\" href=\"mailto:sandrafaggiano@hotmail.com\" target=\"_blank\">sandrafaggiano@hotmail.com <\/a>\/\/&nbsp;<strong>1\u00baB:<\/strong> Sofia Mateos <a rel=\"noreferrer noopener\" href=\"mailto:sofiamateos86@gmail.com\" target=\"_blank\">sofiamateos86@gmail.com<\/a><br><strong>2\u00baA:<\/strong> Javier Benitez&nbsp;<a rel=\"noreferrer noopener\" href=\"mailto:jbenitez_duplessy@yahoo.com.ar\" target=\"_blank\">jbenitez_duplessy@yahoo.com.ar <\/a>&#8211;&nbsp;Florencia Mu\u00f1oz osadia85@hotmail.com \/\/&nbsp;<strong>2\u00baB:<\/strong> &nbsp;Carolina Fuentes&nbsp;<a rel=\"noreferrer noopener\" href=\"mailto:caro.fue.72@gmail.com\" target=\"_blank\">caro.fue.72@gmail.com&nbsp;<\/a>&#8211; Maria Josefina Suares&nbsp;<a rel=\"noreferrer noopener\" href=\"mailto:tatecorreo@gmail.com\" target=\"_blank\">tatecorreo@gmail.com<\/a><br><strong>3\u00baA:<\/strong> Silvina&nbsp;Bruzzone&nbsp;&nbsp;<a rel=\"noreferrer noopener\" href=\"mailto:leopoldobruz@gmail.com\" target=\"_blank\">leopoldobruz@gmail.com<\/a>&nbsp; \/\/&nbsp;<strong>3\u00baB:<\/strong> Josefina Dianda josefinadianda@hotmail.com &nbsp; <br><strong>4\u00baA:<\/strong> Maria Eugenia&nbsp;Schaefer <a rel=\"noreferrer noopener\" href=\"mailto:mariuschaefer@hotmail.com\" target=\"_blank\">mariuschaefer@hotmail.com&nbsp;<\/a>\/\/<strong>4\u00baB:<\/strong> Ana Maurelli&nbsp;&nbsp;<a rel=\"noreferrer noopener\" href=\"mailto:anamaurelli@hotmail.com\" target=\"_blank\">anamaurelli@hotmail.com<\/a><br><strong>5\u00baA:<\/strong> Francisco Casavelos <a rel=\"noreferrer noopener\" href=\"mailto:5toA...franciscocasavelos@yahoo.com\" target=\"_blank\">franciscocasavelos@yahoo.com <\/a>\/\/&nbsp;<strong>5\u00baB:<\/strong> Marcela Roberts&nbsp;&nbsp;<a rel=\"noreferrer noopener\" href=\"mailto:robertschela@gmail.com\" target=\"_blank\">robertschela@gmail.com<\/a><br><strong>6\u00baA:<\/strong> Valeria Llovet&nbsp;&nbsp;<a rel=\"noreferrer noopener\" href=\"mailto:Valeria.s.llobet@gmail.com\" target=\"_blank\">Valeria.s.llobet@gmail.com <\/a>\/\/&nbsp;<strong>6\u00baB:<\/strong> Jesica Moziman&nbsp;&nbsp;chechumoziman@gmail.com &nbsp; <br><strong>7\u00baA:<\/strong> Irene Parisi&nbsp;&nbsp;<a rel=\"noreferrer noopener\" href=\"mailto:ireneparisi@hotmail.com\" target=\"_blank\">ireneparisi@hotmail.com<\/a> \/\/&nbsp;<strong>7\u00baB:<\/strong> Kela &#8211;&nbsp;Natacha Cirigliano <a rel=\"noreferrer noopener\" href=\"mailto:natachagc@yahoo.com.ar\" target=\"_blank\">natachagc@yahoo.com.ar<\/a><\/p>\n\n\n\n<hr class=\"wp-block-separator has-css-opacity is-style-default\"\/>\n\n\n\n<h4 class=\"wp-block-heading\"><strong>Cooperadora<\/strong><\/h4>\n\n\n<div class=\"wp-block-image\">\n<figure class=\"alignleft\"><img decoding=\"async\" loading=\"lazy\" width=\"180\" height=\"180\" src=\"https:\/\/ieslvf-caba.infd.edu.ar\/sitio\/wp-content\/uploads\/2018\/09\/coope.jpg\" alt=\"\" class=\"wp-image-3073\"\/><\/figure><\/div>\n\n\n<p>La Cooperadora del IES en Lenguas Vivas a trav\u00e9s de su historia ha desarrollado grandes beneficios a la instituci\u00f3n realizando actividades seg\u00fan lo establece su <a href=\"index.cgi?wid_item=113&amp;wid_seccion=1#estatuto\" target=\"_blank\" rel=\"noreferrer noopener\">Estatuto<\/a>.<\/p>\n\n\n\n<p>La familia tiene m\u00faltiples formas de ayudar a una cooperadora escolar: desde estar al d\u00eda con la cuota hasta ofrecer sus esfuerzos y talentos para una determinada actividad. Se invita a toda la comunidad a participar con sus aportes&nbsp;para colaborar con la escuela en la consecuci\u00f3n de sus objetivos.<\/p>\n\n\n\n<p>Visita nuestra secci\u00f3n <a href=\"https:\/\/ieslvf-caba.infd.edu.ar\/sitio\/cooperadora-2021\/\">Cooperadora<\/a><\/p>\n\n\n\n<hr class=\"wp-block-separator has-css-opacity is-style-default\"\/>\n\n\n\n<h3 class=\"wp-block-heading\">Transporte Escolar<\/h3>\n\n\n\n<p>Les recordamos que los transportistas escolares <strong>son contratados directamente por las familias<\/strong> sin intervenci\u00f3n ni de la escuela ni de la cooperadora. Las familias deber\u00e1n tomar los recaudos correspondientes antes de la selecci\u00f3n del prestador del servicio. Cabe recordar que cada transportista y su veh\u00edculo deben cumplir con las normas de habilitaci\u00f3n vigentes para efectuar el transporte escolar. Les sugerimos interiorizarse sobre la normativa:<\/p>\n\n\n\n<ul>\n<li><a href=\"http:\/\/www.cedom.gov.ar\/es\/legislacion\/normas\/leyes\/ley1665.html\"><strong>LEY N\u00ba 1665\/05 <\/strong><\/a><a href=\"http:\/\/www.cedom.gov.ar\/es\/legislacion\/normas\/leyes\/ley1665.html\">&#8211;<\/a> ESTABLECE PAUTAS PARA LAS UNIDADES AFECTADAS AL TRANSPORTE ESCOLAR &#8211; C\u00d3DIGO DE VERIFICACIONES HABILITACIONES &#8211; MODIFICACIONES &#8211; VEH\u00cdCULOS &#8211; PLAZOS DE ANTIG\u00dcEDAD &#8211; PLAZOS DE REGLAMENTACI\u00d3N<\/li>\n\n\n\n<li><a href=\"http:\/\/www.buenosaires.gob.ar\/areas\/seguridad_justicia\/seguridad_urbana\/seguridad_vial\/requisitos_transporte_escolar.pdf\">Requisitos para veh\u00edculos de transporte escolar<\/a><\/li>\n<\/ul>\n\n\n\n<p>Al inicio de cada a\u00f1o lectivo los padres, madres o tutores deben notificar a la Regencia del Nivel Primario <strong>mediante nota firmada<\/strong> el transportista contratado y dar su <strong>autorizaci\u00f3n<\/strong> para que sus hijos sean retirados del establecimiento. Esta nota debe quedar archivada en Regencia.<\/p>\n\n\n\n<h3 class=\"wp-block-heading\">Salud escolar<\/h3>\n\n\n\n<p>La salud escolar est\u00e1 reglamentada en las siguientes leyes:<\/p>\n\n\n\n<p><a href=\"https:\/\/ieslvf-caba.infd.edu.ar\/sitio\/wp-content\/uploads\/2023\/08\/Ley-Ciudad-2598.pdf\" target=\"_blank\" rel=\"noreferrer noopener\">LEY N\u00ba 2598\/07<\/a> &#8211; Salud Escolar &#8211; Ni\u00f1as, ni\u00f1os y adolescentes &#8211; Educaci\u00f3n &#8211; Alumnos &#8211; Escuelas de Gesti\u00f3n Estatal &#8211; Privada &#8211; Primaria &#8211; Inicial &#8211; Secundaria &#8211; Salud integral<\/p>\n\n\n\n<p><a href=\"https:\/\/e-legis-ar.msal.gov.ar\/htdocs\/legisalud\/migration\/html\/31714.html#:~:text=Art%C3%ADculo%201%C2%B0.-%20La%20presente%20Ley%20tiene%20por%20objeto,el%20organismo%20que%20en%20el%20futuro%20lo%20reemplace.\">LEY N\u00ba 3704\/10 <\/a>&#8211; Promoci\u00f3n de alimentaci\u00f3n saludable variada y segura de los ni\u00f1os, ni\u00f1as y adolescentes en edad escolar &#8211; Alumnos &#8211; Comidas &#8211; Promoci\u00f3n &#8211; Prevenci\u00f3n &#8211; Alimentos &#8211; Autoridad de aplicaci\u00f3n &#8211; Ministerio de Educaci\u00f3n &#8211; Escuelas &#8211; Pautas de Alimentaci\u00f3n Saludable (PAS) espec\u00edficas para los establecimientos educativos teniendo en cuenta est\u00e1ndares difundidos por la OMS &#8211; Gu\u00eda de Alimentos y Bebidas Saludables (GABS)<\/p>\n\n\n\n<p><a href=\"https:\/\/www.boletinoficial.gob.ar\/detalleAviso\/primera\/252728\/20211112\">LEY N\u00ba 27642<\/a> &#8211; Promoci\u00f3n de la alimentaci\u00f3n saludable. <\/p>\n\n\n\n<p><a href=\"http:\/\/www.buenosaires.gob.ar\/areas\/educacion\/lua\/archivos\/res_megc_1741_13a.pdf\">PAS y GABS: <\/a>Pautas de Alimentaci\u00f3n Saludables y Gu\u00eda de Alimentos y Bebidas Saludables. Alimentaci\u00f3n Saludable para ni\u00f1os, ni\u00f1as y adolescentes en el \u00e1mbito escolar en el marco de la Ley 3704.<\/p>\n\n\n\n<h3 class=\"wp-block-heading\">Accidentes y siniestros<\/h3>\n\n\n\n<p>El procedimiento en caso de accidentes o siniestros est\u00e1 reglamentado en el <strong>Cap\u00edtulo XIII \u2013 Procedimiento en caso de accidentes. Art. 72. Siniestros y accidentes<\/strong> del <strong>Reglamento Escolar<\/strong>. Seg\u00fan esta normativa la \u00fanica entidad responsable para obrar en estos casos es el SAME, que en caso de necesidad traslada a los ni\u00f1os al Hospital Fern\u00e1ndez. Personal de la salud del Hospital concurre al establecimiento para realizar controles de salud a los alumnos de primero, tercero y sexto grado. Tambi\u00e9n se hace el control de salud visual a los alumnos de primer grado.<\/p>\n\n\n\n<h3 class=\"wp-block-heading\">Salidas did\u00e1cticas<\/h3>\n\n\n\n<p>Para las salidas did\u00e1cticas se sigue el protocolo establecido en el art. 69 del <a href=\"http:\/\/www.buenosaires.gob.ar\/areas\/educacion\/niveles\/primaria\/supervisiones\/supervision_bibliotecas\/reglamento_sist_edu_gestion_publica.pdf\">Reglamento Escolar<\/a>.<\/p>\n\n\n\n<h3 class=\"wp-block-heading\">Seguridad<\/h3>\n\n\n\n<p><a href=\"http:\/\/www.buenosaires.gob.ar\/areas\/leg_tecnica\/sin\/normapop09.php?id=73049&amp;qu=c&amp;ft=0&amp;cp=&amp;rl=1&amp;rf=0&amp;im=&amp;ui=0&amp;pelikan=1&amp;sezion=2857438&amp;primera=0&amp;mot_toda=salud+escolar&amp;mot_frase=&amp;mot_alguna=\">LEY N\u00ba 1706\/05<\/a> &#8211; Lineamientos generales de seguridad en escuelas de gesti\u00f3n estatal &#8211; Establecimientos educativos &#8211; Prevenci\u00f3n de accidentes &#8211; Atenci\u00f3n de emergencias &#8211; Mejoramiento de infraestructura &#8211; Equipamiento &#8211; Adopci\u00f3n &#8211; Sistema de protecci\u00f3n y seguridad escolar &#8211; Funciones &#8211; Unidad de ejecuci\u00f3n &#8211; Escuela seguras &#8211; Seguridad escolar &#8211; Comit\u00e9s de seguridad &#8211; Reglamentaci\u00f3n.<\/p>\n\n\n\n<h3 class=\"wp-block-heading\">Gabinete psicopedag\u00f3gico<\/h3>\n\n\n\n<p>El Nivel Primario debe ser asesorado por el Equipo de Orientaci\u00f3n Docente, \u00fanico organismo para las escuelas del Gobierno de la Ciudad. Mensualmente nos visita para atender nuestras necesidades. Supervisi\u00f3n de Nivel Primario nos provey\u00f3 una maestra de la Escuela de Recuperaci\u00f3n quien trabaja con los ni\u00f1os que presentan dificultades en su aprendizaje los d\u00edas martes y jueves.&nbsp;Adem\u00e1s, dos Maestras de Trayectorias Escolares (MATE) cuya funci\u00f3n espec\u00edfica es seguir las trayectorias escolares de todos los ni\u00f1os, as\u00ed como tambi\u00e9n articular entre ciclos.<\/p>\n\n\n\n<p><a href=\"index.cgi?wid_seccion=35&amp;wid_item=139\" target=\"_blank\" rel=\"noreferrer noopener\"><strong>Instituci\u00f3n libre de humo<\/strong><\/a><\/p>\n","protected":false},"excerpt":{"rendered":"<p>Para estar mejor comunicados entre escuela y familias por favor completar el&nbsp;Formulario Nivel Primario \u00a1Gracias! Familiares delegadas\/os del nivel primario:1\u00baA:&nbsp;Sandra Faggiano &nbsp;sandrafaggiano@hotmail.com \/\/&nbsp;1\u00baB: Sofia Mateos sofiamateos86@gmail.com2\u00baA: Javier Benitez&nbsp;jbenitez_duplessy@yahoo.com.ar &#8211;&nbsp;Florencia Mu\u00f1oz osadia85@hotmail.com \/\/&nbsp;2\u00baB: &nbsp;Carolina Fuentes&nbsp;caro.fue.72@gmail.com&nbsp;&#8211; Maria Josefina Suares&nbsp;tatecorreo@gmail.com3\u00baA: Silvina&nbsp;Bruzzone&nbsp;&nbsp;leopoldobruz@gmail.com&nbsp; \/\/&nbsp;3\u00baB: Josefina Dianda josefinadianda@hotmail.com &nbsp; 4\u00baA: Maria Eugenia&nbsp;Schaefer mariuschaefer@hotmail.com&nbsp;\/\/4\u00baB: Ana Maurelli&nbsp;&nbsp;anamaurelli@hotmail.com5\u00baA: Francisco Casavelos franciscocasavelos@yahoo.com \/\/&nbsp;5\u00baB: Marcela Roberts&nbsp;&nbsp;robertschela@gmail.com6\u00baA: &#8230; <a title=\"El rinc\u00f3n de las familias 2021\" class=\"read-more\" href=\"https:\/\/ieslvf-caba.infd.edu.ar\/sitio\/el-rincon-de-las-familias\/\" aria-label=\"More on El rinc\u00f3n de las familias 2021\">[+]<\/a><\/p>\n","protected":false},"author":2900,"featured_media":0,"parent":0,"menu_order":0,"comment_status":"closed","ping_status":"closed","template":"","meta":[],"acf":[],"_links":{"self":[{"href":"https:\/\/ieslvf-caba.infd.edu.ar\/sitio\/wp-json\/wp\/v2\/pages\/10535"}],"collection":[{"href":"https:\/\/ieslvf-caba.infd.edu.ar\/sitio\/wp-json\/wp\/v2\/pages"}],"about":[{"href":"https:\/\/ieslvf-caba.infd.edu.ar\/sitio\/wp-json\/wp\/v2\/types\/page"}],"author":[{"embeddable":true,"href":"https:\/\/ieslvf-caba.infd.edu.ar\/sitio\/wp-json\/wp\/v2\/users\/2900"}],"replies":[{"embeddable":true,"href":"https:\/\/ieslvf-caba.infd.edu.ar\/sitio\/wp-json\/wp\/v2\/comments?post=10535"}],"version-history":[{"count":7,"href":"https:\/\/ieslvf-caba.infd.edu.ar\/sitio\/wp-json\/wp\/v2\/pages\/10535\/revisions"}],"predecessor-version":[{"id":15983,"href":"https:\/\/ieslvf-caba.infd.edu.ar\/sitio\/wp-json\/wp\/v2\/pages\/10535\/revisions\/15983"}],"wp:attachment":[{"href":"https:\/\/ieslvf-caba.infd.edu.ar\/sitio\/wp-json\/wp\/v2\/media?parent=10535"}],"curies":[{"name":"wp","href":"https:\/\/api.w.org\/{rel}","templated":true}]}}