{"id":10553,"date":"2021-09-30T16:33:17","date_gmt":"2021-09-30T19:33:17","guid":{"rendered":"https:\/\/ieslvf-caba.infd.edu.ar\/sitio\/?page_id=10553"},"modified":"2021-10-27T15:26:56","modified_gmt":"2021-10-27T18:26:56","slug":"normativa-nivel-primario-2021","status":"publish","type":"page","link":"https:\/\/ieslvf-caba.infd.edu.ar\/sitio\/normativa-nivel-primario-2021\/","title":{"rendered":"Normativa Nivel Primario 2021"},"content":{"rendered":"\n<div class=\"wp-block-cover alignwide has-background-dim-20 has-background-dim is-position-center-center\" style=\"min-height:100px\"><img decoding=\"async\" loading=\"lazy\" width=\"1000\" height=\"667\" class=\"wp-block-cover__image-background wp-image-10568\" alt=\"\" src=\"https:\/\/ieslvf-caba.infd.edu.ar\/sitio\/wp-content\/uploads\/2021\/09\/closeup-pen-and-blur-background-xa.jpg\" style=\"object-position:90% 79%\" data-object-fit=\"cover\" data-object-position=\"90% 79%\" srcset=\"https:\/\/ieslvf-caba.infd.edu.ar\/sitio\/wp-content\/uploads\/2021\/09\/closeup-pen-and-blur-background-xa.jpg 1000w, https:\/\/ieslvf-caba.infd.edu.ar\/sitio\/wp-content\/uploads\/2021\/09\/closeup-pen-and-blur-background-xa-768x512.jpg 768w\" sizes=\"(max-width: 1000px) 100vw, 1000px\" \/><div class=\"wp-block-cover__inner-container\">\n<p class=\"has-text-align-center has-text-color\" style=\"color:#fffffa;font-size:40px;line-height:1.1\"><strong>Normativa Nivel Primario<\/strong><\/p>\n<\/div><\/div>\n\n\n\n<p>Las normas que rigen el funcionamiento del Nivel Primario son las siguientes:&nbsp;&nbsp;<\/p>\n\n\n\n<p><strong><a href=\"http:\/\/www.buenosaires.gob.ar\/sites\/gcaba\/files\/reglamento_sist_edu_gestion_publica_0.pdf\">Reglamento Escolar<\/a><\/strong><\/p>\n\n\n\n<figure class=\"wp-block-image\"><a href=\"file:\/\/\/C:\/Users\/maria.barcala7101\/Downloads\/reglamento_sist_edu_gestion_publica_0.pdf\"><img decoding=\"async\" src=\"https:\/\/ieslvf-caba.infd.edu.ar\/sitio\/wp-content\/uploads\/2018\/08\/rfegla.jpg\" alt=\"\" title=\"\"\/><\/a><\/figure>\n\n\n\n<p><strong><a href=\"http:\/\/www.buenosaires.gob.ar\/educacion\/docentes\/estatuto-del-docente\">Estatuto del Docente<\/a><\/strong><\/p>\n\n\n\n<p><a href=\"https:\/\/ieslvf-caba.infd.edu.ar\/sitio\/wp-content\/uploads\/2019\/04\/ESTATUTO-2019.pdf\">https:\/\/ieslvf-caba.infd.edu.ar\/sitio\/wp-content\/uploads\/2019\/04\/ESTATUTO-2019.pdf<\/a><\/p>\n\n\n\n<p><\/p>\n\n\n\n<p><strong>Dise\u00f1o Curricular Lenguas Extranjeras (Niveles 1, 2, 3 y 4)<\/strong><\/p>\n\n\n\n<figure class=\"wp-block-image is-resized\"><img decoding=\"async\" loading=\"lazy\" src=\"https:\/\/ieslvf-caba.infd.edu.ar\/sitio\/wp-content\/uploads\/2018\/08\/CurricularLE.png\" alt=\"curricularle\" width=\"160\" height=\"177\" title=\"curricularle\"\/><\/figure>\n\n\n\n<p><a href=\"http:\/\/www.buenosaires.gob.ar\/areas\/educacion\/curricula\/dle_web.pdf\" target=\"_blank\" rel=\"noreferrer noopener\"><\/a><\/p>\n\n\n\n<p><strong>Dise\u00f1o Curricular Primer&nbsp; Ciclo<\/strong><\/p>\n\n\n\n<figure class=\"wp-block-image is-resized\"><img decoding=\"async\" loading=\"lazy\" src=\"https:\/\/ieslvf-caba.infd.edu.ar\/sitio\/wp-content\/uploads\/2018\/08\/Curricularprimerciclo.png\" alt=\"curricular1ciclo\" width=\"158\" height=\"170\" title=\"curricular1ciclo\"\/><\/figure>\n\n\n\n<p><a href=\"http:\/\/www.buenosaires.gob.ar\/areas\/educacion\/curricula\/pdf\/dep1.pdf\" target=\"_blank\" rel=\"noreferrer noopener\"><strong><\/strong><\/a><\/p>\n\n\n\n<p><strong>Dise\u00f1o Curricular Segundo Ciclo<\/strong><\/p>\n\n\n\n<p><strong>Tomo 1:<\/strong><\/p>\n\n\n\n<figure class=\"wp-block-image is-resized\"><a href=\"http:\/\/estatico.buenosaires.gov.ar\/areas\/educacion\/tec\/pdf\/bibliografia2.pdf\" target=\"_blank\" rel=\"noreferrer noopener\"><img decoding=\"async\" loading=\"lazy\" src=\"https:\/\/ieslvf-caba.infd.edu.ar\/sitio\/wp-content\/uploads\/2018\/08\/Currisegciclo_tomo1.png\" alt=\"curri2ciclotomo1\" width=\"158\" height=\"164\" title=\"curri2ciclotomo1\"\/><\/a><\/figure>\n\n\n\n<p><strong>Tomo 2:<\/strong><\/p>\n\n\n\n<figure class=\"wp-block-image is-resized\"><img decoding=\"async\" loading=\"lazy\" src=\"https:\/\/ieslvf-caba.infd.edu.ar\/sitio\/wp-content\/uploads\/2018\/08\/Curricularsegciclo_tomo2.png\" alt=\"curri2ciclo2tomo\" width=\"162\" height=\"175\" title=\"curri2ciclo2tomo\"\/><\/figure>\n\n\n\n<p><a href=\"http:\/\/www.buenosaires.gob.ar\/areas\/educacion\/tec\/pdf\/bibliografia3.pdf\" target=\"_blank\" rel=\"noreferrer noopener\"><\/a><\/p>\n\n\n\n<p>Para m\u00e1s informaci\u00f3n acerca de actualizaciones curriculares y normativas vigentes para el nivel primario puede acceder al siguiente enlace:<\/p>\n\n\n\n<p><a href=\"http:\/\/www.buenosaires.gob.ar\/areas\/educacion\/curricula\/primaria.php\" target=\"_blank\" rel=\"noreferrer noopener\"><strong>Gobierno de la Ciudad de Buenos Aires \u2013 Educaci\u00f3n<\/strong><\/a><\/p>\n","protected":false},"excerpt":{"rendered":"<p>Las normas que rigen el funcionamiento del Nivel Primario son las siguientes:&nbsp;&nbsp; Reglamento Escolar Estatuto del Docente https:\/\/ieslvf-caba.infd.edu.ar\/sitio\/wp-content\/uploads\/2019\/04\/ESTATUTO-2019.pdf Dise\u00f1o Curricular Lenguas Extranjeras (Niveles 1, 2, 3 y 4) Dise\u00f1o Curricular Primer&nbsp; Ciclo Dise\u00f1o Curricular Segundo Ciclo Tomo 1: Tomo 2: Para m\u00e1s informaci\u00f3n acerca de actualizaciones curriculares y normativas vigentes para el nivel primario puede &#8230; <a title=\"Normativa Nivel Primario 2021\" class=\"read-more\" href=\"https:\/\/ieslvf-caba.infd.edu.ar\/sitio\/normativa-nivel-primario-2021\/\" aria-label=\"More on Normativa Nivel Primario 2021\">[+]<\/a><\/p>\n","protected":false},"author":2900,"featured_media":0,"parent":0,"menu_order":0,"comment_status":"closed","ping_status":"closed","template":"","meta":[],"acf":[],"_links":{"self":[{"href":"https:\/\/ieslvf-caba.infd.edu.ar\/sitio\/wp-json\/wp\/v2\/pages\/10553"}],"collection":[{"href":"https:\/\/ieslvf-caba.infd.edu.ar\/sitio\/wp-json\/wp\/v2\/pages"}],"about":[{"href":"https:\/\/ieslvf-caba.infd.edu.ar\/sitio\/wp-json\/wp\/v2\/types\/page"}],"author":[{"embeddable":true,"href":"https:\/\/ieslvf-caba.infd.edu.ar\/sitio\/wp-json\/wp\/v2\/users\/2900"}],"replies":[{"embeddable":true,"href":"https:\/\/ieslvf-caba.infd.edu.ar\/sitio\/wp-json\/wp\/v2\/comments?post=10553"}],"version-history":[{"count":2,"href":"https:\/\/ieslvf-caba.infd.edu.ar\/sitio\/wp-json\/wp\/v2\/pages\/10553\/revisions"}],"predecessor-version":[{"id":10570,"href":"https:\/\/ieslvf-caba.infd.edu.ar\/sitio\/wp-json\/wp\/v2\/pages\/10553\/revisions\/10570"}],"wp:attachment":[{"href":"https:\/\/ieslvf-caba.infd.edu.ar\/sitio\/wp-json\/wp\/v2\/media?parent=10553"}],"curies":[{"name":"wp","href":"https:\/\/api.w.org\/{rel}","templated":true}]}}