{"id":10558,"date":"2021-09-30T16:47:14","date_gmt":"2021-09-30T19:47:14","guid":{"rendered":"https:\/\/ieslvf-caba.infd.edu.ar\/sitio\/?page_id=10558"},"modified":"2024-09-27T15:49:37","modified_gmt":"2024-09-27T18:49:37","slug":"biblioteca-infantil-2021","status":"publish","type":"page","link":"https:\/\/ieslvf-caba.infd.edu.ar\/sitio\/biblioteca-infantil-2021\/","title":{"rendered":"Biblioteca infantil"},"content":{"rendered":"\n<div class=\"wp-block-cover alignwide is-light is-position-center-center\" style=\"min-height:100px\"><span aria-hidden=\"true\" class=\"wp-block-cover__background has-background-dim-20 has-background-dim\"><\/span><img decoding=\"async\" loading=\"lazy\" width=\"1500\" height=\"1000\" class=\"wp-block-cover__image-background wp-image-10559\" alt=\"\" src=\"https:\/\/ieslvf-caba.infd.edu.ar\/sitio\/wp-content\/uploads\/2021\/09\/books-in-the-library.jpg\" style=\"object-position:47% 19%\" data-object-fit=\"cover\" data-object-position=\"47% 19%\" srcset=\"https:\/\/ieslvf-caba.infd.edu.ar\/sitio\/wp-content\/uploads\/2021\/09\/books-in-the-library.jpg 1500w, https:\/\/ieslvf-caba.infd.edu.ar\/sitio\/wp-content\/uploads\/2021\/09\/books-in-the-library-1000x667.jpg 1000w, https:\/\/ieslvf-caba.infd.edu.ar\/sitio\/wp-content\/uploads\/2021\/09\/books-in-the-library-768x512.jpg 768w\" sizes=\"(max-width: 1500px) 100vw, 1500px\" \/><div class=\"wp-block-cover__inner-container\">\n<p class=\"has-text-align-center has-text-color\" style=\"color:#fffffa;font-size:40px;line-height:1.1\"><strong>Biblioteca infantil<\/strong><\/p>\n<\/div><\/div>\n\n\n\n<p><strong>Coordinadora<\/strong>: Silvina Poveda<\/p>\n\n\n\n<p>En el espacio de la Biblioteca Infantil los alumnos de 1ro a 7mo grado desarrollan diferentes actividades cuyo prop\u00f3sito est\u00e1 focalizado en que&nbsp; puedan constituirse&nbsp; lectores de literatura, conociendo diversos autores y g\u00e9neros y desarrollando un proyecto personal de lectura, que les permita conocer otros mundos posibles y reflexionar sobre el propio dentro del marco te\u00f3rico que propone el Dise\u00f1o Curricular de la Ciudad de Buenos Aires. Se realizan tambi\u00e9n pr\u00e9stamos de libros&nbsp; a domicilio lo cual&nbsp; favorece&nbsp; dicho proyecto.<\/p>\n\n\n\n<p>En forma simult\u00e1nea, tambi\u00e9n se desarrollan en la Biblioteca Infantil, actividades que promueven en los alumnos,&nbsp; la formaci\u00f3n como estudiantes que puedan recurrir a la lectura y la escritura como medios para acceder al conocimiento que se difunde en libros, art\u00edculos, revistas, internet, entre otros portadores.<\/p>\n\n\n\n<p><em>Prof. Silvina Poveda<\/em><\/p>\n","protected":false},"excerpt":{"rendered":"<p>Coordinadora: Silvina Poveda En el espacio de la Biblioteca Infantil los alumnos de 1ro a 7mo grado desarrollan diferentes actividades cuyo prop\u00f3sito est\u00e1 focalizado en que&nbsp; puedan constituirse&nbsp; lectores de literatura, conociendo diversos autores y g\u00e9neros y desarrollando un proyecto personal de lectura, que les permita conocer otros mundos posibles y reflexionar sobre el propio &#8230; <a title=\"Biblioteca infantil\" class=\"read-more\" href=\"https:\/\/ieslvf-caba.infd.edu.ar\/sitio\/biblioteca-infantil-2021\/\" aria-label=\"More on Biblioteca infantil\">[+]<\/a><\/p>\n","protected":false},"author":2900,"featured_media":0,"parent":0,"menu_order":0,"comment_status":"closed","ping_status":"closed","template":"","meta":[],"acf":[],"_links":{"self":[{"href":"https:\/\/ieslvf-caba.infd.edu.ar\/sitio\/wp-json\/wp\/v2\/pages\/10558"}],"collection":[{"href":"https:\/\/ieslvf-caba.infd.edu.ar\/sitio\/wp-json\/wp\/v2\/pages"}],"about":[{"href":"https:\/\/ieslvf-caba.infd.edu.ar\/sitio\/wp-json\/wp\/v2\/types\/page"}],"author":[{"embeddable":true,"href":"https:\/\/ieslvf-caba.infd.edu.ar\/sitio\/wp-json\/wp\/v2\/users\/2900"}],"replies":[{"embeddable":true,"href":"https:\/\/ieslvf-caba.infd.edu.ar\/sitio\/wp-json\/wp\/v2\/comments?post=10558"}],"version-history":[{"count":2,"href":"https:\/\/ieslvf-caba.infd.edu.ar\/sitio\/wp-json\/wp\/v2\/pages\/10558\/revisions"}],"predecessor-version":[{"id":18766,"href":"https:\/\/ieslvf-caba.infd.edu.ar\/sitio\/wp-json\/wp\/v2\/pages\/10558\/revisions\/18766"}],"wp:attachment":[{"href":"https:\/\/ieslvf-caba.infd.edu.ar\/sitio\/wp-json\/wp\/v2\/media?parent=10558"}],"curies":[{"name":"wp","href":"https:\/\/api.w.org\/{rel}","templated":true}]}}