{"id":10580,"date":"2021-09-30T17:23:17","date_gmt":"2021-09-30T20:23:17","guid":{"rendered":"https:\/\/ieslvf-caba.infd.edu.ar\/sitio\/?page_id=10580"},"modified":"2026-03-30T15:35:24","modified_gmt":"2026-03-30T18:35:24","slug":"ingreso-al-nivel-medio-2021","status":"publish","type":"page","link":"https:\/\/ieslvf-caba.infd.edu.ar\/sitio\/ingreso-al-nivel-medio-2021\/","title":{"rendered":"Ingreso al Nivel Medio"},"content":{"rendered":"\n<div class=\"wp-block-cover alignwide is-light is-position-center-center\" style=\"min-height:100px\"><span aria-hidden=\"true\" class=\"wp-block-cover__background has-background-dim-20 has-background-dim\"><\/span><img decoding=\"async\" loading=\"lazy\" width=\"1000\" height=\"667\" class=\"wp-block-cover__image-background wp-image-10581\" alt=\"\" src=\"https:\/\/ieslvf-caba.infd.edu.ar\/sitio\/wp-content\/uploads\/2021\/09\/education-concept-student-studying-and-brainstorming-campus-concept-close-up-of-students-discussing-their-subject-on-books-or-textbooks-selective-focus.jpg\" style=\"object-position:68% 54%\" data-object-fit=\"cover\" data-object-position=\"68% 54%\" srcset=\"https:\/\/ieslvf-caba.infd.edu.ar\/sitio\/wp-content\/uploads\/2021\/09\/education-concept-student-studying-and-brainstorming-campus-concept-close-up-of-students-discussing-their-subject-on-books-or-textbooks-selective-focus.jpg 1000w, https:\/\/ieslvf-caba.infd.edu.ar\/sitio\/wp-content\/uploads\/2021\/09\/education-concept-student-studying-and-brainstorming-campus-concept-close-up-of-students-discussing-their-subject-on-books-or-textbooks-selective-focus-768x512.jpg 768w\" sizes=\"(max-width: 1000px) 100vw, 1000px\" \/><div class=\"wp-block-cover__inner-container\">\n<p class=\"has-text-align-center has-text-color\" style=\"color:#fffffa;font-size:40px;line-height:1.1\"><strong>Ingreso al Nivel Medio<\/strong><\/p>\n<\/div><\/div>\n\n\n\n<p><\/p>\n\n\n\n<h5 class=\"wp-block-heading has-pale-cyan-blue-background-color has-background\">REUNI\u00d3N DE FAMILIAS PARA INGRESANTES A 1 A\u00d1O 2027<\/h5>\n\n\n\n<p>24 de abril a las 7:30 horas<\/p>\n\n\n\n<p>26 de junio a las 7:30 horas<\/p>\n\n\n\n<p>28 de agosto a las 7:30 horas<\/p>\n\n\n\n<p>30 de octubre a las 7:30 horas<\/p>\n\n\n\n<hr class=\"wp-block-separator has-alpha-channel-opacity\"\/>\n\n\n\n<h5 class=\"wp-block-heading has-pale-cyan-blue-background-color has-background\">TALLER PARA INGRESANTES A 1 A\u00d1O<\/h5>\n\n\n\n<p><strong>Taller de ingl\u00e9s:<\/strong> <em>Elegir un solo turno, cupos limitados a 25 lugares:<\/em><\/p>\n\n\n\n<ul>\n<li>Martes de 17:30\u00a0a 19:30 horas. <a rel=\"noreferrer noopener\" href=\"https:\/\/docs.google.com\/forms\/d\/e\/1FAIpQLSeUuQ1ACCjo7MA9q7lqiCB6MkK2PnSD8oZ9bpw4byYWM-xX-A\/closedform\" target=\"_blank\">Inscripci\u00f3n aqu\u00ed<\/a> (inicia el martes 7 de abril)<\/li>\n\n\n\n<li>Jueves de 17:30 a 19:30 horas. <a rel=\"noreferrer noopener\" href=\"https:\/\/docs.google.com\/forms\/d\/e\/1FAIpQLSeUuQ1ACCjo7MA9q7lqiCB6MkK2PnSD8oZ9bpw4byYWM-xX-A\/closedform\" target=\"_blank\">Inscripci\u00f3n aqu\u00ed<\/a> (inicia el jueves 9 de abril)<\/li>\n<\/ul>\n\n\n\n<p><strong>Taller de Franc\u00e9s:<\/strong> Mi\u00e9rcoles de 17:30 a 19:30 horas. <a rel=\"noreferrer noopener\" href=\"https:\/\/docs.google.com\/forms\/d\/e\/1FAIpQLScAHltEMMuW3lZ4uU8q163pohyFyJXVxb8AGLhM-REpl-S5sw\/closedform\" target=\"_blank\">Inscripci\u00f3n aqu\u00ed<\/a> (inicia el mi\u00e9rcoles 8 de abril)<\/p>\n\n\n\n<hr class=\"wp-block-separator has-alpha-channel-opacity\"\/>\n\n\n\n<p>Para ingresar al Nivel Medio de nuestra instituci\u00f3n los aspirantes externos deben rendir y aprobar un examen oral y escrito de competencia en Lenguas Extranjeras (ingl\u00e9s o franc\u00e9s), seg\u00fan los programas vigentes.&nbsp; La calificaci\u00f3n obtenida en el examen determina el orden de m\u00e9rito para acceder a una vacante.&nbsp;El examen de admisi\u00f3n a primer a\u00f1o es \u00fanico. La admisi\u00f3n al Bachillerato Biling\u00fce se basar\u00e1 en el orden de m\u00e9rito cuya nota de base ser\u00e1 de 8 (ocho).<\/p>\n\n\n\n<p>Preinscripci\u00f3n para el examen de admisi\u00f3n:&nbsp;<strong>del 31 de agosto al 14 de septiembre hasta las 12 horas<\/strong>, sin excepci\u00f3n, completando el formulario online (<a rel=\"noreferrer noopener\" href=\"https:\/\/forms.gle\/45DCJ66eD7vYyqDu7\" target=\"_blank\">CLIQUEE AQU\u00cd<\/a>)<\/p>\n\n\n\n<p>La documentaci\u00f3n requerida es:<\/p>\n\n\n\n<ul>\n<li>Fotocopia del DNI del alumno<\/li>\n\n\n\n<li>Constancia original de alumno regular de 7mo grado (la misma tiene validez de 30 d\u00edas)<\/li>\n<\/ul>\n\n\n\n<p><\/p>\n\n\n\n<p><strong>ADMISI\u00d3N A 1\u00ba A\u00d1O 2027 para alumnos provenientes de NIVEL PRIMARIO de nuestro establecimiento<br><\/strong>Para ingresar al Nivel Medio de nuestra instituci\u00f3n, los aspirantes provenientes de nuestra propia escuela tienen garantizada su vacante, pero de todos modos deben realizar su inscripci\u00f3n on-line como requisito del sistema del GCBA. En estos casos, solo deben rendir examen de admisi\u00f3n quienes deseen realizar cambio de primera lengua extranjera en Nivel Medio.&nbsp;<\/p>\n\n\n\n<p><strong>EVALUACI\u00d3N:&nbsp;18 de septiembre 8.00 horas<\/strong>.<\/p>\n\n\n\n<p>Los alumnos deber\u00e1n presentarse el d\u00eda de examen con:<\/p>\n\n\n\n<ul>\n<li>Lapicera azul o negra (no cartuchera)<\/li>\n<\/ul>\n\n\n\n<p><\/p>\n\n\n\n<p>El resultado del&nbsp;examen de admisi\u00f3n,&nbsp; se publicar\u00e1 en la puerta de entrada del establecimiento,&nbsp;72 horas h\u00e1biles despu\u00e9s de su realizaci\u00f3n. La&nbsp;<a rel=\"noreferrer noopener\" href=\"https:\/\/www.buenosaires.gob.ar\/educacion\/estudiantes\/inscripcionescolar\" target=\"_blank\">inscripci\u00f3n online&nbsp;<\/a>en la p\u00e1gina del GCBA deber\u00e1 realizarse entre (fecha a confirmar). Esta inscripci\u00f3n es de car\u00e1cter obligatorio.<\/p>\n\n\n\n<p>Video informativo para realizar la inscripci\u00f3n online:<\/p>\n\n\n\n<figure class=\"wp-block-embed aligncenter is-type-video is-provider-youtube wp-block-embed-youtube wp-embed-aspect-16-9 wp-has-aspect-ratio\"><div class=\"wp-block-embed__wrapper\">\n<iframe loading=\"lazy\" title=\"Inscripci\u00f3n escolar 2022\" width=\"1200\" height=\"675\" src=\"https:\/\/www.youtube.com\/embed\/DI-cMGyLUM0?feature=oembed\" frameborder=\"0\" allow=\"accelerometer; autoplay; clipboard-write; encrypted-media; gyroscope; picture-in-picture; web-share\" referrerpolicy=\"strict-origin-when-cross-origin\" allowfullscreen><\/iframe>\n<\/div><\/figure>\n\n\n\n<hr class=\"wp-block-separator has-css-opacity is-style-default\"\/>\n\n\n\n<h5 class=\"wp-block-heading has-pale-cyan-blue-background-color has-background\"><strong>ADMISI\u00d3N 1\u00b0A<\/strong>\u00d1O 2027 &#8211; EX\u00c1MENES<\/h5>\n\n\n\n<ul>\n<li><em><strong><strong>Programas vigentes para el examen de admisi\u00f3n a primer a\u00f1o<\/strong><\/strong> <strong>INGL\u00c9S<\/strong>:<\/em> <a href=\"https:\/\/ieslvf-caba.infd.edu.ar\/sitio\/wp-content\/uploads\/2026\/03\/PROGRAMA-ADMISION-PRIMER-ANO-2027-Ingles.pdf\" target=\"_blank\" rel=\"noreferrer noopener\">PROGRAMA DE INGL\u00c9S PARA ADMISI\u00d3N A PRIMER A\u00d1O<\/a> <\/li>\n\n\n\n<li>EXAMEN DE INGL\u00c9S PARA INGRESO A 1ER A\u00d1O: <a href=\"https:\/\/ieslvf-caba.infd.edu.ar\/sitio\/wp-content\/uploads\/2025\/06\/Examen-de-Admision-2025.pdf\" target=\"_blank\" rel=\"noreferrer noopener\">Modelo 1<\/a>, <a href=\"https:\/\/ieslvf-caba.infd.edu.ar\/sitio\/wp-content\/uploads\/2025\/06\/Examen-de-Admision-2024.pdf\" target=\"_blank\" rel=\"noreferrer noopener\">Modelo 2<\/a><\/li>\n\n\n\n<li>INSTRUCTIVO DE EXAMEN: <a href=\"https:\/\/ieslvf-caba.infd.edu.ar\/sitio\/wp-content\/uploads\/2025\/06\/Formato-de-Examen-.docx.pdf\" target=\"_blank\" rel=\"noreferrer noopener\">archivo<\/a><\/li>\n<\/ul>\n\n\n\n<hr class=\"wp-block-separator has-css-opacity is-style-default\"\/>\n\n\n\n<ul>\n<li><em><strong><strong>Programas vigentes para el examen de admisi\u00f3n a primer a\u00f1o<\/strong><\/strong> <strong>FRANC\u00c9S<\/strong>:<\/em> <a rel=\"noreferrer noopener\" href=\"https:\/\/ieslvf-caba.infd.edu.ar\/sitio\/wp-content\/uploads\/2023\/08\/Programa-y-recomendaciones-para-el-examen-de-admision-a-1er-ano-2023-1-2.pdf\" target=\"_blank\">PROGRAMA DE FRANC\u00c9S PARA ADMISI\u00d3N A PRIMER A\u00d1O<\/a><\/li>\n\n\n\n<li>EXAMEN DE FRANC\u00c9S PARA INGRESO A 1ER A\u00d1O: <a rel=\"noreferrer noopener\" href=\"https:\/\/ieslvf-caba.infd.edu.ar\/sitio\/wp-content\/uploads\/2023\/08\/Modelo-de-examen-de-frances-admision-a-1ro-2.pdf\" target=\"_blank\">Modelo 1er a\u00f1o<\/a><\/li>\n<\/ul>\n\n\n\n<p><\/p>\n\n\n\n<hr class=\"wp-block-separator has-css-opacity is-style-default\"\/>\n\n\n\n<h5 class=\"wp-block-heading has-pale-cyan-blue-background-color has-background\"><strong>ADMISI\u00d3N A CURSOS SUPERIORES 202<\/strong>6<\/h5>\n\n\n\n<p>Para el ingreso a cursos superiores&nbsp;(de 2\u00b0 a 5\u00b0 a\u00f1o&nbsp;del nivel medio)&nbsp;se deber\u00e1 rendir examen de lengua extranjera, ingl\u00e9s o franc\u00e9s. El examen se realizar\u00e1 el d\u00eda<strong>&nbsp;25 de febrero a las 8:00 h.&nbsp;<\/strong>La inscripci\u00f3n al examen de admisi\u00f3n se realizar\u00e1<strong>&nbsp;del 12 al 20 de febrero de 8 a 12 horas.<\/strong><\/p>\n\n\n\n<p><strong>Documentaci\u00f3n que se debe adjuntar para la inscripci\u00f3n:<br><\/strong>1) Constancia de alumno regular, con el Plan de Estudio e idioma cursado<br>2) Bolet\u00edn de calificaciones actualizado<br>3) Fotocopia de documento del aspirante<br>4) N\u00famero de preinscripci\u00f3n del GCBA (obligatorio)<br><em><strong>La ficha de inscripci\u00f3n se puede adquirir en la fotocopiadora del establecimiento o <a href=\"https:\/\/ieslvf-caba.infd.edu.ar\/sitio\/wp-content\/uploads\/2025\/12\/INSCRIPCION-2026-de-2-a-5-ano.pdf\" target=\"_blank\" rel=\"noreferrer noopener\">descargarla de aqu\u00ed<\/a><\/strong><\/em><\/p>\n\n\n\n<h6 class=\"wp-block-heading has-pale-cyan-blue-background-color has-background\">IMPORTANTE Y OBLIGATORIO PARA INSCRIBIRSE<\/h6>\n\n\n\n<p>Deber\u00e1n realizar la&nbsp;<a rel=\"noreferrer noopener\" href=\"https:\/\/www.buenosaires.gob.ar\/educacion\/estudiantes\/inscripcionescolar\" target=\"_blank\">inscripci\u00f3n online<\/a>&nbsp;en la p\u00e1gina del GCBA <strong>desde el 26 de enero al 8 de febrero,&nbsp;<\/strong>inscripci\u00f3n obligatoria para estudiantes provenientes&nbsp;de escuelas de gesti\u00f3n privada, escuelas universitarias&nbsp;o del extranjero<\/p>\n\n\n\n<p>Es condici\u00f3n aprobar el examen de admisi\u00f3n en lengua extranjera ingl\u00e9s o franc\u00e9s y el ingreso es por orden de m\u00e9rito seg\u00fan la cantidad de vacantes disponibles. M\u00e1s all\u00e1 de ello, se debe contar con la n\u00f3mina de asignaturas que no se han cursado en el anterior establecimiento educativo. A tales efectos, cada familia debe comunicarse a trav\u00e9s de&nbsp;<a href=\"mailto:movilidad.secundaria@bue.edu.ar\" rel=\"noreferrer noopener\" target=\"_blank\">movilidad.secundaria@bue.edu.ar<\/a>&nbsp;con los agentes que analizar\u00e1n cada situaci\u00f3n en particular.&nbsp;<\/p>\n\n\n\n<p>Cualquier novedad o cambio ser\u00e1 publicado.<\/p>\n\n\n\n<hr class=\"wp-block-separator has-css-opacity is-style-default\"\/>\n\n\n\n<p><strong>PROGRAMAS DE ADMISI\u00d3N DE INGL\u00c9S BACHILLERATO ORIENTADO NES<\/strong><\/p>\n\n\n\n<ul>\n<li><a href=\"https:\/\/ieslvf-caba.infd.edu.ar\/sitio\/wp-content\/uploads\/2025\/04\/Ingreso-a-2do.docx.pdf\" target=\"_blank\" rel=\"noreferrer noopener\">Segundo A\u00f1o<\/a><\/li>\n\n\n\n<li><a href=\"https:\/\/ieslvf-caba.infd.edu.ar\/sitio\/wp-content\/uploads\/2025\/04\/Ingreso-a-3er.docx.pdf\" target=\"_blank\" rel=\"noreferrer noopener\">Tercer A\u00f1o<\/a><\/li>\n\n\n\n<li><a href=\"https:\/\/ieslvf-caba.infd.edu.ar\/sitio\/wp-content\/uploads\/2025\/04\/Ingreso-a-4to.docx.pdf\" target=\"_blank\" rel=\"noreferrer noopener\">Cuarto A\u00f1o<\/a><\/li>\n\n\n\n<li><a href=\"https:\/\/ieslvf-caba.infd.edu.ar\/sitio\/wp-content\/uploads\/2025\/04\/Ingreso-a-5to.docx.pdf\" target=\"_blank\" rel=\"noreferrer noopener\">Quinto A\u00f1o<\/a><\/li>\n<\/ul>\n\n\n\n<hr class=\"wp-block-separator has-css-opacity is-style-default\"\/>\n\n\n\n<p><strong>MODELOS DE EXAMEN DE INGL\u00c9S Y DESCRIPCI\u00d3N&nbsp;(no est\u00e1n basados en el programa actual, es a modo de ejemplo para ejercitaci\u00f3n)<\/strong><\/p>\n\n\n\n<ul>\n<li><a rel=\"noreferrer noopener\" href=\"https:\/\/ieslvf-caba.infd.edu.ar\/sitio\/wp-content\/uploads\/2021\/12\/ADMISION-A-2DO-2019.pdf\" target=\"_blank\">Modelo 2do a\u00f1o<\/a><\/li>\n\n\n\n<li><a href=\"https:\/\/ieslvf-caba.infd.edu.ar\/sitio\/wp-content\/uploads\/2021\/12\/ADMISION-A-3RO-2019.pdf\" target=\"_blank\" rel=\"noreferrer noopener\">Modelo 3er a\u00f1o<\/a><\/li>\n\n\n\n<li><a href=\"https:\/\/ieslvf-caba.infd.edu.ar\/sitio\/wp-content\/uploads\/2021\/12\/ADMISION-A-4TO-2019.pdf\" target=\"_blank\" rel=\"noreferrer noopener\">Modelo 4to a\u00f1o<\/a><\/li>\n\n\n\n<li><a href=\"https:\/\/ieslvf-caba.infd.edu.ar\/sitio\/wp-content\/uploads\/2021\/12\/ADMISION-A-5TO-2019.pdf\" target=\"_blank\" rel=\"noreferrer noopener\">Modelo&nbsp;5to a\u00f1o<\/a><\/li>\n\n\n\n<li><a href=\"https:\/\/ieslvf-caba.infd.edu.ar\/sitio\/wp-content\/uploads\/2021\/12\/TIPO-DE-EJERCICIOS-PARA-LOS-EXAMENES-DE-ADMISION-DE-2.pdf\" target=\"_blank\" rel=\"noreferrer noopener\">Descripci\u00f3n<\/a><strong>&nbsp;<\/strong><\/li>\n<\/ul>\n\n\n\n<hr class=\"wp-block-separator has-css-opacity is-style-default\"\/>\n\n\n\n<p><strong>PROGRAMAS DE ADMISI\u00d3N DE FRANC\u00c9S<\/strong><\/p>\n\n\n\n<ul>\n<li><a href=\"https:\/\/ieslvf-caba.infd.edu.ar\/sitio\/wp-content\/uploads\/2020\/05\/ingresosegundoa%C3%B1o.doc\">Segundo A\u00f1o<\/a><\/li>\n\n\n\n<li><a href=\"https:\/\/ieslvf-caba.infd.edu.ar\/sitio\/wp-content\/uploads\/2020\/05\/Programa-ingreso-a-tercer-a%C3%B1o.docx\">Tercer A\u00f1o<\/a><\/li>\n\n\n\n<li><a href=\"https:\/\/ieslvf-caba.infd.edu.ar\/sitio\/wp-content\/uploads\/2020\/05\/ProgramaingresoaCuartoa%C3%B1o.doc\">Cuarto A\u00f1o<\/a><\/li>\n\n\n\n<li><a href=\"https:\/\/ieslvf-caba.infd.edu.ar\/sitio\/wp-content\/uploads\/2020\/05\/Programa-ingreso-a-quintoa%C3%B1o.doc\">Quinto A\u00f1o<\/a><\/li>\n<\/ul>\n\n\n\n<hr class=\"wp-block-separator has-alpha-channel-opacity\"\/>\n\n\n\n<p><strong>MODELOS DE EXAMEN DE FRANC\u00c9S <\/strong><\/p>\n\n\n\n<ul>\n<li><a href=\"https:\/\/ieslvf-caba.infd.edu.ar\/sitio\/wp-content\/uploads\/2026\/02\/AdmisionaSegundo.pdf\" target=\"_blank\" rel=\"noreferrer noopener\">Segundo A\u00f1o<\/a><\/li>\n\n\n\n<li><a href=\"https:\/\/ieslvf-caba.infd.edu.ar\/sitio\/wp-content\/uploads\/2026\/02\/AdmisionaTercero.pdf\" target=\"_blank\" rel=\"noreferrer noopener\">Tercer A\u00f1o<\/a><\/li>\n\n\n\n<li><a href=\"https:\/\/ieslvf-caba.infd.edu.ar\/sitio\/wp-content\/uploads\/2026\/02\/AdmisionaCuarto.pdf\" target=\"_blank\" rel=\"noreferrer noopener\">Cuarto A\u00f1o<\/a><\/li>\n\n\n\n<li><a href=\"https:\/\/ieslvf-caba.infd.edu.ar\/sitio\/wp-content\/uploads\/2026\/02\/AdmisionaQuinto.pdf\" target=\"_blank\" rel=\"noreferrer noopener\">Quinto A\u00f1o<\/a><\/li>\n<\/ul>\n\n\n\n<p><strong>&nbsp;Mail de contacto:<\/strong><a href=\"mailto:ieslvjrf_nmdireccion@bue.edu.ar\"><strong>ieslvjrf_nmdireccion@bue.edu.ar<\/strong><\/a><\/p>\n","protected":false},"excerpt":{"rendered":"<p>REUNI\u00d3N DE FAMILIAS PARA INGRESANTES A 1 A\u00d1O 2027 24 de abril a las 7:30 horas 26 de junio a las 7:30 horas 28 de agosto a las 7:30 horas 30 de octubre a las 7:30 horas TALLER PARA INGRESANTES A 1 A\u00d1O Taller de ingl\u00e9s: Elegir un solo turno, cupos limitados a 25 lugares: &#8230; <a title=\"Ingreso al Nivel Medio\" class=\"read-more\" href=\"https:\/\/ieslvf-caba.infd.edu.ar\/sitio\/ingreso-al-nivel-medio-2021\/\" aria-label=\"More on Ingreso al Nivel Medio\">[+]<\/a><\/p>\n","protected":false},"author":726,"featured_media":0,"parent":0,"menu_order":0,"comment_status":"closed","ping_status":"closed","template":"","meta":[],"acf":[],"_links":{"self":[{"href":"https:\/\/ieslvf-caba.infd.edu.ar\/sitio\/wp-json\/wp\/v2\/pages\/10580"}],"collection":[{"href":"https:\/\/ieslvf-caba.infd.edu.ar\/sitio\/wp-json\/wp\/v2\/pages"}],"about":[{"href":"https:\/\/ieslvf-caba.infd.edu.ar\/sitio\/wp-json\/wp\/v2\/types\/page"}],"author":[{"embeddable":true,"href":"https:\/\/ieslvf-caba.infd.edu.ar\/sitio\/wp-json\/wp\/v2\/users\/726"}],"replies":[{"embeddable":true,"href":"https:\/\/ieslvf-caba.infd.edu.ar\/sitio\/wp-json\/wp\/v2\/comments?post=10580"}],"version-history":[{"count":115,"href":"https:\/\/ieslvf-caba.infd.edu.ar\/sitio\/wp-json\/wp\/v2\/pages\/10580\/revisions"}],"predecessor-version":[{"id":21425,"href":"https:\/\/ieslvf-caba.infd.edu.ar\/sitio\/wp-json\/wp\/v2\/pages\/10580\/revisions\/21425"}],"wp:attachment":[{"href":"https:\/\/ieslvf-caba.infd.edu.ar\/sitio\/wp-json\/wp\/v2\/media?parent=10580"}],"curies":[{"name":"wp","href":"https:\/\/api.w.org\/{rel}","templated":true}]}}