{"id":10589,"date":"2021-09-30T17:35:26","date_gmt":"2021-09-30T20:35:26","guid":{"rendered":"https:\/\/ieslvf-caba.infd.edu.ar\/sitio\/?page_id=10589"},"modified":"2021-10-27T15:31:33","modified_gmt":"2021-10-27T18:31:33","slug":"normativa-nivel-medio-2021","status":"publish","type":"page","link":"https:\/\/ieslvf-caba.infd.edu.ar\/sitio\/normativa-nivel-medio-2021\/","title":{"rendered":"Normativa &#8211; Nivel Medio 2021"},"content":{"rendered":"\n<div class=\"wp-block-cover alignwide has-background-dim-20 has-background-dim is-position-center-center\" style=\"min-height:100px\"><img decoding=\"async\" loading=\"lazy\" width=\"1000\" height=\"667\" class=\"wp-block-cover__image-background wp-image-10590\" alt=\"\" src=\"https:\/\/ieslvf-caba.infd.edu.ar\/sitio\/wp-content\/uploads\/2021\/09\/book-in-library-with-open-textbook.jpg\" style=\"object-position:34% 58%\" data-object-fit=\"cover\" data-object-position=\"34% 58%\" srcset=\"https:\/\/ieslvf-caba.infd.edu.ar\/sitio\/wp-content\/uploads\/2021\/09\/book-in-library-with-open-textbook.jpg 1000w, https:\/\/ieslvf-caba.infd.edu.ar\/sitio\/wp-content\/uploads\/2021\/09\/book-in-library-with-open-textbook-768x512.jpg 768w\" sizes=\"(max-width: 1000px) 100vw, 1000px\" \/><div class=\"wp-block-cover__inner-container\">\n<p class=\"has-text-align-center has-text-color\" style=\"color:#fffffa;font-size:40px;line-height:1.1\"><strong>Normativa &#8211; Nivel Medio<\/strong><\/p>\n<\/div><\/div>\n\n\n\n<p><br>A continuaci\u00f3n se incluyen&nbsp; las principales reglamentaciones que regulan la actividad del Nivel.<\/p>\n\n\n\n<p><strong>Gu\u00eda del estudiante<\/strong><\/p>\n\n\n\n<p>La Gu\u00eda del estudiante incluye un resumen de las principales reglamentaciones del nivel y se instrumenta como <em>contrato <\/em>entre el alumno y la Instituci\u00f3n.&nbsp;<\/p>\n\n\n\n<p><a href=\"upload\/Reglamentodeconvivencia.pdf\" target=\"_blank\" rel=\"noreferrer noopener\"><strong>Reglamento de convivencia<\/strong><\/a><\/p>\n\n\n\n<p>El r\u00e9gimen de convivencia del I.E.S. en Lenguas Vivas \u201cJuan Ram\u00f3n Fern\u00e1ndez\u201d es el resultado del intercambio de propuestas elaboradas por todos los integrantes de la comunidad educativa: docentes, alumnos y padres,&nbsp; que desde hace varios a\u00f1os en jornadas y reuniones, han ido consensuando las normas y valores democr\u00e1ticos que comparten.<\/p>\n\n\n\n<p><strong>Estatuto del Docente<\/strong> El <a href=\"http:\/\/www.buenosaires.gov.ar\/areas\/educacion\/infoadmin\/estatuto_docente.php\">Estatuto del Docente<\/a> de la Ciudad Au\u00f3noma de Buenos Aires regula la actividad profesional de los docentes de la jurisdicci\u00f3n.<\/p>\n\n\n\n<p><strong>Reglamento escolar<\/strong><\/p>\n\n\n\n<p>El <a href=\"http:\/\/www.cedom.gov.ar\/es\/legislacion\/prestaciones\/educacion\/index3.html#reg1\">Reglamento<\/a> del Sistema Educativo de Gesti\u00f3n P\u00fablica dependiente del Ministerio de Educaci\u00f3n del Gobierno de la Ciudad Aut\u00f3noma de Buenos Aires, es la norma que regula la actividad de la instituci\u00f3n.&nbsp;<\/p>\n\n\n\n<p><a href=\"upload\/planevacuacion.pdf\" target=\"_blank\" rel=\"noreferrer noopener\"><strong>Plan de evacuaci\u00f3n<\/strong><\/a><\/p>\n\n\n\n<p>La Estrategia de evacuaci\u00f3n de la instituci\u00f3n en caso de emergencia o siniestro fue dise\u00f1ada por los t\u00e9cnicos del \u00c1rea de Mitigaci\u00f3n de Riesgos del Gobierno de la Ciudad.<\/p>\n\n\n\n<p><\/p>\n","protected":false},"excerpt":{"rendered":"<p>A continuaci\u00f3n se incluyen&nbsp; las principales reglamentaciones que regulan la actividad del Nivel. Gu\u00eda del estudiante La Gu\u00eda del estudiante incluye un resumen de las principales reglamentaciones del nivel y se instrumenta como contrato entre el alumno y la Instituci\u00f3n.&nbsp; Reglamento de convivencia El r\u00e9gimen de convivencia del I.E.S. en Lenguas Vivas \u201cJuan Ram\u00f3n Fern\u00e1ndez\u201d &#8230; <a title=\"Normativa &#8211; Nivel Medio 2021\" class=\"read-more\" href=\"https:\/\/ieslvf-caba.infd.edu.ar\/sitio\/normativa-nivel-medio-2021\/\" aria-label=\"More on Normativa &#8211; Nivel Medio 2021\">[+]<\/a><\/p>\n","protected":false},"author":2900,"featured_media":0,"parent":0,"menu_order":0,"comment_status":"closed","ping_status":"closed","template":"","meta":[],"acf":[],"_links":{"self":[{"href":"https:\/\/ieslvf-caba.infd.edu.ar\/sitio\/wp-json\/wp\/v2\/pages\/10589"}],"collection":[{"href":"https:\/\/ieslvf-caba.infd.edu.ar\/sitio\/wp-json\/wp\/v2\/pages"}],"about":[{"href":"https:\/\/ieslvf-caba.infd.edu.ar\/sitio\/wp-json\/wp\/v2\/types\/page"}],"author":[{"embeddable":true,"href":"https:\/\/ieslvf-caba.infd.edu.ar\/sitio\/wp-json\/wp\/v2\/users\/2900"}],"replies":[{"embeddable":true,"href":"https:\/\/ieslvf-caba.infd.edu.ar\/sitio\/wp-json\/wp\/v2\/comments?post=10589"}],"version-history":[{"count":2,"href":"https:\/\/ieslvf-caba.infd.edu.ar\/sitio\/wp-json\/wp\/v2\/pages\/10589\/revisions"}],"predecessor-version":[{"id":11251,"href":"https:\/\/ieslvf-caba.infd.edu.ar\/sitio\/wp-json\/wp\/v2\/pages\/10589\/revisions\/11251"}],"wp:attachment":[{"href":"https:\/\/ieslvf-caba.infd.edu.ar\/sitio\/wp-json\/wp\/v2\/media?parent=10589"}],"curies":[{"name":"wp","href":"https:\/\/api.w.org\/{rel}","templated":true}]}}