{"id":10593,"date":"2021-09-30T17:40:42","date_gmt":"2021-09-30T20:40:42","guid":{"rendered":"https:\/\/ieslvf-caba.infd.edu.ar\/sitio\/?page_id=10593"},"modified":"2022-08-24T15:10:51","modified_gmt":"2022-08-24T18:10:51","slug":"orientaciones-2021","status":"publish","type":"page","link":"https:\/\/ieslvf-caba.infd.edu.ar\/sitio\/orientaciones-2021\/","title":{"rendered":"Orientaciones 2022"},"content":{"rendered":"\n<div class=\"wp-block-cover alignwide has-background-dim-20 has-background-dim is-position-center-center\" style=\"min-height:100px\"><img decoding=\"async\" loading=\"lazy\" width=\"1200\" height=\"800\" class=\"wp-block-cover__image-background wp-image-10594\" alt=\"\" src=\"https:\/\/ieslvf-caba.infd.edu.ar\/sitio\/wp-content\/uploads\/2021\/09\/creative-world-book-day-composition.jpg\" style=\"object-position:37% 67%\" data-object-fit=\"cover\" data-object-position=\"37% 67%\" srcset=\"https:\/\/ieslvf-caba.infd.edu.ar\/sitio\/wp-content\/uploads\/2021\/09\/creative-world-book-day-composition.jpg 1200w, https:\/\/ieslvf-caba.infd.edu.ar\/sitio\/wp-content\/uploads\/2021\/09\/creative-world-book-day-composition-1000x667.jpg 1000w, https:\/\/ieslvf-caba.infd.edu.ar\/sitio\/wp-content\/uploads\/2021\/09\/creative-world-book-day-composition-768x512.jpg 768w\" sizes=\"(max-width: 1200px) 100vw, 1200px\" \/><div class=\"wp-block-cover__inner-container\">\n<p class=\"has-text-align-center has-text-color\" style=\"color:#fffffa;font-size:40px;line-height:1.1\"><strong>Orientaciones<\/strong><\/p>\n<\/div><\/div>\n\n\n\n<p>El Nivel Medio cuenta con tres orientaciones y una modalidad biling\u00fce.<br>Las orientaciones son:<br>&#8211; Bachillerato en Lenguas<br>&#8211; Bachillerato en Ciencias Sociales y Humanidades<br>&#8211; Bachillerato en Matem\u00e1tica y F\u00edsica<br>&#8211; Bachillerato biling\u00fce <br><br>Para m\u00e1s informaci\u00f3n acerca de las orientaciones y sus respectivos planes de estudio, ingrese en este <a rel=\"noreferrer noopener\" href=\"https:\/\/ieslvf-caba.infd.edu.ar\/sitio\/wp-content\/uploads\/2019\/04\/PLAN_DE_ESTUDIOS.pdf\" target=\"_blank\">enlace. <\/a><\/p>\n","protected":false},"excerpt":{"rendered":"<p>El Nivel Medio cuenta con tres orientaciones y una modalidad biling\u00fce.Las orientaciones son:&#8211; Bachillerato en Lenguas&#8211; Bachillerato en Ciencias Sociales y Humanidades&#8211; Bachillerato en Matem\u00e1tica y F\u00edsica&#8211; Bachillerato biling\u00fce Para m\u00e1s informaci\u00f3n acerca de las orientaciones y sus respectivos planes de estudio, ingrese en este enlace.<\/p>\n","protected":false},"author":2900,"featured_media":0,"parent":0,"menu_order":0,"comment_status":"closed","ping_status":"closed","template":"","meta":[],"acf":[],"_links":{"self":[{"href":"https:\/\/ieslvf-caba.infd.edu.ar\/sitio\/wp-json\/wp\/v2\/pages\/10593"}],"collection":[{"href":"https:\/\/ieslvf-caba.infd.edu.ar\/sitio\/wp-json\/wp\/v2\/pages"}],"about":[{"href":"https:\/\/ieslvf-caba.infd.edu.ar\/sitio\/wp-json\/wp\/v2\/types\/page"}],"author":[{"embeddable":true,"href":"https:\/\/ieslvf-caba.infd.edu.ar\/sitio\/wp-json\/wp\/v2\/users\/2900"}],"replies":[{"embeddable":true,"href":"https:\/\/ieslvf-caba.infd.edu.ar\/sitio\/wp-json\/wp\/v2\/comments?post=10593"}],"version-history":[{"count":3,"href":"https:\/\/ieslvf-caba.infd.edu.ar\/sitio\/wp-json\/wp\/v2\/pages\/10593\/revisions"}],"predecessor-version":[{"id":13675,"href":"https:\/\/ieslvf-caba.infd.edu.ar\/sitio\/wp-json\/wp\/v2\/pages\/10593\/revisions\/13675"}],"wp:attachment":[{"href":"https:\/\/ieslvf-caba.infd.edu.ar\/sitio\/wp-json\/wp\/v2\/media?parent=10593"}],"curies":[{"name":"wp","href":"https:\/\/api.w.org\/{rel}","templated":true}]}}