{"id":10597,"date":"2021-09-30T17:44:24","date_gmt":"2021-09-30T20:44:24","guid":{"rendered":"https:\/\/ieslvf-caba.infd.edu.ar\/sitio\/?page_id=10597"},"modified":"2023-12-22T13:28:23","modified_gmt":"2023-12-22T16:28:23","slug":"mesas-de-examenes-2","status":"publish","type":"page","link":"https:\/\/ieslvf-caba.infd.edu.ar\/sitio\/mesas-de-examenes-2\/","title":{"rendered":"Mesas de ex\u00e1menes"},"content":{"rendered":"\n<div class=\"wp-block-cover alignwide is-light is-position-center-center\" style=\"min-height:100px\"><span aria-hidden=\"true\" class=\"wp-block-cover__background has-background-dim-20 has-background-dim\"><\/span><img decoding=\"async\" loading=\"lazy\" width=\"1000\" height=\"667\" class=\"wp-block-cover__image-background wp-image-10601\" alt=\"\" src=\"https:\/\/ieslvf-caba.infd.edu.ar\/sitio\/wp-content\/uploads\/2021\/09\/row-of-students-doing-an-exam.jpg\" style=\"object-position:91% 82%\" data-object-fit=\"cover\" data-object-position=\"91% 82%\" srcset=\"https:\/\/ieslvf-caba.infd.edu.ar\/sitio\/wp-content\/uploads\/2021\/09\/row-of-students-doing-an-exam.jpg 1000w, https:\/\/ieslvf-caba.infd.edu.ar\/sitio\/wp-content\/uploads\/2021\/09\/row-of-students-doing-an-exam-768x512.jpg 768w\" sizes=\"(max-width: 1000px) 100vw, 1000px\" \/><div class=\"wp-block-cover__inner-container\">\n<p class=\"has-text-align-center has-white-color has-text-color\" style=\"font-size:40px;line-height:1.1\"><strong>Mesas de examen e inscripci\u00f3n al pr\u00f3ximo ciclo<\/strong><\/p>\n<\/div><\/div>\n\n\n\n<p><\/p>\n\n\n\n<h4 class=\"wp-block-heading\">MESAS DE EXAMEN NIVEL MEDIO 14 y 15 DE FEBRERO DE 2024<\/h4>\n\n\n\n<ul>\n<li><strong>Alumnos regulares:&nbsp;inscripci\u00f3n desde el 7 de febrero hasta el 14 de febrero del 2024&nbsp;<\/strong>:&nbsp;<a rel=\"noreferrer noopener\" href=\"https:\/\/forms.gle\/co4xHCo7SgjckuZo8\" target=\"_blank\">Formulario para la inscripci\u00f3n<\/a><\/li>\n\n\n\n<li><strong>Alumnos para Terminalidad:&nbsp;inscripci\u00f3n desde el 7 de febrero hasta el 14 de febrero del 2024<\/strong>:&nbsp;<a rel=\"noreferrer noopener\" href=\"https:\/\/forms.gle\/PhbDcQ2eTCozNz6e8\" target=\"_blank\">Formulario para la inscripci\u00f3n<\/a><\/li>\n<\/ul>\n\n\n<div class=\"wp-block-image\">\n<figure class=\"aligncenter size-full\"><img decoding=\"async\" loading=\"lazy\" width=\"1360\" height=\"878\" src=\"https:\/\/ieslvf-caba.infd.edu.ar\/sitio\/wp-content\/uploads\/2023\/12\/Mesas-febrero-NM.png\" alt=\"\" class=\"wp-image-16522\" srcset=\"https:\/\/ieslvf-caba.infd.edu.ar\/sitio\/wp-content\/uploads\/2023\/12\/Mesas-febrero-NM.png 1360w, https:\/\/ieslvf-caba.infd.edu.ar\/sitio\/wp-content\/uploads\/2023\/12\/Mesas-febrero-NM-1000x646.png 1000w, https:\/\/ieslvf-caba.infd.edu.ar\/sitio\/wp-content\/uploads\/2023\/12\/Mesas-febrero-NM-768x496.png 768w\" sizes=\"(max-width: 1360px) 100vw, 1360px\" \/><\/figure><\/div>\n\n\n<p>Centro de Acompa\u00f1amiento a las Trayectorias Escolares&nbsp;<strong>(CATE), para materias pendientes, o por movilidad.<\/strong><\/p>\n\n\n\n<p>En el Nivel Secundario, los\/as estudiantes deben asistir un m\u00ednimo de 10 encuentros de 80 minutos. Transcurridos los 10 encuentros se les tomar\u00e1 un examen integrador que, de ser aprobado, dar\u00e1 por acreditada la materia.&nbsp;<\/p>\n\n\n\n<p>Inscripci\u00f3n:&nbsp;<a href=\"https:\/\/sites.google.com\/bue.edu.ar\/cateescuelasnormales\/p%C3%A1gina-principal?authuser=1\">https:\/\/sites.google.com\/bue.edu.ar\/cateescuelasnormales\/p%C3%A1gina-principal?authuser=1<\/a><\/p>\n\n\n\n<hr class=\"wp-block-separator has-css-opacity is-style-wide\"\/>\n\n\n\n<h4 class=\"wp-block-heading\">Instancia de inscripci\u00f3n para el pr\u00f3ximo&nbsp;ciclo lectivo, para estudiantes <strong><span class=\"has-inline-color has-vivid-red-color\">regulares<\/span><\/strong> de la instituci\u00f3n.<\/h4>\n\n\n\n<p>-Formulario de Inscripci\u00f3n a 5 a\u00f1o&nbsp;<a rel=\"noreferrer noopener\" href=\"https:\/\/forms.gle\/zkZodgydC3iDA3Dz6\" target=\"_blank\">https:\/\/forms.gle\/zkZodgydC3iDA3Dz6<\/a><br><br>-Formulario de inscripci\u00f3n de 2 a 4 a\u00f1o&nbsp;&nbsp;<a rel=\"noreferrer noopener\" href=\"https:\/\/forms.gle\/1tNCT8z2eYwSmarW6\" target=\"_blank\">https:\/\/forms.gle\/1tNCT8z2eYwSmarW6<\/a><\/p>\n","protected":false},"excerpt":{"rendered":"<p>MESAS DE EXAMEN NIVEL MEDIO 14 y 15 DE FEBRERO DE 2024 Centro de Acompa\u00f1amiento a las Trayectorias Escolares&nbsp;(CATE), para materias pendientes, o por movilidad. En el Nivel Secundario, los\/as estudiantes deben asistir un m\u00ednimo de 10 encuentros de 80 minutos. Transcurridos los 10 encuentros se les tomar\u00e1 un examen integrador que, de ser aprobado, &#8230; <a title=\"Mesas de ex\u00e1menes\" class=\"read-more\" href=\"https:\/\/ieslvf-caba.infd.edu.ar\/sitio\/mesas-de-examenes-2\/\" aria-label=\"More on Mesas de ex\u00e1menes\">[+]<\/a><\/p>\n","protected":false},"author":2900,"featured_media":0,"parent":0,"menu_order":0,"comment_status":"closed","ping_status":"closed","template":"","meta":[],"acf":[],"_links":{"self":[{"href":"https:\/\/ieslvf-caba.infd.edu.ar\/sitio\/wp-json\/wp\/v2\/pages\/10597"}],"collection":[{"href":"https:\/\/ieslvf-caba.infd.edu.ar\/sitio\/wp-json\/wp\/v2\/pages"}],"about":[{"href":"https:\/\/ieslvf-caba.infd.edu.ar\/sitio\/wp-json\/wp\/v2\/types\/page"}],"author":[{"embeddable":true,"href":"https:\/\/ieslvf-caba.infd.edu.ar\/sitio\/wp-json\/wp\/v2\/users\/2900"}],"replies":[{"embeddable":true,"href":"https:\/\/ieslvf-caba.infd.edu.ar\/sitio\/wp-json\/wp\/v2\/comments?post=10597"}],"version-history":[{"count":21,"href":"https:\/\/ieslvf-caba.infd.edu.ar\/sitio\/wp-json\/wp\/v2\/pages\/10597\/revisions"}],"predecessor-version":[{"id":16523,"href":"https:\/\/ieslvf-caba.infd.edu.ar\/sitio\/wp-json\/wp\/v2\/pages\/10597\/revisions\/16523"}],"wp:attachment":[{"href":"https:\/\/ieslvf-caba.infd.edu.ar\/sitio\/wp-json\/wp\/v2\/media?parent=10597"}],"curies":[{"name":"wp","href":"https:\/\/api.w.org\/{rel}","templated":true}]}}