{"id":10611,"date":"2021-09-30T18:10:03","date_gmt":"2021-09-30T21:10:03","guid":{"rendered":"https:\/\/ieslvf-caba.infd.edu.ar\/sitio\/?page_id=10611"},"modified":"2021-10-27T15:33:35","modified_gmt":"2021-10-27T18:33:35","slug":"centro-de-estudiantes-nivel-medio-2021","status":"publish","type":"page","link":"https:\/\/ieslvf-caba.infd.edu.ar\/sitio\/centro-de-estudiantes-nivel-medio-2021\/","title":{"rendered":"Centro de estudiantes &#8211; Nivel Medio 2021"},"content":{"rendered":"\n<div class=\"wp-block-cover alignwide has-background-dim-20 has-background-dim is-position-center-center\" style=\"min-height:100px\"><img decoding=\"async\" loading=\"lazy\" width=\"640\" height=\"480\" class=\"wp-block-cover__image-background wp-image-10184\" alt=\"\" src=\"https:\/\/ieslvf-caba.infd.edu.ar\/sitio\/wp-content\/uploads\/2021\/09\/entrada-frente-2.jpg\" style=\"object-position:55% 29%\" data-object-fit=\"cover\" data-object-position=\"55% 29%\"\/><div class=\"wp-block-cover__inner-container\">\n<p class=\"has-text-align-center has-text-color\" style=\"color:#fffffa;font-size:40px;line-height:1.1\"><strong>Centro de estudiantes &#8211; Nivel Medio<\/strong><\/p>\n<\/div><\/div>\n\n\n\n<p><\/p>\n\n\n\n<p>\u00bfQu\u00e9 es un Centro de Estudiantes?<\/p>\n\n\n\n<p>Es el espacio de participaci\u00f3n y representaci\u00f3n de todo el estudiantado. El Centro de Estudiantes tiene como prop\u00f3sito fortalecer los lazos entre los estudiantes hacia la interna y externa del propio colegio, defender los intereses de sus estudiantes y la educaci\u00f3n p\u00fablica. Esto se lleva adelante a trav\u00e9s de actividades art\u00edsticas, recreativas, manifestaciones, debates, etc. siempre respondiendo a la voluntad del propio estudiantado.<\/p>\n\n\n\n<p>\u00bfC\u00f3mo se organiza el Centro de Estudiantes Secundarios del Lenguas Vivas (CESLV)?<\/p>\n\n\n\n<p>Actualmente el CESLV posee una Comisi\u00f3n Directiva conformada con SECRETAR\u00cdAS cuyos secretarios se renuevan mediante elecciones con voto secreto durante el \u00faltimo trimestre de cada a\u00f1o. Las funciones de estas secretar\u00edas son representar al estudiantado, operativizar las decisiones tomadas por los estudiantes y en caso de urgencia\/necesario, tomar decisiones. Las secretar\u00edas son:<\/p>\n\n\n\n<ul><li>SECRETAR\u00cdA GENERAL<\/li><li>SECRETAR\u00cdA DE COMUNICACI\u00d3N<\/li><li>SECRETAR\u00cdA DE CULTURA<\/li><li>SECRETAR\u00cdA DE TESORER\u00cdA<\/li><\/ul>\n\n\n\n<p>Adem\u00e1s, pueden surgir COMISIONES dependientes de las secretar\u00edas encargadas de un tema espec\u00edfico como son, por ejemplo, las que actualmente funcionan:<\/p>\n\n\n\n<p>COMISI\u00d3N REVISTA: se encarga de la elaboraci\u00f3n de una revista propia del estudiantado.<\/p>\n\n\n\n<p>COMISI\u00d3N SOLIDARIA: participa del Proyecto Solidario Institucional apadrinando a una escuela rural en Campo Piccoli, realiza jornadas solidarias y colecta de donaciones.<\/p>\n\n\n\n<p>COMISI\u00d3N DE G\u00c9NERO: realiza campa\u00f1as visuales, debates y paneles relacionados al tema.<\/p>\n\n\n\n<p>COMISI\u00d3N LITERARIA: realiza intercambio de libro y debate sobre los mismos.<\/p>\n\n\n\n<p>Por otro lado, el CESLV posee un Cuerpo de Delegados conformado por dos delegados por curso que son votados al comenzar cada a\u00f1o. \u00c9ste se re\u00fane semanalmente y es el \u00f3rgano m\u00e1s utilizado para la toma de decisiones, sea en las mismas reuniones o llevando la votaci\u00f3n a los cursos.<\/p>\n\n\n\n<p>M\u00e1s all\u00e1 de la existencia de la mencionada Comisi\u00f3n Directiva y Cuerpo de Delegados, la instancia de mayor representaci\u00f3n son las ASAMBLEAS. Por esta raz\u00f3n, las decisiones m\u00e1s importantes son tomadas en las mismas y constan, al igual que lo decidido en las otras dos instancias, en el Libro de Actas.<\/p>\n\n\n\n<p>Contactos<\/p>\n\n\n\n<p>FB: Ces Lenguas Vivas Jrf<\/p>\n\n\n\n<p>Twitter: @CESLV_2014<\/p>\n\n\n\n<p>Mail: ce.sec.lv@gmail.com<\/p>\n","protected":false},"excerpt":{"rendered":"<p>\u00bfQu\u00e9 es un Centro de Estudiantes? Es el espacio de participaci\u00f3n y representaci\u00f3n de todo el estudiantado. El Centro de Estudiantes tiene como prop\u00f3sito fortalecer los lazos entre los estudiantes hacia la interna y externa del propio colegio, defender los intereses de sus estudiantes y la educaci\u00f3n p\u00fablica. Esto se lleva adelante a trav\u00e9s de &#8230; <a title=\"Centro de estudiantes &#8211; Nivel Medio 2021\" class=\"read-more\" href=\"https:\/\/ieslvf-caba.infd.edu.ar\/sitio\/centro-de-estudiantes-nivel-medio-2021\/\" aria-label=\"More on Centro de estudiantes &#8211; Nivel Medio 2021\">[+]<\/a><\/p>\n","protected":false},"author":2900,"featured_media":0,"parent":0,"menu_order":0,"comment_status":"closed","ping_status":"closed","template":"","meta":[],"acf":[],"_links":{"self":[{"href":"https:\/\/ieslvf-caba.infd.edu.ar\/sitio\/wp-json\/wp\/v2\/pages\/10611"}],"collection":[{"href":"https:\/\/ieslvf-caba.infd.edu.ar\/sitio\/wp-json\/wp\/v2\/pages"}],"about":[{"href":"https:\/\/ieslvf-caba.infd.edu.ar\/sitio\/wp-json\/wp\/v2\/types\/page"}],"author":[{"embeddable":true,"href":"https:\/\/ieslvf-caba.infd.edu.ar\/sitio\/wp-json\/wp\/v2\/users\/2900"}],"replies":[{"embeddable":true,"href":"https:\/\/ieslvf-caba.infd.edu.ar\/sitio\/wp-json\/wp\/v2\/comments?post=10611"}],"version-history":[{"count":1,"href":"https:\/\/ieslvf-caba.infd.edu.ar\/sitio\/wp-json\/wp\/v2\/pages\/10611\/revisions"}],"predecessor-version":[{"id":10612,"href":"https:\/\/ieslvf-caba.infd.edu.ar\/sitio\/wp-json\/wp\/v2\/pages\/10611\/revisions\/10612"}],"wp:attachment":[{"href":"https:\/\/ieslvf-caba.infd.edu.ar\/sitio\/wp-json\/wp\/v2\/media?parent=10611"}],"curies":[{"name":"wp","href":"https:\/\/api.w.org\/{rel}","templated":true}]}}