{"id":10630,"date":"2021-10-01T15:17:16","date_gmt":"2021-10-01T18:17:16","guid":{"rendered":"https:\/\/ieslvf-caba.infd.edu.ar\/sitio\/?page_id=10630"},"modified":"2021-10-27T15:34:44","modified_gmt":"2021-10-27T18:34:44","slug":"organigrama-nivel-medio-2021","status":"publish","type":"page","link":"https:\/\/ieslvf-caba.infd.edu.ar\/sitio\/organigrama-nivel-medio-2021\/","title":{"rendered":"Organigrama Nivel Medio 2021"},"content":{"rendered":"\n<div class=\"wp-block-cover alignwide has-background-dim-20 has-background-dim is-position-center-center\" style=\"min-height:100px\"><img decoding=\"async\" loading=\"lazy\" width=\"1401\" height=\"1161\" class=\"wp-block-cover__image-background wp-image-10631\" alt=\"\" src=\"https:\/\/ieslvf-caba.infd.edu.ar\/sitio\/wp-content\/uploads\/2021\/10\/close-up-of-businesswoman-looking-at-sticky-notes-on-graph.jpg\" style=\"object-position:51% 51%\" data-object-fit=\"cover\" data-object-position=\"51% 51%\" srcset=\"https:\/\/ieslvf-caba.infd.edu.ar\/sitio\/wp-content\/uploads\/2021\/10\/close-up-of-businesswoman-looking-at-sticky-notes-on-graph.jpg 1401w, https:\/\/ieslvf-caba.infd.edu.ar\/sitio\/wp-content\/uploads\/2021\/10\/close-up-of-businesswoman-looking-at-sticky-notes-on-graph-1000x829.jpg 1000w, https:\/\/ieslvf-caba.infd.edu.ar\/sitio\/wp-content\/uploads\/2021\/10\/close-up-of-businesswoman-looking-at-sticky-notes-on-graph-768x636.jpg 768w\" sizes=\"(max-width: 1401px) 100vw, 1401px\" \/><div class=\"wp-block-cover__inner-container\">\n<p class=\"has-text-align-center has-text-color\" style=\"color:#fffffa;font-size:40px;line-height:1.1\"><strong>Organigrama Nivel Medio<\/strong><\/p>\n<\/div><\/div>\n\n\n\n<p><\/p>\n\n\n\n<h2 class=\"wp-block-heading\">Autoridades<\/h2>\n\n\n\n<figure class=\"wp-block-table\"><table><tbody><tr><td>&nbsp;<\/td><td><strong>Director\/a<\/strong>: Prof. Paola Gioseffi<\/td><\/tr><tr><td>&nbsp;<\/td><td><strong>Vicedirector<\/strong>: Prof. Daniel Rinaldi <\/td><\/tr><tr><td><\/td><td>Email: ieslvjrf_nmdireccion@bue.edu.ar<\/td><\/tr><\/tbody><\/table><\/figure>\n\n\n\n<h6 class=\"wp-block-heading\"><strong>Coordinadores<\/strong>:<\/h6>\n\n\n\n<ul><li>Prof. Andrea Zer\u00f3n (\u00c1rea Franc\u00e9s y Portugu\u00e9s)<\/li><li>Prof. Susana Dapena (\u00c1rea Ingl\u00e9s y Alem\u00e1n)<\/li><li>Prof. Germ\u00e1n Cano (\u00c1rea Ciencias Exactas y Naturales)<\/li><li>A designar (\u00c1rea Ciencias Sociales)<\/li><li>Prof. Marcelo Salvatti (\u00c1rea Expresi\u00f3n)<\/li><li>Prof. Luciana Agull\u00f3 (\u00c1rea Comunicaci\u00f3n)<\/li><li>Prof. Silvia Rodriguez (\u00c1rea Bachillerato en Lenguas)<\/li><li>A designar (\u00c1rea Bachillerato Matem\u00e1tica y F\u00edsica)<\/li><li>Prof. Sebasti\u00e1n Rigueiro (\u00c1rea Bachillerato en Ciencias Sociales)<\/li><li>Prof. Gast\u00f3n Yadevito (\u00c1rea Educaci\u00f3n F\u00edsica)<\/li><li>Prof. Claudia Peluso (\u00c1rea Tutor\u00eda)<\/li><li>Prof. Lorena de Arbelaiz (Bachillerato Biling\u00fce)<\/li><\/ul>\n\n\n\n<p><strong>Colaboradores:<\/strong><\/p>\n\n\n\n<ul><li>Prof. Luciana Berger (Colaboradora \u00c1rea Ingl\u00e9s)<\/li><li>Prof. Mercedes Resano (\u00c1rea Franc\u00e9s y Portugu\u00e9s)<\/li><li>Prof. Marisa Rennis (\u00c1rea Ingl\u00e9s y Alem\u00e1n)<\/li><li>Prof. Juan G\u00e1ndara (\u00c1rea Ciencias Sociales)<\/li><li>Prof. Claudia Peluso (\u00c1rea Expresi\u00f3n)<\/li><\/ul>\n\n\n\n<p><strong>DOE (Departamento de Orientaci\u00f3n al Estudiante)<\/strong>:<\/p>\n\n\n\n<ul><li>Asesora Pedag\u00f3gica: Prof. Mar\u00eda Gabriela Aste Avenda\u00f1o<\/li><li>Psic\u00f3loga Institucional:&nbsp;&nbsp;Lic. Alejandra Ballester<\/li><li>Psic\u00f3loga: Lic. Valeria Vallebella<\/li><\/ul>\n\n\n\n<p><strong>Preceptor\u00eda:<\/strong><\/p>\n\n\n\n<ul><li>Jefa de Preceptores:&nbsp;Prof. Marcela Bruno<\/li><li>Subjefe de Preceptores: Prof. Manuel Ba\u00f1os<\/li><\/ul>\n\n\n\n<h2 class=\"wp-block-heading\"><br>Organigrama<\/h2>\n\n\n\n<figure class=\"wp-block-image\"><img decoding=\"async\" src=\"https:\/\/ieslvf-caba.infd.edu.ar\/sitio\/wp-content\/uploads\/2018\/08\/OrganigramaNivelMedio.png\" alt=\"OrganigramaNivelMedio\" title=\"OrganigramaNivelMedio\"\/><\/figure>\n\n\n\n<p><\/p>\n","protected":false},"excerpt":{"rendered":"<p>Autoridades &nbsp; Director\/a: Prof. Paola Gioseffi &nbsp; Vicedirector: Prof. Daniel Rinaldi Email: ieslvjrf_nmdireccion@bue.edu.ar Coordinadores: Prof. Andrea Zer\u00f3n (\u00c1rea Franc\u00e9s y Portugu\u00e9s) Prof. Susana Dapena (\u00c1rea Ingl\u00e9s y Alem\u00e1n) Prof. Germ\u00e1n Cano (\u00c1rea Ciencias Exactas y Naturales) A designar (\u00c1rea Ciencias Sociales) Prof. Marcelo Salvatti (\u00c1rea Expresi\u00f3n) Prof. Luciana Agull\u00f3 (\u00c1rea Comunicaci\u00f3n) Prof. Silvia Rodriguez (\u00c1rea &#8230; <a title=\"Organigrama Nivel Medio 2021\" class=\"read-more\" href=\"https:\/\/ieslvf-caba.infd.edu.ar\/sitio\/organigrama-nivel-medio-2021\/\" aria-label=\"More on Organigrama Nivel Medio 2021\">[+]<\/a><\/p>\n","protected":false},"author":2900,"featured_media":0,"parent":0,"menu_order":0,"comment_status":"closed","ping_status":"closed","template":"","meta":[],"acf":[],"_links":{"self":[{"href":"https:\/\/ieslvf-caba.infd.edu.ar\/sitio\/wp-json\/wp\/v2\/pages\/10630"}],"collection":[{"href":"https:\/\/ieslvf-caba.infd.edu.ar\/sitio\/wp-json\/wp\/v2\/pages"}],"about":[{"href":"https:\/\/ieslvf-caba.infd.edu.ar\/sitio\/wp-json\/wp\/v2\/types\/page"}],"author":[{"embeddable":true,"href":"https:\/\/ieslvf-caba.infd.edu.ar\/sitio\/wp-json\/wp\/v2\/users\/2900"}],"replies":[{"embeddable":true,"href":"https:\/\/ieslvf-caba.infd.edu.ar\/sitio\/wp-json\/wp\/v2\/comments?post=10630"}],"version-history":[{"count":3,"href":"https:\/\/ieslvf-caba.infd.edu.ar\/sitio\/wp-json\/wp\/v2\/pages\/10630\/revisions"}],"predecessor-version":[{"id":11185,"href":"https:\/\/ieslvf-caba.infd.edu.ar\/sitio\/wp-json\/wp\/v2\/pages\/10630\/revisions\/11185"}],"wp:attachment":[{"href":"https:\/\/ieslvf-caba.infd.edu.ar\/sitio\/wp-json\/wp\/v2\/media?parent=10630"}],"curies":[{"name":"wp","href":"https:\/\/api.w.org\/{rel}","templated":true}]}}