{"id":10639,"date":"2021-10-01T15:54:15","date_gmt":"2021-10-01T18:54:15","guid":{"rendered":"https:\/\/ieslvf-caba.infd.edu.ar\/sitio\/?page_id=10639"},"modified":"2021-10-27T15:35:24","modified_gmt":"2021-10-27T18:35:24","slug":"secundaria-del-futuro-2021","status":"publish","type":"page","link":"https:\/\/ieslvf-caba.infd.edu.ar\/sitio\/secundaria-del-futuro-2021\/","title":{"rendered":"Secundaria del futuro 2021"},"content":{"rendered":"\n<div class=\"wp-block-cover alignwide has-background-dim-20 has-background-dim is-position-center-center\" style=\"min-height:100px\"><img decoding=\"async\" loading=\"lazy\" width=\"1201\" height=\"801\" class=\"wp-block-cover__image-background wp-image-10640\" alt=\"\" src=\"https:\/\/ieslvf-caba.infd.edu.ar\/sitio\/wp-content\/uploads\/2021\/10\/man-using-digital-tablet-psd-mockup-smart-technology.jpg\" style=\"object-position:51% 52%\" data-object-fit=\"cover\" data-object-position=\"51% 52%\" srcset=\"https:\/\/ieslvf-caba.infd.edu.ar\/sitio\/wp-content\/uploads\/2021\/10\/man-using-digital-tablet-psd-mockup-smart-technology.jpg 1201w, https:\/\/ieslvf-caba.infd.edu.ar\/sitio\/wp-content\/uploads\/2021\/10\/man-using-digital-tablet-psd-mockup-smart-technology-1000x667.jpg 1000w, https:\/\/ieslvf-caba.infd.edu.ar\/sitio\/wp-content\/uploads\/2021\/10\/man-using-digital-tablet-psd-mockup-smart-technology-768x512.jpg 768w\" sizes=\"(max-width: 1201px) 100vw, 1201px\" \/><div class=\"wp-block-cover__inner-container\">\n<p class=\"has-text-align-center has-text-color\" style=\"color:#fffffa;font-size:40px;line-height:1.1\"><strong>Secundaria del futuro<\/strong><\/p>\n<\/div><\/div>\n\n\n\n<p>En este espacio compartimos los documentos divulgados sobre el proyecto de profundizaci\u00f2n de la NES, denominado \u00abSecundaria del futuro\u00bb y las l\u00edneas de acci\u00f3n realizadas por la comunidad educativa de nuestra instituci\u00f3n en rechazo al proyecto. Adem\u00e1s encontrar\u00e1n normativa que reglamenta la implementaci\u00f3n de la NES y l\u00edneas de acci\u00f3n propuestas por la Subsecretar\u00eda de Gest\u00f3n Econ\u00f3mico Financiera y Administraci\u00f3n de Recursos, e Infraestructura.<\/p>\n\n\n\n<p><strong>Documentos divulgados por la Subsecretar\u00eda de Coordinaci\u00f3n Pedag\u00f3gica e Inclusi\u00f3n Educativa:<\/strong><\/p>\n\n\n\n<ol><li><a href=\"upload\/Acta_acuerdo_con_gremios.pdf\" target=\"_blank\" rel=\"noreferrer noopener\">Acta acuerdo con gremios del 4 de octubre de 2017<\/a><\/li><li><a href=\"upload\/Documento_Profundizacion_NES_La_escuela_que_queremos.pdf\" target=\"_blank\" rel=\"noreferrer noopener\">Documento sobre la profundizaci\u00f3n de la NES (21 de septiembre de 2017)<\/a><\/li><li><a href=\"upload\/Carta_compromiso_recursos_tecnologicos1.pdf\" target=\"_blank\" rel=\"noreferrer noopener\">Carta compromiso de la Subsecretar\u00eda de Planeamiento e Innovaci\u00f3n Educativa sobre recursos tecnol\u00f3gicos. (13 de septiembre de 2017)<\/a><\/li><li><a href=\"upload\/Carta_Ministra_Educacion.pdf\" target=\"_blank\" rel=\"noreferrer noopener\">Carta enviada por la Ministra de Educaci\u00f3n, Soledad Acu\u00f1a (13 de septiembre de 2017)<\/a><\/li><li><a href=\"upload\/Carta_compromiso_Infraestructura.pdf\" target=\"_blank\" rel=\"noreferrer noopener\">Carta compromiso de la Subsecretar\u00eda de Gesti\u00f3n Econ\u00f3mico, Financiera y Administraci\u00f3n de Recursos sobre las modificaciones de infraestructura a realizar en las aulas de primer a\u00f1o. (13 de septiembre de 2017)<\/a><\/li><li><a href=\"upload\/Que_es_la_secundaria_del_futuro.jpeg\" target=\"_blank\" rel=\"noreferrer noopener\">Nota informativa para las familias (8 de septiembre de 2017)<\/a><\/li><\/ol>\n\n\n\n<p><strong>L\u00edneas de acci\u00f3n realizadas por la comunidad educativa en rechazo al proyecto<\/strong><\/p>\n\n\n\n<ol><li><a href=\"upload\/Asamblea__07_10_2017_LVJRF.pdf\" target=\"_blank\" rel=\"noreferrer noopener\">Asamblea de la Comunidad Educativa del 7 de octubre del 2017<\/a><\/li><li><a href=\"upload\/Acta_12_SET_2017.pdf\" target=\"_blank\" rel=\"noreferrer noopener\">Carta del Consejo de Educaci\u00f3n Superior de Gesti\u00f3n Estatal (CESGE) a las autoridades del Ministerio de Educaci\u00f3n del 26 de septiembre de 2017<\/a><\/li><li><a href=\"upload\/Acta_12_SET_2017.pdf\" target=\"_blank\" rel=\"noreferrer noopener\">Acta de la sesi\u00f3n ordinaria del 12 de septiembre del 2017 del Consejo Directivo<\/a><\/li><li>Pronunciamiento del Consejo Directivo<\/li><li>Asamblea de la Comunidad Educativa del 9 de septiembre de 2017. El rectorado no recibi\u00f3 un acta de los temas debatidos en esta asamblea.<\/li><\/ol>\n\n\n\n<p><strong>Infraestructura<\/strong><\/p>\n\n\n\n<p><strong><a href=\"upload\/Resolucion_de_adjudicacion.pdf\" target=\"_blank\" rel=\"noreferrer noopener\">RESOL -2017-284-SSGEFYAR del 22 de agosto de 2017<\/a><\/strong><\/p>\n\n\n\n<p>Aprueba la Licitaci\u00f3n P\u00fablica N\u00b0 866-SIGAF-17 (10\/17) y adjudica a Coypro S.A. los<br>trabajos de obra nueva y ampliaci\u00f3n en la azotea\/terraza del 5\u00b0 piso del edificio anexo de Carlos Pellegrini 1515. Se construir\u00e1n 4 aulas y un n\u00facleo sanitario con la circulaci\u00f3n cerrada que vincula toda la planta.<\/p>\n\n\n\n<p><a rel=\"noreferrer noopener\" href=\"upload\/Informe_tecnico.pdf\" target=\"_blank\">Informe t\u00e9cnico<\/a><\/p>\n\n\n\n<p><strong>Adecuaci\u00f3n de aulas segundo piso<\/strong><\/p>\n\n\n\n<p>El d\u00eda 12 de septiembre de 2017 funcionarios de las Direcciones Generales de Infraestructura Escolar y de Mantenimiento Escolar, ambas dependientes del Ministerio de Educaci\u00f3n del Gobierno de la Ciudad de Buenos Aires firmaron en nuestra instituci\u00f3n el acta compromiso para la adecuaci\u00f3n de aulas en las que se cursar\u00e1 el 1\u00b0 a\u00f1o del ciclo lectivo 2018.<\/p>\n\n\n\n<p>Se realiz\u00f3 un relevamiento para evaluar las necesidades de cada aula para la puesta a punto (con plano adjunto) y se determin\u00f3 como fecha de inicio de la obra el 15 de noviembre de 2017.<\/p>\n\n\n\n<p>Se acordaron las tareas a realizar por cada \u00e1rea:<\/p>\n\n\n\n<p>INFRAESTRUCTURA<\/p>\n\n\n\n<ul><li>Adecuaci\u00f3n edilicia de aulas (instalaci\u00f3n el\u00e9ctrica, luminaria)<\/li><li>Jaulas porta proyector y parlantes<\/li><li>Canalizaci\u00f3n de aulas<\/li><\/ul>\n\n\n\n<p>MANTENIMIENTO:<\/p>\n\n\n\n<ul><li>Pintura: se realizar\u00e1 c\u00f3mputo de cada local para calcular presupuesto.<\/li><li>Control solar: se evaluar\u00e1 en qu\u00e9 casos ser\u00e1 necesario colocar <em>blackouts<\/em>.<\/li><\/ul>\n\n\n\n<p>MOBILIARIO<\/p>\n\n\n\n<ul><li>Equipamiento: pupitres, sillas, escritorios para docentes, 2 pizarrones y armarios.<\/li><li>Desarrollo y fabricaci\u00f3n de muebles porta notebooks para docente.<\/li><\/ul>\n\n\n\n<p><strong>Normativa que reglamenta la implementaci\u00f3n de la NES, resoluciones del Consejo Federal de Educaci\u00f3n y del Ministerio de Educaci\u00f3n del GCBA.<\/strong><\/p>\n\n\n\n<p><strong><a href=\"http:\/\/www.buenosaires.gob.ar\/sites\/gcaba\/files\/res_megc_321_15.pdf\">RESOL \u2013 321\/MEGC\/2015 del 26 de enero de 2015<\/a><\/strong><\/p>\n\n\n\n<p>Aprueba El Dise\u00f1o Curricular y la Estructura Curricular para el Ciclo B\u00e1sico de la Escuela Secundaria.<\/p>\n\n\n\n<p>Aprueba el Dise\u00f1o Curricular y la Estructura Curricular para la Formaci\u00f3n General del Ciclo Orientado para la escuela secundaria de los establecimientos correspondientes de la Direcci\u00f3n de Educaci\u00f3n Media y de la Direcci\u00f3n de Educaci\u00f3n T\u00e9cnica de la Direcci\u00f3n General de Educaci\u00f3n de Gesti\u00f3n Estatal, de la Direcci\u00f3n de Formaci\u00f3n Docente y de la Direcci\u00f3n de Educaci\u00f3n Art\u00edstica de la Direcci\u00f3n General de Educaci\u00f3n Superior y de la Direcci\u00f3n General de Gesti\u00f3n Privada de la Ciudad Aut\u00f3noma de Buenos Aires.<\/p>\n\n\n\n<p><strong><a href=\"http:\/\/www.me.gov.ar\/consejo\/resoluciones\/res12\/191-12.pdf\">RESOL \u2013 CFE 191\/12 del 5 de diciembre de 2012<\/a><\/strong><\/p>\n\n\n\n<p>N\u00facleo Com\u00fan de La Formaci\u00f3n del Ciclo Orientado de la Educaci\u00f3n Secundaria<\/p>\n\n\n\n<p><strong><a href=\"https:\/\/documentosboletinoficial.buenosaires.gob.ar\/publico\/20111214_2ax.pdf\">DECRETO N\u00b0 660\/11 del 10 de diciembre de 2011<\/a><\/strong><\/p>\n\n\n\n<p>Establece que La Direcci\u00f3n General de Planeamiento e Innovaci\u00f3n Educativa tiene entre sus responsabilidades la de dise\u00f1ar y proponer la curr\u00edcula educativa.<\/p>\n\n\n\n<p><a href=\"upload\/Disen_o-e-Implementacion-del-Plan-de-Mejoras-Institucional.pdf\" target=\"_blank\" rel=\"noreferrer noopener\">Dise\u00f1o e implementaci\u00f3n del Plan Mejora Institucional &#8211; marzo de 2011<\/a><\/p>\n\n\n\n<p><strong><a href=\"http:\/\/www.me.gov.ar\/consejo\/resoluciones\/res09\/93-09.pdf\">RESOL \u2013 CFE N\u00b0 93\/09 del 17 de diciembre de 2009<\/a><\/strong><\/p>\n\n\n\n<p>Orientaciones para la organizaci\u00f3n pedag\u00f3gica e institucional de la educaci\u00f3n secundaria obligatoria<\/p>\n\n\n\n<p><strong><a href=\"http:\/\/www.me.gov.ar\/consejo\/resoluciones\/res09\/84-09.pdf\">RESOL \u2013 CFE N\u00b0 84\/09 del 15 de octubre del 2009<\/a><\/strong><\/p>\n\n\n\n<p>Establece que \u201cLa Formaci\u00f3n General constituye el n\u00facleo de formaci\u00f3n com\u00fan de la Educaci\u00f3n Secundaria\u201d y por ello \u201cdebe estar presente en todas las propuestas educativas del Nivel en el pa\u00eds e incluirse en los planes de formaci\u00f3n de todas y cada una de las orientaciones y modalidades. Comienza en el ciclo b\u00e1sico y se extiende hasta el fin de la obligatoriedad, en el ciclo orientado.<\/p>\n","protected":false},"excerpt":{"rendered":"<p>En este espacio compartimos los documentos divulgados sobre el proyecto de profundizaci\u00f2n de la NES, denominado \u00abSecundaria del futuro\u00bb y las l\u00edneas de acci\u00f3n realizadas por la comunidad educativa de nuestra instituci\u00f3n en rechazo al proyecto. Adem\u00e1s encontrar\u00e1n normativa que reglamenta la implementaci\u00f3n de la NES y l\u00edneas de acci\u00f3n propuestas por la Subsecretar\u00eda de &#8230; <a title=\"Secundaria del futuro 2021\" class=\"read-more\" href=\"https:\/\/ieslvf-caba.infd.edu.ar\/sitio\/secundaria-del-futuro-2021\/\" aria-label=\"More on Secundaria del futuro 2021\">[+]<\/a><\/p>\n","protected":false},"author":2900,"featured_media":0,"parent":0,"menu_order":0,"comment_status":"closed","ping_status":"closed","template":"","meta":[],"acf":[],"_links":{"self":[{"href":"https:\/\/ieslvf-caba.infd.edu.ar\/sitio\/wp-json\/wp\/v2\/pages\/10639"}],"collection":[{"href":"https:\/\/ieslvf-caba.infd.edu.ar\/sitio\/wp-json\/wp\/v2\/pages"}],"about":[{"href":"https:\/\/ieslvf-caba.infd.edu.ar\/sitio\/wp-json\/wp\/v2\/types\/page"}],"author":[{"embeddable":true,"href":"https:\/\/ieslvf-caba.infd.edu.ar\/sitio\/wp-json\/wp\/v2\/users\/2900"}],"replies":[{"embeddable":true,"href":"https:\/\/ieslvf-caba.infd.edu.ar\/sitio\/wp-json\/wp\/v2\/comments?post=10639"}],"version-history":[{"count":2,"href":"https:\/\/ieslvf-caba.infd.edu.ar\/sitio\/wp-json\/wp\/v2\/pages\/10639\/revisions"}],"predecessor-version":[{"id":11187,"href":"https:\/\/ieslvf-caba.infd.edu.ar\/sitio\/wp-json\/wp\/v2\/pages\/10639\/revisions\/11187"}],"wp:attachment":[{"href":"https:\/\/ieslvf-caba.infd.edu.ar\/sitio\/wp-json\/wp\/v2\/media?parent=10639"}],"curies":[{"name":"wp","href":"https:\/\/api.w.org\/{rel}","templated":true}]}}