{"id":10761,"date":"2021-10-06T15:38:32","date_gmt":"2021-10-06T18:38:32","guid":{"rendered":"https:\/\/ieslvf-caba.infd.edu.ar\/sitio\/?page_id=10761"},"modified":"2026-02-12T14:54:56","modified_gmt":"2026-02-12T17:54:56","slug":"docentes-terciario-2021","status":"publish","type":"page","link":"https:\/\/ieslvf-caba.infd.edu.ar\/sitio\/docentes-terciario-2021\/","title":{"rendered":"Docentes Nivel Terciario"},"content":{"rendered":"\n<div class=\"wp-block-cover alignwide is-light is-position-center-center\" style=\"min-height:100px\" id=\"arriba\"><span aria-hidden=\"true\" class=\"wp-block-cover__background has-background-dim-20 has-background-dim\"><\/span><img decoding=\"async\" loading=\"lazy\" width=\"357\" height=\"97\" class=\"wp-block-cover__image-background wp-image-2034\" alt=\"\" src=\"https:\/\/ieslvf-caba.infd.edu.ar\/sitio\/wp-content\/uploads\/2018\/08\/2XMqbvqMr8dAXimagen_incrustada1.png\" style=\"object-position:40% 26%\" data-object-fit=\"cover\" data-object-position=\"40% 26%\"\/><div class=\"wp-block-cover__inner-container\">\n<p class=\"has-text-align-center has-text-color\" style=\"color:#fffffa;font-size:40px;line-height:1.1\"><strong>Docentes<\/strong><\/p>\n<\/div><\/div>\n\n\n\n<hr class=\"wp-block-separator has-css-opacity is-style-default\"\/>\n\n\n\n<p class=\"has-text-align-center has-contrast-color has-text-color has-background has-medium-font-size\" style=\"background-color:#3ac9104a\"><strong>IMPORTANTE<\/strong><br>Docentes que hayan cargado las actas de cursada en el SIU Guaran\u00ed, por favor completar este <a rel=\"noreferrer noopener\" href=\"https:\/\/forms.gle\/79WAukPpHTNHhFGs8\" target=\"_blank\">formulario<\/a> para que Bedel\u00eda pueda validar la informaci\u00f3n en dicho sistema.<br><br>Les recordamos que deber\u00e1n presentarse en Bedel\u00eda para firmar el acta durante el per\u00edodo de mesas de ex\u00e1menes finales.&nbsp;&nbsp;<\/p>\n\n\n\n<hr class=\"wp-block-separator has-alpha-channel-opacity\"\/>\n\n\n\n<figure class=\"wp-block-table aligncenter\"><table class=\"has-background\" style=\"background-color:#e7f5fe\"><tbody><tr><td class=\"has-text-align-left\" data-align=\"left\"><strong>ASUNTOS ACAD\u00c9MICOS<\/strong><\/td><td class=\"has-text-align-left\" data-align=\"left\"><strong>TR\u00c1MITES ADMINISTRATIVOS<\/strong><\/td><td><strong>CAPACITACI\u00d3N<\/strong><\/td><\/tr><tr><td class=\"has-text-align-left\" data-align=\"left\"><a href=\"https:\/\/ieslvf-caba.infd.edu.ar\/sitio\/wp-admin\/post.php?post=10761&amp;action=edit#aulavirtual\">Aula Virtual: instructivo<\/a><\/td><td class=\"has-text-align-left\" data-align=\"left\"><a href=\"https:\/\/ieslvf-caba.infd.edu.ar\/sitio\/docentes-terciario-2021\/#art\">ART<\/a><\/td><td><a rel=\"noreferrer noopener\" href=\"https:\/\/ieslvf-caba.infd.edu.ar\/sitio\/wp-content\/uploads\/2020\/09\/Brown_Talleres-sobre-evaluaci%C3%B3n-2020.pdf\" target=\"_blank\">Capa<\/a><a rel=\"noreferrer noopener\" href=\"https:\/\/ieslvf-caba.infd.edu.ar\/sitio\/wp-content\/uploads\/2020\/09\/Brown_Talleres-sobre-evaluaci%C3%B3n-2020.pdf\" target=\"_blank\">citaci\u00f3n<\/a><\/td><\/tr><tr><td class=\"has-text-align-left\" data-align=\"left\"><a href=\"https:\/\/ieslvf-caba.infd.edu.ar\/sitio\/docentes-terciario-2021\/#ingresodocencia\">Ingreso a la docencia<\/a><\/td><td class=\"has-text-align-left\" data-align=\"left\"><a href=\"https:\/\/ieslvf-caba.infd.edu.ar\/sitio\/docentes-terciario-2021\/#estatuto\">Estatuto del Docente<\/a><\/td><td><a href=\"https:\/\/ieslvf-caba.infd.edu.ar\/sitio\/docentes-terciario-2021\/#formacioncontinua\">Formaci\u00f3n continua<\/a><\/td><\/tr><tr><td class=\"has-text-align-left\" data-align=\"left\"><a href=\"#selecciones\" data-type=\"internal\" data-id=\"#selecciones\">Selecciones docentes<\/a><\/td><td class=\"has-text-align-left\" data-align=\"left\"><a href=\"https:\/\/ieslvf-caba.infd.edu.ar\/sitio\/docentes-terciario-2021\/#experiencias\">Experiencias directas<br>y salidas educativas<\/a><\/td><td><\/td><\/tr><tr><td class=\"has-text-align-left\" data-align=\"left\"><a href=\"#siuguarani\">SIU Guaran\u00ed &#8211; acceso y<br>carga de calificaciones<\/a><\/td><td class=\"has-text-align-left\" data-align=\"left\"><a href=\"https:\/\/ieslvf-caba.infd.edu.ar\/sitio\/docentes-terciario-2021\/#formularios\">Formularios y Plantillas<\/a><\/td><td><\/td><\/tr><tr><td class=\"has-text-align-left\" data-align=\"left\"><a href=\"https:\/\/acrobat.adobe.com\/id\/urn:aaid:sc:US:dcbfe16a-bd25-4cb1-8231-cb3001de1c42\" target=\"_blank\" rel=\"noreferrer noopener\">SIU Guaran\u00ed &#8211; instructivo<br>actas de cursadas<\/a><\/td><td class=\"has-text-align-left\" data-align=\"left\"><a href=\"https:\/\/ieslvf-caba.infd.edu.ar\/sitio\/docentes-terciario-2021\/#licencias\">Licencias<\/a><\/td><td><\/td><\/tr><tr><td class=\"has-text-align-left\" data-align=\"left\">Acceso a carga de <br>calificaciones materias anuales<br>v\u00eda <a href=\"http:\/\/190.188.111.199\/\" target=\"_blank\" rel=\"noreferrer noopener\">sistema antiguo<\/a> <\/td><td class=\"has-text-align-left\" data-align=\"left\"><a href=\"https:\/\/ieslvf-caba.infd.edu.ar\/sitio\/docentes-terciario-2021\/#liqui\">Liquidaci\u00f3n de haberes<\/a><\/td><td><\/td><\/tr><tr><td class=\"has-text-align-left\" data-align=\"left\"><\/td><td class=\"has-text-align-left\" data-align=\"left\"><a href=\"https:\/\/ieslvf-caba.infd.edu.ar\/sitio\/docentes-terciario-2021\/#portaldocente\">Portal del docente<\/a><\/td><td><\/td><\/tr><\/tbody><\/table><\/figure>\n\n\n\n<hr class=\"wp-block-separator has-alpha-channel-opacity\"\/>\n\n\n\n<hr class=\"wp-block-separator has-alpha-channel-opacity\"\/>\n\n\n\n<h4 class=\"wp-block-heading has-cyan-bluish-gray-background-color has-text-color has-background\" id=\"siuguarani\" style=\"color:#001e78\">SIU Guaran\u00ed acceso y carga de calificaciones<\/h4>\n\n\n\n<p><strong>SIU guaran\u00ed &#8211; Instructivos:&nbsp;<\/strong><br>&#8211; Acceso al sistema SIU Guaran\u00ed &#8211; <a rel=\"noreferrer noopener\" href=\"https:\/\/ieslvf-caba.infd.edu.ar\/sitio\/wp-content\/uploads\/2025\/10\/INGRESO-AL-SISTEMA-DOCENTES.pdf\" target=\"_blank\">descargar<\/a><br>&#8211; Carga de calificaciones y otras funciones &#8211; <a rel=\"noreferrer noopener\" href=\"https:\/\/ieslvf-caba.infd.edu.ar\/sitio\/wp-content\/uploads\/2025\/10\/INSTRUCTIVO-DE-DOCENTES-MODULO-AUTOGESTION-1.pdf\" target=\"_blank\">descargar<\/a><\/p>\n\n\n\n<p>Link de acceso Autogesti\u00f3n &#8211; Docentes:&nbsp;<a rel=\"noreferrer noopener\" href=\"https:\/\/guarani-autogestionfdocente.bue.edu.ar\/\" target=\"_blank\">https:\/\/guarani-autogestionfdocente.bue.edu.ar\/<\/a><\/p>\n\n\n\n<p class=\"has-small-font-size\"><a href=\"#arriba\">Volver arriba<\/a><\/p>\n\n\n\n<hr class=\"wp-block-separator has-alpha-channel-opacity\"\/>\n\n\n\n<h4 class=\"wp-block-heading has-cyan-bluish-gray-background-color has-text-color has-background\" id=\"selecciones\" style=\"color:#001e78\">Selecciones docentes<\/h4>\n\n\n\n<p>El IES en Lenguas Vivas \u201cJuan Ram\u00f3n Fern\u00e1ndez\u201d informa que las convocatorias para la presentaci\u00f3n de antecedentes y propuestas a fin de cubrir c\u00e1tedras docentes vacantes en las distintas carreras que ofrece la instituci\u00f3n se publican los d\u00edas mi\u00e9rcoles en la <a rel=\"noreferrer noopener\" href=\"https:\/\/buenosaires.gob.ar\/comunicacion-semanal-ciclo-lectivo-2023\" target=\"_blank\">Comunicaci\u00f3n Oficial de la DENS <\/a>. En esta comunicaci\u00f3n semanal, tambi\u00e9n, se publica informaci\u00f3n de gesti\u00f3n de todos los niveles de las instituciones de formaci\u00f3n docente. En este sitio las comunicaciones est\u00e1n disponibles para su descarga.<\/p>\n\n\n\n<p>Consulte aqu\u00ed todas las convocatorias:<\/p>\n\n\n\n<p><a href=\"https:\/\/buenosaires.gob.ar\/gcaba_historico\/cobertura-de-catedras\/instituto-de-ensenanza-superior-en-lenguas-vivas-juan-ramon\" target=\"_blank\" rel=\"noreferrer noopener\">Instituto de Ense\u00f1anza Superior en Lenguas Vivas \u00abJuan Ram\u00f3n Fern\u00e1ndez\u00bb | Buenos Aires Ciudad &#8211; Gobierno de la Ciudad Aut\u00f3noma de Buenos Aires<\/a><\/p>\n\n\n\n<p class=\"has-small-font-size\"><a href=\"#arriba\">Volver arriba<\/a><\/p>\n\n\n\n<hr class=\"wp-block-separator has-alpha-channel-opacity is-style-default\" id=\"art\"\/>\n\n\n\n<h4 class=\"wp-block-heading has-cyan-bluish-gray-background-color has-text-color has-background\" style=\"color:#001e78\">ART<\/h4>\n\n\n\n<p><a rel=\"noreferrer noopener\" href=\"upload\/ART_instructivo_version_7_0_art.pdf\" target=\"_blank\">Instructivo Circuito de Denuncia de Accidente de Trabajo<\/a><\/p>\n\n\n\n<p class=\"has-small-font-size\"><a href=\"#arriba\">Volver arriba<\/a><\/p>\n\n\n\n<hr class=\"wp-block-separator has-alpha-channel-opacity is-style-default\" id=\"aulavirtual\"\/>\n\n\n\n<h4 class=\"wp-block-heading has-cyan-bluish-gray-background-color has-text-color has-background\" id=\":tw\" style=\"color:#001e78\">Aula virtual: instructivos<\/h4>\n\n\n\n<p><a href=\"https:\/\/ieslvf-caba.infd.edu.ar\/sitio\/wp-content\/uploads\/2019\/03\/INSTRUCTIVO-aula-virtual-feb-2019-convertido.pdf\" target=\"_blank\" rel=\"noreferrer noopener\">Instructivo para la utilizaci\u00f3n del Aula Virtual<\/a><\/p>\n\n\n\n<p>Capacitaci\u00f3n sobre el Campus Virtual (<a href=\"https:\/\/www.youtube.com\/watch?v=nbSWhozgyOw\">parte 1<\/a>) (<a href=\"https:\/\/www.youtube.com\/watch?v=kTIpd8-Uhow&amp;feature=youtu.be\">parte 2<\/a>)<\/p>\n\n\n\n<p>Para ingresar al Aula Virtual se debe utilizar el usuario y contrase\u00f1a otorgado por el responsable del Campus Mart\u00edn Echenbaum. Contacto: martinech79@gmail.com<\/p>\n\n\n\n<p>Tambi\u00e9n pueden consultar los <a rel=\"noreferrer noopener\" href=\"https:\/\/tic.infd.edu.ar\/\" target=\"_blank\">tutoriales del Instituto Nacional de Formaci\u00f3n Docente<\/a>.<\/p>\n\n\n\n<p><\/p>\n\n\n\n<h4 class=\"wp-block-heading\">Instructivo para la autoinscripci\u00f3n de estudiantes en el Campus Virtual:<\/h4>\n\n\n\n<figure class=\"wp-block-embed is-type-video is-provider-youtube wp-block-embed-youtube wp-embed-aspect-16-9 wp-has-aspect-ratio\"><div class=\"wp-block-embed__wrapper\">\n<iframe loading=\"lazy\" title=\"Instructivo para la autoinscripci\u00f3n de estudiantes en el Campus Virtual\" width=\"1200\" height=\"675\" src=\"https:\/\/www.youtube.com\/embed\/nRhvQ5IAa8c?feature=oembed\" frameborder=\"0\" allow=\"accelerometer; autoplay; clipboard-write; encrypted-media; gyroscope; picture-in-picture; web-share\" referrerpolicy=\"strict-origin-when-cross-origin\" allowfullscreen><\/iframe>\n<\/div><\/figure>\n\n\n\n<p class=\"has-small-font-size\"><a href=\"#arriba\">Volver arriba<\/a><\/p>\n\n\n\n<hr class=\"wp-block-separator has-alpha-channel-opacity\"\/>\n\n\n\n<h4 class=\"wp-block-heading has-cyan-bluish-gray-background-color has-text-color has-background\" style=\"color:#001e78\">Estatuto del Docente<\/h4>\n\n\n\n<p><a href=\"https:\/\/www.buenosaires.gob.ar\/sites\/gcaba\/files\/estatuto_junio_2022.pdf\" target=\"_blank\" rel=\"noreferrer noopener\">Estatuto del docente &#8211; JUN 2022<\/a><\/p>\n\n\n\n<p><a href=\"https:\/\/ieslvf-caba.infd.edu.ar\/sitio\/wp-content\/uploads\/2019\/05\/ck_PE-DEC-AJG-AJG-127-19-5590-DECRETO-127-SOBRE-MODIFICACIONES-ESTATUTO-DOCENTE.pdf\">Decreto N\u00b0 127\/19<\/a><\/p>\n\n\n\n<p><a href=\"https:\/\/www.buenosaires.gob.ar\/educacion\/docentes\/estatuto-del-docente\" target=\"_blank\" rel=\"noreferrer noopener\">P\u00e1gina GCBA<\/a><\/p>\n\n\n\n<p class=\"has-small-font-size\"><a href=\"#arriba\">Volver arriba<\/a><\/p>\n\n\n\n<hr class=\"wp-block-separator has-alpha-channel-opacity\"\/>\n\n\n\n<h4 class=\"wp-block-heading has-cyan-bluish-gray-background-color has-text-color has-background\" style=\"color:#001e78\">Portal del docente<\/h4>\n\n\n\n<ul>\n<li><strong>Docentes Educaci\u00f3n<\/strong><\/li>\n<\/ul>\n\n\n\n<p><a href=\"https:\/\/www.buenosaires.gob.ar\/educacion\/docentes\">Aqu\u00ed<\/a> vas a encontrar informaci\u00f3n de inter\u00e9s referida a:<\/p>\n\n\n\n<ul>\n<li>Inscripciones y clasificaci\u00f3n docente<\/li>\n\n\n\n<li>Portal de servicios: actividades culturales y tur\u00edsticas, aspectos t\u00e9cnico-administrativos, carrera docente, jubilaci\u00f3n.<\/li>\n\n\n\n<li>Recursos pedag\u00f3gicos<\/li>\n<\/ul>\n\n\n\n<h2 class=\"wp-block-heading\"><img decoding=\"async\" loading=\"lazy\" width=\"1000\" height=\"660\" src=\"https:\/\/ieslvf-caba.infd.edu.ar\/sitio\/wp-content\/uploads\/2019\/04\/docentes-educacion-1000x660.jpg\" alt=\"\"><\/h2>\n\n\n\n<h4 class=\"wp-block-heading has-text-color\" style=\"color:#001e78\"><a href=\"https:\/\/buenosaires.gob.ar\/guias-de-orientacion-educativa\" target=\"_blank\" rel=\"noreferrer noopener\">Gu\u00edas de orientaci\u00f3n educativa<\/a><\/h4>\n\n\n\n<ul>\n<li>Las Gu\u00edas de Orientaci\u00f3n Educativa se elaboraron con el objetivo de acercar a Docentes y Directivos de las escuelas las herramientas necesarias para la prevenci\u00f3n, intervenci\u00f3n y acompa\u00f1amiento de las alumnos\/as. Algunas de las tem\u00e1ticas propuestas son:\n<ul>\n<li>Abuso y Maltrato Infanto Juvenil<\/li>\n\n\n\n<li>Abordaje de situaciones de consumos en la escuela<\/li>\n\n\n\n<li>Bullying \u2013 Acoso entre pares<\/li>\n\n\n\n<li>Diversidad de G\u00e9nero<\/li>\n\n\n\n<li>Resoluci\u00f3n pac\u00edfica de conflictos<\/li>\n\n\n\n<li>Trabajo infantil<\/li>\n\n\n\n<li>Trata de personas<\/li>\n<\/ul>\n<\/li>\n\n\n\n<li>Pueden acceder a las mismas ingresando <a href=\"https:\/\/buenosaires.gob.ar\/guias-de-orientacion-educativa\" target=\"_blank\" rel=\"noreferrer noopener\">aqu\u00ed<\/a><\/li>\n\n\n\n<li>Orientaciones para docentes Para descargar el documento con informaci\u00f3n \u00fatil para docentes acceda&nbsp;<a href=\"https:\/\/ieslvf-caba.infd.edu.ar\/sitio\/wp-content\/uploads\/2019\/04\/Orientaciones-para-docentes-2019.pdf\">aqu\u00ed<\/a><\/li>\n\n\n\n<li>Protocolos\n<ul>\n<li>Protocolo de acci\u00f3n institucional en escuelas secundarias y establecimientos terciarios para la prevenci\u00f3n e intervenci\u00f3n ante situaciones de violencia de g\u00e9nero y discriminaci\u00f3n basada en la orientaci\u00f3n sexual e identidad de g\u00e9nero o su expresi\u00f3n. <a href=\"https:\/\/ieslvf-caba.infd.edu.ar\/sitio\/wp-content\/uploads\/2019\/05\/PROTOCOLODEACCI\u00d3NINSTITUCIONALENESCUELASSECUNDARIASYESTAB.pdf\">Descargar<\/a><\/li>\n<\/ul>\n<\/li>\n<\/ul>\n\n\n\n<p class=\"has-small-font-size\"><a href=\"#arriba\">Volver arriba<\/a><\/p>\n\n\n\n<hr class=\"wp-block-separator has-alpha-channel-opacity\"\/>\n\n\n\n<h4 class=\"wp-block-heading has-cyan-bluish-gray-background-color has-text-color has-background\" style=\"color:#001e78\">Ingreso a la docencia<\/h4>\n\n\n\n<h6 class=\"wp-block-heading\"><a href=\"https:\/\/clasificaciondocente.buenosaires.gob.ar\/\" target=\"_blank\" rel=\"noreferrer noopener\">Clasificaci\u00f3n Docente<\/a><\/h6>\n\n\n\n<h6 class=\"wp-block-heading\"><a href=\"http:\/\/www.buenosaires.gob.ar\/educacion\/idiomas\/ingreso-a-la-docencia-de-idiomas-en-las-escuelas-de-la-ciudad-de-buenos-aires\" target=\"_blank\" rel=\"noreferrer noopener\">Ingreso a la docencia en idiomas<\/a><\/h6>\n\n\n\n<h6 class=\"wp-block-heading\"><a href=\"https:\/\/buenosaires.gob.ar\/gcaba_historico\/cobertura-de-catedras\" target=\"_blank\" rel=\"noreferrer noopener\">Cobertura de c\u00e1tedras en el Nivel Superior<\/a><\/h6>\n\n\n\n<p class=\"has-small-font-size\"><a href=\"#arriba\">Volver arriba<\/a><\/p>\n\n\n\n<hr class=\"wp-block-separator has-css-opacity is-style-default\"\/>\n\n\n\n<h4 class=\"wp-block-heading has-cyan-bluish-gray-background-color has-text-color has-background\" style=\"color:#001e78\">Informaci\u00f3n administrativa.&nbsp;Formularios y plantillas<\/h4>\n\n\n\n<p><\/p>\n\n\n\n<h4 class=\"wp-block-heading\">Nivel Terciario &#8211; Bedel\u00eda de alumnos<\/h4>\n\n\n\n<p>Presentaci\u00f3n de programas de las materias del 29\/04\/2022 al 03\/05\/2022, previa revisi\u00f3n por parte de la Direcci\u00f3n de Carrera.<\/p>\n\n\n\n<p>Se informa a los profesores que no han entregado los programas de sus materias de a\u00f1os anteriores que deber\u00e1n hacerlo dentro de las 48 horas una vez iniciadas las clases de Nivel Terciario.<\/p>\n\n\n\n<h4 class=\"wp-block-heading\">Alumno ayudante<\/h4>\n\n\n\n<p>Se informa a los profesores que acepten alumnos ayudantes en sus c\u00e1tedras que deber\u00e1n entregar la <a href=\"upload\/Carta_aceptacion_Alumno_ayudante.pdf\" target=\"_blank\" rel=\"noreferrer noopener\">carta de aceptaci\u00f3n<\/a> a los alumnos para que puedan hacer la inscripci\u00f3n en Bedel\u00eda.<\/p>\n\n\n\n<h4 class=\"wp-block-heading\">Listas de asistencia<\/h4>\n\n\n\n<p>Se solicita no agregar alumnos en las listas de asistencia si no fueron verificados por la Bedel\u00eda. Solicitar al alumno el tal\u00f3n que autoriza el cursado.<\/p>\n\n\n\n<h4 class=\"wp-block-heading\">Presentaci\u00f3n de actas de cursada<\/h4>\n\n\n\n<p>Se informa que las actas de cursada deben entregarse, a m\u00e1s tardar, en la \u00faltima clase del cuatrimestre sin excepci\u00f3n. Es imprescindible para el personal de Bedel\u00eda poder contar con la informaci\u00f3n de las actas para luego habilitar a los alumnos a inscribirse <em>on line<\/em> para los ex\u00e1menes finales.<\/p>\n\n\n\n<h4 class=\"wp-block-heading\">Declaraci\u00f3n jurada de cargos<\/h4>\n\n\n\n<p>Presentaci\u00f3n de la Declaraci\u00f3n Jurada 2022 hasta el 29 de abril de 2022 en Secretar\u00eda General.<\/p>\n\n\n\n<h4 class=\"wp-block-heading\"><strong>Mail de contacto de la Secretar\u00eda General:<\/strong> <a rel=\"noreferrer noopener\" href=\"mailto:ieslvjrf_secretaria@bue.edu.ar\" target=\"_blank\">ieslvjrf_secretaria@bue.edu.ar<\/a><\/h4>\n\n\n\n<hr class=\"wp-block-separator has-alpha-channel-opacity\"\/>\n\n\n\n<h3 class=\"wp-block-heading\">Formularios y plantillas<\/h3>\n\n\n\n<figure class=\"wp-block-table\"><table><tbody><tr><td>Formato para la presentaci\u00f3n del CV<\/td><td><a href=\"upload\/Formato_Curriculum_Nivel_Superior.docx\" target=\"_blank\" rel=\"noreferrer noopener\">descargar<\/a><\/td><\/tr><tr><td>Comunicaci\u00f3n cambio de domicilio<\/td><td><a href=\"upload\/COMUNICACION_CAMBIO_DE_DOMICILIO.pdf\" target=\"_blank\" rel=\"noreferrer noopener\">descargar<\/a><\/td><\/tr><tr><td>Declaraci\u00f3n jurada de horarios &#8211; Nueva modalidad ingresando al siguiente link: <a href=\"https:\/\/www.buenosaires.gob.ar\/educacion\/noticias\/estamos-de-estreno-podras-realizar-tu-declaracion-jurada-en-linea-djl\" target=\"_blank\" rel=\"noreferrer noopener\">Sistema de gesti\u00f3n escolar<\/a><\/td><td>&#8212;-<\/td><\/tr><tr><td>Declaraci\u00f3n jurada atenci\u00f3n familiar enfermo<\/td><td><a href=\"upload\/DECLARACION_JURADAA_ATENCION_FAMILIAR_ENFERMOS.pdf\" target=\"_blank\" rel=\"noreferrer noopener\">descargar<\/a><\/td><\/tr><tr><td>Documentaci\u00f3n ingreso de personal<\/td><td><a href=\"upload\/Documentaci%F3n_ingreso_personal.pdf\" target=\"_blank\" rel=\"noreferrer noopener\">descargar<\/a><\/td><\/tr><tr><td>Planilla de designaci\u00f3n<\/td><td><a href=\"upload\/PLANILLA_DE_DESIGNACION.xls\" target=\"_blank\" rel=\"noreferrer noopener\">descargar<\/a><\/td><\/tr><\/tbody><\/table><\/figure>\n\n\n\n<p class=\"has-small-font-size\"><a href=\"#arriba\">Volver arriba<\/a><\/p>\n\n\n\n<hr class=\"wp-block-separator has-alpha-channel-opacity\"\/>\n\n\n\n<h4 class=\"wp-block-heading has-cyan-bluish-gray-background-color has-text-color has-background\" style=\"color:#001e78\"><a href=\"http:\/\/mibuenosairesweb.gob.ar\/\" target=\"_blank\" rel=\"noreferrer noopener\">Liquidaci\u00f3n de haberes<\/a><\/h4>\n\n\n\n<ul>\n<li><a href=\"https:\/\/badesdeadentro.gob.ar\/\">Consulta&nbsp;<\/a><\/li>\n\n\n\n<li><a href=\"https:\/\/ieslvf-caba.infd.edu.ar\/sitio\/wp-content\/uploads\/2019\/05\/Instructivo_LecturaRecibo_Docentes-1.pdf\">Instructivo para entender el recibo de sueldo<\/a><\/li>\n\n\n\n<li>Unidad de Atenci\u00f3n y Resoluci\u00f3n de Incidencias en Liquidaci\u00f3n&nbsp;(UARIL). <a href=\"https:\/\/ieslvf-caba.infd.edu.ar\/sitio\/wp-content\/uploads\/2019\/05\/Com_UCCOP_N_657_-_Recordatorio_Reclamo_de_Haberes_UARIL__2016.pdf\">Reclamos<\/a><\/li>\n<\/ul>\n\n\n\n<p class=\"has-small-font-size\"><a href=\"#arriba\">Volver arriba<\/a><\/p>\n\n\n\n<hr class=\"wp-block-separator has-alpha-channel-opacity\"\/>\n\n\n\n<h2 class=\"wp-block-heading has-cyan-bluish-gray-background-color has-text-color has-background\" style=\"color:#001e78\">Formaci\u00f3n continua<\/h2>\n\n\n\n<h5 class=\"wp-block-heading\"><a href=\"https:\/\/www.buenosaires.gob.ar\/educacion\/docentes\/escuelademaestros\" target=\"_blank\" rel=\"noreferrer noopener\">Escuela de Maestros<\/a><\/h5>\n\n\n<div class=\"wp-block-image\">\n<figure class=\"aligncenter\"><img decoding=\"async\" loading=\"lazy\" width=\"1000\" height=\"259\" src=\"https:\/\/ieslvf-caba.infd.edu.ar\/sitio\/wp-content\/uploads\/2019\/04\/Captura-ESCUELA-DE-MAESTROS-1000x259.jpg\" alt=\"\" class=\"wp-image-4209\" srcset=\"https:\/\/ieslvf-caba.infd.edu.ar\/sitio\/wp-content\/uploads\/2019\/04\/Captura-ESCUELA-DE-MAESTROS-1000x259.jpg 1000w, https:\/\/ieslvf-caba.infd.edu.ar\/sitio\/wp-content\/uploads\/2019\/04\/Captura-ESCUELA-DE-MAESTROS-768x199.jpg 768w, https:\/\/ieslvf-caba.infd.edu.ar\/sitio\/wp-content\/uploads\/2019\/04\/Captura-ESCUELA-DE-MAESTROS.jpg 1248w\" sizes=\"(max-width: 1000px) 100vw, 1000px\" \/><\/figure><\/div>\n\n\n<p class=\"has-small-font-size\"><a href=\"#arriba\">Volver arriba<\/a><\/p>\n\n\n\n<hr class=\"wp-block-separator has-alpha-channel-opacity is-style-default\" id=\"licencias\"\/>\n\n\n\n<h2 class=\"wp-block-heading has-cyan-bluish-gray-background-color has-text-color has-background\" style=\"color:#001e78\">Licencias<\/h2>\n\n\n\n<p><a href=\"upload\/Licencias_70_O_-_Nuevo_procedimiento.pdf\" target=\"_blank\" rel=\"noreferrer noopener\">Licencias 70 O. Nuevo procedimiento<\/a><\/p>\n\n\n\n<p><a href=\"https:\/\/ieslvf-caba.infd.edu.ar\/sitio\/wp-content\/uploads\/2019\/05\/ck_PE-DEC-AJG-AJG-127-19-5590-DECRETO-127-SOBRE-MODIFICACIONES-ESTATUTO-DOCENTE.pdf\">Decreto N\u00b0 127\/19<\/a><\/p>\n\n\n\n<p><a href=\"https:\/\/ieslvf-caba.infd.edu.ar\/sitio\/wp-content\/uploads\/2022\/05\/mi-autogestion.pdf\" target=\"_blank\" rel=\"noreferrer noopener\">Manual de la aplicaci\u00f3n \u00abMi autogesti\u00f3n\u00bb<\/a><\/p>\n\n\n\n<p class=\"has-small-font-size\"><a href=\"#arriba\">Volver arriba<\/a><\/p>\n\n\n\n<hr class=\"wp-block-separator has-alpha-channel-opacity\"\/>\n\n\n\n<h2 class=\"wp-block-heading has-cyan-bluish-gray-background-color has-text-color has-background\" style=\"color:#001e78\">Experiencias directas y salidas educativas<\/h2>\n\n\n\n<h3 class=\"wp-block-heading\">Instructivo: documentaci\u00f3n y plazos requeridos para la autorizaci\u00f3n de salidas y experiencias (01\/10\/2014 &#8211; Comunicaci\u00f3n DGSUP N\u00ba 32):<\/h3>\n\n\n\n<p>La organizaci\u00f3n de experiencias directas y\/o salidas educativas- dentro o fuera del \u00e1mbito institucional-, se rige por el Art. 69 del Reglamento Escolar (Resoluci\u00f3n 4776\/MEGC\/06)<\/p>\n\n\n\n<p>A tal efecto la documentaci\u00f3n requerida para la autorizaci\u00f3n es:<\/p>\n\n\n\n<ol>\n<li>Nota de Elevaci\u00f3n del Rectorado con fecha de salida y regreso, lugar de destino y km. de distancia y dentro de qu\u00e9 Proyecto institucional se encuadra.<\/li>\n\n\n\n<li>N\u00f3mina de Alumnos: Nombre y Apellido, DNI, Fecha de Nacimiento (en caso de menores, se agregar\u00e1 la autorizaci\u00f3n del padre\/madre, tutor y\/o encargado)<\/li>\n\n\n\n<li>Copia del Proyecto Pedag\u00f3gico que avale el viaje<\/li>\n\n\n\n<li>Transporte: Identificaci\u00f3n de la Empresa, y del\/los micros que ser\u00e1n utilizados, Conductor\/es del\/los micro\/s (fotocopia de DNI, de la Licencia de conducir), P\u00f3liza de Seguros y Aseguradora de la Empresa de Transporte. Chequear la vigencia tanto de las licencias como la de los seguros.<\/li>\n\n\n\n<li>Copia de la comunicaci\u00f3n v\u00eda mail a la Sra. Marisa Golub de la Direcci\u00f3n General de Seguros, dependiente del Ministerio de Hacienda del GCBA, de la n\u00f3mina de alumnos. <a href=\"mailto:mgolub@buenosaires.gob.ar\">mgolub@buenosaires.gob.ar<\/a><\/li>\n\n\n\n<li>Copia de la comunicaci\u00f3n a la ART de la n\u00f3mina de Docentes acompa\u00f1antes<\/li>\n<\/ol>\n\n\n\n<p><a href=\"mailto:coordinacionart@buenosaires.gob.ar\">coordinacionart@buenosaires.gob.ar<\/a> &nbsp;(para el caso de salidas fuera del \u00e1mbito de la Ciudad Aut\u00f3noma de Buenos Aires).<\/p>\n\n\n\n<p>Se recuerda que:<\/p>\n\n\n\n<p>a) En caso de las experiencias\/salidas, menos de 60 km y que se realicen en el transcurso de 1 (un) d\u00eda: autoriza el Rector\/a<\/p>\n\n\n\n<p>b) En caso de experiencias\/salidas dentro del pa\u00eds a m\u00e1s 60 km&nbsp; que se realicen en el transcurso de 1 (un) d\u00eda se requiere la autorizaci\u00f3n de la Direcci\u00f3n de Formaci\u00f3n Docente y debe ser solicitada con 15 (quince) d\u00edas de anticipaci\u00f3n, como m\u00ednimo.<\/p>\n\n\n\n<p>c) En caso de experiencias\/salidas dentro del pa\u00eds, a distancias mayores \u00f3 menores a 60 km pero que impliquen el alejamiento de los alumnos\/as de sus hogares por m\u00e1s de una jornada requieren la autorizaci\u00f3n del Ministerio de Educaci\u00f3n y deben ser elevadas a la Direcci\u00f3n de Formaci\u00f3n Docente con 30 (treinta) d\u00edas de anticipaci\u00f3n, como m\u00ednimo.<\/p>\n\n\n\n<p class=\"has-small-font-size\"><a href=\"#arriba\">Volver arriba<\/a><\/p>\n","protected":false},"excerpt":{"rendered":"<p>IMPORTANTEDocentes que hayan cargado las actas de cursada en el SIU Guaran\u00ed, por favor completar este formulario para que Bedel\u00eda pueda validar la informaci\u00f3n en dicho sistema. Les recordamos que deber\u00e1n presentarse en Bedel\u00eda para firmar el acta durante el per\u00edodo de mesas de ex\u00e1menes finales.&nbsp;&nbsp; ASUNTOS ACAD\u00c9MICOS TR\u00c1MITES ADMINISTRATIVOS CAPACITACI\u00d3N Aula Virtual: instructivo ART &#8230; <a title=\"Docentes Nivel Terciario\" class=\"read-more\" href=\"https:\/\/ieslvf-caba.infd.edu.ar\/sitio\/docentes-terciario-2021\/\" aria-label=\"More on Docentes Nivel Terciario\">[+]<\/a><\/p>\n","protected":false},"author":726,"featured_media":0,"parent":0,"menu_order":0,"comment_status":"closed","ping_status":"closed","template":"","meta":[],"acf":[],"_links":{"self":[{"href":"https:\/\/ieslvf-caba.infd.edu.ar\/sitio\/wp-json\/wp\/v2\/pages\/10761"}],"collection":[{"href":"https:\/\/ieslvf-caba.infd.edu.ar\/sitio\/wp-json\/wp\/v2\/pages"}],"about":[{"href":"https:\/\/ieslvf-caba.infd.edu.ar\/sitio\/wp-json\/wp\/v2\/types\/page"}],"author":[{"embeddable":true,"href":"https:\/\/ieslvf-caba.infd.edu.ar\/sitio\/wp-json\/wp\/v2\/users\/726"}],"replies":[{"embeddable":true,"href":"https:\/\/ieslvf-caba.infd.edu.ar\/sitio\/wp-json\/wp\/v2\/comments?post=10761"}],"version-history":[{"count":62,"href":"https:\/\/ieslvf-caba.infd.edu.ar\/sitio\/wp-json\/wp\/v2\/pages\/10761\/revisions"}],"predecessor-version":[{"id":20998,"href":"https:\/\/ieslvf-caba.infd.edu.ar\/sitio\/wp-json\/wp\/v2\/pages\/10761\/revisions\/20998"}],"wp:attachment":[{"href":"https:\/\/ieslvf-caba.infd.edu.ar\/sitio\/wp-json\/wp\/v2\/media?parent=10761"}],"curies":[{"name":"wp","href":"https:\/\/api.w.org\/{rel}","templated":true}]}}