{"id":10964,"date":"2021-10-14T16:23:33","date_gmt":"2021-10-14T19:23:33","guid":{"rendered":"https:\/\/ieslvf-caba.infd.edu.ar\/sitio\/?page_id=10964"},"modified":"2026-05-15T17:24:42","modified_gmt":"2026-05-15T20:24:42","slug":"departamento-de-ingles","status":"publish","type":"page","link":"https:\/\/ieslvf-caba.infd.edu.ar\/sitio\/departamento-de-ingles\/","title":{"rendered":"Departamento de Ingl\u00e9s"},"content":{"rendered":"\n<div class=\"wp-block-cover alignwide is-position-center-center\" style=\"min-height:50px\"><span aria-hidden=\"true\" class=\"wp-block-cover__background has-background-dim-20 has-background-dim\"><\/span><img decoding=\"async\" loading=\"lazy\" width=\"1200\" height=\"801\" class=\"wp-block-cover__image-background wp-image-10702\" alt=\"\" src=\"https:\/\/ieslvf-caba.infd.edu.ar\/sitio\/wp-content\/uploads\/2021\/10\/ingles.jpg\" style=\"object-position:41% 31%\" data-object-fit=\"cover\" data-object-position=\"41% 31%\" srcset=\"https:\/\/ieslvf-caba.infd.edu.ar\/sitio\/wp-content\/uploads\/2021\/10\/ingles.jpg 1200w, https:\/\/ieslvf-caba.infd.edu.ar\/sitio\/wp-content\/uploads\/2021\/10\/ingles-1000x668.jpg 1000w, https:\/\/ieslvf-caba.infd.edu.ar\/sitio\/wp-content\/uploads\/2021\/10\/ingles-768x513.jpg 768w\" sizes=\"(max-width: 1200px) 100vw, 1200px\" \/><div class=\"wp-block-cover__inner-container\">\n<p class=\"has-text-align-center has-text-color\" style=\"color:#fffffa;font-size:40px;line-height:1.1\"><strong>Departamento de Ingl\u00e9s<\/strong><\/p>\n<\/div><\/div>\n\n\n\n<div class=\"wp-block-columns is-layout-flex wp-container-4\">\n<div class=\"wp-block-column is-layout-flow\">\n<p class=\"has-text-align-center has-white-color has-text-color has-background\" style=\"background-color:#f3aeae\"><strong>Plan de estudios<\/strong><br><strong><a rel=\"noreferrer noopener\" href=\"https:\/\/ieslvf-caba.infd.edu.ar\/sitio\/departamento-de-ingles-2\/upload\/IESLVJRF_PCI_Profesorado_de_Ingles_2015.pdf\" target=\"_blank\">PROFESORADO DE INGL\u00c9S<\/a><\/strong><\/p>\n\n\n\n<h2 class=\"wp-block-heading\"><\/h2>\n<\/div>\n\n\n\n<div class=\"wp-block-column is-layout-flow\">\n<p class=\"has-text-align-center has-white-color has-text-color has-background\" style=\"background-color:#f3aeae\"><strong>Plan de estudios<\/strong><br><strong><a rel=\"noreferrer noopener\" href=\"https:\/\/ieslvf-caba.infd.edu.ar\/sitio\/departamento-de-ingles-2\/upload\/IESLVJRF_PCI_Profesorado_en_Educ_Sup_en_Ingles_2015.pdf\" target=\"_blank\">PROFESORADO DE EDUCACI\u00d3N SUPERIOR EN INGL\u00c9S<\/a><\/strong><\/p>\n<\/div>\n\n\n\n<div class=\"wp-block-column is-layout-flow\">\n<p class=\"has-text-align-center has-white-color has-text-color has-background\" style=\"background-color:#f3aeae\"><strong>Plan de estudios<\/strong><br><strong><a rel=\"noreferrer noopener\" href=\"https:\/\/ieslvf-caba.infd.edu.ar\/sitio\/departamento-de-ingles-2\/upload\/Traductorado_en_Ingles_2014_last.pdf\" target=\"_blank\">TRADUCTORADO DE INGL\u00c9S<\/a><\/strong><\/p>\n<\/div>\n<\/div>\n\n\n\n<p class=\"has-text-align-center has-text-color has-background\" style=\"color:#001e78;background-color:#73ff78\"><strong>PROFESORADO DE INGL\u00c9S ANEXO POMPEYA<br><\/strong><a rel=\"noreferrer noopener\" href=\"https:\/\/ieslvf-caba.infd.edu.ar\/sitio\/profesorado-en-ingles-anexo-pompeya-2021\/\" target=\"_blank\"><strong>Acceder a la p\u00e1gina del Anexo<\/strong><\/a><\/p>\n\n\n\n<p class=\"has-text-align-center\"><em>El n\u00famero de materias compartidas facilita la movilidad de los estudiantes entre las tres carreras.<\/em><\/p>\n\n\n\n<hr class=\"wp-block-separator has-css-opacity\"\/>\n\n\n\n<figure class=\"wp-block-table is-style-regular\"><table class=\"has-background\" style=\"background-color:#fcf0ef\"><tbody><tr><td><a rel=\"noreferrer noopener\" href=\"https:\/\/ieslvf-caba.infd.edu.ar\/sitio\/departamento-de-ingles-2\/index.cgi?wid_seccion=1&amp;wid_item=21\" target=\"_blank\"><strong>Planes anteriores<\/strong><\/a><\/td><td><strong><a rel=\"noreferrer noopener\" href=\"https:\/\/ieslvf-caba.infd.edu.ar\/sitio\/wp-content\/uploads\/2021\/09\/PI-Plan-4-anos-Recorrido-sugerido.pdf\" target=\"_blank\">PI \u2013 Plan 4 a\u00f1os \u2013 Recorrido sugerido<\/a><\/strong><\/td><\/tr><tr><td><a rel=\"noreferrer noopener\" href=\"https:\/\/ieslvf-caba.infd.edu.ar\/sitio\/wp-content\/uploads\/2020\/12\/Correlatividades-PI-4-y-5-a%C3%B1os-2020.xls\" target=\"_blank\"><strong>Correlatividades planes 4 y 5 a\u00f1os (Plan 2015)<\/strong><\/a><\/td><td><strong><a rel=\"noreferrer noopener\" href=\"https:\/\/ieslvf-caba.infd.edu.ar\/sitio\/wp-content\/uploads\/2021\/09\/PI-Plan-5-anos-Recorrido-sugerido.pdf\" target=\"_blank\">PI \u2013 Plan 5 a\u00f1os \u2013 Recorrido sugerido<\/a><\/strong><\/td><\/tr><tr><td><a href=\"https:\/\/ieslvf-caba.infd.edu.ar\/sitio\/wp-content\/uploads\/2021\/10\/TUTORIAS-ACADEMICAS-HORARIOS.pdf\"><strong>Horarios actualizados de tutor\u00edas de Lengua y Fon\u00e9tica<\/strong><\/a><\/td><td><a href=\"https:\/\/ieslvf-caba.infd.edu.ar\/sitio\/wp-content\/uploads\/2024\/03\/TI-Recorrido-sugerido-con-las-modificaciones-del-regimen-de-correlatividades.pdf\" target=\"_blank\" rel=\"noreferrer noopener\"><strong>TI \u2013 Recorrido sugerido<\/strong><\/a><\/td><\/tr><tr><td><\/td><td><a href=\"https:\/\/ieslvf-caba.infd.edu.ar\/sitio\/wp-content\/uploads\/2022\/03\/Tradtraductorado-en-Ingles_Modificaciones-del-regimen-de-correlatividades-resoluciones-del-CD.pdf\" target=\"_blank\" rel=\"noreferrer noopener\"><strong>TI \u2013 MODIFICACIONES DEL R\u00c9GIMEN DE CORRELATIVIDADES<\/strong><\/a><\/td><\/tr><\/tbody><\/table><\/figure>\n\n\n\n<figure class=\"wp-block-table\"><table class=\"has-background\" style=\"background-color:#fcf0ef\"><tbody><tr><td class=\"has-text-align-center\" data-align=\"center\"><strong><em><span style=\"color:#077cbf\" class=\"has-inline-color\">EQUIVALENCIAS<\/span><\/em><\/strong><span class=\"has-inline-color has-vivid-cyan-blue-color\">:<\/span><\/td><\/tr><\/tbody><\/table><\/figure>\n\n\n\n<figure class=\"wp-block-table\"><table class=\"has-background\" style=\"background-color:#fcf0ef\"><tbody><tr><td class=\"has-text-align-left\" data-align=\"left\"><a rel=\"noreferrer noopener\" href=\"https:\/\/ieslvf-caba.infd.edu.ar\/sitio\/wp-content\/uploads\/2022\/06\/EQUIVALENCIAS_TI_98-91-TI_2014_con_cambio_de_plan.pdf\" target=\"_blank\"><strong>Equivalencias TI_98-91-TI_2014_con_cambio_de_plan<\/strong><\/a><\/td><td><strong><a rel=\"noreferrer noopener\" href=\"https:\/\/ieslvf-caba.infd.edu.ar\/sitio\/wp-content\/uploads\/2022\/06\/EQUIVALENCIAS_TI_2014-TI_98-91_sin_cambio_de_plan.pdf\" target=\"_blank\">Equivalencias TI_2014-TI_98-91_sin_cambio_de_plan<\/a><\/strong><\/td><\/tr><tr><td class=\"has-text-align-left\" data-align=\"left\"><a rel=\"noreferrer noopener\" href=\"https:\/\/ieslvf-caba.infd.edu.ar\/sitio\/wp-content\/uploads\/2022\/06\/EQUIVALENCIAS_PI_2009-TI_98-91.pdf\" target=\"_blank\"><strong>Equivalencias PI_2009-TI_98-91<\/strong><\/a><\/td><td><strong><a rel=\"noreferrer noopener\" href=\"https:\/\/ieslvf-caba.infd.edu.ar\/sitio\/wp-content\/uploads\/2022\/06\/EQUIVALENCIAS_PI_2015-TI_98-91.pdf\" target=\"_blank\">Equivalencias PI_2015-TI_98-91<\/a><\/strong><\/td><\/tr><tr><td class=\"has-text-align-left\" data-align=\"left\"><strong><a rel=\"noreferrer noopener\" href=\"https:\/\/ieslvf-caba.infd.edu.ar\/sitio\/wp-content\/uploads\/2022\/06\/EQUIVALENCIAS_PI_2009-TI_2014.pdf\" target=\"_blank\">Equivalencias PI_2009-TI_2014<\/a><\/strong><\/td><td><strong><a rel=\"noreferrer noopener\" href=\"https:\/\/ieslvf-caba.infd.edu.ar\/sitio\/wp-content\/uploads\/2022\/06\/EQUIVALENCIAS_PI_2009-PI_2015.pdf\" target=\"_blank\">Equivalencias PI_2009-PI_2015<\/a><\/strong><\/td><\/tr><tr><td class=\"has-text-align-left\" data-align=\"left\"><a rel=\"noreferrer noopener\" href=\"https:\/\/ieslvf-caba.infd.edu.ar\/sitio\/wp-content\/uploads\/2022\/06\/EQUIVALENCIAS_PI_2015-TI_2014.pdf\" target=\"_blank\"><strong>Equivalencias PI_2015-TI_2014<\/strong><\/a><\/td><td><\/td><\/tr><\/tbody><\/table><\/figure>\n\n\n\n<h4 class=\"wp-block-heading has-cyan-bluish-gray-background-color has-text-color has-background\" style=\"color:#001e78\"><strong><strong>Horario de dictado de clases<\/strong><\/strong><\/h4>\n\n\n\n<p><strong><a href=\"https:\/\/ieslvf-caba.infd.edu.ar\/sitio\/wp-content\/uploads\/2026\/03\/PROFESORADO-EN-INGLES-RETIRO-1.xls\" target=\"_blank\" rel=\"noreferrer noopener\">Profesorados de Ingl\u00e9s &#8211; sede Retiro: Turno ma\u00f1ana y turno vespertino<\/a><\/strong><\/p>\n\n\n\n<p><strong><a href=\"https:\/\/ieslvf-caba.infd.edu.ar\/sitio\/wp-content\/uploads\/2026\/03\/PROFESORADO-EN-INGLES-ANEXO.xlsx\" target=\"_blank\" rel=\"noreferrer noopener\">Profesorado de Ingl\u00e9s &#8211; sede Pompeya: Turno vespertino<\/a><\/strong><\/p>\n\n\n\n<p><strong><a href=\"https:\/\/ieslvf-caba.infd.edu.ar\/sitio\/wp-content\/uploads\/2026\/03\/TRADUCTORADO-EN-INGLES-new.xlsx\" target=\"_blank\" rel=\"noreferrer noopener\">Traductorado de Ingl\u00e9s: Turno ma\u00f1ana, turno tarde y turno vespertino<\/a><\/strong><a rel=\"noreferrer noopener\" href=\"https:\/\/ieslvf-caba.infd.edu.ar\/sitio\/wp-content\/uploads\/2025\/03\/TRADUCTORADO-EN-INGLES-1\u00b0-Cuatrimestre-2025-final.xlsx\" target=\"_blank\"> <\/a>&#8211; VERSI\u00d3N FINAL<\/p>\n\n\n\n<p>Horarios reloj por hora c\u00e1tedra \u2013&nbsp;<a rel=\"noreferrer noopener\" href=\"https:\/\/ieslvf-caba.infd.edu.ar\/sitio\/wp-content\/uploads\/2023\/06\/Horarios-reloj-por-hora-catedra.pdf\" target=\"_blank\">DESCARGAR<\/a><\/p>\n\n\n\n<h5 class=\"wp-block-heading has-text-align-center has-text-color has-background\" style=\"color:#001e78;background-color:#e7f5fe\">HORARIOS TUTOR\u00cdAS ACAD\u00c9MICAS DEL DTO. DE INGL\u00c9S 2026<\/h5>\n\n\n\n<p><strong>Horarios:<\/strong>&nbsp;<a rel=\"noreferrer noopener\" href=\"https:\/\/ieslvf-caba.infd.edu.ar\/sitio\/wp-content\/uploads\/2026\/04\/TUTORIAS-Ingles-2026.pdf\" target=\"_blank\"><em>Descargar aqu\u00ed<\/em><\/a><\/p>\n\n\n\n<h4 class=\"wp-block-heading has-cyan-bluish-gray-background-color has-text-color has-background has-medium-font-size\" style=\"color:#001e78\">Estudiantes del Profesorado de Ingl\u00e9s que soliciten el ingreso al Traductorado de ingl\u00e9s.&nbsp;<\/h4>\n\n\n\n<p><strong>Requisitos:&nbsp;<\/strong><em><a rel=\"noreferrer noopener\" href=\"https:\/\/ieslvf-caba.infd.edu.ar\/sitio\/wp-content\/uploads\/2024\/09\/Estudiantes-del-Profesorado-de-Ingles-que-deseen-ingresar-al-Traductorado-de-ingles.pdf\" target=\"_blank\">click aqu\u00ed<\/a><\/em>&nbsp;<\/p>\n\n\n\n<h4 class=\"wp-block-heading has-cyan-bluish-gray-background-color has-text-color has-background\" style=\"color:#001e78\"><strong>Trabajo de campo<\/strong><\/h4>\n\n\n\n<p><strong>\u00bfQu\u00e9 es el Trabajo de Campo?<\/strong><\/p>\n\n\n\n<p>Es una instancia curricular obligatoria de todas las carreras de Profesorado, en el transcurso de la cual el\/la estudiante indagar\u00e1 cuestiones de la realidad educativa con vistas a&nbsp;lograr una integraci\u00f3n de sus conocimientos te\u00f3ricos y pr\u00e1cticos vinculados con el ejercicio de la profesi\u00f3n docente. <a href=\"https:\/\/ieslvf-caba.infd.edu.ar\/sitio\/trabajo-de-campo-otros-espacios-curriculares\/\" target=\"_blank\" rel=\"noreferrer noopener\">+info<\/a><\/p>\n\n\n\n<h4 class=\"wp-block-heading has-cyan-bluish-gray-background-color has-text-color has-background\" style=\"color:#001e78\"><strong>Directores de carrera<\/strong><\/h4>\n\n\n\n<p><strong>Profesorados<\/strong>: Daniel Ferreyra Fern\u00e1ndez&nbsp;&#8211; Contacto:&nbsp;daniel.ferreyradireccionpi@gmail.com<\/p>\n\n\n\n<p><strong>Traductorado:&nbsp;<\/strong>Prof. Jos\u00e9 Dur\u00e1n &#8211; Contacto: jose.duran.direccionti@gmail.com <\/p>\n\n\n\n<hr class=\"wp-block-separator has-css-opacity\"\/>\n\n\n\n<h4 class=\"wp-block-heading has-cyan-bluish-gray-background-color has-text-color has-background\" style=\"color:#001e78\"><strong>Programa APRENDER TRABAJANDO<\/strong><\/h4>\n\n\n\n<p>El Ministerio de Educaci\u00f3n de la Ciudad de Buenos Aires a trav\u00e9s de su Programa APRENDER TRABAJANDO ofrece a alumnos de la carrera del Profesorado en Ingl\u00e9s que est\u00e9n cursando materias de 2do a 4to A\u00f1o la posibilidad de realizar pr\u00e1cticas laborales en los siguientes Centros de Educaci\u00f3n No Formal:<\/p>\n\n\n\n<p>CENTRO DON BOSCO&nbsp;sito en Don Bosco 4200<\/p>\n\n\n\n<p>CENTRO PRINGLES&nbsp;sito en Pringles 1165<\/p>\n\n\n\n<p>CENTRO GUALEGUAYCH\u00da &nbsp;sito en Gualeguaych\u00fa 550<\/p>\n\n\n\n<p>Las pr\u00e1cticas se realizan una vez por semana de 18.00 a 21.00. con el apoyo de un Tutor de la Instituci\u00f3n y del CENTRO.<\/p>\n\n\n\n<p>Para m\u00e1s informaci\u00f3n contactar al Vicerrectorado.<\/p>\n\n\n\n<hr class=\"wp-block-separator has-css-opacity\"\/>\n\n\n\n<h4 class=\"wp-block-heading has-cyan-bluish-gray-background-color has-text-color has-background\" style=\"color:#001e78\"><strong>Becas, intercambios estudiantiles y pasant\u00edas<\/strong><\/h4>\n\n\n\n<p>El Departamento de Ingl\u00e9s participa en:<\/p>\n\n\n\n<ul>\n<li>El Programa de Asistentes de Lengua (Gran Breta\u00f1a) seleccionados por The British Council y co-auspiciado por la Direcci\u00f3n de Cooperaci\u00f3n Internacional del Ministerio de Educaci\u00f3n de la Naci\u00f3n.<\/li>\n\n\n\n<li>Pasant\u00edas rentadas en las Escuelas Pluriling\u00fces dependientes del Ministerio de Educaci\u00f3n del Gobierno de la Ciudad Aut\u00f3noma de Buenos Aires.<\/li>\n\n\n\n<li>El Programa \u201cElegir la Docencia\u201d de la Direcci\u00f3n Nacional de Gesti\u00f3n Curricular y Formaci\u00f3n Docente del Ministerio de Educaci\u00f3n, Ciencia y T\u00e9cnica. Este programa, de alcance nacional, otorga becas a los ingresantes al Profesorado de Ingl\u00e9s, que contribuyen a su financiamiento durante los cuatro a\u00f1os del cursado de la carrera.<\/li>\n\n\n\n<li>Programa de Pasant\u00edas Rentadas para los estudiantes del Traductorado de Ingl\u00e9s en organismos gubernamentales y privados.<\/li>\n\n\n\n<li>Organizaci\u00f3n de cursos y conferencias dictados por especialistas en las \u00e1reas de Ling\u00fc\u00edstica, Fon\u00e9tica, Metodolog\u00eda, Literatura, Traducci\u00f3n y Estudios Culturales, invitados por distintas instituciones como The British Council, la Comisi\u00f3n Fulbright y servicios culturales de las embajadas de habla inglesa.<\/li>\n\n\n\n<li>Participaci\u00f3n activa en los circuitos y trayectos de la Red Federal de Formaci\u00f3n Docente Continua y de la Escuela de Capacitaci\u00f3n \u2013 Centro de Pedagog\u00edas de Anticipaci\u00f3n para la Actualizaci\u00f3n de profesores\/as de lenguas extranjeras de los niveles superior, medio y primario de diferentes instituciones del pa\u00eds.<\/li>\n<\/ul>\n\n\n\n<hr class=\"wp-block-separator has-css-opacity\"\/>\n\n\n\n<h4 class=\"wp-block-heading has-cyan-bluish-gray-background-color has-text-color has-background\" style=\"color:#001e78\"><strong>Reconocimiento<\/strong><\/h4>\n\n\n\n<p>El reconocimiento profesional de los\/as graduados\/as, tanto del Profesorado como del Traductorado, les permite realizar estudios de grado y de postgrado en prestigiosas universidades nacionales y del exterior. Por ejemplo, los\/as graduados\/as de nuestro Traductorado pueden continuar sus estudios en el Traductorado P\u00fablico de varias universidades locales o, como en el caso de los graduados\/as del Profesorado, cursar maestr\u00edas de Ling\u00fc\u00edstica Aplicada y Literatura, entre otras especialidades en universidades inglesas, australianas o norteamericanas.<\/p>\n\n\n\n<hr class=\"wp-block-separator has-css-opacity\"\/>\n\n\n\n<h4 class=\"wp-block-heading has-cyan-bluish-gray-background-color has-text-color has-background\" style=\"color:#001e78\"><strong>Presencia en la Biblioteca General<\/strong><\/h4>\n\n\n\n<p>Gracias al apoyo del British Council se reciben anualmente valiosas colecciones de ficci\u00f3n y de ling\u00fc\u00edstica aplicada. La Asociaci\u00f3n Argentina de Traductores e Int\u00e9rpretes as\u00ed como numerosas editoriales actualizan peri\u00f3dicamente el material de referencia (textos, diccionarios y enciclopedias). En la actualidad, la biblioteca cuenta con aproximadamente 20.000 vol\u00famenes en lengua inglesa.<\/p>\n\n\n\n<hr class=\"wp-block-separator has-css-opacity\"\/>\n\n\n\n<h4 class=\"wp-block-heading has-cyan-bluish-gray-background-color has-text-color has-background\" id=\"modelosexameningles\" style=\"color:#001e78\"><strong>Modelos de Examen de ingreso<\/strong><\/h4>\n\n\n\n<p><a href=\"https:\/\/ieslvf-caba.infd.edu.ar\/sitio\/wp-content\/uploads\/2024\/12\/Sample-Entrance-Exam-2025.pdf\" data-type=\"URL\" data-id=\"https:\/\/ieslvf-caba.infd.edu.ar\/sitio\/wp-content\/uploads\/2024\/12\/Sample-Entrance-Exam-2025.pdf\" target=\"_blank\" rel=\"noreferrer noopener\">MODELO INGRESO INGL\u00c9S 2025<\/a><\/p>\n\n\n\n<p><a rel=\"noreferrer noopener\" href=\"https:\/\/ieslvf-caba.infd.edu.ar\/sitio\/wp-content\/uploads\/2021\/11\/ENTRANCE-EXAM-2021-PAPER-1.pdf\" target=\"_blank\">MODELO INGRESO INGL\u00c9S 2021 &#8211; Paper 1<\/a><\/p>\n\n\n\n<p><a href=\"https:\/\/ieslvf-caba.infd.edu.ar\/sitio\/wp-content\/uploads\/2021\/11\/ENTRANCE-EXAM-2021-PAPER-2.pdf\" target=\"_blank\" rel=\"noreferrer noopener\">MODELO INGRESO INGL\u00c9S 2021 &#8211; Paper 2<\/a><\/p>\n\n\n\n<p><a rel=\"noreferrer noopener\" href=\"https:\/\/ieslvf-caba.infd.edu.ar\/sitio\/departamento-de-ingles-2\/upload\/ENTRANCE_EXAM_2016_COMPLETO-_SEDE_RETIRO_-_21-2-2016.pdf\" target=\"_blank\">MODELO INGRESO INGL\u00c9S 2016<\/a><\/p>\n\n\n\n<p><a href=\"https:\/\/ieslvf-caba.infd.edu.ar\/sitio\/departamento-de-ingles-2\/upload\/EXAMEN_DE_INGRESO_COMPLETO_-_INGRESO_2015.pdf\" target=\"_blank\" rel=\"noreferrer noopener\">MODELO INGRESO INGL\u00c9S 2015<\/a><\/p>\n\n\n\n<p><a href=\"https:\/\/ieslvf-caba.infd.edu.ar\/sitio\/departamento-de-ingles-2\/upload\/EXAMENDEINGRESOINGLES2010.pdf\" target=\"_blank\" rel=\"noreferrer noopener\">MODELO INGRESO INGL\u00c9S 2010<\/a><\/p>\n\n\n\n<p><a href=\"https:\/\/ieslvf-caba.infd.edu.ar\/sitio\/departamento-de-ingles-2\/upload\/modeloingresoingles2009.pdf\" target=\"_blank\" rel=\"noreferrer noopener\">MODELO INGRESO INGL\u00c9S 2009<\/a><\/p>\n\n\n\n<p><a href=\"https:\/\/ieslvf-caba.infd.edu.ar\/sitio\/departamento-de-ingles-2\/upload\/Espaniol_Marzo_2009.pdf\" target=\"_blank\" rel=\"noreferrer noopener\">Modelo de examen de espa\u00f1ol 2009<\/a>&nbsp;(traductorado)<\/p>\n\n\n\n<p><a href=\"https:\/\/ieslvf-caba.infd.edu.ar\/sitio\/departamento-de-ingles-2\/upload\/Espaniol_Marzo_2010.pdf\" target=\"_blank\" rel=\"noreferrer noopener\">Modelo de examen de espa\u00f1ol 2010<\/a>&nbsp;(traductorado)<\/p>\n\n\n\n<p><a href=\"https:\/\/ieslvf-caba.infd.edu.ar\/sitio\/wp-content\/uploads\/2018\/11\/examen_ELE.pdf\">Modelo de examen de ingreso de Espa\u00f1ol Lengua Extranjera<\/a><\/p>\n\n\n\n<p><\/p>\n\n\n\n<h4 class=\"wp-block-heading\"><strong>Ingreso 2026: para seguir practicando<\/strong><\/h4>\n\n\n\n<div class=\"wp-block-file\"><a id=\"wp-block-file--media-1ed148f0-afa4-48ba-80c9-0414d790f704\" href=\"https:\/\/ieslvf-caba.infd.edu.ar\/sitio\/wp-content\/uploads\/2021\/12\/EXERCISE-A_-READING-COMPREHENSION-1-1.pdf\">EXERCISE-A_-READING-COMPREHENSION-1-1<\/a><a href=\"https:\/\/ieslvf-caba.infd.edu.ar\/sitio\/wp-content\/uploads\/2021\/12\/EXERCISE-A_-READING-COMPREHENSION-1-1.pdf\" class=\"wp-block-file__button wp-element-button\" download aria-describedby=\"wp-block-file--media-1ed148f0-afa4-48ba-80c9-0414d790f704\">Descarga<\/a><\/div>\n\n\n\n<div class=\"wp-block-file\"><a id=\"wp-block-file--media-701d89ad-ffa8-40e0-b53f-6f94acad7cd4\" href=\"https:\/\/ieslvf-caba.infd.edu.ar\/sitio\/wp-content\/uploads\/2021\/12\/EXERCISE-B_-WRITING-T4-1.pdf\">EXERCISE-B_-WRITING-T4-1<\/a><a href=\"https:\/\/ieslvf-caba.infd.edu.ar\/sitio\/wp-content\/uploads\/2021\/12\/EXERCISE-B_-WRITING-T4-1.pdf\" class=\"wp-block-file__button wp-element-button\" download aria-describedby=\"wp-block-file--media-701d89ad-ffa8-40e0-b53f-6f94acad7cd4\">Descarga<\/a><\/div>\n\n\n\n<div class=\"wp-block-file\"><a id=\"wp-block-file--media-49baec39-b066-4ac0-b618-ed404710503d\" href=\"https:\/\/ieslvf-caba.infd.edu.ar\/sitio\/wp-content\/uploads\/2021\/12\/EXERCISE-B_-WRITING-T3.pdf\">EXERCISE-B_-WRITING-T3<\/a><a href=\"https:\/\/ieslvf-caba.infd.edu.ar\/sitio\/wp-content\/uploads\/2021\/12\/EXERCISE-B_-WRITING-T3.pdf\" class=\"wp-block-file__button wp-element-button\" download aria-describedby=\"wp-block-file--media-49baec39-b066-4ac0-b618-ed404710503d\">Descarga<\/a><\/div>\n\n\n\n<div class=\"wp-block-file\"><a id=\"wp-block-file--media-30414d63-44b3-4bc6-a060-282cceb03021\" href=\"https:\/\/ieslvf-caba.infd.edu.ar\/sitio\/wp-content\/uploads\/2021\/12\/EXERCISE-A_-READING-COMPREHENSION-T3.pdf\">EXERCISE-A_-READING-COMPREHENSION-T3<\/a><a href=\"https:\/\/ieslvf-caba.infd.edu.ar\/sitio\/wp-content\/uploads\/2021\/12\/EXERCISE-A_-READING-COMPREHENSION-T3.pdf\" class=\"wp-block-file__button wp-element-button\" download aria-describedby=\"wp-block-file--media-30414d63-44b3-4bc6-a060-282cceb03021\">Descarga<\/a><\/div>\n\n\n\n<div class=\"wp-block-file\"><a id=\"wp-block-file--media-8db40567-3144-4190-b79a-1b13db8b824e\" href=\"https:\/\/ieslvf-caba.infd.edu.ar\/sitio\/wp-content\/uploads\/2021\/12\/EXERCISE-A_-READING-COMPREHENSION-T.4-.pdf\">EXERCISE-A_-READING-COMPREHENSION-T.4-<\/a><a href=\"https:\/\/ieslvf-caba.infd.edu.ar\/sitio\/wp-content\/uploads\/2021\/12\/EXERCISE-A_-READING-COMPREHENSION-T.4-.pdf\" class=\"wp-block-file__button wp-element-button\" download aria-describedby=\"wp-block-file--media-8db40567-3144-4190-b79a-1b13db8b824e\">Descarga<\/a><\/div>\n\n\n\n<p><\/p>\n","protected":false},"excerpt":{"rendered":"<p>Plan de estudiosPROFESORADO DE INGL\u00c9S Plan de estudiosPROFESORADO DE EDUCACI\u00d3N SUPERIOR EN INGL\u00c9S Plan de estudiosTRADUCTORADO DE INGL\u00c9S PROFESORADO DE INGL\u00c9S ANEXO POMPEYAAcceder a la p\u00e1gina del Anexo El n\u00famero de materias compartidas facilita la movilidad de los estudiantes entre las tres carreras. Planes anteriores PI \u2013 Plan 4 a\u00f1os \u2013 Recorrido sugerido Correlatividades planes &#8230; <a title=\"Departamento de Ingl\u00e9s\" class=\"read-more\" href=\"https:\/\/ieslvf-caba.infd.edu.ar\/sitio\/departamento-de-ingles\/\" aria-label=\"More on Departamento de Ingl\u00e9s\">[+]<\/a><\/p>\n","protected":false},"author":2900,"featured_media":0,"parent":0,"menu_order":0,"comment_status":"closed","ping_status":"closed","template":"","meta":[],"acf":[],"_links":{"self":[{"href":"https:\/\/ieslvf-caba.infd.edu.ar\/sitio\/wp-json\/wp\/v2\/pages\/10964"}],"collection":[{"href":"https:\/\/ieslvf-caba.infd.edu.ar\/sitio\/wp-json\/wp\/v2\/pages"}],"about":[{"href":"https:\/\/ieslvf-caba.infd.edu.ar\/sitio\/wp-json\/wp\/v2\/types\/page"}],"author":[{"embeddable":true,"href":"https:\/\/ieslvf-caba.infd.edu.ar\/sitio\/wp-json\/wp\/v2\/users\/2900"}],"replies":[{"embeddable":true,"href":"https:\/\/ieslvf-caba.infd.edu.ar\/sitio\/wp-json\/wp\/v2\/comments?post=10964"}],"version-history":[{"count":63,"href":"https:\/\/ieslvf-caba.infd.edu.ar\/sitio\/wp-json\/wp\/v2\/pages\/10964\/revisions"}],"predecessor-version":[{"id":21649,"href":"https:\/\/ieslvf-caba.infd.edu.ar\/sitio\/wp-json\/wp\/v2\/pages\/10964\/revisions\/21649"}],"wp:attachment":[{"href":"https:\/\/ieslvf-caba.infd.edu.ar\/sitio\/wp-json\/wp\/v2\/media?parent=10964"}],"curies":[{"name":"wp","href":"https:\/\/api.w.org\/{rel}","templated":true}]}}