{"id":10989,"date":"2021-10-14T16:56:28","date_gmt":"2021-10-14T19:56:28","guid":{"rendered":"https:\/\/ieslvf-caba.infd.edu.ar\/sitio\/?page_id=10989"},"modified":"2025-10-08T13:36:34","modified_gmt":"2025-10-08T16:36:34","slug":"profesorado-en-ingles-anexo-pompeya-2021","status":"publish","type":"page","link":"https:\/\/ieslvf-caba.infd.edu.ar\/sitio\/profesorado-en-ingles-anexo-pompeya-2021\/","title":{"rendered":"Profesorado en Ingl\u00e9s &#8211; Anexo Pompeya 2021"},"content":{"rendered":"\n<h4 class=\"wp-block-heading has-cyan-bluish-gray-background-color has-text-color has-background\" style=\"color:#001e78\"><strong>Anexo POMPEYA<\/strong><\/h4>\n\n\n\n<h6 class=\"wp-block-heading\"><strong>Escuela N\u00b0 10 del Distrito Escolar 19<br>Direcci\u00f3n: An\u00edbal P. Arbeletche 1052, CABA, altura Av La Plata 2500<br>Tel\u00e9fono: 4922-6261<\/strong><br>Horario de atenci\u00f3n del tel\u00e9fono: 17:20 a 21:00<\/h6>\n\n\n\n<hr class=\"wp-block-separator has-alpha-channel-opacity\"\/>\n\n\n<div class=\"wp-block-image\">\n<figure class=\"aligncenter size-full is-resized\"><img decoding=\"async\" loading=\"lazy\" src=\"https:\/\/ieslvf-caba.infd.edu.ar\/sitio\/wp-content\/uploads\/2025\/10\/Pompeya-flyer-ingreso-2026-3.png\" alt=\"\" class=\"wp-image-20556\" width=\"652\" height=\"815\" srcset=\"https:\/\/ieslvf-caba.infd.edu.ar\/sitio\/wp-content\/uploads\/2025\/10\/Pompeya-flyer-ingreso-2026-3.png 1080w, https:\/\/ieslvf-caba.infd.edu.ar\/sitio\/wp-content\/uploads\/2025\/10\/Pompeya-flyer-ingreso-2026-3-800x1000.png 800w, https:\/\/ieslvf-caba.infd.edu.ar\/sitio\/wp-content\/uploads\/2025\/10\/Pompeya-flyer-ingreso-2026-3-768x960.png 768w\" sizes=\"(max-width: 652px) 100vw, 652px\" \/><\/figure><\/div>\n\n\n<hr class=\"wp-block-separator has-alpha-channel-opacity\"\/>\n\n\n\n<h5 class=\"wp-block-heading has-text-align-center has-vivid-red-color has-pale-cyan-blue-background-color has-text-color has-background\"><strong>En el Anexo Pompeya solo se dicta el PROFESORADO EN INGL\u00c9S \u2013 4 A\u00d1OS.<\/strong><\/h5>\n\n\n\n<p><strong>Director de Carrera<\/strong>: Daniel Ferreyra Fern\u00e1ndez&nbsp;&nbsp;<a rel=\"noreferrer noopener\" href=\"mailto:daniel.ferreyradireccionpi@gmail.com\" target=\"_blank\">daniel.ferreyradireccionpi@gmail.com<\/a><\/p>\n\n\n\n<p><strong>Coordinador de anexo<\/strong>: Jorge Cu\u00f1a &#8211;&nbsp;&nbsp;<a rel=\"noreferrer noopener\" href=\"mailto:coordinacionpompeyalv@gmail.com\" target=\"_blank\">coordinacionpompeyalv@gmail.com<\/a><\/p>\n\n\n\n<p><strong>Bedel\u00eda<\/strong>:&nbsp;<a rel=\"noreferrer noopener\" href=\"mailto:ieslvjrfpompeya@gmail.com\" target=\"_blank\">ieslvjrfpompeya@gmail.com<\/a><\/p>\n\n\n\n<p><strong>Horario de cursada:<\/strong> 17:20 a 22:00 hs.<br>Horarios de las unidades curriculares: <a href=\"https:\/\/ieslvf-caba.infd.edu.ar\/sitio\/estudiantes-del-nivel-superior-2021\/\" target=\"_blank\" rel=\"noreferrer noopener\">link<\/a><br><\/p>\n\n\n\n<p class=\"has-text-align-center has-light-green-cyan-background-color has-background\"><strong>Desde el 21 de febrero de 2022 se est\u00e1n dictando las tutor\u00edas de Gram\u00e1tica Inglesa<\/strong>,<strong> Fon\u00e9tica y Lengua Inglesa<\/strong><\/p>\n\n\n\n<p class=\"has-text-align-left has-text-color\" style=\"color:#013d60\"><strong>Ponete en contacto por mail para coordinar horarios y preparar tus finales:<\/strong><\/p>\n\n\n\n<ul>\n<li>Gram\u00e1tica y Ling\u00fc\u00edstica<strong>: prof. Juan Jos\u00e9 Arias<\/strong>&nbsp;<a rel=\"noreferrer noopener\" href=\"mailto:juanjose.arias@hotmail.com\" target=\"_blank\">juanjose.arias@hotmail.com<\/a>&nbsp;\/<strong>&nbsp;Horario:&nbsp;<\/strong>Lunes 17:20 a 18:40<\/li>\n\n\n\n<li>Fon\u00e9tica: <strong>prof. Jorge Cu\u00f1a<\/strong>&nbsp;<a rel=\"noreferrer noopener\" href=\"mailto:lic.jorgecuna@yahoo.com.ar\" target=\"_blank\">lic.jorgecuna@yahoo.com.ar<\/a>&nbsp;\/&nbsp;<strong>&nbsp;Horario:&nbsp;<\/strong>Lunes 17:20 &#8211; 20:00 (VIRTUAL) y Jueves 17:20 (PRESENCIAL)<\/li>\n\n\n\n<li>Lengua Inglesa: <strong>prof. Daniel Carballedo<\/strong>&nbsp;<a rel=\"noreferrer noopener\" href=\"mailto:dancarb.language@gmail.com\" target=\"_blank\">dancarb.language@gmail.com<\/a>&nbsp;\/&nbsp;<strong>&nbsp;Horario:&nbsp;<\/strong>Lunes 17:20 &#8211; 18:40hs Mi\u00e9rcoles: 18:00 a 20:00<\/li>\n\n\n\n<li>Ayudante de Trabajos Pr\u00e1cticos (Ayudant\u00edas y Residencias Pedag\u00f3gicas en los Niveles Inicial y Primario):&nbsp;<strong>prof. Anabella Herfert <\/strong>(<a rel=\"noreferrer noopener\" href=\"mailto:anabella.herfert@bue.edu.ar\" target=\"_blank\">anabella.herfert@bue.edu.ar<\/a><strong>)<\/strong><br>Se ofrecen&nbsp;<strong>horarios flexibles a acordar con los estudiantes<\/strong>:<br><strong>Horario:<\/strong> Opciones posibles Lunes 18 a 19.30hs &#8211; Jueves 16.30 a 18hs (virtual)<br>Martes de 7.50 a 14.30 y jueves de 12.30 a 15.10 (horario presencial en el Lenguas Vivas).<\/li>\n<\/ul>\n\n\n\n<p><\/p>\n\n\n\n<p><a href=\"https:\/\/ieslvf-caba.infd.edu.ar\/sitio\/wp-content\/uploads\/2024\/06\/TUTORIAS_Ingles_2024_Primer-Cuatrimestre_FINAL.pdf\" target=\"_blank\" rel=\"noreferrer noopener\">Horarios actualizados de tutor\u00edas de Lengua y Fon\u00e9tica<\/a><\/p>\n\n\n\n<hr class=\"wp-block-separator has-css-opacity\"\/>\n\n\n\n<h4 class=\"wp-block-heading has-cyan-bluish-gray-background-color has-text-color has-background\" style=\"color:#001e78\"><strong><strong><strong><strong><strong><strong><strong><strong><strong>Cronograma de los ex\u00e1menes de ingreso<\/strong><\/strong><\/strong><\/strong><\/strong><\/strong><\/strong><\/strong><\/strong><\/h4>\n\n\n\n<h4 class=\"wp-block-heading has-text-color\" style=\"color:#e11148\"><strong>*Estos ex\u00e1menes se tomar\u00e1n con modalidad PRESENCIAL.<\/strong><\/h4>\n\n\n\n<figure class=\"wp-block-table aligncenter is-style-regular\"><table class=\"has-background\" style=\"background-color:#e7f5fe\"><tbody><tr><td><strong>Profesorados<\/strong><\/td><td class=\"has-text-align-center\" data-align=\"center\"><strong>Escrito<\/strong><\/td><td class=\"has-text-align-center\" data-align=\"center\"><strong>Oral<\/strong><\/td><td class=\"has-text-align-center\" data-align=\"center\"><strong><strong>Lengua Castellana<\/strong><\/strong> <strong>(escrito)<\/strong><\/td><td class=\"has-text-align-center\" data-align=\"center\"><strong><strong>Lengua Castellana<\/strong> para no<\/strong><br><strong>hispanohablantes<\/strong><\/td><\/tr><tr><td><strong>Alem\u00e1n<\/strong> <\/td><td class=\"has-text-align-center\" data-align=\"center\">06\/08\/24<br>8:30 h<\/td><td class=\"has-text-align-center\" data-align=\"center\">06\/08\/24<br>a continuaci\u00f3n del escrito<\/td><td class=\"has-text-align-center\" data-align=\"center\">08\/08\/24<br>8:30 h<\/td><td class=\"has-text-align-center\" data-align=\"center\">08\/08\/24<br>14:30 h<\/td><\/tr><tr><td><strong>Franc\u00e9s<\/strong> <\/td><td class=\"has-text-align-center\" data-align=\"center\">06\/08\/24<br>8:30 h<\/td><td class=\"has-text-align-center\" data-align=\"center\">06\/08\/24<br>a continuaci\u00f3n del escrito<\/td><td class=\"has-text-align-center\" data-align=\"center\">&#8212;&#8212;&#8212;&#8212;&#8212;<\/td><td class=\"has-text-align-center\" data-align=\"center\">08\/08\/24<br>14:30 h<\/td><\/tr><tr><td><strong>Ingl\u00e9s (sede Retiro)<\/strong><\/td><td class=\"has-text-align-center\" data-align=\"center\">&#8212;<\/td><td class=\"has-text-align-center\" data-align=\"center\">&#8212;<\/td><td class=\"has-text-align-center\" data-align=\"center\">&#8212;&#8212;&#8212;&#8212;&#8212;<\/td><td class=\"has-text-align-center\" data-align=\"center\">&#8212;<\/td><\/tr><tr><td><strong>Ingl\u00e9s<\/strong> <br><strong>(Anexo Pompeya)<\/strong><\/td><td class=\"has-text-align-center\" data-align=\"center\">01\/08\/24<br>17:30 h<\/td><td class=\"has-text-align-center\" data-align=\"center\">06\/08\/24<br>17:30 h<\/td><td class=\"has-text-align-center\" data-align=\"center\">&#8212;&#8212;&#8212;&#8212;&#8212;<\/td><td class=\"has-text-align-center\" data-align=\"center\">08\/08\/24<br>14:30 h<\/td><\/tr><tr><td><strong>Portugu\u00e9s<\/strong><\/td><td class=\"has-text-align-center\" data-align=\"center\">06\/08\/24<br>8:30 h<\/td><td class=\"has-text-align-center\" data-align=\"center\">06\/08\/24<br>a continuaci\u00f3n del escrito<\/td><td class=\"has-text-align-center\" data-align=\"center\">&#8212;&#8212;&#8212;&#8212;&#8212;<\/td><td class=\"has-text-align-center\" data-align=\"center\">08\/08\/24<br>14:30 h<\/td><\/tr><\/tbody><\/table><\/figure>\n\n\n\n<hr class=\"wp-block-separator has-css-opacity\"\/>\n\n\n\n<h5 class=\"wp-block-heading\"><strong>Unidades curriculares que se dictan en este momento<\/strong>:<\/h5>\n\n\n\n<figure class=\"wp-block-image is-resized\"><img decoding=\"async\" loading=\"lazy\" src=\"https:\/\/ieslvf-caba.infd.edu.ar\/sitio\/wp-content\/uploads\/2018\/08\/cuadro_de_materias.png\" alt=\"cuadro de materias\" width=\"527\" height=\"1354\" title=\"cuadro de materias\"\/><\/figure>\n\n\n\n<hr class=\"wp-block-separator has-css-opacity\"\/>\n\n\n\n<figure class=\"wp-block-embed is-type-rich is-provider-slideshare wp-block-embed-slideshare\"><div class=\"wp-block-embed__wrapper\">\n<iframe loading=\"lazy\" title=\"Correlatividades\" src=\"https:\/\/www.slideshare.net\/slideshow\/embed_code\/key\/zh1Mmv6pSl88DW\" width=\"479\" height=\"511\" frameborder=\"0\" marginwidth=\"0\" marginheight=\"0\" scrolling=\"no\" style=\"border:1px solid #CCC; border-width:1px; margin-bottom:5px; max-width: 100%;\" allowfullscreen> <\/iframe> <div style=\"margin-bottom:5px\"> <strong> <a href=\"https:\/\/es.slideshare.net\/slideshow\/correlatividades-77510754\/77510754\" title=\"Correlatividades\" target=\"_blank\">Correlatividades<\/a> <\/strong> from <strong><a href=\"https:\/\/www.slideshare.net\/decoed\" target=\"_blank\">decoed<\/a><\/strong> <\/div>\n<\/div><\/figure>\n\n\n\n<p><strong><a rel=\"noreferrer noopener\" href=\"\/\/www.slideshare.net\/decoed\/correlatividades-77510754\" target=\"_blank\">Correlatividades<\/a><\/strong><\/p>\n\n\n\n<hr class=\"wp-block-separator has-css-opacity\"\/>\n\n\n\n<figure class=\"wp-block-image\"><img decoding=\"async\" loading=\"lazy\" width=\"643\" height=\"841\" src=\"https:\/\/ieslvf-caba.infd.edu.ar\/sitio\/wp-content\/uploads\/2020\/09\/flyer-anexo-pompeya-22-9-2020.png\" alt=\"\" class=\"wp-image-7826\"\/><\/figure>\n\n\n\n<p>Enlace para ingresar a la reuni\u00f3n:&nbsp; <a rel=\"noreferrer noopener\" href=\"https:\/\/us02web.zoom.us\/j\/81009862531\" target=\"_blank\">Click aqu\u00ed<\/a><\/p>\n","protected":false},"excerpt":{"rendered":"<p>Anexo POMPEYA Escuela N\u00b0 10 del Distrito Escolar 19Direcci\u00f3n: An\u00edbal P. Arbeletche 1052, CABA, altura Av La Plata 2500Tel\u00e9fono: 4922-6261Horario de atenci\u00f3n del tel\u00e9fono: 17:20 a 21:00 En el Anexo Pompeya solo se dicta el PROFESORADO EN INGL\u00c9S \u2013 4 A\u00d1OS. Director de Carrera: Daniel Ferreyra Fern\u00e1ndez&nbsp;&nbsp;daniel.ferreyradireccionpi@gmail.com Coordinador de anexo: Jorge Cu\u00f1a &#8211;&nbsp;&nbsp;coordinacionpompeyalv@gmail.com Bedel\u00eda:&nbsp;ieslvjrfpompeya@gmail.com Horario &#8230; <a title=\"Profesorado en Ingl\u00e9s &#8211; Anexo Pompeya 2021\" class=\"read-more\" href=\"https:\/\/ieslvf-caba.infd.edu.ar\/sitio\/profesorado-en-ingles-anexo-pompeya-2021\/\" aria-label=\"More on Profesorado en Ingl\u00e9s &#8211; Anexo Pompeya 2021\">[+]<\/a><\/p>\n","protected":false},"author":2900,"featured_media":0,"parent":0,"menu_order":0,"comment_status":"closed","ping_status":"closed","template":"","meta":[],"acf":[],"_links":{"self":[{"href":"https:\/\/ieslvf-caba.infd.edu.ar\/sitio\/wp-json\/wp\/v2\/pages\/10989"}],"collection":[{"href":"https:\/\/ieslvf-caba.infd.edu.ar\/sitio\/wp-json\/wp\/v2\/pages"}],"about":[{"href":"https:\/\/ieslvf-caba.infd.edu.ar\/sitio\/wp-json\/wp\/v2\/types\/page"}],"author":[{"embeddable":true,"href":"https:\/\/ieslvf-caba.infd.edu.ar\/sitio\/wp-json\/wp\/v2\/users\/2900"}],"replies":[{"embeddable":true,"href":"https:\/\/ieslvf-caba.infd.edu.ar\/sitio\/wp-json\/wp\/v2\/comments?post=10989"}],"version-history":[{"count":17,"href":"https:\/\/ieslvf-caba.infd.edu.ar\/sitio\/wp-json\/wp\/v2\/pages\/10989\/revisions"}],"predecessor-version":[{"id":20557,"href":"https:\/\/ieslvf-caba.infd.edu.ar\/sitio\/wp-json\/wp\/v2\/pages\/10989\/revisions\/20557"}],"wp:attachment":[{"href":"https:\/\/ieslvf-caba.infd.edu.ar\/sitio\/wp-json\/wp\/v2\/media?parent=10989"}],"curies":[{"name":"wp","href":"https:\/\/api.w.org\/{rel}","templated":true}]}}