{"id":11141,"date":"2021-10-25T17:57:03","date_gmt":"2021-10-25T20:57:03","guid":{"rendered":"https:\/\/ieslvf-caba.infd.edu.ar\/sitio\/?page_id=11141"},"modified":"2026-04-09T17:27:00","modified_gmt":"2026-04-09T20:27:00","slug":"secretaria-academica-2021","status":"publish","type":"page","link":"https:\/\/ieslvf-caba.infd.edu.ar\/sitio\/secretaria-academica-2021\/","title":{"rendered":"Secretar\u00eda Acad\u00e9mica 2021"},"content":{"rendered":"\n<div class=\"wp-block-cover alignwide is-position-center-center\" style=\"min-height:100px\"><span aria-hidden=\"true\" class=\"wp-block-cover__background has-background-dim-20 has-background-dim\"><\/span><img decoding=\"async\" loading=\"lazy\" width=\"640\" height=\"480\" class=\"wp-block-cover__image-background wp-image-10173\" alt=\"\" src=\"https:\/\/ieslvf-caba.infd.edu.ar\/sitio\/wp-content\/uploads\/2021\/09\/edificio-viejo-jardin-1.jpg\" style=\"object-position:40% 26%\" data-object-fit=\"cover\" data-object-position=\"40% 26%\"\/><div class=\"wp-block-cover__inner-container\">\n<p class=\"has-text-align-center has-text-color\" style=\"color:#fffffa;font-size:40px;line-height:1.1\"><strong>SECRETAR\u00cdA ACAD\u00c9MICA<\/strong><\/p>\n<\/div><\/div>\n\n\n\n<p>\u201cEs la unidad de gesti\u00f3n de los programas y proyectos de investigaci\u00f3n, extensi\u00f3n, capacitaci\u00f3n y post\u00edtulo. Depende directamente del Rector, al que informa peri\u00f3dicamente sobre los asuntos a su cargo\u201d (art\u00edculo 29 del Reglamento Org\u00e1nico Institucional, Resoluci\u00f3n N\u00b0 335\/SSGECP\/2015 \u2013 10\/07\/2015).<\/p>\n\n\n\n<p>En concreto, la Secretar\u00eda Acad\u00e9mica se ocupa de:<\/p>\n\n\n\n<ul>\n<li>Adscripciones&nbsp;<a href=\"https:\/\/ieslvf-caba.infd.edu.ar\/sitio\/normativa\/upload\/Reglamento_de_Adscripci%F3n_2015.pdf\">(<u>reglamento<\/u><\/a>) (<a href=\"https:\/\/ieslvf-caba.infd.edu.ar\/sitio\/wp-content\/uploads\/2022\/05\/modelo-constancia-de-aceptacion-de-adscripcion.doc\" target=\"_blank\" rel=\"noreferrer noopener\">constancia aceptaci\u00f3n de adscripci\u00f3n<\/a>)<\/li>\n\n\n\n<li>Programa de Alumno Ayudante&nbsp;<a href=\"https:\/\/ieslvf-caba.infd.edu.ar\/sitio\/wp-content\/uploads\/2018\/12\/REGLAMENTO_ALUMNO_AYUDANTE_CD_11.03.2014.pdf\">(<u>reglamento<\/u>)<\/a><\/li>\n\n\n\n<li>Proyectos de investigaci\u00f3n (convocatoria cerrada hasta nuevo aviso)<\/li>\n\n\n\n<li>Programas de extensi\u00f3n a la comunidad:\u00a0<u><a href=\"https:\/\/ieslvf-caba.infd.edu.ar\/sitio\/aens-ele-espanol-lengua-extranjera\/\" target=\"_blank\" rel=\"noreferrer noopener\">ELE<\/a><\/u>\u00a0(Espa\u00f1ol Lengua Extranjera) y\u00a0<a rel=\"noreferrer noopener\" href=\"https:\/\/ieslvf-caba.infd.edu.ar\/sitio\/aens-cursos-de-idiomas\/\" target=\"_blank\"><u>AENS<\/u>\u00a0<\/a>(Actividades de Extensi\u00f3n de Nivel Terciario)<\/li>\n\n\n\n<li><a href=\"https:\/\/ieslvf-caba.infd.edu.ar\/sitio\/posgrado-2\/\" target=\"_blank\" rel=\"noreferrer noopener\">Post\u00edtulo<\/a>: ELSE&nbsp;(&nbsp;\u00abDiplomatura Superior en Ense\u00f1anza de Espa\u00f1ol como Lengua Segunda y Extranjera para la Inclusi\u00f3n en el Sistema Educativo\u00bb)<\/li>\n\n\n\n<li><a rel=\"noreferrer noopener\" href=\"https:\/\/ieslvf-caba.infd.edu.ar\/sitio\/seminario-permanente-de-estudios-de-traduccion\/\" target=\"_blank\">SPET&nbsp;<\/a>(Seminario Permanente de Estudios de Traducci\u00f3n)<\/li>\n\n\n\n<li>Revista&nbsp;<a rel=\"noreferrer noopener\" href=\"https:\/\/ieslvf-caba.infd.edu.ar\/sitio\/revista-lenguas-vvas\/\" target=\"_blank\"><em>Lenguas V;vas<\/em><\/a><\/li>\n\n\n\n<li><a rel=\"noreferrer noopener\" href=\"https:\/\/ieslvf-caba.infd.edu.ar\/sitio\/cef-centro-de-estudios-farncofonos\/\" target=\"_blank\">CEF<\/a>&nbsp;(Centro de Estudios Franc\u00f3fonos)<\/li>\n\n\n\n<li><a href=\"https:\/\/ieslvf-caba.infd.edu.ar\/sitio\/eotl-escuela-de-otono-de-traduccion-literaria-lucila-cordone-2021\/\" target=\"_blank\" rel=\"noreferrer noopener\">EOTL<\/a>\u00a0(Escuela de Oto\u00f1o de Traducci\u00f3n Literaria \u00abLucila Cordone\u00bb)<\/li>\n\n\n\n<li>Bibliotecas:\u00a0<a href=\"https:\/\/ieslvf-caba.infd.edu.ar\/sitio\/bibliotecas-2021-2\/\" target=\"_blank\" rel=\"noreferrer noopener\">Biblioteca General, Biblioteca Infantil Triling\u00fce \u201cLa Cueva de las Letras\u201d, Biblioteca Pedag\u00f3gica de Franc\u00e9s, Biblioteca de Alem\u00e1n y Biblioteca del Instituto Cam\u00f5es<\/a><\/li>\n\n\n\n<li>Organizaci\u00f3n de Congresos y Jornadas\u00a0<a href=\"https:\/\/ieslvf-caba.infd.edu.ar\/sitio\/actas-jornadas\/\" target=\"_blank\" rel=\"noreferrer noopener\">(ir a las Actas)<\/a><\/li>\n<\/ul>\n\n\n\n<p>En 2016, 2017 y 2018, la Secretar\u00eda Acad\u00e9mica ha tenido a su cargo la organizaci\u00f3n de la&nbsp;<a href=\"http:\/\/fondodocumentallv.com.ar\/la-noche-de-los-museos-2018\/\">Noche de los Museos en la instituci\u00f3n<\/a>.<\/p>\n\n\n\n<p><strong>Secretaria Acad\u00e9mica \u2013 Oficina 30 1er piso Casa Matriz<\/strong><\/p>\n","protected":false},"excerpt":{"rendered":"<p>\u201cEs la unidad de gesti\u00f3n de los programas y proyectos de investigaci\u00f3n, extensi\u00f3n, capacitaci\u00f3n y post\u00edtulo. Depende directamente del Rector, al que informa peri\u00f3dicamente sobre los asuntos a su cargo\u201d (art\u00edculo 29 del Reglamento Org\u00e1nico Institucional, Resoluci\u00f3n N\u00b0 335\/SSGECP\/2015 \u2013 10\/07\/2015). En concreto, la Secretar\u00eda Acad\u00e9mica se ocupa de: En 2016, 2017 y 2018, la &#8230; <a title=\"Secretar\u00eda Acad\u00e9mica 2021\" class=\"read-more\" href=\"https:\/\/ieslvf-caba.infd.edu.ar\/sitio\/secretaria-academica-2021\/\" aria-label=\"More on Secretar\u00eda Acad\u00e9mica 2021\">[+]<\/a><\/p>\n","protected":false},"author":2415,"featured_media":0,"parent":0,"menu_order":0,"comment_status":"closed","ping_status":"closed","template":"","meta":[],"acf":[],"_links":{"self":[{"href":"https:\/\/ieslvf-caba.infd.edu.ar\/sitio\/wp-json\/wp\/v2\/pages\/11141"}],"collection":[{"href":"https:\/\/ieslvf-caba.infd.edu.ar\/sitio\/wp-json\/wp\/v2\/pages"}],"about":[{"href":"https:\/\/ieslvf-caba.infd.edu.ar\/sitio\/wp-json\/wp\/v2\/types\/page"}],"author":[{"embeddable":true,"href":"https:\/\/ieslvf-caba.infd.edu.ar\/sitio\/wp-json\/wp\/v2\/users\/2415"}],"replies":[{"embeddable":true,"href":"https:\/\/ieslvf-caba.infd.edu.ar\/sitio\/wp-json\/wp\/v2\/comments?post=11141"}],"version-history":[{"count":7,"href":"https:\/\/ieslvf-caba.infd.edu.ar\/sitio\/wp-json\/wp\/v2\/pages\/11141\/revisions"}],"predecessor-version":[{"id":21513,"href":"https:\/\/ieslvf-caba.infd.edu.ar\/sitio\/wp-json\/wp\/v2\/pages\/11141\/revisions\/21513"}],"wp:attachment":[{"href":"https:\/\/ieslvf-caba.infd.edu.ar\/sitio\/wp-json\/wp\/v2\/media?parent=11141"}],"curies":[{"name":"wp","href":"https:\/\/api.w.org\/{rel}","templated":true}]}}