{"id":16656,"date":"2024-02-26T15:46:34","date_gmt":"2024-02-26T18:46:34","guid":{"rendered":"https:\/\/ieslvf-caba.infd.edu.ar\/sitio\/?page_id=16656"},"modified":"2024-03-04T15:16:54","modified_gmt":"2024-03-04T18:16:54","slug":"inscripcionjornadas2024","status":"publish","type":"page","link":"https:\/\/ieslvf-caba.infd.edu.ar\/sitio\/inscripcionjornadas2024\/","title":{"rendered":"Inscripci\u00f3n"},"content":{"rendered":"<div class=\"wp-block-image\">\n<figure class=\"aligncenter size-full is-resized\"><img decoding=\"async\" loading=\"lazy\" src=\"https:\/\/ieslvf-caba.infd.edu.ar\/sitio\/wp-content\/uploads\/2024\/02\/logo-JORNADAS-2024-TRANSPARENTE.png\" alt=\"\" class=\"wp-image-16651\" width=\"837\" height=\"186\" srcset=\"https:\/\/ieslvf-caba.infd.edu.ar\/sitio\/wp-content\/uploads\/2024\/02\/logo-JORNADAS-2024-TRANSPARENTE.png 1128w, https:\/\/ieslvf-caba.infd.edu.ar\/sitio\/wp-content\/uploads\/2024\/02\/logo-JORNADAS-2024-TRANSPARENTE-1000x223.png 1000w, https:\/\/ieslvf-caba.infd.edu.ar\/sitio\/wp-content\/uploads\/2024\/02\/logo-JORNADAS-2024-TRANSPARENTE-768x172.png 768w\" sizes=\"(max-width: 837px) 100vw, 837px\" \/><\/figure><\/div>\n\n\n<p>La inscripci\u00f3n se realiza por medio de los siguientes formularios:<\/p>\n\n\n\n<p><a href=\"https:\/\/forms.gle\/xvySVaZf1BFJ2Wi18\">Formulario de inscripci\u00f3n de asistentes y estudiantes<\/a><\/p>\n\n\n\n<p><a rel=\"noreferrer noopener\" href=\"https:\/\/forms.gle\/i3mb1uihhVDZGwJo7\" data-type=\"URL\" data-id=\"https:\/\/forms.gle\/i3mb1uihhVDZGwJo7\" target=\"_blank\">Formulario de inscripci\u00f3n de expositores<\/a><\/p>\n\n\n\n<p>La inscripci\u00f3n se efectivizar\u00e1 solo al momento de recibir el comprobante de pago.<\/p>\n\n\n\n<p>Se sugiere a los panelistas y expositores completar el Formulario de inscripci\u00f3n una vez recibida la aprobaci\u00f3n de su presentaci\u00f3n.<\/p>\n\n\n\n<figure class=\"wp-block-image size-full\"><img decoding=\"async\" loading=\"lazy\" width=\"1366\" height=\"768\" src=\"https:\/\/ieslvf-caba.infd.edu.ar\/sitio\/wp-content\/uploads\/2024\/03\/image-1.png\" alt=\"\" class=\"wp-image-16878\" srcset=\"https:\/\/ieslvf-caba.infd.edu.ar\/sitio\/wp-content\/uploads\/2024\/03\/image-1.png 1366w, https:\/\/ieslvf-caba.infd.edu.ar\/sitio\/wp-content\/uploads\/2024\/03\/image-1-1000x562.png 1000w, https:\/\/ieslvf-caba.infd.edu.ar\/sitio\/wp-content\/uploads\/2024\/03\/image-1-768x432.png 768w\" sizes=\"(max-width: 1366px) 100vw, 1366px\" \/><\/figure>\n\n\n\n<p><em>* Por cuestiones administrativas, es importante que estudiantes y profesores del IES en Lenguas Vivas \u201cJuan Ram\u00f3n Fern\u00e1ndez\u201d completen el formulario de inscripci\u00f3n. La\/os estudiantes deber\u00e1n adjuntar copia de la primera p\u00e1gina de la libreta de estudiante.<\/em><\/p>\n\n\n\n<p><strong>FORMAS DE PAGO<\/strong><\/p>\n\n\n\n<p><strong>Participantes (expositores o asistentes) residentes en Argentina<\/strong><\/p>\n\n\n\n<p>El pago del arancel se realizar\u00e1 en la cuenta de la Asociaci\u00f3n Ex Alumnos del Profesorado en Lenguas Vivas \u201cJuan Ram\u00f3n Fern\u00e1ndez\u201d (AEXALEVI), entidad coorganizadora de las Jornadas.<\/p>\n\n\n\n<p><strong>Mediante transferencia electr\u00f3nica<\/strong><\/p>\n\n\n\n<p>Banco SANTANDER<\/p>\n\n\n\n<p>Cuenta Corriente 163-000152916<\/p>\n\n\n\n<p>CBU 0720163520000001529168<\/p>\n\n\n\n<p>CUIT 30-53086176-3<\/p>\n\n\n\n<p>ALIAS: aexalevi4<\/p>\n\n\n\n<p><strong>Env\u00edo de comprobantes<\/strong><\/p>\n\n\n\n<p>Adjuntar el comprobante de pago al formulario de inscripci\u00f3n. Para ello, debe iniciar sesi\u00f3n con su cuenta de Google. Rotular el archivo de la siguiente manera: \u00abRECIBO_Apellido-Nombre.pdf\u00bb. (Se aceptan archivos PDF o im\u00e1genes.)<\/p>\n\n\n\n<p>En el formulario, consignar a nombre de qui\u00e9n debe extenderse <strong>el recibo C<\/strong>. El nombre puede diferir del participante si lo abona una universidad o una empresa. <em>Una vez emitido, el recibo C no se podr\u00e1 anular<\/em>.<\/p>\n\n\n\n<p><strong>Por ejemplo: <\/strong>Expositor en las jornadas <em>Juan L\u00f3pez<\/em>, recibo a nombre de la Universidad de Buenos Aires.<\/p>\n\n\n\n<p><strong>Participantes (expositores o asistentes) <\/strong><strong><em>no<\/em><\/strong><strong> residentes en Argentina<\/strong><\/p>\n\n\n\n<p>Podr\u00e1n abonar el costo de la inscripci\u00f3n a su llegada a Buenos Aires en el momento de la acreditaci\u00f3n.<\/p>\n","protected":false},"excerpt":{"rendered":"<p>La inscripci\u00f3n se realiza por medio de los siguientes formularios: Formulario de inscripci\u00f3n de asistentes y estudiantes Formulario de inscripci\u00f3n de expositores La inscripci\u00f3n se efectivizar\u00e1 solo al momento de recibir el comprobante de pago. Se sugiere a los panelistas y expositores completar el Formulario de inscripci\u00f3n una vez recibida la aprobaci\u00f3n de su presentaci\u00f3n. &#8230; <a title=\"Inscripci\u00f3n\" class=\"read-more\" href=\"https:\/\/ieslvf-caba.infd.edu.ar\/sitio\/inscripcionjornadas2024\/\" aria-label=\"More on Inscripci\u00f3n\">[+]<\/a><\/p>\n","protected":false},"author":726,"featured_media":0,"parent":0,"menu_order":0,"comment_status":"closed","ping_status":"closed","template":"","meta":[],"acf":[],"_links":{"self":[{"href":"https:\/\/ieslvf-caba.infd.edu.ar\/sitio\/wp-json\/wp\/v2\/pages\/16656"}],"collection":[{"href":"https:\/\/ieslvf-caba.infd.edu.ar\/sitio\/wp-json\/wp\/v2\/pages"}],"about":[{"href":"https:\/\/ieslvf-caba.infd.edu.ar\/sitio\/wp-json\/wp\/v2\/types\/page"}],"author":[{"embeddable":true,"href":"https:\/\/ieslvf-caba.infd.edu.ar\/sitio\/wp-json\/wp\/v2\/users\/726"}],"replies":[{"embeddable":true,"href":"https:\/\/ieslvf-caba.infd.edu.ar\/sitio\/wp-json\/wp\/v2\/comments?post=16656"}],"version-history":[{"count":9,"href":"https:\/\/ieslvf-caba.infd.edu.ar\/sitio\/wp-json\/wp\/v2\/pages\/16656\/revisions"}],"predecessor-version":[{"id":16879,"href":"https:\/\/ieslvf-caba.infd.edu.ar\/sitio\/wp-json\/wp\/v2\/pages\/16656\/revisions\/16879"}],"wp:attachment":[{"href":"https:\/\/ieslvf-caba.infd.edu.ar\/sitio\/wp-json\/wp\/v2\/media?parent=16656"}],"curies":[{"name":"wp","href":"https:\/\/api.w.org\/{rel}","templated":true}]}}