{"id":16661,"date":"2024-02-26T15:49:27","date_gmt":"2024-02-26T18:49:27","guid":{"rendered":"https:\/\/ieslvf-caba.infd.edu.ar\/sitio\/?page_id=16661"},"modified":"2024-04-11T14:15:33","modified_gmt":"2024-04-11T17:15:33","slug":"cronogramajornadas2024","status":"publish","type":"page","link":"https:\/\/ieslvf-caba.infd.edu.ar\/sitio\/cronogramajornadas2024\/","title":{"rendered":"Env\u00edo de ponencias"},"content":{"rendered":"<div class=\"wp-block-image\">\n<figure class=\"aligncenter size-full is-resized\"><img decoding=\"async\" loading=\"lazy\" src=\"https:\/\/ieslvf-caba.infd.edu.ar\/sitio\/wp-content\/uploads\/2024\/02\/logo-JORNADAS-2024-TRANSPARENTE.png\" alt=\"\" class=\"wp-image-16651\" width=\"837\" height=\"186\" srcset=\"https:\/\/ieslvf-caba.infd.edu.ar\/sitio\/wp-content\/uploads\/2024\/02\/logo-JORNADAS-2024-TRANSPARENTE.png 1128w, https:\/\/ieslvf-caba.infd.edu.ar\/sitio\/wp-content\/uploads\/2024\/02\/logo-JORNADAS-2024-TRANSPARENTE-1000x223.png 1000w, https:\/\/ieslvf-caba.infd.edu.ar\/sitio\/wp-content\/uploads\/2024\/02\/logo-JORNADAS-2024-TRANSPARENTE-768x172.png 768w\" sizes=\"(max-width: 837px) 100vw, 837px\" \/><\/figure><\/div>\n\n\n<h2 class=\"wp-block-heading has-text-align-left\"><strong>Paneles&nbsp;<\/strong><\/h2>\n\n\n\n<p>Los paneles sobre tem\u00e1ticas espec\u00edficas ser\u00e1n propuestos por especialistas en disciplinas afines a la traducci\u00f3n y la ense\u00f1anza de lenguas. Se deber\u00e1 presentar una fundamentaci\u00f3n de aproximadamente 400 palabras sobre el panel, junto con un resumen (de igual extensi\u00f3n) de cada uno de los aportes individuales de quienes ser\u00e1n expositores del panel. El panel estar\u00e1 conformado por entre 3 y 5 miembros que ser\u00e1n convocados a tal efecto por quien(es) presente(n) la propuesta de panel. El tiempo de exposici\u00f3n de cada panelista ser\u00e1 de hasta 15 minutos, y se dispondr\u00e1 un espacio de 30 minutos de debate para el panel en su totalidad.<\/p>\n\n\n\n<p>Acceso a la <a href=\"https:\/\/ieslvf-caba.infd.edu.ar\/sitio\/wp-content\/uploads\/2024\/02\/Ficha_PANEL.docx\" target=\"_blank\" rel=\"noreferrer noopener\">Ficha para presentaci\u00f3n de panel<\/a>.<\/p>\n\n\n\n<h2 class=\"wp-block-heading\">Mesa de comunicaciones<\/h2>\n\n\n\n<p>Las mesas de comunicaciones estar\u00e1n conformadas por ponencias agrupadas de acuerdo con cada uno de los ejes tem\u00e1ticos. Las ponencias ser\u00e1n presentadas, de preferencia, en castellano, exclusivamente por su(s) autor(es). Se deber\u00e1 presentar un resumen extendido de entre 500 y 800 palabras. El tiempo de exposici\u00f3n ser\u00e1 de 15 minutos por ponencia, con el fin de contar con un espacio de 30 minutos de debate para la mesa en su totalidad.<\/p>\n\n\n\n<p>Acceso a la <a href=\"https:\/\/ieslvf-caba.infd.edu.ar\/sitio\/wp-content\/uploads\/2024\/02\/Ficha_PONENCIA.docx\" target=\"_blank\" rel=\"noreferrer noopener\">Ficha para presentaci\u00f3n de ponencias<\/a>.<\/p>\n\n\n\n<h2 class=\"wp-block-heading\">Foro de estudiantes<\/h2>\n\n\n\n<p>En este espacio, estudiantes de profesorado y traductorado expondr\u00e1n sus trabajos. El tiempo de exposici\u00f3n ser\u00e1 de 15 minutos por trabajo. Se prev\u00e9, adem\u00e1s, un tiempo posterior de debate que no superar\u00e1 los 30 minutos.<\/p>\n\n\n\n<p>Acceso a la <a rel=\"noreferrer noopener\" href=\"https:\/\/ieslvf-caba.infd.edu.ar\/sitio\/wp-content\/uploads\/2024\/02\/Ficha_PONENCIA-ESTUDIANTES.docx\" target=\"_blank\">Ficha para presentaci\u00f3n de ponencias<\/a> para estudiantes.<\/p>\n\n\n\n<h2 class=\"wp-block-heading has-text-align-left\">Normas de presentaci\u00f3n de trabajos<\/h2>\n\n\n\n<p><strong>Presentaci\u00f3n de res\u00famenes<\/strong><\/p>\n\n\n\n<p>Para participar en las mesas de comunicaciones, en los paneles de especialistas y en los foros de estudiantes se debe enviar la Ficha para presentaci\u00f3n de ponencias a la siguiente direcci\u00f3n de correo: <a href=\"mailto:jornadas.lenguasvivas@gmail.com\">jornadas.lenguasvivas@gmail.com<\/a>. Se podr\u00e1n presentar hasta un m\u00e1ximo de 2 (dos) trabajos por autor\/a, en cuyo caso cada autor\/a deber\u00e1 completar dos formularios de inscripci\u00f3n (uno por cada trabajo). Sugerimos completar el Formulario de inscripci\u00f3n una vez recibida la aprobaci\u00f3n de su presentaci\u00f3n.<\/p>\n\n\n\n<p><strong>Res\u00famenes&nbsp;<\/strong><\/p>\n\n\n\n<p>Los res\u00famenes se presentar\u00e1n, de preferencia, en castellano y tendr\u00e1n una extensi\u00f3n de entre 500 y 800 palabras.&nbsp;<\/p>\n\n\n\n<p>La extensi\u00f3n prevista de palabras no incluye eventuales referencias bibliogr\u00e1ficas, que deber\u00e1n ajustarse estrictamente a las normas APA.<\/p>\n\n\n\n<p>Se solicita respetar las siguientes consignas:<\/p>\n\n\n\n<ul>\n<li>No modificar el formato del formulario de presentaci\u00f3n.&nbsp;<\/li>\n\n\n\n<li>Enviar el formulario en formato editable (Word).&nbsp;<\/li>\n\n\n\n<li>Rotular el formulario de presentaci\u00f3n de res\u00famenes de la siguiente manera: APELLIDO-NOMBRE.doc<\/li>\n<\/ul>\n\n\n\n<h2 class=\"wp-block-heading\">Fechas importantes<\/h2>\n\n\n\n<ul>\n<li>Los res\u00famenes de ponencias y paneles se recibir\u00e1n hasta el<strong> 23 de abril de 2024.<\/strong><\/li>\n<\/ul>\n\n\n\n<ul>\n<li>Los res\u00famenes de trabajos de estudiantes se recibir\u00e1n hasta el <strong>06 de mayo de 2024<\/strong>.<\/li>\n<\/ul>\n\n\n\n<ul>\n<li>La comisi\u00f3n acad\u00e9mica evaluar\u00e1 los trabajos, y durante el mes de mayo, se enviar\u00e1 informaci\u00f3n acerca de la aceptaci\u00f3n de las propuestas.&nbsp;<\/li>\n<\/ul>\n\n\n\n<ul>\n<li>Las ponencias completas, as\u00ed como los trabajos de los estudiantes, se presentar\u00e1n para su publicaci\u00f3n en actas con posterioridad al cierre de las jornadas a fin de que se puedan enviar versiones revisadas o ampliadas. La comisi\u00f3n organizadora comunicar\u00e1 los plazos de entrega y las pautas de publicaci\u00f3n oportunamente.<\/li>\n<\/ul>\n","protected":false},"excerpt":{"rendered":"<p>Paneles&nbsp; Los paneles sobre tem\u00e1ticas espec\u00edficas ser\u00e1n propuestos por especialistas en disciplinas afines a la traducci\u00f3n y la ense\u00f1anza de lenguas. Se deber\u00e1 presentar una fundamentaci\u00f3n de aproximadamente 400 palabras sobre el panel, junto con un resumen (de igual extensi\u00f3n) de cada uno de los aportes individuales de quienes ser\u00e1n expositores del panel. El panel &#8230; <a title=\"Env\u00edo de ponencias\" class=\"read-more\" href=\"https:\/\/ieslvf-caba.infd.edu.ar\/sitio\/cronogramajornadas2024\/\" aria-label=\"More on Env\u00edo de ponencias\">[+]<\/a><\/p>\n","protected":false},"author":726,"featured_media":0,"parent":0,"menu_order":0,"comment_status":"closed","ping_status":"closed","template":"","meta":[],"acf":[],"_links":{"self":[{"href":"https:\/\/ieslvf-caba.infd.edu.ar\/sitio\/wp-json\/wp\/v2\/pages\/16661"}],"collection":[{"href":"https:\/\/ieslvf-caba.infd.edu.ar\/sitio\/wp-json\/wp\/v2\/pages"}],"about":[{"href":"https:\/\/ieslvf-caba.infd.edu.ar\/sitio\/wp-json\/wp\/v2\/types\/page"}],"author":[{"embeddable":true,"href":"https:\/\/ieslvf-caba.infd.edu.ar\/sitio\/wp-json\/wp\/v2\/users\/726"}],"replies":[{"embeddable":true,"href":"https:\/\/ieslvf-caba.infd.edu.ar\/sitio\/wp-json\/wp\/v2\/comments?post=16661"}],"version-history":[{"count":9,"href":"https:\/\/ieslvf-caba.infd.edu.ar\/sitio\/wp-json\/wp\/v2\/pages\/16661\/revisions"}],"predecessor-version":[{"id":17548,"href":"https:\/\/ieslvf-caba.infd.edu.ar\/sitio\/wp-json\/wp\/v2\/pages\/16661\/revisions\/17548"}],"wp:attachment":[{"href":"https:\/\/ieslvf-caba.infd.edu.ar\/sitio\/wp-json\/wp\/v2\/media?parent=16661"}],"curies":[{"name":"wp","href":"https:\/\/api.w.org\/{rel}","templated":true}]}}