{"id":18136,"date":"2024-08-14T16:46:11","date_gmt":"2024-08-14T19:46:11","guid":{"rendered":"https:\/\/ieslvf-caba.infd.edu.ar\/sitio\/?page_id=18136"},"modified":"2024-08-23T16:12:33","modified_gmt":"2024-08-23T19:12:33","slug":"talleres","status":"publish","type":"page","link":"https:\/\/ieslvf-caba.infd.edu.ar\/sitio\/talleres\/","title":{"rendered":"Talleres"},"content":{"rendered":"\n<p>Los talleres son actividades incluidas en las Jornadas que se dictar\u00e1n el d\u00eda <strong>mi\u00e9rcoles 28 de agosto<\/strong>. Los interesados solo podr\u00e1n inscribirse a un m\u00e1ximo de <strong>DOS TALLERES<\/strong>.<\/p>\n\n\n\n<p>Los talleres tienen cupo limitado. Si intenta completar un formulario y este ya no admite m\u00e1s inscripciones, es porque los cupos asignados a ese taller ya se completaron, por lo tanto, deber\u00e1 seleccionar otro taller.<\/p>\n\n\n\n<p>Reiteramos que solo se podr\u00e1n inscribir a <strong>DOS TALLERES<\/strong>. Es <strong>MUY IMPORTANTE <\/strong>considerar los horarios para no inscribirse en horarios superpuestos.<\/p>\n\n\n\n<p>Para poder participar de los talleres deber\u00e1n elegir e inscribirse previamente en los siguientes enlaces.<\/p>\n\n\n\n<figure class=\"wp-block-table aligncenter has-small-font-size\"><table><thead><tr><th>Talleres<\/th><th>Destinatarios<\/th><th class=\"has-text-align-center\" data-align=\"center\"><strong>Lugar &#8211; horario<br>Carlos Pellegrini 1515<\/strong><\/th><th class=\"has-text-align-center\" data-align=\"center\">   <strong>Cupo<\/strong>s   <\/th><th><\/th><\/tr><\/thead><tbody><tr><td><a href=\"https:\/\/ieslvf-caba.infd.edu.ar\/sitio\/wp-content\/uploads\/2024\/08\/AEXALEVI-para-Jornadas-Internacionales-LV-en-castellano.pdf\" target=\"_blank\" rel=\"noreferrer noopener\"><em><strong>La preparaci\u00f3n para ex\u00e1menes como experiencia metacognitiva.<\/strong><\/em><br><\/a>A cargo de: Myrian Casamassima<\/td><td>Ingl\u00e9s<\/td><td class=\"has-text-align-center\" data-align=\"center\"><strong>Sal\u00f3n de conferencias <\/strong><br><strong>10.00 \u2013 11.00<\/strong><\/td><td class=\"has-text-align-center\" data-align=\"center\">50<\/td><td><a href=\"https:\/\/forms.gle\/CeB4feNBUrXsSYVz5\" target=\"_blank\" rel=\"noreferrer noopener\">Inscripci\u00f3n<\/a><\/td><\/tr><tr><td><strong><em><a href=\"https:\/\/ieslvf-caba.infd.edu.ar\/sitio\/wp-content\/uploads\/2024\/08\/Taller_ISABEL_MANSIONE.pdf\" target=\"_blank\" rel=\"noreferrer noopener\">Los v\u00ednculos en el aula: la ternura como puente de la escucha activa.<\/a><\/em><\/strong><br>A cargo de: Isabel Mansione &#8211; Diana Zac<\/td><td>P\u00fabico en general<\/td><td class=\"has-text-align-center\" data-align=\"center\"><strong> AULA 405<\/strong><br><strong>10.30 &#8211; 12.30<\/strong><\/td><td class=\"has-text-align-center\" data-align=\"center\">50<\/td><td><a href=\"https:\/\/forms.gle\/mQ46pcrfHjRMDu2RA\" target=\"_blank\" rel=\"noreferrer noopener\">Inscripci\u00f3n<\/a><\/td><\/tr><tr><td><a href=\"https:\/\/ieslvf-caba.infd.edu.ar\/sitio\/wp-content\/uploads\/2024\/08\/Taller-de-fonetica.pdf\" target=\"_blank\" rel=\"noreferrer noopener\"><strong><em>Un enfoque l\u00fadico para ense\u00f1ar a pronunciar italiano y portugu\u00e9s.<\/em><\/strong><br><\/a>A cargo de: Mar\u00eda Emilia Pandolfi y Luiz Roos<\/td><td>Portugu\u00e9s e italiano<\/td><td class=\"has-text-align-center\" data-align=\"center\"><strong>Laboratorio 1<\/strong><br><strong>13.00 &#8211; 14.30<\/strong><\/td><td class=\"has-text-align-center\" data-align=\"center\">50<\/td><td><a href=\"https:\/\/forms.gle\/Tmg9RL2zivVYSHyj7\" target=\"_blank\" rel=\"noreferrer noopener\">Inscripci\u00f3n<\/a><\/td><\/tr><tr><td><a href=\"https:\/\/ieslvf-caba.infd.edu.ar\/sitio\/wp-content\/uploads\/2024\/08\/Ficha_PONENCIA-INTECdocx.pdf\" target=\"_blank\" rel=\"noreferrer noopener\"><strong><em>Inteligencia artificial<\/em><\/strong><br><\/a>A cargo de: Melina Blanco, Eugenia Kirsanov, Roberto Tassi<\/td><td>P\u00fablico en general<\/td><td class=\"has-text-align-center\" data-align=\"center\"><strong>Laboratorio 2 <\/strong><br><strong>10.00 &#8211; 12.00<\/strong><\/td><td class=\"has-text-align-center\" data-align=\"center\">30<\/td><td><a href=\"https:\/\/forms.gle\/GfyqkpeqkwQonVZT8\" target=\"_blank\" rel=\"noreferrer noopener\">Inscripci\u00f3n<\/a><\/td><\/tr><tr><td><a href=\"https:\/\/ieslvf-caba.infd.edu.ar\/sitio\/wp-content\/uploads\/2024\/08\/2024.IESLVJRF.V.Jornadas.Workshop.Beacon.pdf\" target=\"_blank\" rel=\"noreferrer noopener\"><strong><em>\u2018C\u2019 for Creativity, \u2018L\u2019 for Literature and \u2018E\u2019 for English: <\/em><\/strong><br><strong><em>An explosive combination to unlock our learners\u2019 creative power<\/em><\/strong><\/a><br>A cargo de: Griselda Beacon<\/td><td>Ingl\u00e9s<\/td><td class=\"has-text-align-center\" data-align=\"center\"><strong>Sal\u00f3n 400 <\/strong><br><strong>10.00 &#8211; 12<\/strong>.00<\/td><td class=\"has-text-align-center\" data-align=\"center\">50<\/td><td><a href=\"https:\/\/forms.gle\/yt7fbMkxDxJiC8JW9\" target=\"_blank\" rel=\"noreferrer noopener\">Inscripci\u00f3n<\/a><\/td><\/tr><tr><td><strong><em><a rel=\"noreferrer noopener\" href=\"https:\/\/ieslvf-caba.infd.edu.ar\/sitio\/wp-content\/uploads\/2024\/08\/Ficha_TALLER_Interpretacion_Intro.pdf\" target=\"_blank\">Taller de Introducci\u00f3n a la Interpretaci\u00f3n.<\/a><\/em><\/strong><br>A cargo de: Marita Propato, Mariana Bottillo, Natalia Brasseu,<\/td><td>Int\u00e9rpretes noveles,<br>estudiantes de interpretaci\u00f3n<br>INGL\u00c9S-ESPA\u00d1OL<\/td><td class=\"has-text-align-center\" data-align=\"center\"><strong>Laboratorio 1<\/strong><br><strong>9.00 &#8211; 10.30<\/strong><\/td><td class=\"has-text-align-center\" data-align=\"center\">30<\/td><td><a rel=\"noreferrer noopener\" href=\"https:\/\/forms.gle\/Mmgq9TSLp74cXEhRA\" target=\"_blank\">Inscripci\u00f3n<\/a><\/td><\/tr><tr><td><strong><em><a href=\"https:\/\/ieslvf-caba.infd.edu.ar\/sitio\/wp-content\/uploads\/2024\/08\/Ficha_TALLER_Interpretacion_Avanzado.pdf\" target=\"_blank\" rel=\"noreferrer noopener\">Taller de interpretaci\u00f3n avanzada: De la Consecutiva a la Simult\u00e1nea Retour.<\/a><\/em><\/strong><br>A cargo de: Cecilia Della Croce, Florencia De Galvagni, Marita Propato<\/td><td>Int\u00e9rpretes, estudiantes <br>avanzados de interpretaci\u00f3n <br>INGL\u00c9S-ESPA\u00d1OL<\/td><td class=\"has-text-align-center\" data-align=\"center\"><strong>Laboratorio 1<\/strong><br><strong>11.00 &#8211; 13.00<\/strong><\/td><td class=\"has-text-align-center\" data-align=\"center\">30<\/td><td><a href=\"https:\/\/forms.gle\/H7Hu956ABtjy6Myr5\" target=\"_blank\" rel=\"noreferrer noopener\">Inscripci\u00f3n<\/a><\/td><\/tr><tr><td><\/td><td><\/td><td class=\"has-text-align-center\" data-align=\"center\"><\/td><td class=\"has-text-align-center\" data-align=\"center\"><\/td><td><\/td><\/tr><tr><td><strong>Taller<\/strong><\/td><td><strong>Destinatarios<\/strong><\/td><td class=\"has-text-align-center\" data-align=\"center\"><strong>Lugar &#8211; horario<br>Av. San Juan 350<\/strong><\/td><td class=\"has-text-align-center\" data-align=\"center\"><strong>Cupos<\/strong><\/td><td><\/td><\/tr><tr><td><strong><em><a rel=\"noreferrer noopener\" href=\"https:\/\/ieslvf-caba.infd.edu.ar\/sitio\/wp-content\/uploads\/2024\/08\/Propuesta-TALLER-EILA-V-Jornadas.pdf\" target=\"_blank\">Educaci\u00f3n inclusiva y lenguas adicionales. Planificaci\u00f3n diversificada y caja de herramientas.<\/a><\/em><\/strong><br>A cargo de: Equipo Educaci\u00f3n Inclusiva y lenguas Adicionales del IESLVJRF.<br><br>Visita al Museo Moderno con perspectiva de accesibilidad<\/td><td>P\u00fablico en general<\/td><td class=\"has-text-align-center\" data-align=\"center\"><strong><a href=\"https:\/\/museomoderno.org\/\" target=\"_blank\" rel=\"noreferrer noopener\">Museo Moderno<\/a><\/strong><br><strong>10.00 &#8211; 12.00<\/strong><\/td><td class=\"has-text-align-center\" data-align=\"center\">50<\/td><td><a rel=\"noreferrer noopener\" href=\"https:\/\/forms.gle\/rQS4waKVPG6B7oLy6\" target=\"_blank\">Inscripci\u00f3n<\/a><\/td><\/tr><\/tbody><\/table><\/figure>\n","protected":false},"excerpt":{"rendered":"<p>Los talleres son actividades incluidas en las Jornadas que se dictar\u00e1n el d\u00eda mi\u00e9rcoles 28 de agosto. Los interesados solo podr\u00e1n inscribirse a un m\u00e1ximo de DOS TALLERES. Los talleres tienen cupo limitado. Si intenta completar un formulario y este ya no admite m\u00e1s inscripciones, es porque los cupos asignados a ese taller ya se &#8230; <a title=\"Talleres\" class=\"read-more\" href=\"https:\/\/ieslvf-caba.infd.edu.ar\/sitio\/talleres\/\" aria-label=\"More on Talleres\">[+]<\/a><\/p>\n","protected":false},"author":726,"featured_media":0,"parent":0,"menu_order":0,"comment_status":"closed","ping_status":"closed","template":"","meta":[],"acf":[],"_links":{"self":[{"href":"https:\/\/ieslvf-caba.infd.edu.ar\/sitio\/wp-json\/wp\/v2\/pages\/18136"}],"collection":[{"href":"https:\/\/ieslvf-caba.infd.edu.ar\/sitio\/wp-json\/wp\/v2\/pages"}],"about":[{"href":"https:\/\/ieslvf-caba.infd.edu.ar\/sitio\/wp-json\/wp\/v2\/types\/page"}],"author":[{"embeddable":true,"href":"https:\/\/ieslvf-caba.infd.edu.ar\/sitio\/wp-json\/wp\/v2\/users\/726"}],"replies":[{"embeddable":true,"href":"https:\/\/ieslvf-caba.infd.edu.ar\/sitio\/wp-json\/wp\/v2\/comments?post=18136"}],"version-history":[{"count":20,"href":"https:\/\/ieslvf-caba.infd.edu.ar\/sitio\/wp-json\/wp\/v2\/pages\/18136\/revisions"}],"predecessor-version":[{"id":18296,"href":"https:\/\/ieslvf-caba.infd.edu.ar\/sitio\/wp-json\/wp\/v2\/pages\/18136\/revisions\/18296"}],"wp:attachment":[{"href":"https:\/\/ieslvf-caba.infd.edu.ar\/sitio\/wp-json\/wp\/v2\/media?parent=18136"}],"curies":[{"name":"wp","href":"https:\/\/api.w.org\/{rel}","templated":true}]}}