{"id":18697,"date":"2024-09-06T16:19:00","date_gmt":"2024-09-06T19:19:00","guid":{"rendered":"https:\/\/ieslvf-caba.infd.edu.ar\/sitio\/?page_id=18697"},"modified":"2024-09-06T16:19:01","modified_gmt":"2024-09-06T19:19:01","slug":"actas-jornadas","status":"publish","type":"page","link":"https:\/\/ieslvf-caba.infd.edu.ar\/sitio\/actas-jornadas\/","title":{"rendered":"Actas Jornadas"},"content":{"rendered":"\n<div class=\"alignnormal\"><div id=\"metaslider-id-16752\" style=\"width: 100%;\" class=\"ml-slider-3-33-0 metaslider metaslider-flex metaslider-16752 ml-slider ms-theme-default\" role=\"region\" aria-roledescription=\"Slideshow\" aria-label=\"Slideshow\">\n    <div id=\"metaslider_container_16752\">\n        <div id=\"metaslider_16752\" class=\"flexslider\">\n            <ul aria-live=\"polite\" class=\"slides\">\n                <li style=\"display: block; width: 100%;\" class=\"slide-16758 ms-image\" aria-roledescription=\"slide\" aria-label=\"slide-16758\"><img src=\"https:\/\/ieslvf-caba.infd.edu.ar\/sitio\/wp-content\/uploads\/2024\/03\/20240307_120027-scaled-800x200.jpg\" height=\"200\" width=\"800\" alt=\"galeria\" class=\"slider-16752 slide-16758\" title=\"galeria\" \/><\/li>\n                <li style=\"display: none; width: 100%;\" class=\"slide-16759 ms-image\" aria-roledescription=\"slide\" aria-label=\"slide-16759\"><img src=\"https:\/\/ieslvf-caba.infd.edu.ar\/sitio\/wp-content\/uploads\/2024\/03\/20240307_121000-scaled-800x200.jpg\" height=\"200\" width=\"800\" alt=\"\" class=\"slider-16752 slide-16759\" title=\"20240307_121000\" \/><\/li>\n                <li style=\"display: none; width: 100%;\" class=\"slide-16760 ms-image\" aria-roledescription=\"slide\" aria-label=\"slide-16760\"><img src=\"https:\/\/ieslvf-caba.infd.edu.ar\/sitio\/wp-content\/uploads\/2024\/03\/20240307_115932-scaled-800x200.jpg\" height=\"200\" width=\"800\" alt=\"escalera\" class=\"slider-16752 slide-16760\" title=\"escalera\" \/><\/li>\n                <li style=\"display: none; width: 100%;\" class=\"slide-16761 ms-image\" aria-roledescription=\"slide\" aria-label=\"slide-16761\"><img src=\"https:\/\/ieslvf-caba.infd.edu.ar\/sitio\/wp-content\/uploads\/2024\/03\/20240307_120417-scaled-800x200.jpg\" height=\"200\" width=\"800\" alt=\"\" class=\"slider-16752 slide-16761\" title=\"20240307_120417\" \/><\/li>\n                <li style=\"display: none; width: 100%;\" class=\"slide-16767 ms-image\" aria-roledescription=\"slide\" aria-label=\"slide-16767\"><img src=\"https:\/\/ieslvf-caba.infd.edu.ar\/sitio\/wp-content\/uploads\/2024\/03\/20240307_120306-scaled-800x200.jpg\" height=\"200\" width=\"800\" alt=\"\" class=\"slider-16752 slide-16767\" title=\"20240307_120306\" \/><\/li>\n            <\/ul>\n        <\/div>\n        \n    <\/div>\n<\/div><\/div>\n\n\n\n<figure class=\"wp-block-table\"><table><tbody><tr><td class=\"has-text-align-center\" data-align=\"center\">2017<br><img decoding=\"async\" loading=\"lazy\" width=\"813\" height=\"1005\" class=\"wp-image-18698\" style=\"width: 200px;\" src=\"https:\/\/ieslvf-caba.infd.edu.ar\/sitio\/wp-content\/uploads\/2024\/09\/2017-JORNADAS.png\" alt=\"\" srcset=\"https:\/\/ieslvf-caba.infd.edu.ar\/sitio\/wp-content\/uploads\/2024\/09\/2017-JORNADAS.png 813w, https:\/\/ieslvf-caba.infd.edu.ar\/sitio\/wp-content\/uploads\/2024\/09\/2017-JORNADAS-809x1000.png 809w, https:\/\/ieslvf-caba.infd.edu.ar\/sitio\/wp-content\/uploads\/2024\/09\/2017-JORNADAS-768x949.png 768w\" sizes=\"(max-width: 813px) 100vw, 813px\" \/><\/td><td><a href=\"https:\/\/ieslvf-caba.infd.edu.ar\/sitio\/wp-content\/uploads\/sitio\/Actas_IV_Jornadas_Internacionales_2017_2.pdf\" target=\"_blank\" rel=\"noreferrer noopener\">Lenguas en el cruce de fronteras: pol\u00edticas, pr\u00e1cticas y saberes<\/a><\/td><\/tr><tr><td class=\"has-text-align-center\" data-align=\"center\">2015<br><img decoding=\"async\" loading=\"lazy\" width=\"584\" height=\"869\" class=\"wp-image-18699\" style=\"width: 200px;\" src=\"https:\/\/ieslvf-caba.infd.edu.ar\/sitio\/wp-content\/uploads\/2024\/09\/2015-JORNADAS.png\" alt=\"\"><\/td><td><a href=\"https:\/\/ieslvf-caba.infd.edu.ar\/sitio\/wp-content\/uploads\/sitio\/Actas_de_las_III_Jornadas_versio769n_final.pdf\" target=\"_blank\" rel=\"noreferrer noopener\">Resignificando espacios en la ense\u00f1anza de lenguas y la traducci\u00f3n<\/a><\/td><\/tr><tr><td class=\"has-text-align-center\" data-align=\"center\">2010<br><img decoding=\"async\" loading=\"lazy\" width=\"709\" height=\"1002\" class=\"wp-image-18700\" style=\"width: 200px;\" src=\"https:\/\/ieslvf-caba.infd.edu.ar\/sitio\/wp-content\/uploads\/2024\/09\/2010-JORNADAS.png\" alt=\"\" srcset=\"https:\/\/ieslvf-caba.infd.edu.ar\/sitio\/wp-content\/uploads\/2024\/09\/2010-JORNADAS.png 709w, https:\/\/ieslvf-caba.infd.edu.ar\/sitio\/wp-content\/uploads\/2024\/09\/2010-JORNADAS-708x1000.png 708w\" sizes=\"(max-width: 709px) 100vw, 709px\" \/><\/td><td><a rel=\"noreferrer noopener\" href=\"https:\/\/ieslvf-caba.infd.edu.ar\/sitio\/wp-content\/uploads\/sitio\/Actas_II_Jornadas_2010_IESLV.pdf\" target=\"_blank\">Segundas Jornadas Internacionales<\/a><\/td><\/tr><tr><td class=\"has-text-align-center\" data-align=\"center\">2007<br><img decoding=\"async\" loading=\"lazy\" width=\"708\" height=\"994\" class=\"wp-image-18702\" style=\"width: 200px;\" src=\"https:\/\/ieslvf-caba.infd.edu.ar\/sitio\/wp-content\/uploads\/2024\/09\/2007-JORNADAS-1.png\" alt=\"\"><\/td><td><a href=\"https:\/\/ieslvf-caba.infd.edu.ar\/sitio\/wp-content\/uploads\/sitio\/Actas_del_Congreso_Formacio769n_e_Investigacio769n_en_Lenguas_Extranjeras_y_Traduccio769n.pdf\" target=\"_blank\" rel=\"noreferrer noopener\">Congreso Formaci\u00f3n e Investigaci\u00f3n en Lenguas Extranjeras y Traducci\u00f3n<\/a><\/td><\/tr><\/tbody><\/table><\/figure>\n","protected":false},"excerpt":{"rendered":"<p>2017 Lenguas en el cruce de fronteras: pol\u00edticas, pr\u00e1cticas y saberes 2015 Resignificando espacios en la ense\u00f1anza de lenguas y la traducci\u00f3n 2010 Segundas Jornadas Internacionales 2007 Congreso Formaci\u00f3n e Investigaci\u00f3n en Lenguas Extranjeras y Traducci\u00f3n<\/p>\n","protected":false},"author":726,"featured_media":0,"parent":0,"menu_order":0,"comment_status":"closed","ping_status":"closed","template":"","meta":[],"acf":[],"_links":{"self":[{"href":"https:\/\/ieslvf-caba.infd.edu.ar\/sitio\/wp-json\/wp\/v2\/pages\/18697"}],"collection":[{"href":"https:\/\/ieslvf-caba.infd.edu.ar\/sitio\/wp-json\/wp\/v2\/pages"}],"about":[{"href":"https:\/\/ieslvf-caba.infd.edu.ar\/sitio\/wp-json\/wp\/v2\/types\/page"}],"author":[{"embeddable":true,"href":"https:\/\/ieslvf-caba.infd.edu.ar\/sitio\/wp-json\/wp\/v2\/users\/726"}],"replies":[{"embeddable":true,"href":"https:\/\/ieslvf-caba.infd.edu.ar\/sitio\/wp-json\/wp\/v2\/comments?post=18697"}],"version-history":[{"count":1,"href":"https:\/\/ieslvf-caba.infd.edu.ar\/sitio\/wp-json\/wp\/v2\/pages\/18697\/revisions"}],"predecessor-version":[{"id":18703,"href":"https:\/\/ieslvf-caba.infd.edu.ar\/sitio\/wp-json\/wp\/v2\/pages\/18697\/revisions\/18703"}],"wp:attachment":[{"href":"https:\/\/ieslvf-caba.infd.edu.ar\/sitio\/wp-json\/wp\/v2\/media?parent=18697"}],"curies":[{"name":"wp","href":"https:\/\/api.w.org\/{rel}","templated":true}]}}