{"id":18769,"date":"2024-09-27T15:57:46","date_gmt":"2024-09-27T18:57:46","guid":{"rendered":"https:\/\/ieslvf-caba.infd.edu.ar\/sitio\/?page_id=18769"},"modified":"2025-04-22T17:21:39","modified_gmt":"2025-04-22T20:21:39","slug":"camoes","status":"publish","type":"page","link":"https:\/\/ieslvf-caba.infd.edu.ar\/sitio\/camoes\/","title":{"rendered":"Cam\u00f5es"},"content":{"rendered":"\n<div class=\"wp-block-cover alignwide is-position-center-center\" style=\"min-height:100px\" id=\"volver\"><span aria-hidden=\"true\" class=\"wp-block-cover__background has-background-dim-20 has-background-dim\"><\/span><img decoding=\"async\" loading=\"lazy\" width=\"1920\" height=\"2560\" class=\"wp-block-cover__image-background wp-image-12869\" alt=\"\" src=\"https:\/\/ieslvf-caba.infd.edu.ar\/sitio\/wp-content\/uploads\/2022\/05\/20220502_131906-scaled.jpg\" style=\"object-position:86% 33%\" data-object-fit=\"cover\" data-object-position=\"86% 33%\" srcset=\"https:\/\/ieslvf-caba.infd.edu.ar\/sitio\/wp-content\/uploads\/2022\/05\/20220502_131906-scaled.jpg 1920w, https:\/\/ieslvf-caba.infd.edu.ar\/sitio\/wp-content\/uploads\/2022\/05\/20220502_131906-750x1000.jpg 750w, https:\/\/ieslvf-caba.infd.edu.ar\/sitio\/wp-content\/uploads\/2022\/05\/20220502_131906-1425x1900.jpg 1425w, https:\/\/ieslvf-caba.infd.edu.ar\/sitio\/wp-content\/uploads\/2022\/05\/20220502_131906-768x1024.jpg 768w, https:\/\/ieslvf-caba.infd.edu.ar\/sitio\/wp-content\/uploads\/2022\/05\/20220502_131906-1152x1536.jpg 1152w, https:\/\/ieslvf-caba.infd.edu.ar\/sitio\/wp-content\/uploads\/2022\/05\/20220502_131906-1536x2048.jpg 1536w\" sizes=\"(max-width: 1920px) 100vw, 1920px\" \/><div class=\"wp-block-cover__inner-container\">\n<p class=\"has-text-align-center has-text-color\" id=\"Volver\" style=\"color:#fffffa;font-size:40px;line-height:1.1\"><strong><strong>Centro de Lengua Portuguesa \/ Instituto Cam\u00f5es en Buenos Aires<\/strong><\/strong><\/p>\n<\/div><\/div>\n\n\n\n<p style=\"font-size:24px\"><\/p>\n\n\n\n<p>El Centro de Lengua Portuguesa \/ Instituto Cam\u00f5es en Buenos Aires fue inaugurado en 1999 en el Instituto de Ense\u00f1anza Superior en Lenguas Vivas \u00abJuan Ram\u00f3n Fern\u00e1ndez\u00bb. Este Centro funciona como un espacio que proporciona a profesores, alumnos y al p\u00fablico en general material y apoyo diverso para la profundizaci\u00f3n de conocimientos en el \u00e1rea de la Lengua y Cultura Portuguesas.<br><br>El IESLV \u00abJRF\u00bb ofrece las instalaciones necesarias para el funcionamiento de este Centro que cuenta con una Biblioteca de Lengua y Cultura Portuguesas compuesta por, aproximadamente, 4000 vol\u00famenes y un acervo, en permanente actualizaci\u00f3n, de DVD \u0301s de Cine Portugu\u00e9s, adem\u00e1s de otros materiales en diversos soportes.<br><br>El Centro de Lengua Portuguesa desarrolla igualmente actividades complementares de formaci\u00f3n y de car\u00e1cter cultural, como talleres de arte y de ense\u00f1anza de la lengua, exposiciones y conferencias, apoyadas por el Cam\u00f5es \u2013 Instituto da Coopera\u00e7\u00e3o e da L\u00edngua en Lisboa, en estrecha cooperaci\u00f3n con el \u00e1mbito del IESLV \u00abJRF\u00bb.<br><br>La colecci\u00f3n de la biblioteca se conforma de:<\/p>\n\n\n\n<ul>\n<li>libros de arte;<\/li>\n\n\n\n<li>diccionarios y gram\u00e1ticas;<\/li>\n\n\n\n<li>ensayos y cr\u00edtica literaria;<\/li>\n\n\n\n<li>historia y cultura de los pa\u00edses lus\u00f3fonos;<\/li>\n\n\n\n<li>literatura en lengua portuguesa (angole\u00f1a, brasile\u00f1a, caboverdiana, guineana, mozambique\u00f1a, portuguesa, santotomense, timorense, entre otras);<\/li>\n\n\n\n<li>literatura infantil en lengua portuguesa;<\/li>\n\n\n\n<li>ling\u00fc\u00edstica portuguesa;<\/li>\n\n\n\n<li>material did\u00e1ctico (CD \u0301s);<\/li>\n\n\n\n<li>metodolog\u00eda y did\u00e1ctica de la ense\u00f1anza de la lengua portuguesa como lengua no materna;<\/li>\n\n\n\n<li>pel\u00edculas (DVD \u0301s);<\/li>\n\n\n\n<li>traducciones.<\/li>\n<\/ul>\n\n\n\n<p>El Centro de Lengua Portuguesa \/ Instituto Cam\u00f5es brinda el servicio de pr\u00e9stamo a domicilio, de manera gratuita, a todos los usuarios de la Biblioteca.<\/p>\n\n\n\n<h4 class=\"wp-block-heading\"><strong>Informaci\u00f3n general<\/strong><\/h4>\n\n\n\n<p><strong>Responsables de la biblioteca:<br><\/strong>Leitorado: Isabel Gaspar<br>Secretariado: Marcela Vanini y Yasmine Riggio<br><br><strong>Horario de atenci\u00f3n:<br><\/strong>Lunes: de 17 a 20 hs.<br>Martes: de 17 a 20 hs.<br>Mi\u00e9rcoles: de 12 a 20 hs.<br>Jueves: de 17 a 20 hs.<br>Viernes: de 17 a 20 hs.<br><br><strong>Correo electr\u00f3nico:<br><\/strong>camoesclp.argentina@gmail.com<br><br><strong>Tel\u00e9fono:<br><\/strong>+54 11 4328 5166<\/p>\n\n\n\n<p><strong>Instagram<br><\/strong>https:\/\/www.instagram.com\/clp.camoes.buenos.aires\/<br><br><strong>Facebook<br><\/strong>https:\/\/www.facebook.com\/clpargentina<\/p>\n","protected":false},"excerpt":{"rendered":"<p>El Centro de Lengua Portuguesa \/ Instituto Cam\u00f5es en Buenos Aires fue inaugurado en 1999 en el Instituto de Ense\u00f1anza Superior en Lenguas Vivas \u00abJuan Ram\u00f3n Fern\u00e1ndez\u00bb. Este Centro funciona como un espacio que proporciona a profesores, alumnos y al p\u00fablico en general material y apoyo diverso para la profundizaci\u00f3n de conocimientos en el \u00e1rea &#8230; <a title=\"Cam\u00f5es\" class=\"read-more\" href=\"https:\/\/ieslvf-caba.infd.edu.ar\/sitio\/camoes\/\" aria-label=\"More on Cam\u00f5es\">[+]<\/a><\/p>\n","protected":false},"author":726,"featured_media":0,"parent":0,"menu_order":0,"comment_status":"closed","ping_status":"closed","template":"","meta":[],"acf":[],"_links":{"self":[{"href":"https:\/\/ieslvf-caba.infd.edu.ar\/sitio\/wp-json\/wp\/v2\/pages\/18769"}],"collection":[{"href":"https:\/\/ieslvf-caba.infd.edu.ar\/sitio\/wp-json\/wp\/v2\/pages"}],"about":[{"href":"https:\/\/ieslvf-caba.infd.edu.ar\/sitio\/wp-json\/wp\/v2\/types\/page"}],"author":[{"embeddable":true,"href":"https:\/\/ieslvf-caba.infd.edu.ar\/sitio\/wp-json\/wp\/v2\/users\/726"}],"replies":[{"embeddable":true,"href":"https:\/\/ieslvf-caba.infd.edu.ar\/sitio\/wp-json\/wp\/v2\/comments?post=18769"}],"version-history":[{"count":6,"href":"https:\/\/ieslvf-caba.infd.edu.ar\/sitio\/wp-json\/wp\/v2\/pages\/18769\/revisions"}],"predecessor-version":[{"id":19744,"href":"https:\/\/ieslvf-caba.infd.edu.ar\/sitio\/wp-json\/wp\/v2\/pages\/18769\/revisions\/19744"}],"wp:attachment":[{"href":"https:\/\/ieslvf-caba.infd.edu.ar\/sitio\/wp-json\/wp\/v2\/media?parent=18769"}],"curies":[{"name":"wp","href":"https:\/\/api.w.org\/{rel}","templated":true}]}}