{"id":20606,"date":"2025-10-21T18:40:04","date_gmt":"2025-10-21T21:40:04","guid":{"rendered":"https:\/\/ieslvf-caba.infd.edu.ar\/sitio\/?page_id=20606"},"modified":"2025-11-05T16:17:39","modified_gmt":"2025-11-05T19:17:39","slug":"la-noche-de-los-museos-2025","status":"publish","type":"page","link":"https:\/\/ieslvf-caba.infd.edu.ar\/sitio\/la-noche-de-los-museos-2025\/","title":{"rendered":"La NOCHE de los MUSEOS 2025"},"content":{"rendered":"\n<p>\u00a1Se viene la Noche de los Museos en el Lenguas! Ven\u00ed a conocer la Escuela que fue mansi\u00f3n y a compartir una noche m\u00e1gica llena de actividades donde las lenguas extranjeras, la formaci\u00f3n docente y la interculturalidad son protagonistas.<br><br>S\u00e1bado 8 de noviembre &#8211; 19:00 a 24:00<br><br>Invitamos especialmente a nuestras exalumnas\/os y graduadas\/os de las carreras.<br><br>\u00a1No te lo pierdas!<\/p>\n\n\n\n<figure class=\"wp-block-table is-style-stripes\"><table><tbody><tr><td><img decoding=\"async\" loading=\"lazy\" width=\"1080\" height=\"1350\" class=\"wp-image-20607\" style=\"width: 500px;\" src=\"https:\/\/ieslvf-caba.infd.edu.ar\/sitio\/wp-content\/uploads\/2025\/10\/FLYER-GENERAL-01.png\" alt=\"\" srcset=\"https:\/\/ieslvf-caba.infd.edu.ar\/sitio\/wp-content\/uploads\/2025\/10\/FLYER-GENERAL-01.png 1080w, https:\/\/ieslvf-caba.infd.edu.ar\/sitio\/wp-content\/uploads\/2025\/10\/FLYER-GENERAL-01-800x1000.png 800w, https:\/\/ieslvf-caba.infd.edu.ar\/sitio\/wp-content\/uploads\/2025\/10\/FLYER-GENERAL-01-768x960.png 768w\" sizes=\"(max-width: 1080px) 100vw, 1080px\" \/><\/td><td><img decoding=\"async\" loading=\"lazy\" width=\"1080\" height=\"1350\" class=\"wp-image-20608\" style=\"width: 500px;\" src=\"https:\/\/ieslvf-caba.infd.edu.ar\/sitio\/wp-content\/uploads\/2025\/10\/FLYER-GENERAL.png\" alt=\"\" srcset=\"https:\/\/ieslvf-caba.infd.edu.ar\/sitio\/wp-content\/uploads\/2025\/10\/FLYER-GENERAL.png 1080w, https:\/\/ieslvf-caba.infd.edu.ar\/sitio\/wp-content\/uploads\/2025\/10\/FLYER-GENERAL-800x1000.png 800w, https:\/\/ieslvf-caba.infd.edu.ar\/sitio\/wp-content\/uploads\/2025\/10\/FLYER-GENERAL-768x960.png 768w\" sizes=\"(max-width: 1080px) 100vw, 1080px\" \/><\/td><\/tr><\/tbody><\/table><\/figure>\n\n\n\n<h4 class=\"wp-block-heading has-contrast-color has-contrast-3-background-color has-text-color has-background\">Programa<\/h4>\n\n\n\n<figure class=\"wp-block-image size-large\"><img decoding=\"async\" loading=\"lazy\" width=\"1343\" height=\"1900\" src=\"https:\/\/ieslvf-caba.infd.edu.ar\/sitio\/wp-content\/uploads\/2025\/11\/Programa-Noche-de-los-Museos-2025-3-1-1343x1900.png\" alt=\"\" class=\"wp-image-20770\" srcset=\"https:\/\/ieslvf-caba.infd.edu.ar\/sitio\/wp-content\/uploads\/2025\/11\/Programa-Noche-de-los-Museos-2025-3-1-1343x1900.png 1343w, https:\/\/ieslvf-caba.infd.edu.ar\/sitio\/wp-content\/uploads\/2025\/11\/Programa-Noche-de-los-Museos-2025-3-1-707x1000.png 707w, https:\/\/ieslvf-caba.infd.edu.ar\/sitio\/wp-content\/uploads\/2025\/11\/Programa-Noche-de-los-Museos-2025-3-1-768x1086.png 768w, https:\/\/ieslvf-caba.infd.edu.ar\/sitio\/wp-content\/uploads\/2025\/11\/Programa-Noche-de-los-Museos-2025-3-1-1086x1536.png 1086w, https:\/\/ieslvf-caba.infd.edu.ar\/sitio\/wp-content\/uploads\/2025\/11\/Programa-Noche-de-los-Museos-2025-3-1.png 1414w\" sizes=\"(max-width: 1343px) 100vw, 1343px\" \/><\/figure>\n\n\n\n<p><a href=\"https:\/\/ieslvf-caba.infd.edu.ar\/sitio\/wp-content\/uploads\/2025\/11\/Programa-Noche-de-los-Museos-2025-3.pdf\" target=\"_blank\" rel=\"noreferrer noopener\">Programa de actividades PDF<\/a><\/p>\n\n\n\n<h4 class=\"wp-block-heading has-contrast-color has-contrast-3-background-color has-text-color has-background\"><strong><strong><strong><strong><mark style=\"background-color:rgba(0, 0, 0, 0);color:#001e78\" class=\"has-inline-color\">Actividades<\/mark><\/strong><\/strong><\/strong><\/strong><\/h4>\n\n\n\n<figure class=\"wp-block-table is-style-stripes\"><table><tbody><tr><td><img decoding=\"async\" loading=\"lazy\" width=\"1080\" height=\"1350\" class=\"wp-image-20630\" style=\"width: 500px;\" src=\"https:\/\/ieslvf-caba.infd.edu.ar\/sitio\/wp-content\/uploads\/2025\/10\/Cine-y-literatura-de-Alemania-y-Austria-1.png\" alt=\"\" srcset=\"https:\/\/ieslvf-caba.infd.edu.ar\/sitio\/wp-content\/uploads\/2025\/10\/Cine-y-literatura-de-Alemania-y-Austria-1.png 1080w, https:\/\/ieslvf-caba.infd.edu.ar\/sitio\/wp-content\/uploads\/2025\/10\/Cine-y-literatura-de-Alemania-y-Austria-1-800x1000.png 800w, https:\/\/ieslvf-caba.infd.edu.ar\/sitio\/wp-content\/uploads\/2025\/10\/Cine-y-literatura-de-Alemania-y-Austria-1-768x960.png 768w\" sizes=\"(max-width: 1080px) 100vw, 1080px\" \/><br>Actividad con Inscripci\u00f3n previa, link al formulario de inscripci\u00f3n:<br><a rel=\"noreferrer noopener\" href=\"https:\/\/docs.google.com\/forms\/d\/1BP-S_8Th2DHtBfnsDuGpBIL5b-I7w_pAB3hk8JrVjFA\/viewform?pli=1&amp;pli=1&amp;edit_requested=true\" target=\"_blank\">CLICK AQU\u00cd<\/a><\/td><td><img decoding=\"async\" loading=\"lazy\" width=\"1080\" height=\"1350\" class=\"wp-image-20610\" style=\"width: 500px;\" src=\"https:\/\/ieslvf-caba.infd.edu.ar\/sitio\/wp-content\/uploads\/2025\/10\/Comision-por-la-Memoria-y-los-Derechos-Humanos.png\" alt=\"\" srcset=\"https:\/\/ieslvf-caba.infd.edu.ar\/sitio\/wp-content\/uploads\/2025\/10\/Comision-por-la-Memoria-y-los-Derechos-Humanos.png 1080w, https:\/\/ieslvf-caba.infd.edu.ar\/sitio\/wp-content\/uploads\/2025\/10\/Comision-por-la-Memoria-y-los-Derechos-Humanos-800x1000.png 800w, https:\/\/ieslvf-caba.infd.edu.ar\/sitio\/wp-content\/uploads\/2025\/10\/Comision-por-la-Memoria-y-los-Derechos-Humanos-768x960.png 768w\" sizes=\"(max-width: 1080px) 100vw, 1080px\" \/><br><\/td><\/tr><tr><td><img decoding=\"async\" loading=\"lazy\" width=\"1080\" height=\"1350\" class=\"wp-image-20611\" style=\"width: 500px;\" src=\"https:\/\/ieslvf-caba.infd.edu.ar\/sitio\/wp-content\/uploads\/2025\/10\/Concurso-literario.png\" alt=\"\" srcset=\"https:\/\/ieslvf-caba.infd.edu.ar\/sitio\/wp-content\/uploads\/2025\/10\/Concurso-literario.png 1080w, https:\/\/ieslvf-caba.infd.edu.ar\/sitio\/wp-content\/uploads\/2025\/10\/Concurso-literario-800x1000.png 800w, https:\/\/ieslvf-caba.infd.edu.ar\/sitio\/wp-content\/uploads\/2025\/10\/Concurso-literario-768x960.png 768w\" sizes=\"(max-width: 1080px) 100vw, 1080px\" \/><\/td><td><img decoding=\"async\" loading=\"lazy\" width=\"1080\" height=\"1350\" class=\"wp-image-20612\" style=\"width: 500px;\" src=\"https:\/\/ieslvf-caba.infd.edu.ar\/sitio\/wp-content\/uploads\/2025\/10\/Constanza-Bis.png\" alt=\"\" srcset=\"https:\/\/ieslvf-caba.infd.edu.ar\/sitio\/wp-content\/uploads\/2025\/10\/Constanza-Bis.png 1080w, https:\/\/ieslvf-caba.infd.edu.ar\/sitio\/wp-content\/uploads\/2025\/10\/Constanza-Bis-800x1000.png 800w, https:\/\/ieslvf-caba.infd.edu.ar\/sitio\/wp-content\/uploads\/2025\/10\/Constanza-Bis-768x960.png 768w\" sizes=\"(max-width: 1080px) 100vw, 1080px\" \/><\/td><\/tr><tr><td><img decoding=\"async\" loading=\"lazy\" width=\"1080\" height=\"1350\" class=\"wp-image-20613\" style=\"width: 500px;\" src=\"https:\/\/ieslvf-caba.infd.edu.ar\/sitio\/wp-content\/uploads\/2025\/10\/DINOSAURIOS.png\" alt=\"\" srcset=\"https:\/\/ieslvf-caba.infd.edu.ar\/sitio\/wp-content\/uploads\/2025\/10\/DINOSAURIOS.png 1080w, https:\/\/ieslvf-caba.infd.edu.ar\/sitio\/wp-content\/uploads\/2025\/10\/DINOSAURIOS-800x1000.png 800w, https:\/\/ieslvf-caba.infd.edu.ar\/sitio\/wp-content\/uploads\/2025\/10\/DINOSAURIOS-768x960.png 768w\" sizes=\"(max-width: 1080px) 100vw, 1080px\" \/><\/td><td><img decoding=\"async\" loading=\"lazy\" width=\"1080\" height=\"1350\" class=\"wp-image-20614\" style=\"width: 500px;\" src=\"https:\/\/ieslvf-caba.infd.edu.ar\/sitio\/wp-content\/uploads\/2025\/10\/LOVE-Songs.png\" alt=\"\" srcset=\"https:\/\/ieslvf-caba.infd.edu.ar\/sitio\/wp-content\/uploads\/2025\/10\/LOVE-Songs.png 1080w, https:\/\/ieslvf-caba.infd.edu.ar\/sitio\/wp-content\/uploads\/2025\/10\/LOVE-Songs-800x1000.png 800w, https:\/\/ieslvf-caba.infd.edu.ar\/sitio\/wp-content\/uploads\/2025\/10\/LOVE-Songs-768x960.png 768w\" sizes=\"(max-width: 1080px) 100vw, 1080px\" \/><\/td><\/tr><tr><td><img decoding=\"async\" loading=\"lazy\" width=\"1080\" height=\"1350\" class=\"wp-image-20615\" style=\"width: 500px;\" src=\"https:\/\/ieslvf-caba.infd.edu.ar\/sitio\/wp-content\/uploads\/2025\/10\/Maestras-normalistas-y-profesores-de-idiomas-contemporaneos.png\" alt=\"\" srcset=\"https:\/\/ieslvf-caba.infd.edu.ar\/sitio\/wp-content\/uploads\/2025\/10\/Maestras-normalistas-y-profesores-de-idiomas-contemporaneos.png 1080w, https:\/\/ieslvf-caba.infd.edu.ar\/sitio\/wp-content\/uploads\/2025\/10\/Maestras-normalistas-y-profesores-de-idiomas-contemporaneos-800x1000.png 800w, https:\/\/ieslvf-caba.infd.edu.ar\/sitio\/wp-content\/uploads\/2025\/10\/Maestras-normalistas-y-profesores-de-idiomas-contemporaneos-768x960.png 768w\" sizes=\"(max-width: 1080px) 100vw, 1080px\" \/><\/td><td><img decoding=\"async\" loading=\"lazy\" width=\"1080\" height=\"1350\" class=\"wp-image-20616\" style=\"width: 500px;\" src=\"https:\/\/ieslvf-caba.infd.edu.ar\/sitio\/wp-content\/uploads\/2025\/10\/Tango-y-Milonga.png\" alt=\"\" srcset=\"https:\/\/ieslvf-caba.infd.edu.ar\/sitio\/wp-content\/uploads\/2025\/10\/Tango-y-Milonga.png 1080w, https:\/\/ieslvf-caba.infd.edu.ar\/sitio\/wp-content\/uploads\/2025\/10\/Tango-y-Milonga-800x1000.png 800w, https:\/\/ieslvf-caba.infd.edu.ar\/sitio\/wp-content\/uploads\/2025\/10\/Tango-y-Milonga-768x960.png 768w\" sizes=\"(max-width: 1080px) 100vw, 1080px\" \/><\/td><\/tr><tr><td><img decoding=\"async\" loading=\"lazy\" width=\"1080\" height=\"1350\" class=\"wp-image-20617\" style=\"width: 500px;\" src=\"https:\/\/ieslvf-caba.infd.edu.ar\/sitio\/wp-content\/uploads\/2025\/10\/TAPIS-VOLANT.png\" alt=\"\" srcset=\"https:\/\/ieslvf-caba.infd.edu.ar\/sitio\/wp-content\/uploads\/2025\/10\/TAPIS-VOLANT.png 1080w, https:\/\/ieslvf-caba.infd.edu.ar\/sitio\/wp-content\/uploads\/2025\/10\/TAPIS-VOLANT-800x1000.png 800w, https:\/\/ieslvf-caba.infd.edu.ar\/sitio\/wp-content\/uploads\/2025\/10\/TAPIS-VOLANT-768x960.png 768w\" sizes=\"(max-width: 1080px) 100vw, 1080px\" \/><\/td><td><img decoding=\"async\" loading=\"lazy\" width=\"1080\" height=\"1350\" class=\"wp-image-20633\" style=\"width: 500px;\" src=\"https:\/\/ieslvf-caba.infd.edu.ar\/sitio\/wp-content\/uploads\/2025\/10\/Rincon-de-exalumnas_os.png\" alt=\"\" srcset=\"https:\/\/ieslvf-caba.infd.edu.ar\/sitio\/wp-content\/uploads\/2025\/10\/Rincon-de-exalumnas_os.png 1080w, https:\/\/ieslvf-caba.infd.edu.ar\/sitio\/wp-content\/uploads\/2025\/10\/Rincon-de-exalumnas_os-800x1000.png 800w, https:\/\/ieslvf-caba.infd.edu.ar\/sitio\/wp-content\/uploads\/2025\/10\/Rincon-de-exalumnas_os-768x960.png 768w\" sizes=\"(max-width: 1080px) 100vw, 1080px\" \/><\/td><\/tr><tr><td><img decoding=\"async\" loading=\"lazy\" width=\"1080\" height=\"1350\" class=\"wp-image-20657\" style=\"width: 500px;\" src=\"https:\/\/ieslvf-caba.infd.edu.ar\/sitio\/wp-content\/uploads\/2025\/10\/Profesoras-que-dejaron-huellas-1.png\" alt=\"\" srcset=\"https:\/\/ieslvf-caba.infd.edu.ar\/sitio\/wp-content\/uploads\/2025\/10\/Profesoras-que-dejaron-huellas-1.png 1080w, https:\/\/ieslvf-caba.infd.edu.ar\/sitio\/wp-content\/uploads\/2025\/10\/Profesoras-que-dejaron-huellas-1-800x1000.png 800w, https:\/\/ieslvf-caba.infd.edu.ar\/sitio\/wp-content\/uploads\/2025\/10\/Profesoras-que-dejaron-huellas-1-768x960.png 768w\" sizes=\"(max-width: 1080px) 100vw, 1080px\" \/><br>Para colaborar con fotograf\u00edas completar este <a href=\"https:\/\/docs.google.com\/forms\/d\/e\/1FAIpQLSeHAmIqdGtSRsyZ8dk7iNiWKk0D1VYvwXSECBGmf6grQWyYCA\/viewform\" target=\"_blank\" rel=\"noreferrer noopener\">formulario<\/a><\/td><td><img decoding=\"async\" loading=\"lazy\" width=\"1080\" height=\"1350\" class=\"wp-image-20643\" style=\"width: 500px;\" src=\"https:\/\/ieslvf-caba.infd.edu.ar\/sitio\/wp-content\/uploads\/2025\/10\/Taller-de-experiencias-interculturales.png\" alt=\"\" srcset=\"https:\/\/ieslvf-caba.infd.edu.ar\/sitio\/wp-content\/uploads\/2025\/10\/Taller-de-experiencias-interculturales.png 1080w, https:\/\/ieslvf-caba.infd.edu.ar\/sitio\/wp-content\/uploads\/2025\/10\/Taller-de-experiencias-interculturales-800x1000.png 800w, https:\/\/ieslvf-caba.infd.edu.ar\/sitio\/wp-content\/uploads\/2025\/10\/Taller-de-experiencias-interculturales-768x960.png 768w\" sizes=\"(max-width: 1080px) 100vw, 1080px\" \/><br><\/td><\/tr><tr><td><img decoding=\"async\" loading=\"lazy\" width=\"1080\" height=\"1350\" class=\"wp-image-20658\" style=\"width: 500px;\" src=\"https:\/\/ieslvf-caba.infd.edu.ar\/sitio\/wp-content\/uploads\/2025\/10\/Museo-Vivo-Lenguas-Vivas-Legado-y-Futuro.png\" alt=\"\" srcset=\"https:\/\/ieslvf-caba.infd.edu.ar\/sitio\/wp-content\/uploads\/2025\/10\/Museo-Vivo-Lenguas-Vivas-Legado-y-Futuro.png 1080w, https:\/\/ieslvf-caba.infd.edu.ar\/sitio\/wp-content\/uploads\/2025\/10\/Museo-Vivo-Lenguas-Vivas-Legado-y-Futuro-800x1000.png 800w, https:\/\/ieslvf-caba.infd.edu.ar\/sitio\/wp-content\/uploads\/2025\/10\/Museo-Vivo-Lenguas-Vivas-Legado-y-Futuro-768x960.png 768w\" sizes=\"(max-width: 1080px) 100vw, 1080px\" \/><\/td><td><img decoding=\"async\" loading=\"lazy\" width=\"1080\" height=\"1350\" class=\"wp-image-20691\" style=\"width: 500px;\" src=\"https:\/\/ieslvf-caba.infd.edu.ar\/sitio\/wp-content\/uploads\/2025\/10\/I-reverencias-a-Camoes-1.png\" alt=\"\" srcset=\"https:\/\/ieslvf-caba.infd.edu.ar\/sitio\/wp-content\/uploads\/2025\/10\/I-reverencias-a-Camoes-1.png 1080w, https:\/\/ieslvf-caba.infd.edu.ar\/sitio\/wp-content\/uploads\/2025\/10\/I-reverencias-a-Camoes-1-800x1000.png 800w, https:\/\/ieslvf-caba.infd.edu.ar\/sitio\/wp-content\/uploads\/2025\/10\/I-reverencias-a-Camoes-1-768x960.png 768w\" sizes=\"(max-width: 1080px) 100vw, 1080px\" \/><br><\/td><\/tr><tr><td><img decoding=\"async\" loading=\"lazy\" width=\"1080\" height=\"1350\" class=\"wp-image-20695\" style=\"width: 500px;\" src=\"https:\/\/ieslvf-caba.infd.edu.ar\/sitio\/wp-content\/uploads\/2025\/10\/La-cueva-de-las-letras.png\" alt=\"\" srcset=\"https:\/\/ieslvf-caba.infd.edu.ar\/sitio\/wp-content\/uploads\/2025\/10\/La-cueva-de-las-letras.png 1080w, https:\/\/ieslvf-caba.infd.edu.ar\/sitio\/wp-content\/uploads\/2025\/10\/La-cueva-de-las-letras-800x1000.png 800w, https:\/\/ieslvf-caba.infd.edu.ar\/sitio\/wp-content\/uploads\/2025\/10\/La-cueva-de-las-letras-768x960.png 768w\" sizes=\"(max-width: 1080px) 100vw, 1080px\" \/><\/td><td><img decoding=\"async\" loading=\"lazy\" width=\"1080\" height=\"1350\" class=\"wp-image-20724\" style=\"width: 500px;\" src=\"https:\/\/ieslvf-caba.infd.edu.ar\/sitio\/wp-content\/uploads\/2025\/11\/Japones.png\" alt=\"\" srcset=\"https:\/\/ieslvf-caba.infd.edu.ar\/sitio\/wp-content\/uploads\/2025\/11\/Japones.png 1080w, https:\/\/ieslvf-caba.infd.edu.ar\/sitio\/wp-content\/uploads\/2025\/11\/Japones-800x1000.png 800w, https:\/\/ieslvf-caba.infd.edu.ar\/sitio\/wp-content\/uploads\/2025\/11\/Japones-768x960.png 768w\" sizes=\"(max-width: 1080px) 100vw, 1080px\" \/><\/td><\/tr><tr><td><img decoding=\"async\" loading=\"lazy\" width=\"1080\" height=\"1350\" class=\"wp-image-20725\" style=\"width: 500px;\" src=\"https:\/\/ieslvf-caba.infd.edu.ar\/sitio\/wp-content\/uploads\/2025\/11\/PUP.png\" alt=\"\" srcset=\"https:\/\/ieslvf-caba.infd.edu.ar\/sitio\/wp-content\/uploads\/2025\/11\/PUP.png 1080w, https:\/\/ieslvf-caba.infd.edu.ar\/sitio\/wp-content\/uploads\/2025\/11\/PUP-800x1000.png 800w, https:\/\/ieslvf-caba.infd.edu.ar\/sitio\/wp-content\/uploads\/2025\/11\/PUP-768x960.png 768w\" sizes=\"(max-width: 1080px) 100vw, 1080px\" \/><\/td><td><img decoding=\"async\" loading=\"lazy\" width=\"1080\" height=\"1350\" class=\"wp-image-20723\" style=\"width: 500px;\" src=\"https:\/\/ieslvf-caba.infd.edu.ar\/sitio\/wp-content\/uploads\/2025\/11\/A-noite.png\" alt=\"\" srcset=\"https:\/\/ieslvf-caba.infd.edu.ar\/sitio\/wp-content\/uploads\/2025\/11\/A-noite.png 1080w, https:\/\/ieslvf-caba.infd.edu.ar\/sitio\/wp-content\/uploads\/2025\/11\/A-noite-800x1000.png 800w, https:\/\/ieslvf-caba.infd.edu.ar\/sitio\/wp-content\/uploads\/2025\/11\/A-noite-768x960.png 768w\" sizes=\"(max-width: 1080px) 100vw, 1080px\" \/><\/td><\/tr><tr><td><img decoding=\"async\" loading=\"lazy\" width=\"1080\" height=\"1350\" class=\"wp-image-20755\" style=\"width: 500px;\" src=\"https:\/\/ieslvf-caba.infd.edu.ar\/sitio\/wp-content\/uploads\/2025\/11\/TALLER-DE-MONTAJE-MUSICAL.png\" alt=\"\" srcset=\"https:\/\/ieslvf-caba.infd.edu.ar\/sitio\/wp-content\/uploads\/2025\/11\/TALLER-DE-MONTAJE-MUSICAL.png 1080w, https:\/\/ieslvf-caba.infd.edu.ar\/sitio\/wp-content\/uploads\/2025\/11\/TALLER-DE-MONTAJE-MUSICAL-800x1000.png 800w, https:\/\/ieslvf-caba.infd.edu.ar\/sitio\/wp-content\/uploads\/2025\/11\/TALLER-DE-MONTAJE-MUSICAL-768x960.png 768w\" sizes=\"(max-width: 1080px) 100vw, 1080px\" \/><\/td><td><img decoding=\"async\" loading=\"lazy\" width=\"1080\" height=\"1350\" class=\"wp-image-20757\" style=\"width: 500px;\" src=\"https:\/\/ieslvf-caba.infd.edu.ar\/sitio\/wp-content\/uploads\/2025\/11\/Lecturas.-Musica.-Noche-compartida.png\" alt=\"\" srcset=\"https:\/\/ieslvf-caba.infd.edu.ar\/sitio\/wp-content\/uploads\/2025\/11\/Lecturas.-Musica.-Noche-compartida.png 1080w, https:\/\/ieslvf-caba.infd.edu.ar\/sitio\/wp-content\/uploads\/2025\/11\/Lecturas.-Musica.-Noche-compartida-800x1000.png 800w, https:\/\/ieslvf-caba.infd.edu.ar\/sitio\/wp-content\/uploads\/2025\/11\/Lecturas.-Musica.-Noche-compartida-768x960.png 768w\" sizes=\"(max-width: 1080px) 100vw, 1080px\" \/><\/td><\/tr><tr><td><img decoding=\"async\" loading=\"lazy\" width=\"1080\" height=\"1350\" class=\"wp-image-20759\" style=\"width: 500px;\" src=\"https:\/\/ieslvf-caba.infd.edu.ar\/sitio\/wp-content\/uploads\/2025\/11\/Profesoras-que-dejaron-huellas-2.png\" alt=\"\" srcset=\"https:\/\/ieslvf-caba.infd.edu.ar\/sitio\/wp-content\/uploads\/2025\/11\/Profesoras-que-dejaron-huellas-2.png 1080w, https:\/\/ieslvf-caba.infd.edu.ar\/sitio\/wp-content\/uploads\/2025\/11\/Profesoras-que-dejaron-huellas-2-800x1000.png 800w, https:\/\/ieslvf-caba.infd.edu.ar\/sitio\/wp-content\/uploads\/2025\/11\/Profesoras-que-dejaron-huellas-2-768x960.png 768w\" sizes=\"(max-width: 1080px) 100vw, 1080px\" \/><\/td><td><img decoding=\"async\" loading=\"lazy\" width=\"1080\" height=\"1350\" class=\"wp-image-20769\" style=\"width: 500px;\" src=\"https:\/\/ieslvf-caba.infd.edu.ar\/sitio\/wp-content\/uploads\/2025\/11\/Audiovisuales-de-Nivel-Medio-1.png\" alt=\"\" srcset=\"https:\/\/ieslvf-caba.infd.edu.ar\/sitio\/wp-content\/uploads\/2025\/11\/Audiovisuales-de-Nivel-Medio-1.png 1080w, https:\/\/ieslvf-caba.infd.edu.ar\/sitio\/wp-content\/uploads\/2025\/11\/Audiovisuales-de-Nivel-Medio-1-800x1000.png 800w, https:\/\/ieslvf-caba.infd.edu.ar\/sitio\/wp-content\/uploads\/2025\/11\/Audiovisuales-de-Nivel-Medio-1-768x960.png 768w\" sizes=\"(max-width: 1080px) 100vw, 1080px\" \/><\/td><\/tr><\/tbody><\/table><\/figure>\n","protected":false},"excerpt":{"rendered":"<p>\u00a1Se viene la Noche de los Museos en el Lenguas! Ven\u00ed a conocer la Escuela que fue mansi\u00f3n y a compartir una noche m\u00e1gica llena de actividades donde las lenguas extranjeras, la formaci\u00f3n docente y la interculturalidad son protagonistas. S\u00e1bado 8 de noviembre &#8211; 19:00 a 24:00 Invitamos especialmente a nuestras exalumnas\/os y graduadas\/os de &#8230; <a title=\"La NOCHE de los MUSEOS 2025\" class=\"read-more\" href=\"https:\/\/ieslvf-caba.infd.edu.ar\/sitio\/la-noche-de-los-museos-2025\/\" aria-label=\"More on La NOCHE de los MUSEOS 2025\">[+]<\/a><\/p>\n","protected":false},"author":2900,"featured_media":0,"parent":0,"menu_order":0,"comment_status":"closed","ping_status":"closed","template":"","meta":[],"acf":[],"_links":{"self":[{"href":"https:\/\/ieslvf-caba.infd.edu.ar\/sitio\/wp-json\/wp\/v2\/pages\/20606"}],"collection":[{"href":"https:\/\/ieslvf-caba.infd.edu.ar\/sitio\/wp-json\/wp\/v2\/pages"}],"about":[{"href":"https:\/\/ieslvf-caba.infd.edu.ar\/sitio\/wp-json\/wp\/v2\/types\/page"}],"author":[{"embeddable":true,"href":"https:\/\/ieslvf-caba.infd.edu.ar\/sitio\/wp-json\/wp\/v2\/users\/2900"}],"replies":[{"embeddable":true,"href":"https:\/\/ieslvf-caba.infd.edu.ar\/sitio\/wp-json\/wp\/v2\/comments?post=20606"}],"version-history":[{"count":20,"href":"https:\/\/ieslvf-caba.infd.edu.ar\/sitio\/wp-json\/wp\/v2\/pages\/20606\/revisions"}],"predecessor-version":[{"id":20773,"href":"https:\/\/ieslvf-caba.infd.edu.ar\/sitio\/wp-json\/wp\/v2\/pages\/20606\/revisions\/20773"}],"wp:attachment":[{"href":"https:\/\/ieslvf-caba.infd.edu.ar\/sitio\/wp-json\/wp\/v2\/media?parent=20606"}],"curies":[{"name":"wp","href":"https:\/\/api.w.org\/{rel}","templated":true}]}}