{"id":2754,"date":"2018-08-29T16:03:02","date_gmt":"2018-08-29T19:03:02","guid":{"rendered":"https:\/\/ieslvf-caba.infd.edu.ar\/sitio\/cursos-intensivos-de-verano\/"},"modified":"2019-02-14T17:09:45","modified_gmt":"2019-02-14T20:09:45","slug":"cursos-intensivos-de-verano","status":"publish","type":"page","link":"https:\/\/ieslvf-caba.infd.edu.ar\/sitio\/cursos-intensivos-de-verano\/","title":{"rendered":"Cursos intensivos de verano"},"content":{"rendered":"<p>Inscripci\u00f3n: del 1\u00b0 al 8 de febrero de 2019<\/p>\n<p>Dictado de clases: del 15 de febrero al 25 de marzo de 2019 (seg\u00fan cronograma para cada instancia curricular)<\/p>\n<p style=\"text-align: center;\"><a href=\"https:\/\/ieslvf-caba.infd.edu.ar\/sitio\/wp-content\/uploads\/2019\/02\/Resultado-de-la-inscripci\u00f3n-a-materias-de-cursado-intensivo.pdf\">Cursos de verano: Resultado de la inscripci\u00f3n 2019<\/a><\/p>\n<p><a href=\"https:\/\/ieslvf-caba.infd.edu.ar\/sitio\/wp-content\/uploads\/2019\/02\/Cursos-de-verano-1_2-1.docx\">Unidades curriculares de cursada intensiva<\/a><\/p>\n<p>&nbsp;<\/p>\n<p><strong>ATENCI\u00d3N ESTUDIANTES INSCRIPTOS:<\/strong>\u00a0Debido a la gran cantidad de inscripciones; en caso de no asistir a la primer clase de la instancia a cursar, se otorgar\u00e1 la vacante a otro estudiante en lista de espera. Si la inasistencia es justificada por favor comunicarlo previamente a: gi.ieslvjrf@gmail.com con el asunto: INASISTENCIA A CURSO DE VERANO.<\/p>\n<p>&nbsp;<\/p>\n<p style=\"text-align: center;\">\n","protected":false},"excerpt":{"rendered":"<p>Inscripci\u00f3n: del 1\u00b0 al 8 de febrero de 2019 Dictado de clases: del 15 de febrero al 25 de marzo de 2019 (seg\u00fan cronograma para cada instancia curricular) Cursos de verano: Resultado de la inscripci\u00f3n 2019 Unidades curriculares de cursada intensiva &nbsp; ATENCI\u00d3N ESTUDIANTES INSCRIPTOS:\u00a0Debido a la gran cantidad de inscripciones; en caso de no &#8230; <a title=\"Cursos intensivos de verano\" class=\"read-more\" href=\"https:\/\/ieslvf-caba.infd.edu.ar\/sitio\/cursos-intensivos-de-verano\/\" aria-label=\"More on Cursos intensivos de verano\">[+]<\/a><\/p>\n","protected":false},"author":3315,"featured_media":0,"parent":0,"menu_order":0,"comment_status":"closed","ping_status":"closed","template":"","meta":[],"acf":[],"_links":{"self":[{"href":"https:\/\/ieslvf-caba.infd.edu.ar\/sitio\/wp-json\/wp\/v2\/pages\/2754"}],"collection":[{"href":"https:\/\/ieslvf-caba.infd.edu.ar\/sitio\/wp-json\/wp\/v2\/pages"}],"about":[{"href":"https:\/\/ieslvf-caba.infd.edu.ar\/sitio\/wp-json\/wp\/v2\/types\/page"}],"author":[{"embeddable":true,"href":"https:\/\/ieslvf-caba.infd.edu.ar\/sitio\/wp-json\/wp\/v2\/users\/3315"}],"replies":[{"embeddable":true,"href":"https:\/\/ieslvf-caba.infd.edu.ar\/sitio\/wp-json\/wp\/v2\/comments?post=2754"}],"version-history":[{"count":20,"href":"https:\/\/ieslvf-caba.infd.edu.ar\/sitio\/wp-json\/wp\/v2\/pages\/2754\/revisions"}],"predecessor-version":[{"id":3790,"href":"https:\/\/ieslvf-caba.infd.edu.ar\/sitio\/wp-json\/wp\/v2\/pages\/2754\/revisions\/3790"}],"wp:attachment":[{"href":"https:\/\/ieslvf-caba.infd.edu.ar\/sitio\/wp-json\/wp\/v2\/media?parent=2754"}],"curies":[{"name":"wp","href":"https:\/\/api.w.org\/{rel}","templated":true}]}}