{"id":2786,"date":"2018-08-29T16:03:16","date_gmt":"2018-08-29T19:03:16","guid":{"rendered":"https:\/\/ieslvf-caba.infd.edu.ar\/sitio\/comision-por-la-memoria\/"},"modified":"2023-11-29T15:58:09","modified_gmt":"2023-11-29T18:58:09","slug":"comision-por-la-memoria","status":"publish","type":"page","link":"https:\/\/ieslvf-caba.infd.edu.ar\/sitio\/comision-por-la-memoria\/","title":{"rendered":"Comisi\u00f3n por la Memoria"},"content":{"rendered":"\n<div class=\"wp-block-cover alignwide is-position-center-center\" style=\"min-height:100px\"><span aria-hidden=\"true\" class=\"wp-block-cover__background has-background-dim-20 has-background-dim\"><\/span><img decoding=\"async\" loading=\"lazy\" width=\"225\" height=\"225\" class=\"wp-block-cover__image-background wp-image-11159\" alt=\"\" src=\"https:\/\/ieslvf-caba.infd.edu.ar\/sitio\/wp-content\/uploads\/2021\/10\/memoria.jpg\" style=\"object-position:43% 46%\" data-object-fit=\"cover\" data-object-position=\"43% 46%\"\/><div class=\"wp-block-cover__inner-container\">\n<p class=\"has-text-align-center has-text-color\" style=\"color:#fffffa;font-size:40px;line-height:1.1\">Comisi\u00f3n por la memoria<\/p>\n<\/div><\/div>\n\n\n<h3><span style=\"color: #000000; font-family: 'trebuchet ms', sans-serif; font-size: large;\"><span class=\"Titulo_resaltado\">PR\u00d3XIMAS ACTIVIDADES<\/span><br \/><\/span><\/h3>\n<p><span style=\"color: #000000; font-family: 'trebuchet ms', sans-serif; font-size: large;\"><img decoding=\"async\" loading=\"lazy\" class=\"size-medium wp-image-3026 aligncenter\" src=\"https:\/\/ieslvf-caba.infd.edu.ar\/sitio\/wp-content\/uploads\/2018\/09\/Charla-Vulneracion-de-derechos-en-agencias-del-Estado-608x1000.jpg\" alt=\"\" width=\"608\" height=\"1000\" srcset=\"https:\/\/ieslvf-caba.infd.edu.ar\/sitio\/wp-content\/uploads\/2018\/09\/Charla-Vulneracion-de-derechos-en-agencias-del-Estado-608x1000.jpg 608w, https:\/\/ieslvf-caba.infd.edu.ar\/sitio\/wp-content\/uploads\/2018\/09\/Charla-Vulneracion-de-derechos-en-agencias-del-Estado.jpg 720w\" sizes=\"(max-width: 608px) 100vw, 608px\" \/><\/span><\/p>\n<hr \/>\n<h3><span style=\"color: #000000; font-family: 'trebuchet ms', sans-serif; font-size: large;\">\u00bfQui\u00e9nes somos?<\/span><\/h3>\n<div>\n<h3><span style=\"color: #000000; font-family: 'trebuchet ms', sans-serif; font-size: large;\">Acerca de la Comisi\u00f3n por la Memoria y los derechos humanos del Lenguas Vivas<\/span><\/h3>\n<div><span style=\"color: #000000; font-family: 'trebuchet ms', sans-serif; font-size: large;\">\u00a0<\/span><\/div>\n<div><span style=\"color: #000000; font-family: 'trebuchet ms', sans-serif; font-size: large;\">La construcci\u00f3n de nuestra memoria es un trabajo que como ciudadanos part\u00edcipes y comprometidos con nuestra realidad nos debemos obligar a realizar continuamente. Conocer, re-pensar e indagar son s\u00f3lo algunos disparadores necesarios para transformar lo que el terrorismo de estado nos dej\u00f3 en conciencia activa y re-generadora.<\/span><\/div>\n<p><span style=\"color: #000000; font-family: 'trebuchet ms', sans-serif; font-size: large;\">\u00a0<\/span><\/p>\n<div><span style=\"color: #000000; font-family: 'trebuchet ms', sans-serif; font-size: large;\">La\u00a0<strong>Comisi\u00f3n por la Memoria y los Derechos Humanos<\/strong>\u00a0somos un grupo de alumnxs, ex-alumnxs y docentes del Lenguas Vivas que buscamos conocer nuestra historia, re-indagar y concientizar acerca de aquello que nos pertenece, que es parte de nosotrxs, que nos mueve cada vez que nos acercamos, que no podemos negar como constitutivo de nuestra historia.<\/span><\/div>\n<p><span style=\"color: #000000; font-family: 'trebuchet ms', sans-serif; font-size: large;\">\u00a0<\/span><\/p>\n<div><span style=\"color: #000000; font-family: 'trebuchet ms', sans-serif; font-size: large;\">Mucho, o poco, podemos saber sobre la \u00faltima dictadura c\u00edvico-militar en Argentina, pero casi nada es lo que podemos contar sobre lo que dej\u00f3 en nuestro colegio. Como parte del Lenguas, es nuestra obligaci\u00f3n saber qui\u00e9nes eran esas compa\u00f1eras, qu\u00e9 hac\u00edan, qu\u00e9 les gustaba, qu\u00e9 las motivaba.<\/span><\/div>\n<p><span style=\"color: #000000; font-family: 'trebuchet ms', sans-serif; font-size: large;\">\u00a0<\/span><\/p>\n<div><strong><span style=\"color: #000000; font-family: 'trebuchet ms', sans-serif; font-size: large;\">Te invitamos a ser parte de este proyecto, a aportar tus dudas, comentarios, ideas y ganas, a ser parte de este motor colectivo: \u00a1Acercate a cualquier miembro de la Comisi\u00f3n para saber m\u00e1s acerca de nuestro trabajo y de c\u00f3mo sumarte!<\/span><\/strong><\/div>\n<div><strong><span style=\"color: #000000; font-family: 'trebuchet ms', sans-serif; font-size: large;\">\u00a0<\/span><\/strong><\/div>\n<div><span style=\"color: #000000; font-family: 'trebuchet ms', sans-serif; font-size: large;\"><strong>Vist\u00e1 nuestro blog:<\/strong><\/span><\/div>\n<div><span style=\"color: #000000; font-family: 'trebuchet ms', sans-serif; font-size: large;\"><a href=\"http:\/\/comisionmemorialv.blogspot.com.ar\/\" target=\"_blank\" rel=\"noopener\" data-saferedirecturl=\"https:\/\/www.google.com\/url?hl=es&amp;q=http:\/\/comisionmemorialv.blogspot.com.ar\/&amp;source=gmail&amp;ust=1522865742262000&amp;usg=AFQjCNF3l8dMju9IRcmuoGvIli92GDipfw\">http:\/\/comisionmemorialv.blogspot.com.ar<\/a><\/span><\/div>\n<div><strong><span style=\"color: #000000; font-family: 'trebuchet ms', sans-serif; font-size: large;\">\u00a0<\/span><\/strong><\/div>\n<p><span style=\"color: #000000; font-family: 'trebuchet ms', sans-serif; font-size: large;\"><strong>Mail de contacto: <\/strong><a href=\"mailto:comisionmemorialv@gmail.com\" target=\"_blank\" rel=\"noopener noreferrer\">comisionmemorialv@gmail.com<\/a><\/span><\/p>\n<p><span style=\"color: #000000;\"><strong>P\u00e1gina en Facebook: <\/strong><\/span><a href=\"http:\/\/www.facebook.com\/comisionmemorialv\" target=\"_blank\" rel=\"noopener noreferrer\" data-saferedirecturl=\"https:\/\/www.google.com\/url?hl=es&amp;q=http:\/\/www.facebook.com\/comisionmemorialv&amp;source=gmail&amp;ust=1522865742263000&amp;usg=AFQjCNGkJgDZOIiLdj8nxxptwwG7O2xK2g\">www.facebook.com\/comisionmemorialv<\/a><\/p>\n<p><span style=\"color: #000000;\"><strong>Instagram: <\/strong><a href=\"https:\/\/www.instagram.com\/comisionmemorialv\/?hl=es\" target=\"_blank\" rel=\"noopener\">@comisionmemorialv<\/a><\/span><\/p>\n<\/div>\n<h2>Concurso<\/h2>\n<p style=\"font-weight: 400;\">Desde el a\u00f1o 2016, la Comisi\u00f3n por la memoria y los DDHH organiza un concurso literario anual con participaci\u00f3n de estudiantes de Nivel medio. En la edici\u00f3n 2023 se sum\u00f3 la participaci\u00f3n de estudiantes de las carreras de Nivel superior.<\/p>\n<p style=\"font-weight: 400;\">El concurso literario 2023, <strong>\u201cLa memoria de los objetos\u201d,<\/strong> ha tenido como consigna la creaci\u00f3n de textos narrativos breves (cr\u00f3nica, relato, cuento) que consideraran como punto de partida alg\u00fan material afectivo: una foto, una canci\u00f3n, un objeto, un recuerdo.<\/p>\n<p style=\"font-weight: 400;\">El jurado de nivel superior estuvo compuesto por las profesoras Ludmila Barbero, Andrea Cobas Corral y Paula Galdeano.<\/p>\n<p style=\"font-weight: 400;\">A continuaci\u00f3n, presentamos los textos ganadores:<\/p>\n<ul style=\"font-weight: 400;\">\n<li>Primer lugar: <a href=\"https:\/\/ieslvf-caba.infd.edu.ar\/sitio\/wp-content\/uploads\/2023\/11\/Negra-sombra-Grande-Cobian.pdf\" target=\"_blank\" rel=\"noopener\">\u201cNegra sombra\u201d<\/a> de Mariana Grande Cobi\u00e1n (estudiante del Profesorado en portugu\u00e9s).<\/li>\n<li>Segundo lugar: <a href=\"https:\/\/ieslvf-caba.infd.edu.ar\/sitio\/wp-content\/uploads\/2023\/11\/Tres-tias-Villanueva.pdf\" target=\"_blank\" rel=\"noopener\">\u201cTres t\u00edas\u201d<\/a> de Silvana Villanueva (estudiante del Profesorado de franc\u00e9s).<\/li>\n<\/ul>\n<div><hr \/><\/div>\n<div><span style=\"color: #000000; font-family: 'trebuchet ms', sans-serif; font-size: large;\"><img decoding=\"async\" title=\"CONCURSO\" src=\"https:\/\/ieslvf-caba.infd.edu.ar\/sitio\/wp-content\/uploads\/2018\/08\/Concurso_literario_2018_Comision_x_la_Memoria.jpg\" alt=\"CONCURSO\" border=\"0\" \/><\/span><\/div>","protected":false},"excerpt":{"rendered":"<p>PR\u00d3XIMAS ACTIVIDADES \u00bfQui\u00e9nes somos? Acerca de la Comisi\u00f3n por la Memoria y los derechos humanos del Lenguas Vivas \u00a0 La construcci\u00f3n de nuestra memoria es un trabajo que como ciudadanos part\u00edcipes y comprometidos con nuestra realidad nos debemos obligar a realizar continuamente. Conocer, re-pensar e indagar son s\u00f3lo algunos disparadores necesarios para transformar lo que &#8230; <a title=\"Comisi\u00f3n por la Memoria\" class=\"read-more\" href=\"https:\/\/ieslvf-caba.infd.edu.ar\/sitio\/comision-por-la-memoria\/\" aria-label=\"More on Comisi\u00f3n por la Memoria\">[+]<\/a><\/p>\n","protected":false},"author":726,"featured_media":0,"parent":0,"menu_order":0,"comment_status":"closed","ping_status":"closed","template":"","meta":[],"acf":[],"_links":{"self":[{"href":"https:\/\/ieslvf-caba.infd.edu.ar\/sitio\/wp-json\/wp\/v2\/pages\/2786"}],"collection":[{"href":"https:\/\/ieslvf-caba.infd.edu.ar\/sitio\/wp-json\/wp\/v2\/pages"}],"about":[{"href":"https:\/\/ieslvf-caba.infd.edu.ar\/sitio\/wp-json\/wp\/v2\/types\/page"}],"author":[{"embeddable":true,"href":"https:\/\/ieslvf-caba.infd.edu.ar\/sitio\/wp-json\/wp\/v2\/users\/726"}],"replies":[{"embeddable":true,"href":"https:\/\/ieslvf-caba.infd.edu.ar\/sitio\/wp-json\/wp\/v2\/comments?post=2786"}],"version-history":[{"count":7,"href":"https:\/\/ieslvf-caba.infd.edu.ar\/sitio\/wp-json\/wp\/v2\/pages\/2786\/revisions"}],"predecessor-version":[{"id":16460,"href":"https:\/\/ieslvf-caba.infd.edu.ar\/sitio\/wp-json\/wp\/v2\/pages\/2786\/revisions\/16460"}],"wp:attachment":[{"href":"https:\/\/ieslvf-caba.infd.edu.ar\/sitio\/wp-json\/wp\/v2\/media?parent=2786"}],"curies":[{"name":"wp","href":"https:\/\/api.w.org\/{rel}","templated":true}]}}