{"id":2794,"date":"2018-08-29T16:03:17","date_gmt":"2018-08-29T19:03:17","guid":{"rendered":"https:\/\/ieslvf-caba.infd.edu.ar\/sitio\/datos-institucionales\/"},"modified":"2021-10-26T18:36:06","modified_gmt":"2021-10-26T21:36:06","slug":"datos-institucionales","status":"publish","type":"page","link":"https:\/\/ieslvf-caba.infd.edu.ar\/sitio\/datos-institucionales\/","title":{"rendered":"Datos institucionales"},"content":{"rendered":"<h5 style=\"text-align: center;\"><span style=\"color: #808080;\">Instituto de Ense\u00f1anza Superior en Lenguas Vivas \u00abJuan Ram\u00f3n Fern\u00e1ndez\u00bb<\/span><\/h5>\n<div  class=\"lgc-column lgc-grid-parent lgc-grid-33 lgc-tablet-grid-33 lgc-mobile-grid-100 lgc-equal-heights \"><div  class=\"inside-grid-column\">\n<p><img decoding=\"async\" loading=\"lazy\" class=\"\" title=\"Frente LV\" src=\"https:\/\/ieslvf-caba.infd.edu.ar\/sitio\/wp-content\/uploads\/2018\/08\/entrada_frente_3.jpg\" alt=\"Frente LV\" width=\"546\" height=\"383\" border=\"0\" \/><\/p>\n<p><\/p><\/div><\/div>\n<div  class=\"lgc-column lgc-grid-parent lgc-grid-33 lgc-tablet-grid-33 lgc-mobile-grid-100 lgc-equal-heights \"><div  class=\"inside-grid-column\">\n<h4 style=\"text-align: center;\">Sede Retiro<\/h4>\n<p style=\"text-align: center;\">N\u00famero de establecimiento 81<\/p>\n<h4 style=\"text-align: center;\"><span style=\"color: #000000;\">Carlos Pellegrini 1515<\/span><\/h4>\n<h4 style=\"text-align: center;\"><span style=\"color: #000000;\">C.P.: C1011AAE<\/span><\/h4>\n<h4 style=\"text-align: center;\"><span style=\"color: #000000;\">Ciudad Aut\u00f3noma de Buenos Aires<\/span><\/h4>\n<h4 style=\"text-align: center;\"><span style=\"color: #000000;\">Tel.: 4393-7351 \/ 4393-4132<\/span><\/h4>\n<p><\/p><\/div><\/div>\n<div  class=\"lgc-column lgc-grid-parent lgc-grid-33 lgc-tablet-grid-33 lgc-mobile-grid-100 lgc-equal-heights \"><div  class=\"inside-grid-column\">\n<p style=\"text-align: center;\"><iframe loading=\"lazy\" src=\"https:\/\/maps.google.com\/maps?f=q&amp;source=s_q&amp;hl=es&amp;geocode=+&amp;q=carlos+pellegrini+1515,+ciudad+de+buenos+aires&amp;ie=UTF8&amp;hq=&amp;hnear=Carlos+Pellegrini+1515,+Retiro,+Buenos+Aires,+Argentina&amp;ll=-34.590212,-58.381339&amp;spn=0.007631,0.013797&amp;t=m&amp;z=14&amp;output=embed&amp;wmode=transparent\" width=\"425\" height=\"250\" frameborder=\"0\" marginwidth=\"0\" marginheight=\"0\" scrolling=\"no\" data-mce-fragment=\"1\"><\/iframe><br \/>\n<small><a style=\"color: #0000ff; text-align: left;\" href=\"https:\/\/maps.google.com\/maps?f=q&amp;source=embed&amp;hl=es&amp;geocode=+&amp;q=carlos+pellegrini+1515,+ciudad+de+buenos+aires&amp;ie=UTF8&amp;hq=&amp;hnear=Carlos+Pellegrini+1515,+Retiro,+Buenos+Aires,+Argentina&amp;ll=-34.590212,-58.381339&amp;spn=0.007631,0.013797&amp;t=m&amp;z=14\">Ver mapa m\u00e1s grande<\/a><\/small><\/p>\n<p><\/p><\/div><\/div>\n<h4><\/h4>\n<h4 style=\"text-align: center;\"><span style=\"color: #000000;\">Anexo POMPEYA &#8211; Escuela N\u00b0 10 del Distrito Escolar 19 <\/span><\/h4>\n<h4 style=\"text-align: center;\"><span style=\"color: #000000;\">Direcci\u00f3n: An\u00edbal P. Arbeletche 1052, CABA, altura Av La Plata 2500<\/span><\/h4>\n<h4 style=\"text-align: center;\"><span style=\"color: #000000;\">Tel\u00e9fono: 4922-6261<\/span><\/h4>\n<p><img decoding=\"async\" loading=\"lazy\" class=\"aligncenter wp-image-4531\" src=\"https:\/\/ieslvf-caba.infd.edu.ar\/sitio\/wp-content\/uploads\/2019\/05\/mapa-pompeya.jpg\" alt=\"\" width=\"476\" height=\"452\" \/><\/p>\n","protected":false},"excerpt":{"rendered":"<p>Instituto de Ense\u00f1anza Superior en Lenguas Vivas \u00abJuan Ram\u00f3n Fern\u00e1ndez\u00bb Anexo POMPEYA &#8211; Escuela N\u00b0 10 del Distrito Escolar 19 Direcci\u00f3n: An\u00edbal P. Arbeletche 1052, CABA, altura Av La Plata 2500 Tel\u00e9fono: 4922-6261<\/p>\n","protected":false},"author":3315,"featured_media":0,"parent":0,"menu_order":0,"comment_status":"closed","ping_status":"closed","template":"","meta":[],"acf":[],"_links":{"self":[{"href":"https:\/\/ieslvf-caba.infd.edu.ar\/sitio\/wp-json\/wp\/v2\/pages\/2794"}],"collection":[{"href":"https:\/\/ieslvf-caba.infd.edu.ar\/sitio\/wp-json\/wp\/v2\/pages"}],"about":[{"href":"https:\/\/ieslvf-caba.infd.edu.ar\/sitio\/wp-json\/wp\/v2\/types\/page"}],"author":[{"embeddable":true,"href":"https:\/\/ieslvf-caba.infd.edu.ar\/sitio\/wp-json\/wp\/v2\/users\/3315"}],"replies":[{"embeddable":true,"href":"https:\/\/ieslvf-caba.infd.edu.ar\/sitio\/wp-json\/wp\/v2\/comments?post=2794"}],"version-history":[{"count":23,"href":"https:\/\/ieslvf-caba.infd.edu.ar\/sitio\/wp-json\/wp\/v2\/pages\/2794\/revisions"}],"predecessor-version":[{"id":11210,"href":"https:\/\/ieslvf-caba.infd.edu.ar\/sitio\/wp-json\/wp\/v2\/pages\/2794\/revisions\/11210"}],"wp:attachment":[{"href":"https:\/\/ieslvf-caba.infd.edu.ar\/sitio\/wp-json\/wp\/v2\/media?parent=2794"}],"curies":[{"name":"wp","href":"https:\/\/api.w.org\/{rel}","templated":true}]}}