{"id":2801,"date":"2018-08-29T16:03:21","date_gmt":"2018-08-29T19:03:21","guid":{"rendered":"https:\/\/ieslvf-caba.infd.edu.ar\/sitio\/historia-institucional\/"},"modified":"2021-09-22T11:56:22","modified_gmt":"2021-09-22T14:56:22","slug":"historia-institucional","status":"publish","type":"page","link":"https:\/\/ieslvf-caba.infd.edu.ar\/sitio\/historia-institucional\/","title":{"rendered":"Historia institucional"},"content":{"rendered":"<ul>\n<li style=\"list-style-type: none;\">\n<ul>\n<li><span style=\"font-size: 10pt; font-family: verdana,geneva; color: #000080;\"><strong><a href=\"#Historia\"><span style=\"color: #000080;\">Un poco de Historia<\/span><\/a><\/strong><\/span><\/li>\n<li><span style=\"font-size: 10pt; font-family: verdana,geneva;\"><strong><span style=\"color: #000080;\"><strong><a href=\"#Fondo\"><span style=\"color: #000080;\">Fondo Documental<\/span><\/a><\/strong><\/span><\/strong><\/span><\/li>\n<li><span style=\"font-size: 10pt; font-family: verdana,geneva;\"><strong><span style=\"color: #000080;\"><a href=\"#Cronologia\"><span style=\"color: #000080;\">Cronolog\u00eda<\/span><\/a><\/span> <\/strong><\/span><\/li>\n<li><span style=\"font-size: 10pt; font-family: verdana,geneva;\"><strong><span style=\"color: #000080;\"><a href=\"#Rectorados\"><span style=\"color: #000080;\">Rectorados<\/span><\/a><\/span><br \/>\n<\/strong><\/span><\/li>\n<li><a href=\"#Eventos\"><span style=\"font-size: 10pt; font-family: verdana,geneva;\"><strong><span style=\"color: #000080;\"><span style=\"color: #000080;\">Eventos<\/span><\/span><\/strong><\/span><\/a><\/li>\n<\/ul>\n<\/li>\n<\/ul>\n<p><strong><span style=\"color: #ff6600; font-family: verdana,geneva; font-size: 10pt;\"><a name=\"Historia\"><\/a><span style=\"color: #000000; font-size: 12pt;\">Un poco de historia<\/span><\/span><span style=\"color: #000000; font-size: 12pt;\">\u00a0<\/span><\/strong><img decoding=\"async\" title=\"Historia pag1\" src=\"https:\/\/ieslvf-caba.infd.edu.ar\/sitio\/wp-content\/uploads\/2018\/08\/Historia_p1.png\" alt=\"Historia pag1\" border=\"0\" \/><\/p>\n<p><span style=\"font-size: 10pt; font-family: verdana,geneva;\"><strong>\u00a0<img decoding=\"async\" title=\"Historia pag2\" src=\"https:\/\/ieslvf-caba.infd.edu.ar\/sitio\/wp-content\/uploads\/2018\/08\/Hist_2.png\" alt=\"Historia pag2\" border=\"0\" \/><\/strong><\/span><\/p>\n<p style=\"text-align: left;\">\u00a0<a title=\"Historia LV\" href=\"upload\/Historia.pdf\" target=\"_blank\" rel=\"noopener\"><img decoding=\"async\" loading=\"lazy\" title=\"logo pdf\" src=\"https:\/\/ieslvf-caba.infd.edu.ar\/sitio\/wp-content\/uploads\/2018\/08\/pdf.png\" alt=\"logo pdf\" width=\"48\" height=\"48\" border=\"0\" \/><\/a><span style=\"color: #ff6600; font-family: verdana,geneva; font-size: 10pt;\"><span style=\"color: #ff0000;\"><a title=\"Historia LV\" href=\"upload\/Historia.pdf\" target=\"_blank\" rel=\"noopener\"><span style=\"color: #ff0000;\"><em><span style=\"font-size: 8pt;\">Descargar<\/span><\/em><\/span><\/a><\/span><br \/>\n<\/span><\/p>\n<p style=\"text-align: justify;\"><span style=\"font-size: 10pt;\"><strong><span style=\"color: #000000; font-family: verdana,geneva;\">\u00a0<span style=\"font-family: verdana,geneva;\"><a name=\"Fondo\"><\/a><span style=\"font-size: 12pt;\">Fondo Documental<\/span><\/span><\/span><\/strong><\/span><\/p>\n<p><a href=\"http:\/\/fondodocumentallv.com.ar\" target=\"_blank\" rel=\"noopener\"><span style=\"font-size: 10pt;\"><strong><span style=\"color: #000000; font-family: verdana,geneva;\"><span style=\"font-family: verdana,geneva;\"><span style=\"font-family: verdana,geneva; font-size: 10pt;\"><img decoding=\"async\" loading=\"lazy\" src=\"https:\/\/ieslvf-caba.infd.edu.ar\/sitio\/wp-content\/uploads\/2018\/08\/Invitacion_a_consultar_el_Fondo_Documental_del_Instituto_de_Ensenianza_Superior_en_Lenguas_Vivas_Juan_Ramon_Fernandez.jpg\" width=\"512\" height=\"268\" border=\"0\" \/><\/span><\/span><\/span><\/strong><\/span><\/a><\/p>\n<p style=\"text-align: justify;\"><span style=\"color: #ff6600; font-family: verdana,geneva; font-size: 10pt;\">\u00a0<\/span><\/p>\n<h2><span style=\"font-family: verdana,geneva; font-size: 10pt;\"><a name=\"Cronologia\"><\/a><span style=\"color: #000000; font-size: 12pt;\">Cronolog\u00eda<\/span><\/span><\/h2>\n<p><span style=\"font-family: verdana,geneva; font-size: 10pt;\"><img decoding=\"async\" title=\"Cronolog\u00eda 1\" src=\"https:\/\/ieslvf-caba.infd.edu.ar\/sitio\/wp-content\/uploads\/2018\/08\/Crono_1-01.png\" alt=\"Cronolog\u00eda 1\" border=\"0\" \/><\/span><\/p>\n<p><img decoding=\"async\" title=\"Cronolog\u00eda 2\" src=\"https:\/\/ieslvf-caba.infd.edu.ar\/sitio\/wp-content\/uploads\/2018\/08\/Crono_2-01.png\" alt=\"Cronolog\u00eda 2\" border=\"0\" \/><\/p>\n<p><img decoding=\"async\" title=\"Cronologia 3\" src=\"https:\/\/ieslvf-caba.infd.edu.ar\/sitio\/wp-content\/uploads\/2018\/08\/Crono_3-01.png\" alt=\"Cronologia 3\" border=\"0\" \/><img decoding=\"async\" title=\"Cronologia 4\" src=\"https:\/\/ieslvf-caba.infd.edu.ar\/sitio\/wp-content\/uploads\/2018\/08\/Crono_4-01.png\" alt=\"Cronologia 4\" border=\"0\" \/><\/p>\n<p><img decoding=\"async\" title=\"Cronologia 5\" src=\"https:\/\/ieslvf-caba.infd.edu.ar\/sitio\/wp-content\/uploads\/2018\/08\/Crono_5-01n.png\" alt=\"Cronologia 5\" border=\"0\" \/><\/p>\n<p><a title=\"Cronologia LV\" href=\"upload\/Cronologia.pdf\" target=\"_blank\" rel=\"noopener\"><img decoding=\"async\" loading=\"lazy\" title=\"logo pdf\" src=\"https:\/\/ieslvf-caba.infd.edu.ar\/sitio\/wp-content\/uploads\/2018\/08\/pdf.png\" alt=\"logo pdf\" width=\"48\" height=\"48\" border=\"0\" \/><span style=\"color: #ff6600; font-family: verdana,geneva; font-size: 10pt;\"><em><span style=\"font-size: 8pt;\">Descargar<\/span><\/em><\/span><\/a><\/p>\n<p><span style=\"font-size: 10pt;\"><strong><span style=\"color: #000000;\"><span style=\"font-family: verdana,geneva;\"><a name=\"Rectorados\"><\/a><span style=\"font-size: 12pt;\">Rectorados<\/span><\/span><\/span><\/strong><\/span><\/p>\n<p><strong><span style=\"color: #000000; font-size: 10pt;\">Per\u00edodo 2014 &#8211; 2017<\/span><\/strong><\/p>\n<p><span style=\"font-size: 10pt;\">Rectora: <strong><em>Paula L\u00f3pez Cano<br \/>\n<\/em><\/strong><\/span><\/p>\n<p><span style=\"font-size: 10pt;\">Vicerrectora: <strong><em>N\u00e9lida Sosa<br \/>\n<\/em><\/strong><\/span><\/p>\n<div><span style=\"font-size: 10pt;\">Vicerrectora: <strong><em>Miriam Bogossian (2014-2016)<br \/>\n<\/em><\/strong><\/span><\/div>\n<div><span style=\"font-size: 10pt;\"><span style=\"font-size: 10pt;\">Vicerrector:<\/span><\/span><em><span style=\"font-size: 10pt;\"><strong><span style=\"font-size: 10pt;\"><strong>Daniel Fern\u00e1ndez Ferreyra (2016-2017)<\/strong><\/span><\/strong><\/span><\/em><\/div>\n<p style=\"text-align: center;\"><iframe loading=\"lazy\" src=\"https:\/\/www.youtube.com\/embed\/EIhEb-9RoYg?wmode=transparent\" width=\"560\" height=\"315\" frameborder=\"0\" allowfullscreen=\"allowfullscreen\"><\/iframe><\/p>\n<p style=\"text-align: center;\"><span style=\"font-size: 8pt;\"><strong><span style=\"font-family: verdana,geneva;\">Discurso de Asunci\u00f3n de la profesora Paula L\u00f3pez Cano<\/span><\/strong><\/span><\/p>\n<p><strong><span style=\"color: #000000; font-size: 10pt;\">Per\u00edodo 2010 &#8211; 2013<\/span><\/strong><\/p>\n<p><span style=\"font-size: 10pt;\">Rectora: <strong><em>Isabel Bompet<\/em><\/strong><\/span><\/p>\n<p><span style=\"font-size: 10pt;\">Vicerrectora: <strong><em>Alejandra Leoni<\/em><\/strong><\/span><\/p>\n<div><span style=\"font-size: 10pt;\">Vicerrectora: <strong><em>Nora Pelaia<\/em><\/strong><\/span><\/div>\n<div><iframe loading=\"lazy\" style=\"display: block; margin-left: auto; margin-right: auto;\" src=\"http:\/\/www.dailymotion.com\/embed\/video\/xcilmy?wmode=transparent\" width=\"480\" height=\"270\" frameborder=\"0\"><\/iframe><\/div>\n<div style=\"text-align: center;\"><span style=\"font-size: 8pt;\"><strong><span style=\"font-family: verdana,geneva;\">Discurso de la profesora Isabel Bompet<\/span><\/strong><\/span><\/div>\n<p style=\"text-align: justify;\"><span style=\"color: #000000;\"><strong><span style=\"font-family: verdana,geneva; font-size: 10pt;\"><a name=\"Eventos\"><\/a><span style=\"font-size: 12pt;\">Eventos<\/span><\/span><\/strong><\/span><\/p>\n<p style=\"text-align: justify;\"><a href=\"index.cgi?wid_seccion=34&amp;wid_item=128\" target=\"_blank\" rel=\"noopener\"><span style=\"color: #000000;\"><strong><span style=\"font-family: verdana,geneva; font-size: 10pt;\"><span style=\"font-size: 12pt;\">Actividades Acad\u00e9micas 2014<\/span><\/span><\/strong><\/span><\/a><\/p>\n<p style=\"text-align: justify;\"><span style=\"color: #000000;\"><strong><span style=\"font-family: verdana,geneva; font-size: 10pt;\"><span style=\"font-size: 12pt;\"><a href=\"http:\/\/jornadaslv2015.blogspot.com.ar\/\" target=\"_blank\" rel=\"noopener\">III Jornadas Internacionales 2015<\/a><\/span><\/span><\/strong><\/span><\/p>\n<h2><a title=\"JORNADAS INTERNACIONALES 2010\" href=\"index.cgi?wid_seccion=23\"><span style=\"color: #333399; font-family: verdana,geneva; font-size: 10pt;\">Jornadas Internacionales 2010 &#8211;<\/span><\/a><span style=\"font-family: verdana,geneva; font-size: 10pt;\"><strong>Segundas Jornadas Internacionales sobre Formaci\u00f3n e Investigaci\u00f3n en Lenguas Extranjeras y Traducci\u00f3n<\/strong><\/span><\/h2>\n","protected":false},"excerpt":{"rendered":"<p>Un poco de Historia Fondo Documental Cronolog\u00eda Rectorados Eventos Un poco de historia\u00a0 \u00a0 \u00a0Descargar \u00a0Fondo Documental \u00a0 Cronolog\u00eda Descargar Rectorados Per\u00edodo 2014 &#8211; 2017 Rectora: Paula L\u00f3pez Cano Vicerrectora: N\u00e9lida Sosa Vicerrectora: Miriam Bogossian (2014-2016) Vicerrector:Daniel Fern\u00e1ndez Ferreyra (2016-2017) Discurso de Asunci\u00f3n de la profesora Paula L\u00f3pez Cano Per\u00edodo 2010 &#8211; 2013 Rectora: Isabel &#8230; <a title=\"Historia institucional\" class=\"read-more\" href=\"https:\/\/ieslvf-caba.infd.edu.ar\/sitio\/historia-institucional\/\" aria-label=\"More on Historia institucional\">[+]<\/a><\/p>\n","protected":false},"author":3315,"featured_media":0,"parent":0,"menu_order":0,"comment_status":"closed","ping_status":"closed","template":"","meta":[],"acf":[],"_links":{"self":[{"href":"https:\/\/ieslvf-caba.infd.edu.ar\/sitio\/wp-json\/wp\/v2\/pages\/2801"}],"collection":[{"href":"https:\/\/ieslvf-caba.infd.edu.ar\/sitio\/wp-json\/wp\/v2\/pages"}],"about":[{"href":"https:\/\/ieslvf-caba.infd.edu.ar\/sitio\/wp-json\/wp\/v2\/types\/page"}],"author":[{"embeddable":true,"href":"https:\/\/ieslvf-caba.infd.edu.ar\/sitio\/wp-json\/wp\/v2\/users\/3315"}],"replies":[{"embeddable":true,"href":"https:\/\/ieslvf-caba.infd.edu.ar\/sitio\/wp-json\/wp\/v2\/comments?post=2801"}],"version-history":[{"count":3,"href":"https:\/\/ieslvf-caba.infd.edu.ar\/sitio\/wp-json\/wp\/v2\/pages\/2801\/revisions"}],"predecessor-version":[{"id":10293,"href":"https:\/\/ieslvf-caba.infd.edu.ar\/sitio\/wp-json\/wp\/v2\/pages\/2801\/revisions\/10293"}],"wp:attachment":[{"href":"https:\/\/ieslvf-caba.infd.edu.ar\/sitio\/wp-json\/wp\/v2\/media?parent=2801"}],"curies":[{"name":"wp","href":"https:\/\/api.w.org\/{rel}","templated":true}]}}