{"id":2804,"date":"2018-08-29T16:03:22","date_gmt":"2018-08-29T19:03:22","guid":{"rendered":"https:\/\/ieslvf-caba.infd.edu.ar\/sitio\/normativa\/"},"modified":"2021-09-22T17:27:12","modified_gmt":"2021-09-22T20:27:12","slug":"normativa","status":"publish","type":"page","link":"https:\/\/ieslvf-caba.infd.edu.ar\/sitio\/normativa\/","title":{"rendered":"Normativa &#8211; Nivel Superior"},"content":{"rendered":"<h5>Normativa Institucional<\/h5>\n<ul>\n<li>\n<h5><span style=\"color: #333399;\"><a style=\"color: #333399;\" title=\"ROI\" href=\"upload\/Reglamento_Organico_RESOL_335-SSGECP-2015.pdf\" target=\"_blank\" rel=\"noopener\">Reglamento Org\u00e1nico Institucional<\/a><\/span><\/h5>\n<\/li>\n<li>\n<h5><span style=\"color: #333399;\"><a style=\"color: #333399;\" title=\"Reglamento de Biblioteca General\" href=\"upload\/Reglamento_de_Biblioteca_Res_CD_119-12.pdf\" target=\"_blank\" rel=\"noopener\">Reglamento de la Biblioteca General<\/a><\/span><\/h5>\n<\/li>\n<li>\n<h5><span style=\"color: #333399;\"><a style=\"color: #333399;\" href=\"https:\/\/ieslvf-caba.infd.edu.ar\/sitio\/wp-content\/uploads\/2020\/04\/REGLAMENTO-INTERNO-CD.pdf\" target=\"_blank\" rel=\"noopener\">Reglamento del funcionamiento interno del Consejo Directivo<\/a><\/span><\/h5>\n<\/li>\n<\/ul>\n<p>&nbsp;<\/p>\n<h5>Nivel Superior<\/h5>\n<ul>\n<li>\n<h5><span style=\"color: #000080;\"><a style=\"color: #000080;\" href=\"https:\/\/ieslvf-caba.infd.edu.ar\/sitio\/wp-content\/uploads\/2020\/12\/IF-2019-21117765-GCABA-ESC200584-RAI-aprobado.pdf\" target=\"_blank\" rel=\"noopener\">Reglamento Acad\u00e9mico Institucional (aprobado por Resoluci\u00f3n Nro. 2366-GCABA-MEDGC\/2020, 17 de noviembre 2020)<\/a><\/span><\/h5>\n<\/li>\n<li>\n<h5><a href=\"https:\/\/ieslvf-caba.infd.edu.ar\/sitio\/wp-content\/uploads\/2021\/06\/GUIA-DEL-ESTUDIANTE-2021.pdf\" target=\"_blank\" rel=\"noopener\"><span style=\"color: #333399;\">Gu\u00eda del Estudiante<\/span><\/a><\/h5>\n<\/li>\n<li>\n<h5 class=\"p2\"><a href=\"https:\/\/ieslvf-caba.infd.edu.ar\/sitio\/wp-content\/uploads\/2020\/04\/Estatuto-CETLV.pdf\"><span style=\"color: #333399;\"><b>Estatuto del Centro de Estudiantes del Nivel Terciario del IES en Lenguas Vivas \u201cJuan Ram\u00f3n Fern\u00e1ndez\u201d <\/b><\/span><\/a><\/h5>\n<\/li>\n<li>\n<h5><span style=\"color: #333399;\"><a style=\"color: #333399;\" href=\"https:\/\/ieslvf-caba.infd.edu.ar\/sitio\/wp-content\/uploads\/2018\/12\/REGLAMENTO_ALUMNO_AYUDANTE_CD_11.03.2014.pdf\">Reglamento Alumno ayudante<\/a><\/span><\/h5>\n<\/li>\n<li>\n<h5><span style=\"color: #333399;\"><a style=\"color: #333399;\" title=\"Reglamento de adscripci\u00f3n\" href=\"upload\/Reglamento_de_Adscripci%F3n_2015.pdf\" target=\"_blank\" rel=\"noopener\">Reglamento de Adscripci\u00f3n<\/a><\/span><\/h5>\n<\/li>\n<li>\n<h5><span style=\"color: #333399;\"><a style=\"color: #333399;\" title=\"Reg. ResidenciaTraducci\u00f3n2010.pdf\" href=\"upload\/Reg._ResidenciaTraduccion2010.pdf\" target=\"_blank\" rel=\"noopener\">Reglamento de Residencia de Traducci\u00f3n<\/a><\/span><\/h5>\n<\/li>\n<li>\n<h5><a href=\"https:\/\/ieslvf-caba.infd.edu.ar\/sitio\/wp-content\/uploads\/2019\/03\/Reglamento_Trabajo_de_Campo_aprobado-noviembre-2018.pdf\"><span style=\"color: #333399;\">Reglamento de Trabajo de Campo<\/span><\/a><\/h5>\n<\/li>\n<li>\n<h5><span style=\"color: #333399;\"><a style=\"color: #333399;\" href=\"https:\/\/ieslvf-caba.infd.edu.ar\/sitio\/wp-content\/uploads\/2018\/10\/REGLAMENTO-DE-TUTOR-PAR-PROYECTO-APROBADO-EL-18-09-18.pdf\">Reglamento de Tutor Par &#8211;&nbsp;<\/a><\/span><strong style=\"font-size: 16px;\">Aprobado por&nbsp;Resoluci\u00f3n Consejo Directivo N\u00ba 40\/18 (18\/09\/2018)&nbsp; &nbsp;<\/strong><\/h5>\n<\/li>\n<\/ul>\n<ul>\n<li>\n<h5><span style=\"color: #333399;\"><a style=\"color: #333399;\" href=\"https:\/\/ieslvf-caba.infd.edu.ar\/sitio\/wp-content\/uploads\/2020\/04\/Reglamento-de-Pr\u00e1cticas-docentes-PI-IESLVJRF-2019-.pdf\">Reglamento de Pr\u00e1cticas Docentes del Profesorado de Ingl\u00e9s<\/a><\/span><\/h5>\n<\/li>\n<li>\n<h5><span style=\"color: #333399;\"><a style=\"color: #333399;\" href=\"https:\/\/ieslvf-caba.infd.edu.ar\/sitio\/wp-content\/uploads\/2020\/04\/Reglamento-de-Pr\u00e1cticas-Docentes-PF-2019.pdf\">Reglamento de Pr\u00e1cticas Docentes del Profesorado de Franc\u00e9s<\/a><\/span><\/h5>\n<\/li>\n<\/ul>\n<p>&nbsp;<\/p>\n<h5>Resoluciones Planes de estudio<\/h5>\n<h5><strong>Alem\u00e1n<\/strong><\/h5>\n<table border=\"1\">\n<tbody>\n<tr>\n<td><span style=\"color: #333399;\">T\u00edtulo<\/span><\/td>\n<td><span style=\"color: #333399;\">Resoluci\u00f3n Jurisdiccional N\u00ba<\/span><\/td>\n<td><span style=\"color: #333399;\">Bolet\u00edn Oficial<\/span><\/td>\n<\/tr>\n<tr>\n<td><span style=\"color: #333399;\"><a style=\"color: #333399;\" href=\"upload\/IESLVJRF-PCI-Profesorado_de_Educacion_Superior_en_Aleman_NOV.pdf\" target=\"_blank\" rel=\"noopener\">Profesorado de Educaci\u00f3n Superior en Alem\u00e1n<\/a><\/span><\/td>\n<td><span style=\"color: #333399;\"><a style=\"color: #333399;\" href=\"http:\/\/boletinoficial.buenosaires.gob.ar\/?c=View&amp;a=anexoNorma&amp;boletin=5026&amp;anexo=78759\" target=\"_blank\" rel=\"noopener\">424\/GCABA\/SSPLINED\/16<\/a><\/span><\/td>\n<td><span style=\"color: #333399;\">BOCBA N\u00b0 5026 del 15\/12\/2016<\/span><\/td>\n<\/tr>\n<tr>\n<td><span style=\"color: #333399;\">Profesorado de Alem\u00e1n<\/span><\/td>\n<td><span style=\"color: #333399;\"><a style=\"color: #333399;\" href=\"https:\/\/normativa-educacion.buenosaires.gob.ar\/archivos\/res_ssplined_6_16.pdf\" target=\"_blank\" rel=\"noopener\">Resoluci\u00f3n N\u00ba 2016\/6\/SSPLINED<\/a><\/span><\/td>\n<td><span style=\"color: #333399;\">&nbsp;No publicado<\/span><\/td>\n<\/tr>\n<tr>\n<td><span style=\"color: #333399;\"><a style=\"color: #333399;\" href=\"upload\/Plan_Aleman_Media_VR.pdf\">Profesorado en Alem\u00e1n para la Ense\u00f1anza Media y Superior<\/a> <\/span><\/td>\n<td><span style=\"color: #333399;\">2601\/GCABA\/SED\/ 0502\/08\/05<\/span><\/p>\n<p><span style=\"color: #333399;\">Aprueba dise\u00f1o curricular de formaci\u00f3n de profesor en alem\u00e1n. <\/span><\/td>\n<td><span style=\"color: #333399;\">BOCBA N\u00b0 2257 del 19\/08\/2005<\/span><\/td>\n<\/tr>\n<tr>\n<td><span style=\"color: #333399;\"><a style=\"color: #333399;\" href=\"upload\/Plan_Aleman_Inicial_VR.pdf\">Profesorado en Alem\u00e1n<\/a><a style=\"color: #333399;\" href=\"upload\/Plan_Aleman_Inicial_VR.pdf\"> para la Ense\u00f1anza Inicial y Primari<\/a><a style=\"color: #333399;\" title=\"upload\/Plan_Aleman_Inicial_VR.pdf\" href=\"upload\/Plan_Aleman_Inicial_VR.pdf\">a<\/a><\/span><\/p>\n<p>&nbsp;<\/p>\n<p><span style=\"color: #333399;\"><a style=\"color: #333399;\" title=\"upload\/Anexo_aleman_IP_completo.pdf\" href=\"upload\/Anexo_aleman_IP_completo.pdf\">ANEXO-ADECUACI\u00d3N IP<\/a><\/span><\/td>\n<td><span style=\"color: #333399;\">2602\/GCABA\/SED\/ 05 &#8211; 02\/08\/05<\/span><\/p>\n<p><span style=\"color: #333399;\">Aprueba dise\u00f1o curricular de formaci\u00f3n de profesor en alem\u00e1n para el nivel inicial y primario\/EGB 1 y 2<\/span><\/p>\n<p><span style=\"color: #333399;\">3870\/MEGC\/2009<\/span><\/td>\n<td><span style=\"color: #333399;\">BOCBA N\u00b0 2257 del 19\/08\/2005<\/span><\/p>\n<p>&nbsp;<\/p>\n<p>&nbsp;<\/p>\n<p><span style=\"color: #333399;\">BOCBA N\u00ba 3247 del 31\/08\/2009<\/span><\/td>\n<\/tr>\n<tr>\n<td><span style=\"color: #333399;\"><a style=\"color: #333399;\" title=\"Aleman_Sup\" href=\"upload\/Aleman_Sup.pdf\">Profesor\/a de Educaci\u00f3n Superior en Alem\u00e1n (con alcances en el nivel medio)<\/a><\/span><\/td>\n<td><span style=\"color: #333399;\">150\/GCABA\/MEGC\/10<\/span><\/p>\n<p><span style=\"color: #333399;\">Adecuaciones del dise\u00f1o curricular para el Profesorado de Educaci\u00f3n Superior en Alem\u00e1n<\/span><\/td>\n<td>&nbsp;<\/p>\n<div><span style=\"color: #333399;\">BOCBA N\u00b0 3368 del 25\/02\/2010<\/span><\/div>\n<p>&nbsp;<\/td>\n<\/tr>\n<\/tbody>\n<\/table>\n<p>&nbsp;<\/p>\n<table border=\"1\">\n<tbody>\n<tr>\n<td><span style=\"color: #333399;\"><a style=\"color: #333399;\" href=\"upload\/TraductoradoAlemanversionfinal101006_1.pdf\">Traductorado en Alem\u00e1n<\/a><\/span><\/td>\n<td><\/td>\n<td><\/td>\n<\/tr>\n<\/tbody>\n<\/table>\n<p>&nbsp;<\/p>\n<h5><strong>Franc\u00e9s<\/strong><\/h5>\n<table border=\"1\">\n<tbody>\n<tr>\n<td><span style=\"color: #333399;\">T\u00cdTULO<\/span><\/td>\n<td><span style=\"color: #333399;\">RESOLUCI\u00d3N JURIDISCCIONAL<\/span><\/td>\n<td><span style=\"color: #333399;\">BOLET\u00cdN OFICIAL<\/span><\/td>\n<\/tr>\n<tr>\n<td><span style=\"color: #333399;\"><a style=\"color: #333399;\" href=\"http:\/\/www.boletinoficial.buenosaires.gob.ar\/?c=View&amp;a=anexoNorma&amp;boletin=4784&amp;anexo=61841\" target=\"_blank\" rel=\"noopener\">Profesorado en Educaci\u00f3n Superior en Franc\u00e9s<\/a> <\/span><\/td>\n<td><span style=\"color: #333399;\"><a style=\"color: #333399;\" href=\"http:\/\/boletinoficial.buenosaires.gob.ar\/?c=View&amp;a=anexoNorma&amp;boletin=4784&amp;anexo=61841\" target=\"_blank\" rel=\"noopener\">511\/SSGECP\/15<\/a><\/span><\/td>\n<td><span style=\"color: #333399;\">BOCBA N\u00ba 4784 del 17\/12\/2015<\/span><\/td>\n<\/tr>\n<tr>\n<td><span style=\"color: #333399;\"><a style=\"color: #333399;\" href=\"upload\/Plan_Frances_Inicial_Primaria.pdf\">Profesorado en Franc\u00e9s <\/a>para la Ense\u00f1anza Inicial y Primaria<\/span><\/td>\n<\/tr>\n<\/tbody>\n<\/table>\n<p><span style=\"color: #333399;\"><a style=\"color: #333399;\" title=\"upload\/Anexo_II_Plan_de_Est._Prof_Frances.pdf\" href=\"upload\/Anexo_II_Plan_de_Est._Prof_Frances.pdf\">ANEXO-ADECUACI\u00d3N PLAN DE ESTUDIOS<\/a><\/span><\/p>\n<p><span style=\"color: #333399;\">2920 GCABA\/ SED\/05 29\/08\/05.<\/span><\/p>\n<p><span style=\"color: #333399;\"> Aprueba dise\u00f1o curricular de formaci\u00f3n de profesor en franc\u00e9s para el nivel inicial y primario\/EGB 1 y 2.<\/span><\/p>\n<p><span style=\"color: #333399;\">4281\/MEGC\/2009<\/span><\/p>\n<p><span style=\"color: #333399;\">BOCBA N\u00b0 2281 del 22\/09\/2005<\/span><\/p>\n<p><span style=\"color: #333399;\"><a style=\"color: #333399;\" href=\"upload\/Plan_Frances_Media_VC.pdf\">Profesorado en Franc\u00e9s para la Ense\u00f1anza Media y Superior<\/a><\/span><\/p>\n<p><span style=\"color: #333399;\"> <a style=\"color: #333399;\" title=\"franc\u00e9s sup.\" href=\"upload\/Frances_Sup.pdf\" target=\"_blank\" rel=\"noopener\">Profesor\/a de Educaci\u00f3n Superior en Franc\u00e9s (con alcance a nivel medio) <\/a><\/span><\/p>\n<p><span style=\"color: #333399;\">2919 GCABA\/ SED\/ 0529\/08\/05<\/span><\/p>\n<p>&nbsp;<\/p>\n<p><span style=\"color: #333399;\"><a style=\"color: #333399;\" title=\"franc\u00e9s sup.\" href=\"upload\/Frances_Sup.pdf\" target=\"_blank\" rel=\"noopener\">1103\/MEGC\/2010<\/a><\/span><\/p>\n<p><span style=\"color: #333399;\">BOCBA N\u00b0 2281 del 22\/09\/2005<\/span><\/p>\n<p>&nbsp;<\/p>\n<p>&nbsp;<\/p>\n<table border=\"1\">\n<tbody>\n<tr>\n<td><span style=\"color: #333399;\"><a style=\"color: #333399;\" title=\"upload\/Plan_Frances_Traductorado.pdf\" href=\"upload\/Plan_Frances_Traductorado.pdf\">Traductorado Literario y T\u00e9cnico-Cient\u00edfico<\/a> en Franc\u00e9s<\/span><\/td>\n<td><span style=\"color: #333399;\">R.M. N\u00ba 98\/91 &#8211; 05\/06\/91<\/span><\/td>\n<td><\/td>\n<\/tr>\n<tr>\n<td><span style=\"color: #333399;\"><a style=\"color: #333399;\" title=\"Traductorado en Frances\" href=\"upload\/Traductorado_de_Frances.pdf\" target=\"_blank\" rel=\"noopener\">Traductorado en Franc\u00e9s <\/a><\/span><\/td>\n<td><span style=\"color: #333399;\">168\/GCABA\/SSGECP\/13<\/span><\/td>\n<td><span style=\"color: #333399;\">BOCBA N\u00b0 4140 del 26\/04\/2013<\/span><\/td>\n<\/tr>\n<\/tbody>\n<\/table>\n<p>&nbsp;<\/p>\n<h5><strong>Ingl\u00e9s<\/strong><\/h5>\n<table border=\"1\">\n<tbody>\n<tr>\n<td><span style=\"color: #333399;\">T\u00edtulo<\/span><\/td>\n<td><span style=\"color: #333399;\">Resoluci\u00f3n Jurisdiccional N\u00ba<\/span><\/td>\n<td><span style=\"color: #333399;\">Bolet\u00edn Oficial<\/span><\/td>\n<\/tr>\n<tr>\n<td><span style=\"color: #333399;\"><a style=\"color: #333399;\" title=\"Profesorado en Educaci\u00f2n Superinor en Ingl\u00e9s\" href=\"upload\/IESLVJRF_PCI_Profesorado_en_Educ_Sup_en_Ingles_2015.pdf\" target=\"_blank\" rel=\"noopener\">Profesorado de Educaci\u00f3n Superior en Ingl\u00e9s&nbsp;<\/a><\/span><\/td>\n<td><\/td>\n<td><\/td>\n<\/tr>\n<tr>\n<td><span style=\"color: #333399;\"><a style=\"color: #333399;\" title=\"Profesorado de Ingl\u00e9s\" href=\"upload\/IESLVJRF_PCI_Profesorado_de_Ingles_2015.pdf\" target=\"_blank\" rel=\"noopener\">Profesorado de Ingl\u00e9s<\/a><\/span><\/td>\n<td><span style=\"color: #333399;\"><a style=\"color: #333399;\" href=\"https:\/\/normativa-educacion.buenosaires.gob.ar\/archivos\/res_ssplined_5_16.pdf\" target=\"_blank\" rel=\"noopener\">Resoluci\u00f3n N\u00ba 2016\/5\/SSPLINED<\/a><\/span><\/td>\n<td><span style=\"color: #333399;\">&nbsp;No publicado<\/span><\/td>\n<\/tr>\n<tr>\n<td><span style=\"color: #333399;\"><a style=\"color: #333399;\" title=\"upload\/Plan_Ingles_Inicial_Primario_VC.pdf\" href=\"upload\/Plan_Ingles_Inicial_Primario_VC.pdf\">Profesorado para la Ense\u00f1anza Inicial y Primaria&nbsp;en Ingl\u00e9s<\/a> <\/span><\/p>\n<p>&nbsp;<\/p>\n<p><span style=\"color: #333399;\"><a style=\"color: #333399;\" title=\"upload\/Anexo_II_Plan_de_Estudios_Prof_ingles.pdf\" href=\"upload\/Anexo_II_Plan_de_Estudios_Prof_ingles.pdf\">ANEXO-ADECUACI\u00d3N PLAN DE ESTUDIOS<\/a><\/span><\/td>\n<td><span style=\"color: #333399;\">2364 GCABA\/ SED\/ 05 13\/07\/05<\/span><\/p>\n<p>&nbsp;<\/p>\n<p>&nbsp;<\/td>\n<td><span style=\"color: #333399;\">BOCBA N\u00b0 2255 del 17\/08\/2005<\/span><\/p>\n<p>&nbsp;<\/p>\n<p>&nbsp;<\/td>\n<\/tr>\n<tr>\n<td><span style=\"color: #333399;\">Profesorado de Educaci\u00f3n Superior en Ingl\u00e9s (con alcance en el Nivel Medio&nbsp;(Plan de Estudios 2005) <\/span><\/p>\n<p><span style=\"color: #333399;\">Adecuaci\u00f3n(Plan 2009)<\/span><\/td>\n<td>&nbsp;<\/p>\n<p><span style=\"color: #333399;\">Resoluci\u00f3n 2330\/05<\/span><\/p>\n<p><span style=\"color: #333399;\">RESOLUCI\u00d3N N\u00ba 3284\/GCABA\/MEGC\/10<\/span><\/td>\n<td><span style=\"color: #333399;\">BOCBA N\u00b0 3495 del 02\/09\/2010<\/span><\/td>\n<\/tr>\n<\/tbody>\n<\/table>\n<p>&nbsp;<\/p>\n<table border=\"1\">\n<tbody>\n<tr>\n<td><span style=\"color: #333399;\"><a style=\"color: #333399;\" title=\"Traductorado en Ingles 2014\" href=\"upload\/Traductorado_en_Ingles_2014_last.pdf\" target=\"_blank\" rel=\"noopener\">Traductorado en Ingl\u00e9s<\/a><\/span><\/td>\n<td><span style=\"color: #333399;\">Resoluci\u00f3n N\u00b0 3730\/SSGECP\/12<\/span><\/p>\n<p><span style=\"color: #333399;\">Resoluci\u00f3n N\u00ba 1094\/GCABA\/SSGECP\/13<\/span><\/td>\n<td><span style=\"color: #333399;\">Bolet\u00edn Oficial (BOCBA) N\u00b0 4056 del 14\/12\/2012<\/span><\/p>\n<p><span style=\"color: #333399;\">Bolet\u00edn Oficial (BOCBA) N\u00b0 4246 del 27\/09\/2013<\/span><\/td>\n<\/tr>\n<tr>\n<td><span style=\"color: #333399;\"><a style=\"color: #333399;\" title=\"upload\/Plan_Ingles_Traductorado.pdf\" href=\"upload\/Plan_Ingles_Traductorado.pdf\">Traductorado Literario y T\u00e9cnico-Cient\u00edfico en ingl\u00e9s<\/a><\/span><\/td>\n<td><span style=\"color: #333399;\">R.M. N\u00ba 98\/91 &#8211; 05\/06\/91<\/span><\/td>\n<td><span style=\"color: #333399;\">N\/P<\/span><\/td>\n<\/tr>\n<\/tbody>\n<\/table>\n<p>&nbsp;<\/p>\n<h5><strong>Portugu\u00e9s<\/strong><\/h5>\n<table border=\"1\">\n<tbody>\n<tr>\n<td><span style=\"color: #333399;\">T\u00edtulo<\/span><\/td>\n<td><span style=\"color: #333399;\">Resoluci\u00f3n jurisdiccional<\/span><\/td>\n<td><span style=\"color: #333399;\">Bolet\u00edn Oficial<\/span><\/td>\n<\/tr>\n<tr>\n<td><span style=\"color: #333399;\"><a style=\"color: #333399;\" title=\"Plan Portugues 4 a\u00f1os\" href=\"upload\/IESLVJRF_PCI_Profesorado_de_Portugues_2015.pdf\" target=\"_blank\" rel=\"noopener\">Profesorado de Portugu\u00e9s<\/a><\/span><\/td>\n<td><span style=\"color: #333399;\"><a style=\"color: #333399;\" href=\"https:\/\/normativa-educacion.buenosaires.gob.ar\/archivos\/res_ssplined_74_16.pdf\" target=\"_blank\" rel=\"noopener\">Resoluci\u00f3n N\u00b0 74\/SSPLINED\/2016<\/a><\/span><\/td>\n<td><span style=\"color: #333399;\">&nbsp;No publicado<\/span><\/td>\n<\/tr>\n<tr>\n<td><span style=\"color: #333399;\"><a style=\"color: #333399;\" href=\"http:\/\/www.boletinoficial.buenosaires.gob.ar\/?c=View&amp;a=anexoNorma&amp;boletin=4784&amp;anexo=61842\" target=\"_blank\" rel=\"noopener\">Profesorado en Educaci\u00f3n Superior en Portugu\u00e9s<\/a><\/span><\/td>\n<td><span style=\"color: #333399;\"><a style=\"color: #333399;\" href=\"http:\/\/boletinoficial.buenosaires.gob.ar\/?c=View&amp;a=anexoNorma&amp;boletin=4784&amp;anexo=61842\" target=\"_blank\" rel=\"noopener\">Resoluci\u00f3n N\u00ba 512\/SSGECP\/15<\/a><\/span><\/td>\n<td><span style=\"color: #333399;\">BOCBA N\u00ba 4784 del 17\/12\/2015<\/span><\/td>\n<\/tr>\n<tr>\n<td><span style=\"color: #333399;\"><a style=\"color: #333399;\" href=\"http:\/\/www.buenosaires.gov.ar\/areas\/educacion\/docentes\/superior\/pepor_egb.php?menu_id=20597\" target=\"_self\" rel=\"noopener\">Profesorado en Portugu\u00e9s Nivel Inicial y Primaria<\/a><\/span><\/td>\n<td><span style=\"color: #333399;\">Resoluci\u00f3n N\u00b0 2169\/ GCABA\/SED\/04\/07\/05<\/span><\/td>\n<td><span style=\"color: #333399;\">BOCBA N\u00b0 2246 del 03\/08\/2005<\/span><\/td>\n<\/tr>\n<tr>\n<td><span style=\"color: #333399;\"><a style=\"color: #333399;\" href=\"http:\/\/www.buenosaires.gov.ar\/areas\/educacion\/docentes\/superior\/pepor2.php?menu_id=20597\" target=\"_self\" rel=\"noopener\">Profesorado en Portugu\u00e9s Nivel Medio<\/a><\/span><\/td>\n<td><span style=\"color: #333399;\">Resoluci\u00f3n N\u00b0 3243\/ GCABA\/ SED\/ 22\/09\/05<\/span><\/td>\n<td><span style=\"color: #333399;\">BOCBA N\u00b0 2301 del 21\/10\/2005<\/span><\/td>\n<\/tr>\n<\/tbody>\n<\/table>\n<p>&nbsp;<\/p>\n<table border=\"1\">\n<tbody>\n<tr>\n<td><span style=\"color: #333399;\"><a style=\"color: #333399;\" href=\"http:\/\/www.buenosaires.gov.ar\/areas\/leg_tecnica\/boletines\/20070703.htm#18\" target=\"_blank\" rel=\"noopener\">Traductorado en Portugu\u00e9s<\/a><\/span><\/td>\n<td><a href=\"https:\/\/ieslvf-caba.infd.edu.ar\/sitio\/wp-content\/uploads\/2020\/08\/Traductorado-en-Portugu\u00e9s-Resoluci\u00f3n-N\u00b0-2163-de-2007.pdf\" target=\"_blank\" rel=\"noopener\"><span style=\"color: #333399;\">Resoluci\u00f3n N\u00b0 2163\/ GCABA\/ MEGC\/ 08\/06\/07<\/span><\/a><\/td>\n<td><a href=\"https:\/\/documentosboletinoficial.buenosaires.gob.ar\/publico\/20070703.pdf\" target=\"_blank\" rel=\"noopener\"><span style=\"color: #333399;\">Bolet\u00edn Oficial (BOCBA) N\u00b0 2717 del 03\/07\/2007<\/span><\/a><\/td>\n<\/tr>\n<\/tbody>\n<\/table>\n<p>&nbsp;<\/p>\n<h5>Post\u00edtulos<\/h5>\n<ul>\n<li><span style=\"color: #333399;\">Especializaci\u00f3n Superior en Espa\u00f1ol Lengua Segunda y Extranjera &#8211; Resoluci\u00f3n N\u00b0 4003 GCABA\/ MEGC\/ 23\/11\/06 BOCBA N\u00b0 2593 el d\u00eda 27\/12\/2006 Aprueba plan de estudios de post\u00edtulo &#8211; Especializaci\u00f3n Superior en Espa\u00f1ol Lengua Segunda y Extranjera.<\/span><\/li>\n<li><span style=\"color: #333399;\">Post\u00edtulo \u00abEspecializaci\u00f3n Docente de Nivel Superior en Interculturalidad y Ense\u00f1anza de Espa\u00f1ol como Lengua Segunda y Extranjera\u00bb, Resoluci\u00f3n N\u00ba 8\/GCABA\/SSGECP\/15 <a style=\"color: #333399;\" title=\"Pulse para ver la publicaci\u00f3n (BOCBA)\" href=\"http:\/\/boletinoficial.buenosaires.gov.ar\/areas\/leg_tecnica\/boletinOficial\/documentos\/boletines\/2015\/03\/20150306.pdf\" target=\"bowindow\" rel=\"noopener\">BOCBA N\u00b0 4593<\/a> del 06\/03\/2015<\/span><\/li>\n<\/ul>\n<p>&nbsp;<\/p>\n<h5>Nivel Medio<\/h5>\n<ul>\n<li><span style=\"color: #333399;\"><a style=\"color: #333399;\" href=\"upload\/Guia__del_estudiante_2008_NM.pdf\">Gu\u00eda del Estudiante del nivel medio<\/a> \u2013 Incluye las principales reglamentaciones del nivel. <\/span><\/li>\n<li><span style=\"color: #333399;\"><a style=\"color: #333399;\" title=\"Reglamento de convivencia\" href=\"upload\/Reglamentodeconvivencia.pdf\" target=\"_blank\" rel=\"noopener\">Reglamento de Convivencia<\/a> &#8211; El r\u00e9gimen de convivencia es el resultado del consenso entre todos los integrantes de la comunidad educativa del nivel medio: docentes, alumnos y padres.<\/span><\/li>\n<\/ul>\n<p>&nbsp;<\/p>\n<p>&nbsp;<\/p>\n<h5>Normativa Nacional<\/h5>\n<p><span style=\"color: #333399;\"><a style=\"color: #333399;\" href=\"http:\/\/www.infoleg.gob.ar\/infolegInternet\/anexos\/120000-124999\/123542\/norma.htm\" target=\"_blank\" rel=\"noopener\">Ley Federal de Educaci\u00f3n &#8211; Ley N\u00ba 26.206<\/a><\/span><\/p>\n<p><span style=\"color: #333399;\"><a style=\"color: #333399;\" href=\"http:\/\/www.infoleg.gov.ar\/infolegInternet\/anexos\/25000-29999\/25394\/texact.htm\" target=\"_blank\" rel=\"noopener\">Ley de Educaci\u00f3n Superior &#8211; Ley N\u00ba 24.521<\/a><\/span><\/p>\n<p>&nbsp;<\/p>\n<h5>Normativa de la DGCyE de la Provincia de Buenos Aires<\/h5>\n<p><span style=\"color: #333399;\"><a style=\"color: #333399;\" title=\"Nomenclador\" href=\"upload\/Nomenclador_provincia_de_Buenos_Aires.pdf\" target=\"_blank\" rel=\"noopener\">Nomenclador para los t\u00edtulos de profesorado del IESLVJRF<\/a><\/span><\/p>\n<p><span style=\"color: #333399;\">Resoluci\u00f3n DGCyE 4904\/2009 &#8211; Aprueba para el ejercicio de la docencia en la Direcci\u00f3n General de Cultura y Educaci\u00f3n habilita el t\u00edtulo de profesores de lengua extranjera expedido por el IESLV JRF.<\/span><\/p>\n<p>&nbsp;<\/p>\n<h5 title=\"Vi\u00f1eta\">Normativa del Ministerio de Educaci\u00f3n de la C.A.B.A.<\/h5>\n<p><span style=\"color: #333399;\"><a style=\"color: #333399;\" href=\"http:\/\/www.buenosaires.gov.ar\/areas\/educacion\/infoadmin\/estatuto_docente.php\" target=\"_self\" rel=\"noopener\">Estatuto del docente<\/a> \u2013 reglamenta la actividad profesional de los docentes de la jurisdicci\u00f3n.<\/span><\/p>\n<p><span style=\"color: #333399;\"><a style=\"color: #333399;\" href=\"http:\/\/www.buenosaires.gov.ar\/areas\/educacion\/docentes\/superior\/normativa.php?menu_id=20624\" target=\"_blank\" rel=\"noopener\">Formaci\u00f3n docente<\/a><\/span><\/p>\n<p><span style=\"color: #333399;\"><a style=\"color: #333399;\" href=\"http:\/\/www.buenosaires.gob.ar\/educacion\/escuelas\/consulta-de-normas-educativas\" target=\"_blank\" rel=\"noopener\">Consulta de normas educativas<\/a><\/span><\/p>\n<p>&nbsp;<\/p>\n<h5>Leyes<\/h5>\n<p><span style=\"color: #333399;\"><a style=\"color: #333399;\" href=\"http:\/\/www.boletinoficial.buenosaires.gob.ar\/areas\/leg_tecnica\/boletinOficial\/documentos\/boletines\/legacy\/20070207.htm\" target=\"_blank\" rel=\"noopener\">Ley N\u00ba 2269\/06 <\/a>&#8211; Ley de titularizaci\u00f3n &#8211; Confirma en car\u00e1cter de titular a los docentes que revisten en car\u00e1cter de interinos con anterioridad al 31 de diciembre de 2005.<\/span><\/p>\n<p><span style=\"color: #333399;\"><a style=\"color: #333399;\" href=\"http:\/\/www.boletinoficial.buenosaires.gob.ar\/areas\/leg_tecnica\/boletinOficial\/documentos\/boletines\/legacy\/20070207.htm\" target=\"_blank\" rel=\"noopener\">Ley N\u00ba 2270\/06<\/a> &#8211; Ley de concursos &#8211; Carrera docente en instituciones de gesti\u00f3n estatal: se establecen normas de ingreso<\/span><\/p>\n<p><span style=\"color: #333399;\"><a style=\"color: #333399;\" href=\"http:\/\/www.boletinoficial.buenosaires.gob.ar\/areas\/leg_tecnica\/boletinOficial\/documentos\/boletines\/legacy\/19990122.htm\" target=\"_blank\" rel=\"noopener\">Ley N\u00ba 137\/98<\/a> &#8211; Autoriza la constituci\u00f3n y funcionamiento de organismos de representaci\u00f3n estudiantil bajo la forma de un \u00fanico centro de estudiantes.<\/span><\/p>\n<p><span style=\"color: #333399;\"><a style=\"color: #333399;\" href=\"http:\/\/www.boletinoficial.buenosaires.gob.ar\/areas\/leg_tecnica\/boletinOficial\/documentos\/boletines\/legacy\/20060616.htm#1\" target=\"_blank\" rel=\"noopener\">LEY N\u00b0 1943\/06<\/a> &#8211; MODIFICA LA LEY N\u00b0 137 &#8211; Constituci\u00f3n y funcionamiento de organismos de representaci\u00f3n estudiantil bajo la forma de un \u00fanico centro de estudiantes<\/span><\/p>\n<p>&nbsp;<\/p>\n<h5>Resoluciones<\/h5>\n<p><span style=\"color: #333399;\"><a style=\"color: #333399;\" href=\"http:\/\/www.buenosaires.gob.ar\/educacion\/docentes\/reglamento-escolar\" target=\"_blank\" rel=\"noopener\">Resoluci\u00f3n N\u00ba 4776 &#8211; MEGC &#8211; 06<\/a> &#8211; Se aprueba el Reglamento Escolar para el sistema educativo de gesti\u00f3n oficial dependiente del G.C.A.B.A., se deroga la Resoluci\u00f3n N\u00ba 626-SED\/80. Este Reglamento regula las actividades acad\u00e9micas y administrativas de la instituci\u00f3n.<\/span><\/p>\n<p><a href=\"http:\/\/www.buenosaires.gov.ar\/areas\/educacion\/docentes\/reglamento\/?menu_id=19750\"> <img decoding=\"async\" loading=\"lazy\" title=\"Leer m\u00e1s (grande)\" src=\"https:\/\/ieslvf-caba.infd.edu.ar\/sitio\/wp-content\/uploads\/2018\/08\/leer.jpg\" alt=\"Leer m\u00e1s (grande)\" width=\"82\" height=\"29\" border=\"0\"><\/a><\/p>\n<p>&nbsp;<\/p>\n","protected":false},"excerpt":{"rendered":"<p>Normativa Institucional Reglamento Org\u00e1nico Institucional Reglamento de la Biblioteca General Reglamento del funcionamiento interno del Consejo Directivo &nbsp; Nivel Superior Reglamento Acad\u00e9mico Institucional (aprobado por Resoluci\u00f3n Nro. 2366-GCABA-MEDGC\/2020, 17 de noviembre 2020) Gu\u00eda del Estudiante Estatuto del Centro de Estudiantes del Nivel Terciario del IES en Lenguas Vivas \u201cJuan Ram\u00f3n Fern\u00e1ndez\u201d Reglamento Alumno ayudante Reglamento &#8230; <a title=\"Normativa &#8211; Nivel Superior\" class=\"read-more\" href=\"https:\/\/ieslvf-caba.infd.edu.ar\/sitio\/normativa\/\" aria-label=\"More on Normativa &#8211; Nivel Superior\">[+]<\/a><\/p>\n","protected":false},"author":3315,"featured_media":0,"parent":0,"menu_order":0,"comment_status":"closed","ping_status":"closed","template":"","meta":[],"acf":[],"_links":{"self":[{"href":"https:\/\/ieslvf-caba.infd.edu.ar\/sitio\/wp-json\/wp\/v2\/pages\/2804"}],"collection":[{"href":"https:\/\/ieslvf-caba.infd.edu.ar\/sitio\/wp-json\/wp\/v2\/pages"}],"about":[{"href":"https:\/\/ieslvf-caba.infd.edu.ar\/sitio\/wp-json\/wp\/v2\/types\/page"}],"author":[{"embeddable":true,"href":"https:\/\/ieslvf-caba.infd.edu.ar\/sitio\/wp-json\/wp\/v2\/users\/3315"}],"replies":[{"embeddable":true,"href":"https:\/\/ieslvf-caba.infd.edu.ar\/sitio\/wp-json\/wp\/v2\/comments?post=2804"}],"version-history":[{"count":28,"href":"https:\/\/ieslvf-caba.infd.edu.ar\/sitio\/wp-json\/wp\/v2\/pages\/2804\/revisions"}],"predecessor-version":[{"id":10925,"href":"https:\/\/ieslvf-caba.infd.edu.ar\/sitio\/wp-json\/wp\/v2\/pages\/2804\/revisions\/10925"}],"wp:attachment":[{"href":"https:\/\/ieslvf-caba.infd.edu.ar\/sitio\/wp-json\/wp\/v2\/media?parent=2804"}],"curies":[{"name":"wp","href":"https:\/\/api.w.org\/{rel}","templated":true}]}}