{"id":2868,"date":"2018-08-29T16:03:48","date_gmt":"2018-08-29T19:03:48","guid":{"rendered":"https:\/\/ieslvf-caba.infd.edu.ar\/sitio\/trabajo-de-campo-otros-espacios-curriculares\/"},"modified":"2026-03-17T12:11:22","modified_gmt":"2026-03-17T15:11:22","slug":"trabajo-de-campo-otros-espacios-curriculares","status":"publish","type":"page","link":"https:\/\/ieslvf-caba.infd.edu.ar\/sitio\/trabajo-de-campo-otros-espacios-curriculares\/","title":{"rendered":"Trabajo de Campo \/ Otros espacios curriculares"},"content":{"rendered":"\n<div class=\"wp-block-cover alignwide is-position-center-center\" style=\"min-height:100px\"><span aria-hidden=\"true\" class=\"wp-block-cover__background has-background-dim-20 has-background-dim\"><\/span><img decoding=\"async\" loading=\"lazy\" width=\"1000\" height=\"667\" class=\"wp-block-cover__image-background wp-image-10604\" alt=\"\" src=\"https:\/\/ieslvf-caba.infd.edu.ar\/sitio\/wp-content\/uploads\/2021\/09\/boy-studying-in-the-university-library.jpg\" style=\"object-position:58% 85%\" data-object-fit=\"cover\" data-object-position=\"58% 85%\" srcset=\"https:\/\/ieslvf-caba.infd.edu.ar\/sitio\/wp-content\/uploads\/2021\/09\/boy-studying-in-the-university-library.jpg 1000w, https:\/\/ieslvf-caba.infd.edu.ar\/sitio\/wp-content\/uploads\/2021\/09\/boy-studying-in-the-university-library-768x512.jpg 768w\" sizes=\"(max-width: 1000px) 100vw, 1000px\" \/><div class=\"wp-block-cover__inner-container\">\n<p class=\"has-text-align-center has-text-color\" style=\"color:#fffffa;font-size:40px;line-height:1.1\"><strong>Trabajo de campo<\/strong><\/p>\n<\/div><\/div>\n\n\n<p>\u00a0<\/p>\n<p><strong><span style=\"color: #ff0000;\">\u00bfQu\u00e9 es el Trabajo de Campo?<\/span><\/strong><\/p>\n<p>Es una instancia curricular obligatoria de todas las carreras de Profesorado, en el transcurso de la cual el\/la estudiante indagar\u00e1 cuestiones de la realidad educativa con vistas a\u00a0lograr una integraci\u00f3n de sus conocimientos te\u00f3ricos y pr\u00e1cticos vinculados con el ejercicio de la profesi\u00f3n docente. Consiste en:<\/p>\n<ul>\n<li>Plantearse un interrogante y definir un problema<\/li>\n<li>Implementar diferentes herramientas de indagaci\u00f3n: observaciones, entrevistas, encuestas, an\u00e1lisis de fuentes documentales, estad\u00edsticas, estudio de casos, entre otros<\/li>\n<li>Realizar procesos de an\u00e1lisis y profundizaci\u00f3n te\u00f3rico conceptual<\/li>\n<\/ul>\n<p><span style=\"color: #ff0000;\"><strong>Duraci\u00f3n del TC:<\/strong><\/span><\/p>\n<p><strong>\u00a0<\/strong>El Trabajo de Campo es anual y se desarrolla en dos cuatrimestres organizados de la siguiente manera:<\/p>\n<ul>\n<li>Primera etapa (un cuatrimestre): Dise\u00f1o del TC<\/li>\n<li>Segunda etapa (un cuatrimestre): Implementaci\u00f3n del TC (entrada al campo) y redacci\u00f3n del Informe Final<\/li>\n<\/ul>\n<p>En ambas etapas habr\u00e1 una cantidad de tutor\u00edas m\u00ednimas obligatorias presenciales y actividades de estudio aut\u00f3nomo.<\/p>\n<p>La inscripci\u00f3n para la primera etapa del TC puede realizarse tanto en el primero como en el segundo cuatrimestre del ciclo lectivo.<\/p>\n<p><strong><span style=\"color: #ff0000;\">\u00bfCu\u00e1les son las instancias curriculares en las cuales se puede realizar el TC?<\/span><\/strong><\/p>\n<p>Los estudiantes podr\u00e1n optar para llevar a cabo el TC entre:<\/p>\n<ol>\n<li>Derechos Humanos, Sociedad y Estado\/ Educaci\u00f3n y Derechos Humanos<\/li>\n<li>Did\u00e1ctica General\/ Introducci\u00f3n a la Did\u00e1ctica de las Lenguas Extranjeras<\/li>\n<li>Pedagog\u00eda<\/li>\n<li>Sistema y Pol\u00edtica Educativa\/ Pol\u00edtica y Administraci\u00f3n de la Educaci\u00f3n<\/li>\n<li>Psicolog\u00eda Educacional\/ Sujetos de la Educaci\u00f3n<\/li>\n<\/ol>\n<p><strong><span style=\"color: #ff0000;\">\u00bfQu\u00e9 requisitos deben cumplir los estudiantes que aspiran a realizar el TC?<\/span><\/strong><\/p>\n<p>La inscripci\u00f3n al Trabajo de Campo tiene como requisito la aprobaci\u00f3n de la cursada de la unidad curricular en cuyo marco se realice TC y, por lo menos, en una m\u00e1s de las unidades curriculares anteriormente mencionadas.<\/p>\n<p>Adem\u00e1s, se recomienda que el alumno haya cursado previamente las unidades curriculares enumeradas en el inciso 4, as\u00ed como Lengua Castellana I, Problema del Conocimiento, Did\u00e1ctica de la Lengua Extranjera I.<\/p>\n<p><a href=\"https:\/\/ieslvf-caba.infd.edu.ar\/sitio\/trabajo-de-campo-otros-espacios-curriculares\/upload\/Reglamento_Trabajo_de_Campo_definitivo.pdf\"><strong><span style=\"color: #ff0000;\">Reglamento<\/span><\/strong><\/a><span style=\"color: #ff0000;\"><a style=\"color: #ff0000;\" href=\"https:\/\/ieslvf-caba.infd.edu.ar\/sitio\/trabajo-de-campo-otros-espacios-curriculares\/upload\/Reglamento_Trabajo_de_Campo_definitivo.pdf\"><strong> Trabajo de Campo<\/strong><\/a><strong> (2018)<\/strong><\/span><\/p>\n<p><a href=\"https:\/\/ieslvf-caba.infd.edu.ar\/sitio\/wp-content\/uploads\/2023\/02\/Reglamento-Trabajo-de-Campo-2018.doc\" target=\"_blank\" rel=\"noopener\">Descargue el archivo aqu\u00ed.<\/a><\/p>\n<p><span style=\"color: #ff0000;\"><strong>Correlatividades<\/strong><\/span><\/p>\n<p>El TC es requisito indispensable para realizar la Residencia.<\/p>\n<p><strong><span style=\"color: #ff0000;\">Equipo de Coordinaci\u00f3n del Campo de la Formaci\u00f3n General<\/span><\/strong><strong>\u00a0<\/strong><\/p>\n<p>Prof. Marina Aller (TM &#8211; TT)<\/p>\n<p>Prof. Jazm\u00edn Belossi (TV)<\/p>\n<p><strong>Correo electr\u00f3nico:<\/strong> cfg.lvjrf@gmail.com<\/p>\n\n\n<p><\/p>\n","protected":false},"excerpt":{"rendered":"<p>\u00a0 \u00bfQu\u00e9 es el Trabajo de Campo? Es una instancia curricular obligatoria de todas las carreras de Profesorado, en el transcurso de la cual el\/la estudiante indagar\u00e1 cuestiones de la realidad educativa con vistas a\u00a0lograr una integraci\u00f3n de sus conocimientos te\u00f3ricos y pr\u00e1cticos vinculados con el ejercicio de la profesi\u00f3n docente. Consiste en: Plantearse un &#8230; <a title=\"Trabajo de Campo \/ Otros espacios curriculares\" class=\"read-more\" href=\"https:\/\/ieslvf-caba.infd.edu.ar\/sitio\/trabajo-de-campo-otros-espacios-curriculares\/\" aria-label=\"More on Trabajo de Campo \/ Otros espacios curriculares\">[+]<\/a><\/p>\n","protected":false},"author":3315,"featured_media":0,"parent":0,"menu_order":0,"comment_status":"closed","ping_status":"closed","template":"","meta":[],"acf":[],"_links":{"self":[{"href":"https:\/\/ieslvf-caba.infd.edu.ar\/sitio\/wp-json\/wp\/v2\/pages\/2868"}],"collection":[{"href":"https:\/\/ieslvf-caba.infd.edu.ar\/sitio\/wp-json\/wp\/v2\/pages"}],"about":[{"href":"https:\/\/ieslvf-caba.infd.edu.ar\/sitio\/wp-json\/wp\/v2\/types\/page"}],"author":[{"embeddable":true,"href":"https:\/\/ieslvf-caba.infd.edu.ar\/sitio\/wp-json\/wp\/v2\/users\/3315"}],"replies":[{"embeddable":true,"href":"https:\/\/ieslvf-caba.infd.edu.ar\/sitio\/wp-json\/wp\/v2\/comments?post=2868"}],"version-history":[{"count":8,"href":"https:\/\/ieslvf-caba.infd.edu.ar\/sitio\/wp-json\/wp\/v2\/pages\/2868\/revisions"}],"predecessor-version":[{"id":21311,"href":"https:\/\/ieslvf-caba.infd.edu.ar\/sitio\/wp-json\/wp\/v2\/pages\/2868\/revisions\/21311"}],"wp:attachment":[{"href":"https:\/\/ieslvf-caba.infd.edu.ar\/sitio\/wp-json\/wp\/v2\/media?parent=2868"}],"curies":[{"name":"wp","href":"https:\/\/api.w.org\/{rel}","templated":true}]}}