{"id":2874,"date":"2018-08-29T16:03:50","date_gmt":"2018-08-29T19:03:50","guid":{"rendered":"https:\/\/ieslvf-caba.infd.edu.ar\/sitio\/actividades\/"},"modified":"2019-08-07T18:43:43","modified_gmt":"2019-08-07T21:43:43","slug":"actividades","status":"publish","type":"page","link":"https:\/\/ieslvf-caba.infd.edu.ar\/sitio\/actividades\/","title":{"rendered":"Actividades"},"content":{"rendered":"<p>&nbsp;<\/p>\n<p>&nbsp;<\/p>\n<p><img decoding=\"async\" style=\"display: block; margin-left: auto; margin-right: auto;\" title=\"Logo Spet\" src=\"https:\/\/ieslvf-caba.infd.edu.ar\/sitio\/wp-content\/uploads\/2018\/08\/Logo_SPET.png\" alt=\"Logo Spet\" border=\"0\" \/><\/p>\n<p><span style=\"font-family: verdana,geneva;\"><a href=\"mailto:spet.llvv@gmail.com\">spet.llvv@gmail.com<\/a><\/span><\/p>\n<p><span style=\"font-family: verdana,geneva;\"><a href=\"http:\/\/spetlenguasvivas.blogspot.com\/\">spetlenguasvivas.blogspot.com<\/a><\/span><\/p>\n<hr \/>\n<h3><span style=\"font-family: verdana,geneva,sans-serif; font-size: 12pt; color: #3366ff;\">Encuentro del 15\/08\/2019<\/span><\/h3>\n<p><a href=\"https:\/\/ieslvf-caba.infd.edu.ar\/sitio\/wp-content\/uploads\/2019\/08\/Spet-Laura-F\u00f3lica.png\" target=\"_blank\" rel=\"noopener\"><img decoding=\"async\" loading=\"lazy\" class=\"alignnone size-medium wp-image-5222 aligncenter\" src=\"https:\/\/ieslvf-caba.infd.edu.ar\/sitio\/wp-content\/uploads\/2019\/08\/Spet-Laura-F\u00f3lica-707x1000.png\" alt=\"\" width=\"707\" height=\"1000\" srcset=\"https:\/\/ieslvf-caba.infd.edu.ar\/sitio\/wp-content\/uploads\/2019\/08\/Spet-Laura-F\u00f3lica-707x1000.png 707w, https:\/\/ieslvf-caba.infd.edu.ar\/sitio\/wp-content\/uploads\/2019\/08\/Spet-Laura-F\u00f3lica-768x1086.png 768w, https:\/\/ieslvf-caba.infd.edu.ar\/sitio\/wp-content\/uploads\/2019\/08\/Spet-Laura-F\u00f3lica.png 794w\" sizes=\"(max-width: 707px) 100vw, 707px\" \/><\/a><\/p>\n<hr \/>\n<h3><span style=\"font-family: verdana,geneva,sans-serif; font-size: 12pt; color: #3366ff;\">Encuentro del 26\/10\/2017<\/span><\/h3>\n<p><span style=\"font-family: verdana,geneva,sans-serif; font-size: 10pt;\">En el pr\u00f3ximo encuentro,\u00a0que tendr\u00e1 lugar el jueves 26 de octubre a las 18:30 en el Sal\u00f3n de Conferencias del IES en Lenguas Vivas (Carlos Pellegrini 1515), nuestra invitada <strong>Julia Zaparart<\/strong> disertar\u00e1 sobre:<\/span><\/p>\n<p style=\"text-align: center;\"><span style=\"font-family: verdana,geneva,sans-serif; font-size: 10pt;\"><strong>Pol\u00edticas editoriales en traducci\u00f3n literaria:<\/strong><\/span><\/p>\n<p style=\"text-align: center;\"><span style=\"font-family: verdana,geneva,sans-serif; font-size: 10pt;\"><strong>los casos de Patrick Modiano y Michel Houellebecq<\/strong><\/span><\/p>\n<p><span style=\"font-family: verdana,geneva,sans-serif; font-size: 10pt;\">(Tercera exposici\u00f3n en el marco del Ciclo II\/2017: Programa Sur, carnaval, pol\u00edticas editoriales y 1968: Cuatro investigaciones en torno al objeto traducci\u00f3n)<\/span><\/p>\n<p><span style=\"font-family: verdana,geneva,sans-serif; font-size: 10pt;\"><a title=\"http:\/\/spetlenguasvivas.blogspot.com.ar\/2017\/09\/proximo-encuentro-jueves-26102017-salon.html\" href=\"http:\/\/spetlenguasvivas.blogspot.com.ar\/2017\/09\/proximo-encuentro-jueves-26102017-salon.html\" target=\"_blank\" rel=\"noopener\">M\u00e1s informaci\u00f3n en este enlace<\/a><\/span><\/p>\n<p>&nbsp;<\/p>\n<hr \/>\n<h3 class=\"post-title entry-title\"><\/h3>\n<h3 class=\"post-title entry-title\"><span style=\"font-size: 10pt; font-family: verdana, geneva;\"><span style=\"color: #3366ff;\">Encuentro del 06\/07\/2017<\/span><\/span><\/h3>\n<p><span style=\"font-family: verdana, geneva;\">\u00a0<\/span><\/p>\n<p><span style=\"font-family: verdana, geneva; font-size: 10pt;\">En la pr\u00f3xima reuni\u00f3n del SPET,\u00a0que tendr\u00e1 lugar el jueves 6 de julio a las\u00a018:30 en el Sal\u00f3n de Conferencias del IES en Lenguas Vivas (Carlos Pellegrini 1515), nuestra invitada\u00a0<\/span><strong style=\"font-family: verdana, geneva; font-size: 10pt;\">Alejandrina Falc\u00f3n<\/strong><span style=\"font-family: verdana, geneva; font-size: 10pt;\">\u00a0se har\u00e1 cargo de la cuarta y \u00faltima de las \u201cLecturas pendientes\u201d propuestas en el marco del\u00a0<\/span><a style=\"font-family: verdana, geneva; font-size: 10pt;\" href=\"http:\/\/spetlenguasvivas.blogspot.com.ar\/2017\/03\/lecturas-pendientes-ciclo-i2017-abril.html\" target=\"_blank\" rel=\"noopener\">Ciclo I\/2017<\/a><span style=\"font-family: verdana, geneva; font-size: 10pt;\">:<\/span><\/p>\n<div class=\"post-body entry-content\">\n<div>\n<div style=\"text-align: center;\"><span style=\"font-size: 10pt; font-family: verdana, geneva;\"><strong>Una introducci\u00f3n a la sociolog\u00eda de la traducci\u00f3n y la recepci\u00f3n:<\/strong><\/span><\/div>\n<\/div>\n<div>\n<div style=\"text-align: center;\"><span style=\"font-size: 10pt; font-family: verdana, geneva;\"><strong>Gouanvic, Jurt, Sapiro<\/strong><\/span><\/div>\n<div style=\"text-align: left;\"><span style=\"font-size: 10pt; font-family: verdana, geneva;\"><strong><a href=\"http:\/\/spetlenguasvivas.blogspot.com.ar\/2017\/06\/proximo-encuentro-06072017.html\" target=\"_blank\" rel=\"noopener\">M\u00e1s informaci\u00f3n en este enlace<\/a><\/strong><\/span><\/div>\n<div style=\"text-align: left;\"><span style=\"font-size: 10pt; font-family: verdana, geneva; color: #ffffff;\"><strong>\u00a0<\/strong><\/span><\/div>\n<div style=\"text-align: left;\">\n<hr \/>\n<\/div>\n<div style=\"text-align: left;\"><span style=\"font-family: verdana, geneva; font-size: 10pt; color: #ffffff;\">\u00a0<\/span><\/div>\n<div style=\"text-align: left;\"><span style=\"font-family: verdana, geneva; font-size: 10pt; color: #3366ff;\">Encuentro del 21\/6\/2017<\/span><\/div>\n<\/div>\n<\/div>\n<p><span style=\"font-family: verdana, geneva;\">\u00a0<\/span><\/p>\n<div class=\"post-body entry-content\">\n<div><span style=\"font-size: 10pt; font-family: verdana, geneva;\">Sesi\u00f3n especial<\/span><\/div>\n<div><span style=\"font-size: 10pt; font-family: verdana, geneva;\">En la pr\u00f3xima reuni\u00f3n del SPET,\u00a0que tendr\u00e1 lugar el mi\u00e9rcoles 21 de junio a las\u00a018:30 en el Sal\u00f3n de Conferencias del IES en Lenguas Vivas (Carlos Pellegrini 1515), nuestra invitada\u00a0<strong>Marina Alonso G\u00f3mez<\/strong>\u00a0(Universidad de M\u00e1laga) presentar\u00e1 su proyecto de doctorado:<\/span><\/div>\n<div style=\"text-align: center;\"><span style=\"font-size: 10pt; font-family: verdana, geneva;\"><strong>Historia, an\u00e1lisis y recepci\u00f3n de las traducciones al espa\u00f1ol de<\/strong><\/span><\/div>\n<div style=\"text-align: center;\"><span style=\"font-size: 10pt; font-family: verdana, geneva;\"><strong>\u00a0<\/strong><\/span><\/div>\n<div style=\"text-align: center;\"><span style=\"font-size: 10pt; font-family: verdana, geneva;\"><em><strong>A Passage to India<\/strong><\/em><strong>\u00a0de E. M. Forster<\/strong><\/span><\/div>\n<div style=\"text-align: left;\"><span style=\"font-size: 10pt; font-family: verdana, geneva;\"><strong><a href=\"http:\/\/spetlenguasvivas.blogspot.com.ar\/2017\/06\/proximo-encuentro-2162017.html\" target=\"_blank\" rel=\"noopener\">M\u00e1s informaci\u00f3n en este enlace<\/a>\u00a0<\/strong><\/span><\/div>\n<\/div>\n<p>&nbsp;<\/p>\n<p>&nbsp;<\/p>\n<hr \/>\n<p>&nbsp;<\/p>\n<p>&nbsp;<\/p>\n<h3 class=\"post-title entry-title\"><span style=\"font-size: 10pt; font-family: verdana,geneva; color: #333399;\">Encuentro del 08\/06\/2017<\/span><\/h3>\n<div>\n<div><span style=\"font-size: 10pt; font-family: verdana,geneva;\">En la pr\u00f3xima reuni\u00f3n del SPET,\u00a0que tendr\u00e1 lugar el jueves 8 de junio a las\u00a018:30 en el Sal\u00f3n de Conferencias del IES en Lenguas Vivas (Carlos Pellegrini 1515), nuestras invitadas\u00a0<strong>Silvina Rotemberg<\/strong>\u00a0y\u00a0<strong>Sof\u00eda Ruiz<\/strong>\u00a0se dedicar\u00e1n a la tercera de las \u201cLecturas pendientes\u201d propuestas en el marco del\u00a0Ciclo I\/2017:<\/span><\/div>\n<\/div>\n<div>\n<div style=\"text-align: center;\"><span style=\"font-size: 12pt; font-family: verdana,geneva;\"><strong>La traducci\u00f3n como met\u00e1fora: <\/strong><\/span><\/div>\n<div style=\"text-align: center;\"><span style=\"font-size: 12pt; font-family: verdana,geneva;\"><strong>Jos\u00e9 Aric\u00f3 como \u00abtraductor\u00bb del marxismo<\/strong><\/span><\/div>\n<\/div>\n<p><a href=\"http:\/\/spetlenguasvivas.blogspot.com.ar\/2017\/05\/106-08062017-en-la-proxima-reunion-del.html\" target=\"_blank\" rel=\"noopener\"><span style=\"font-size: 10pt; font-family: verdana,geneva;\"><strong><span style=\"color: #333399;\"><strong><span style=\"font-size: 10pt; font-family: verdana,geneva;\"><span style=\"color: #333399;\">M\u00e1s informaci\u00f3n en este enlace<\/span><\/span><\/strong><\/span><\/strong><\/span><\/a><\/p>\n<hr \/>\n<p>&nbsp;<\/p>\n<h3 class=\"post-title entry-title\"><span style=\"font-size: 10pt; font-family: verdana,geneva; color: #333399;\">Encuentro del 20\/4\/2017<\/span><\/h3>\n<div class=\"post-body entry-content\">\n<div>\n<div><span style=\"font-family: verdana,geneva; font-size: 10pt;\">En el pr\u00f3ximo encuentro,\u00a0que tendr\u00e1 lugar el jueves 20 de abril a las 18:30 en el Sal\u00f3n de Conferencias del IES en Lenguas Vivas (Carlos Pellegrini 1515), nuestras invitadas <strong>Martina Fern\u00e1ndez<\/strong> <strong>Polcuch<\/strong> y <strong>Mar\u00eda Tellechea<\/strong> se dedicar\u00e1n a la primera de las \u201cLecturas pendientes\u201d previstas en el Ciclo I\/2017: <\/span><\/div>\n<div style=\"text-align: center;\"><span style=\"font-size: 12pt; font-family: verdana,geneva;\"><strong>Comentario y (re)traducci\u00f3n <\/strong><\/span><\/div>\n<div style=\"text-align: center;\"><span style=\"font-size: 12pt; font-family: verdana,geneva;\"><strong>Antoine Berman, La era de la traducci\u00f3n<\/strong><\/span><\/div>\n<div><span style=\"color: #333399;\"><strong><span style=\"font-size: 10pt; font-family: verdana,geneva;\"><a href=\"http:\/\/spetlenguasvivas.blogspot.com.ar\/2017\/04\/en-el-proximo-encuentro-del-ano-que_7.html\" target=\"_blank\" rel=\"noopener\"><span style=\"color: #333399;\">M\u00e1s informaci\u00f3n en este enlace<\/span><\/a><\/span><\/strong><\/span><\/div>\n<\/div>\n<\/div>\n<p>&nbsp;<\/p>\n<hr \/>\n<p>&nbsp;<\/p>\n<p><strong><span style=\"color: #333399; font-family: verdana, geneva; font-size: 10pt;\">Encuentro del 3\/3\/2017<\/span><\/strong><\/p>\n<div>\n<div><span style=\"font-family: verdana, geneva; font-size: 10pt;\">Nos alegra poder comenzar las actividades del SPET 2017 con una reuni\u00f3n especial que tendr\u00e1 lugar el viernes 3 de marzo a las 18:30 en el Sal\u00f3n de Conferencias del IES en Lenguas Vivas (Carlos Pellegrini 1515). Nuestra invitada\u00a0Madeleine Stratford\u00a0ofrecer\u00e1 una charla con el t\u00edtulo:<\/span><\/div>\n<\/div>\n<div>\n<div style=\"text-align: center;\"><strong><span style=\"font-family: verdana,geneva; font-size: 12pt;\">Traduzco, ergo creo:\u00a0<\/span><\/strong><\/div>\n<div style=\"text-align: center;\"><strong><span style=\"font-family: verdana,geneva; font-size: 12pt;\">la traducci\u00f3n literaria como proceso creativo<\/span><\/strong><\/div>\n<\/div>\n<p>&nbsp;<\/p>\n<p><strong><span style=\"font-family: verdana, geneva; font-size: 10pt;\"><a href=\"http:\/\/spetlenguasvivas.blogspot.com.ar\/2017\/02\/proximo-encuentro.html\" target=\"_blank\" rel=\"noopener\">M\u00e1s informaci\u00f3n en este enlace<\/a><\/span><\/strong><\/p>\n<p>&nbsp;<\/p>\n<p>&nbsp;<\/p>\n","protected":false},"excerpt":{"rendered":"<p>&nbsp; &nbsp; spet.llvv@gmail.com spetlenguasvivas.blogspot.com Encuentro del 15\/08\/2019 Encuentro del 26\/10\/2017 En el pr\u00f3ximo encuentro,\u00a0que tendr\u00e1 lugar el jueves 26 de octubre a las 18:30 en el Sal\u00f3n de Conferencias del IES en Lenguas Vivas (Carlos Pellegrini 1515), nuestra invitada Julia Zaparart disertar\u00e1 sobre: Pol\u00edticas editoriales en traducci\u00f3n literaria: los casos de Patrick Modiano y Michel &#8230; <a title=\"Actividades\" class=\"read-more\" href=\"https:\/\/ieslvf-caba.infd.edu.ar\/sitio\/actividades\/\" aria-label=\"More on Actividades\">[+]<\/a><\/p>\n","protected":false},"author":3315,"featured_media":0,"parent":0,"menu_order":0,"comment_status":"closed","ping_status":"closed","template":"","meta":[],"acf":[],"_links":{"self":[{"href":"https:\/\/ieslvf-caba.infd.edu.ar\/sitio\/wp-json\/wp\/v2\/pages\/2874"}],"collection":[{"href":"https:\/\/ieslvf-caba.infd.edu.ar\/sitio\/wp-json\/wp\/v2\/pages"}],"about":[{"href":"https:\/\/ieslvf-caba.infd.edu.ar\/sitio\/wp-json\/wp\/v2\/types\/page"}],"author":[{"embeddable":true,"href":"https:\/\/ieslvf-caba.infd.edu.ar\/sitio\/wp-json\/wp\/v2\/users\/3315"}],"replies":[{"embeddable":true,"href":"https:\/\/ieslvf-caba.infd.edu.ar\/sitio\/wp-json\/wp\/v2\/comments?post=2874"}],"version-history":[{"count":2,"href":"https:\/\/ieslvf-caba.infd.edu.ar\/sitio\/wp-json\/wp\/v2\/pages\/2874\/revisions"}],"predecessor-version":[{"id":5227,"href":"https:\/\/ieslvf-caba.infd.edu.ar\/sitio\/wp-json\/wp\/v2\/pages\/2874\/revisions\/5227"}],"wp:attachment":[{"href":"https:\/\/ieslvf-caba.infd.edu.ar\/sitio\/wp-json\/wp\/v2\/media?parent=2874"}],"curies":[{"name":"wp","href":"https:\/\/api.w.org\/{rel}","templated":true}]}}