{"id":2885,"date":"2018-08-29T16:03:54","date_gmt":"2018-08-29T19:03:54","guid":{"rendered":"https:\/\/ieslvf-caba.infd.edu.ar\/sitio\/alemania\/"},"modified":"2021-10-26T11:09:49","modified_gmt":"2021-10-26T14:09:49","slug":"alemania","status":"publish","type":"page","link":"https:\/\/ieslvf-caba.infd.edu.ar\/sitio\/alemania\/","title":{"rendered":"Alemania"},"content":{"rendered":"\n<div class=\"wp-block-cover alignwide has-background-dim-20 has-background-dim is-position-center-center\" style=\"min-height:100px\"><img decoding=\"async\" loading=\"lazy\" width=\"640\" height=\"480\" class=\"wp-block-cover__image-background wp-image-10180\" alt=\"\" src=\"https:\/\/ieslvf-caba.infd.edu.ar\/sitio\/wp-content\/uploads\/2021\/09\/entrada-ed-viejo-frente-6.jpg\" style=\"object-position:28% 19%\" data-object-fit=\"cover\" data-object-position=\"28% 19%\"\/><div class=\"wp-block-cover__inner-container\">\n<p class=\"has-text-align-center has-text-color\" style=\"color:#fffffa;font-size:40px;line-height:1.1\"><strong>Alemania<\/strong><\/p>\n<\/div><\/div>\n\n\n<p><span style=\"font-size: 10pt; font-family: verdana,geneva;\"><a href=\"http:\/\/www.uni-hildesheim.de\/\">Universidad de Hildesheim<\/a><\/span><\/p>\n<p><span style=\"font-family: verdana,geneva; font-size: 10pt;\">Desde 2004, el Traductorado en Alem\u00e1n mantiene una cooperaci\u00f3n acad\u00e9mica con el Instituto de ciencias de la traducci\u00f3n y comunicaci\u00f3n especializada (<a href=\"http:\/\/www.uni-hildesheim.de\/index.php?id=847\">Institut f\u00fcr \u00dcbersetzungswissenschaft und Fachkommunikation<\/a>) de la Universidad de Hildesheim, en Baja Sajonia.<\/span><\/p>\n<p><span style=\"font-family: verdana,geneva; font-size: 10pt;\">Durante el per\u00edodo 2005-2008 se llev\u00f3 a cabo un proyecto de cooperaci\u00f3n en el \u00e1rea de traducci\u00f3n de especialidad y terminolog\u00eda, del que participaron docentes y estudiantes de ambas instituciones. Adem\u00e1s del intercambio regular de dos estudiantes por a\u00f1o, durante esos cuatro a\u00f1os docentes del Traductorado en Alem\u00e1n dictaron cursos, talleres y charlas en la Universidad de Hildesheim y el Lenguas Vivas recibi\u00f3 a docentes de la Universidad que ofrecieron talleres y charlas para integrantes del Traductorado en Alem\u00e1n, y conferencias abiertas a la comunidad en el <em>Seminario Permanente de Estudios de Traducci\u00f3n<\/em> (SPET).<\/span><\/p>\n<p><span style=\"font-family: verdana,geneva; font-size: 10pt;\">Esta fase del intercambio fue financiada por el <a href=\"http:\/\/www.daad.de\/\">DAAD<\/a> (Servicio Alem\u00e1n de Intercambio Acad\u00e9mico) en el marco de un programa de cooperaci\u00f3n acad\u00e9mica con universidades de pa\u00edses en v\u00edas de desarrollo.<\/span><\/p>\n<p><span style=\"font-family: verdana,geneva; font-size: 10pt;\">Desde 2009, ambas instituciones contin\u00faan con su intercambio anual de estudiantes.<\/span><\/p>\n<p>\u00a0<\/p>","protected":false},"excerpt":{"rendered":"<p>Universidad de Hildesheim Desde 2004, el Traductorado en Alem\u00e1n mantiene una cooperaci\u00f3n acad\u00e9mica con el Instituto de ciencias de la traducci\u00f3n y comunicaci\u00f3n especializada (Institut f\u00fcr \u00dcbersetzungswissenschaft und Fachkommunikation) de la Universidad de Hildesheim, en Baja Sajonia. Durante el per\u00edodo 2005-2008 se llev\u00f3 a cabo un proyecto de cooperaci\u00f3n en el \u00e1rea de traducci\u00f3n de &#8230; <a title=\"Alemania\" class=\"read-more\" href=\"https:\/\/ieslvf-caba.infd.edu.ar\/sitio\/alemania\/\" aria-label=\"More on Alemania\">[+]<\/a><\/p>\n","protected":false},"author":3315,"featured_media":0,"parent":0,"menu_order":0,"comment_status":"closed","ping_status":"closed","template":"","meta":[],"acf":[],"_links":{"self":[{"href":"https:\/\/ieslvf-caba.infd.edu.ar\/sitio\/wp-json\/wp\/v2\/pages\/2885"}],"collection":[{"href":"https:\/\/ieslvf-caba.infd.edu.ar\/sitio\/wp-json\/wp\/v2\/pages"}],"about":[{"href":"https:\/\/ieslvf-caba.infd.edu.ar\/sitio\/wp-json\/wp\/v2\/types\/page"}],"author":[{"embeddable":true,"href":"https:\/\/ieslvf-caba.infd.edu.ar\/sitio\/wp-json\/wp\/v2\/users\/3315"}],"replies":[{"embeddable":true,"href":"https:\/\/ieslvf-caba.infd.edu.ar\/sitio\/wp-json\/wp\/v2\/comments?post=2885"}],"version-history":[{"count":1,"href":"https:\/\/ieslvf-caba.infd.edu.ar\/sitio\/wp-json\/wp\/v2\/pages\/2885\/revisions"}],"predecessor-version":[{"id":11149,"href":"https:\/\/ieslvf-caba.infd.edu.ar\/sitio\/wp-json\/wp\/v2\/pages\/2885\/revisions\/11149"}],"wp:attachment":[{"href":"https:\/\/ieslvf-caba.infd.edu.ar\/sitio\/wp-json\/wp\/v2\/media?parent=2885"}],"curies":[{"name":"wp","href":"https:\/\/api.w.org\/{rel}","templated":true}]}}