{"id":2913,"date":"2018-08-29T16:04:06","date_gmt":"2018-08-29T19:04:06","guid":{"rendered":"https:\/\/ieslvf-caba.infd.edu.ar\/sitio\/graduados\/"},"modified":"2024-11-14T10:21:30","modified_gmt":"2024-11-14T13:21:30","slug":"graduados","status":"publish","type":"page","link":"https:\/\/ieslvf-caba.infd.edu.ar\/sitio\/graduados\/","title":{"rendered":"Graduados"},"content":{"rendered":"\n<div class=\"wp-block-cover alignwide is-light is-position-center-center\" style=\"min-height:100px\"><span aria-hidden=\"true\" class=\"wp-block-cover__background has-background-dim-20 has-background-dim\"><\/span><img decoding=\"async\" loading=\"lazy\" width=\"640\" height=\"480\" class=\"wp-block-cover__image-background wp-image-10180\" alt=\"\" src=\"https:\/\/ieslvf-caba.infd.edu.ar\/sitio\/wp-content\/uploads\/2021\/09\/entrada-ed-viejo-frente-6.jpg\" style=\"object-position:40% 26%\" data-object-fit=\"cover\" data-object-position=\"40% 26%\"\/><div class=\"wp-block-cover__inner-container\">\n<p class=\"has-text-align-center has-text-color\" style=\"color:#fffffa;font-size:40px;line-height:1.1\"><strong>Graduados<\/strong><\/p>\n<\/div><\/div>\n\n\n<h2><span style=\"color: #ff6600;\">Empadronamiento graduados del Nivel Terciario<\/span><\/h2>\n<p>\u00a0<\/p>\n<p><span style=\"color: #000000; font-size: 10pt; font-family: verdana,geneva;\">El Instituto de Ense\u00f1anza Superior en Lenguas Vivas \u201cJuan Ram\u00f3n Fern\u00e1ndez\u201d informa que el empadronamiento de graduados del Nivel Terciario se realiza durante todo el a\u00f1o, salvo los 35 d\u00edas corridos anteriores a la elecci\u00f3n (Art. 6.2 del <strong><a title=\"ROI\" href=\"upload\/Reglamento_Organico_RESOL_335-SSGECP-2015.pdf\" target=\"_blank\" rel=\"noopener\">R\u00e9gimen Electoral del ROI<\/a>)<\/strong>.<\/span><span style=\"color: #000000; font-size: 10pt; font-family: verdana,geneva;\">El tr\u00e1mite puede realizarse personalmente en la Bedel\u00eda de alumnos del Instituto (oficina 6), de lunes a viernes de 8 a 11, 13 a 16, 18 a 21, o por correo electr\u00f3ni<\/span><span style=\"font-size: 10pt;\">co a: padroneslv@gmail.com. Deb<\/span><span style=\"color: #000000; font-size: 10pt; font-family: verdana,geneva;\">er\u00e1 presentar fotocopia del t\u00edtulo o enviarlo escaneado, junto con el siguiente <a title=\"Solicitud de inscripci\u00f3n para graduados\" href=\"upload\/Solicitud_graduados.docx\" target=\"_blank\" rel=\"noopener\">formulario<\/a> que se habilita en per\u00edodos en que no hay elecciones. <\/span><span style=\"color: #000000; font-size: 10pt; font-family: verdana,geneva;\">Recordamos que los graduados pueden participar de la vida acad\u00e9mica institucional del Instituto a trav\u00e9s de:<\/span><\/p>\n<ul>\n<li><span style=\"color: #000000; font-size: 10pt; font-family: verdana,geneva;\">proyectos de investigaci\u00f3n,<\/span><\/li>\n<li><span style=\"color: #000000; font-size: 10pt; font-family: verdana,geneva;\">colaboraciones para la revista Lenguas V;vas, <\/span><\/li>\n<li><span style=\"color: #000000; font-size: 10pt; font-family: verdana,geneva;\">charlas y conferencias en general, <\/span><\/li>\n<li><span style=\"color: #000000; font-size: 10pt; font-family: verdana,geneva;\">actividades del SPET (Seminario Permanente de Estudios de Traducci\u00f3n), <\/span><\/li>\n<li><span style=\"color: #000000; font-size: 10pt; font-family: verdana,geneva;\">uso de la Biblioteca General, <\/span><\/li>\n<li><span style=\"color: #000000; font-size: 10pt; font-family: verdana,geneva;\">elecci\u00f3n de rector, vicerrectores, secretario acad\u00e9mico y representantes de graduados, <\/span><\/li>\n<li><span style=\"color: #000000; font-size: 10pt; font-family: verdana,geneva;\">representaci\u00f3n como consejeros graduados en el Consejo Directivo.<\/span><\/li>\n<\/ul>\n<div><span style=\"color: #000000; font-size: 10pt; font-family: verdana,geneva;\"><span style=\"color: #000000; font-size: 10pt; font-family: verdana,geneva;\">La representaci\u00f3n de los consejeros graduados es de un (1) titular y un (1) suplente. El cargo de consejero es electivo, temporario y su desempe\u00f1o es ad-honorem <span style=\"color: #000000; font-size: 10pt; font-family: verdana,geneva;\"><span style=\"color: #000000; font-size: 10pt; font-family: verdana,geneva;\"> (Art. 19, <strong><a title=\"ROI\" href=\"upload\/Reglamento_Organico_RESOL_335-SSGECP-2015.pdf\" target=\"_blank\" rel=\"noopener\">ROI<\/a><\/strong>)<\/span><\/span>, ejerce sus funciones durante dos (2) a\u00f1os (Art. 21).<\/span><\/span><\/div>\n<p><span style=\"font-size: 10pt;\">Para ser consejero por el claustro de graduados se requiere ser graduado del Nivel Superior del Instituto, estar inscripto en el padr\u00f3n respectivo y no ser docente en ninguno de los niveles de la instituci\u00f3n ni desempe\u00f1arse como no docente (Art. 24).<\/span><\/p>\n<p>\u00a0<\/p>\n<h2><span style=\"color: #ff6600;\">Registro para la base de datos de graduados del Nivel Terciario<\/span><\/h2>\n<p><span style=\"font-size: 10pt; font-family: verdana, geneva;\">Estamos construyendo un espacio colectivo de graduados. Si ud. es egresado\/a del Lenguas Vivas y desea participar los invitamos a completar el siguiente formulario:<\/span>\u00a0<\/p>\n<p style=\"text-align: center;\"><iframe loading=\"lazy\" src=\"https:\/\/docs.google.com\/forms\/d\/e\/1FAIpQLSeQevLfb_iXveFRJp-18We_yUjKt4Fpzl_l13NmdSwjbKxqMQ\/viewform?embedded=true&amp;wmode=transparent\" width=\"760\" height=\"500\" frameborder=\"0\" marginwidth=\"0\" marginheight=\"0\"><\/iframe><\/p>","protected":false},"excerpt":{"rendered":"<p>Empadronamiento graduados del Nivel Terciario \u00a0 El Instituto de Ense\u00f1anza Superior en Lenguas Vivas \u201cJuan Ram\u00f3n Fern\u00e1ndez\u201d informa que el empadronamiento de graduados del Nivel Terciario se realiza durante todo el a\u00f1o, salvo los 35 d\u00edas corridos anteriores a la elecci\u00f3n (Art. 6.2 del R\u00e9gimen Electoral del ROI).El tr\u00e1mite puede realizarse personalmente en la Bedel\u00eda &#8230; <a title=\"Graduados\" class=\"read-more\" href=\"https:\/\/ieslvf-caba.infd.edu.ar\/sitio\/graduados\/\" aria-label=\"More on Graduados\">[+]<\/a><\/p>\n","protected":false},"author":3315,"featured_media":0,"parent":0,"menu_order":0,"comment_status":"closed","ping_status":"closed","template":"","meta":[],"acf":[],"_links":{"self":[{"href":"https:\/\/ieslvf-caba.infd.edu.ar\/sitio\/wp-json\/wp\/v2\/pages\/2913"}],"collection":[{"href":"https:\/\/ieslvf-caba.infd.edu.ar\/sitio\/wp-json\/wp\/v2\/pages"}],"about":[{"href":"https:\/\/ieslvf-caba.infd.edu.ar\/sitio\/wp-json\/wp\/v2\/types\/page"}],"author":[{"embeddable":true,"href":"https:\/\/ieslvf-caba.infd.edu.ar\/sitio\/wp-json\/wp\/v2\/users\/3315"}],"replies":[{"embeddable":true,"href":"https:\/\/ieslvf-caba.infd.edu.ar\/sitio\/wp-json\/wp\/v2\/comments?post=2913"}],"version-history":[{"count":2,"href":"https:\/\/ieslvf-caba.infd.edu.ar\/sitio\/wp-json\/wp\/v2\/pages\/2913\/revisions"}],"predecessor-version":[{"id":19027,"href":"https:\/\/ieslvf-caba.infd.edu.ar\/sitio\/wp-json\/wp\/v2\/pages\/2913\/revisions\/19027"}],"wp:attachment":[{"href":"https:\/\/ieslvf-caba.infd.edu.ar\/sitio\/wp-json\/wp\/v2\/media?parent=2913"}],"curies":[{"name":"wp","href":"https:\/\/api.w.org\/{rel}","templated":true}]}}