{"id":2917,"date":"2018-08-29T16:04:07","date_gmt":"2018-08-29T19:04:07","guid":{"rendered":"https:\/\/ieslvf-caba.infd.edu.ar\/sitio\/tutores-institucionales\/"},"modified":"2026-04-15T17:28:13","modified_gmt":"2026-04-15T20:28:13","slug":"tutores-institucionales","status":"publish","type":"page","link":"https:\/\/ieslvf-caba.infd.edu.ar\/sitio\/tutores-institucionales\/","title":{"rendered":"Tutores institucionales"},"content":{"rendered":"\n<p><em>El espacio de Tutores Institucionales est\u00e1 concebido con el prop\u00f3sito de acompa\u00f1ar el inicio y recorrido formativo de los estudiantes de todos los Profesorados y Traductorados de la instituci\u00f3n.<\/em><\/p>\n\n\n\n<p style=\"font-size:16px\"><strong>Tutoras institucionales:<\/strong><br><strong>Profesoras Marina Aller y Ver\u00f3nica Rusler.<\/strong><br>Mail de contacto:&nbsp;<a href=\"mailto:tutoresinstitucionaleslv@gmail.com\">tutoresinstitucionaleslv@gmail.com<\/a><br>&#x27a1;&#xfe0f;<a rel=\"noreferrer noopener\" href=\"https:\/\/ieslvf-caba.infd.edu.ar\/sitio\/wp-content\/uploads\/2025\/05\/Plan-de-trabajo-anual-Tutoria-Institucional.docx\" target=\"_blank\"><strong><em>Acceder a la presentaci\u00f3n de la tutor\u00eda<\/em><\/strong><\/a><br>Reglamento del Tutor Par &#8211; <a href=\"https:\/\/ieslvf-caba.infd.edu.ar\/sitio\/wp-content\/uploads\/2019\/03\/REGLAMENTO-DE-TUTOR-PAR-PROYECTO-APROBADO-EL-18-09-18.pdf\">descargar<\/a><\/p>\n\n\n\n<hr class=\"wp-block-separator has-alpha-channel-opacity\"\/>\n\n\n\n<p><\/p>\n\n\n\n<h5 class=\"wp-block-heading has-text-align-center has-text-color\" style=\"color:#1f47bf;font-size:27px;text-decoration:underline\">&#x1f4dd;<em><strong>TUTOR\u00cdAS ACAD\u00c9MICAS<\/strong> 2026<\/em><\/h5>\n\n\n\n<pre class=\"wp-block-preformatted has-contrast-color has-text-color\"><strong>Traductorado de ingl\u00e9s<\/strong>:<\/pre>\n\n\n\n<p class=\"has-contrast-color has-text-color\"><strong>Tutor\u00edas de Traducci\u00f3n Ingl\u00e9s-Espa\u00f1ol (Retiro)<\/strong><br>Prof. Paula Grosman<br>Contacto: <a rel=\"noreferrer noopener\" href=\"mailto:paula.grosman@gmail.com\" target=\"_blank\">paula.grosman@gmail.com<\/a><br>Horario:<br>Martes de 07.50 a 13.10 (presencial<br>Viernes de 07.50 a 09.50 (virtual)<br>Viernes de 15.00 a 19.00 (virtual)<\/p>\n\n\n\n<p><strong>Tutor\u00edas de Gram\u00e1tica Inglesa y materias del Bloque Ling\u00fc\u00edstica, Sede Pompeya:<\/strong><br>Prof. Nicol\u00e1s Lungarzo<br>Contacto: <a rel=\"noreferrer noopener\" href=\"mailto:nicolas.lungarzo@bue.edu.ar\" target=\"_blank\">nicolas.lungarzo@bue.edu.ar<\/a><br>Horario:<br>Lunes de 19:20 a 21:20<br>Martes de 20:40 a 22<br>Jueves de 17:20 a 19:20<\/p>\n\n\n\n<p><strong>Tutor\u00edas de Gram\u00e1tica Inglesa y materias del Bloque Ling\u00fc\u00edstica (Retiro)<\/strong><br>Prof. Juan Jos\u00e9 Arias<br>Contacto: <a rel=\"noreferrer noopener\" href=\"mailto:ju.arias@bue.edu.ar\" target=\"_blank\">ju.arias@bue.edu.ar<\/a><br>Horario:<br>Lunes de 12.20 a 13.40<br>Jueves de 13.40 a 15.00<br>Viernes de 07.50 a 10.30<\/p>\n\n\n\n<pre class=\"wp-block-preformatted has-contrast-color has-text-color\"><strong>Profesorado de ingl\u00e9s<\/strong>:<\/pre>\n\n\n\n<p><strong>Tutor\u00edas de Fon\u00e9tica y Fonolog\u00eda<\/strong><br>Prof. Jorge Cu\u00f1a<br>Contacto: <a href=\"mailto:coordinacionpompeyalv@gmail.com\">coordinacionpompeyalv@gmail.com<\/a> <br>Horario:<br>Lunes 12 a 13.30 (Virtual)<br>Lunes 17.30 a 19.30 (Virtual)<br>Mi\u00e9rcoles 8.30 a 12.30 presencial (Retiro)<br>Jueves 8.30 a 12.30 presencial (Retiro)<br>Jueves 17.20 a 20 presencial (Pompeya)<\/p>\n\n\n\n<p><strong>Tutor\u00eda de Lengua Inglesa (Pompeya)<\/strong><br>Prof. Daniel Carballedo<br>Contacto:<br>Lunes de 17:20 a 18:40 (presencial)<br>Mi\u00e9rcoles de 18 a 20 (presencial)<\/p>\n\n\n\n<p><strong>Tutor\u00edas de Lengua Inglesa (Sede Retiro)<\/strong><br>Prof. Bel\u00e9n De Bella<br>Contacto:<br>Martes y jueves de 10:30 a 11:50 (presencial)<\/p>\n\n\n\n<pre class=\"wp-block-preformatted has-contrast-color has-text-color\"><strong>Departamento de Alem\u00e1n<\/strong><\/pre>\n\n\n\n<p>Espacio de conversaci\u00f3n a cargo del asistente ling\u00fc\u00edstico del DAAD &#8211; Julian D\u00e4mpfle<\/p>\n\n\n\n<pre class=\"wp-block-preformatted has-contrast-color has-text-color\"><strong>Departamento de Franc\u00e9s<\/strong><\/pre>\n\n\n\n<p><strong>Tutor\u00eda \u00abPrimeros pasos en la docencia\u00bb<\/strong><br>Orientado a estudiantes, egresados del PF e id\u00f3neos que desempe\u00f1an como docentes del \u00e1rea (Retiro)<br>Prof. Viviana Gambardella<br>Contacto: <a href=\"mailto:viviana.gambardella@bue.edu.ar\">viviana.gambardella@bue.edu.ar<\/a><br>Horarios a convenir.<\/p>\n\n\n\n<hr class=\"wp-block-separator has-alpha-channel-opacity\"\/>\n\n\n\n<p class=\"has-medium-font-size\"><strong>Archivo hist\u00f3rico<\/strong><\/p>\n\n\n\n<p><a title=\"Jornada CAIE 2013\" href=\"upload\/Jornada_del_CAIE_2013_-3.pdf\" target=\"_blank\" rel=\"noopener\">Ponencia Jornada del CAIE sobre acciones generales y jornadas de di\u00e1logo y reflexi\u00f3n<\/a><\/p>\n\n\n\n<p><a title=\"Informe de Tutoria 2013 DFD\" rel=\"noopener\" href=\"upload\/Informe_tutori769a_2013_DFD_2.pdf\" target=\"_blank\">Plan de actuaci\u00f3n y desarrollo de los Tutores<\/a><\/p>\n\n\n\n<p><a href=\"https:\/\/ieslvf-caba.infd.edu.ar\/sitio\/wp-content\/uploads\/2025\/05\/Presentacionoficialdelatutoria-archivo-historico.pdf\" target=\"_blank\" rel=\"noreferrer noopener\">Presentaci\u00f3n oficial de la Tutor\u00eda<\/a><\/p>\n\n\n\n<hr class=\"wp-block-separator has-alpha-channel-opacity\"\/>\n\n\n\n<di\n<h2>Los Tutores Institucionales en el Reglamento Org\u00e1nico Institucional (Resoluci\u00f3n N\u00b0 335\/SSGECP\/2015)<\/h2>\n<p>Art\u00edculo 52 \u2013 Tutores institucionales<\/p>\n<p>Son cargos cuya misi\u00f3n central es desarrollar acciones de acompa\u00f1amiento, orientaci\u00f3n y seguimiento de los estudiantes, tendientes a&nbsp; favorecer la continuidad de los estudios superiores y el mejoramiento de la calidad de la formaci\u00f3n. Dependen directamente del Rectorado y trabajan en colaboraci\u00f3n con los Directores de Carrera.<\/p>\n<p>Art\u00edculo 53 \u2013 Designaci\u00f3n de los Tutores<\/p>\n<p>Los tutores institucionales son elegidos, por selecci\u00f3n de antecedentes y presentaci\u00f3n de proyecto, y en forma temporaria, entre los profesores titulares e interinos del Nivel Superior de la Instituci\u00f3n que posean una antig\u00fcedad m\u00ednima de tres (3) a\u00f1os en la Instituci\u00f3n. &nbsp;Los tutores duran dos (2) a\u00f1os en sus funciones y podr\u00e1n ser designados solo por dos per\u00edodos consecutivos.<\/p>\n<p>Art\u00edculo 54 \u2013 Funciones de los Tutores<\/p>\n<p>Son funciones de los Tutores:<\/p>\n<p>54.1 Identificar los principales problemas relacionados con la trayectoria formativa de los alumnos del Nivel Superior del Instituto. Elevar informes peri\u00f3dicos al Rectorado sobre la deserci\u00f3n de los alumnos y proponer acciones tendientes a solucionar esta problem\u00e1tica.<\/p>\n<p>54.2 Dise\u00f1ar planes de acci\u00f3n destinados a fortalecer y favorecer las trayectorias de formaci\u00f3n de los estudiantes y en particular de los destinatarios de programas de becas y otros est\u00edmulos para la educaci\u00f3n superior y de estudiantes que realicen pasant\u00edas. Consensuar dichos planes y acciones con autoridades superiores y colegas de la Instituci\u00f3n.<\/p>\n<p>54.3 Organizar y coordinar acciones, programas y proyectos de informaci\u00f3n, orientaci\u00f3n y seguimiento de alumnos conjuntamente con otros actores involucrados.<\/p>\n<p>54.4 Mediar e interceder en todas las situaciones de orden acad\u00e9mico entre docentes, entre docentes y estudiantes, y entre estudiantes que as\u00ed lo requieran.<\/p>\n<p>54.5 Evaluar la experiencia de trabajo en funci\u00f3n de los problemas definidos, sistematizar la informaci\u00f3n relativa al seguimiento de los destinatarios de programas de becas y otros est\u00edmulos para la educaci\u00f3n superior, y de los estudiantes que realicen pasant\u00edas.<\/p>\n<\/div>\n\n\n\n<hr class=\"wp-block-separator has-alpha-channel-opacity\"\/>\n\n\n\n<h3 class=\"wp-block-heading\" id=\"becas\">EST\u00cdMULOS ECON\u00d3MICOS A INGRESANTES<span style=\"font-family: verdana,geneva; font-size: 10pt; color: #ff6600;\"> <\/span><\/h3>\n\n\n\n<h5 class=\"wp-block-heading\"><span style=\"color: #ff0000;\">Convocatoria&nbsp;Becas&nbsp;Progresar&nbsp;2025<\/span><\/h5>\n\n\n\n<p>La Convocatoria 2025 para&nbsp;<strong>Progresar Trabajo<\/strong>&nbsp;estar\u00e1 abierta del&nbsp;<strong>21 de abril al 30 de noviembre.<\/strong><\/p>\n\n\n\n<p>Record\u00e1 que no se requiere de&nbsp;<strong>gestores<\/strong>&nbsp;ni&nbsp;<strong>intermediarios.<\/strong>&nbsp;No compartas&nbsp;<strong>datos personales, claves<\/strong>&nbsp;ni&nbsp;<strong>documentos<\/strong>&nbsp;con terceros. El tr\u00e1mite es&nbsp;<strong>personal, gratuito<\/strong>&nbsp;y se realiza a trav\u00e9s de los canales oficiales.<\/p>\n\n\n\n<p>Para iniciar el proceso de inscripci\u00f3n, es necesario tener&nbsp;<strong>usuario en Mi Argentina<\/strong>. Si ya lo ten\u00e9s, hac\u00e9 clic en el bot\u00f3n de la l\u00ednea correspondiente en la secci\u00f3n&nbsp;<em>Ingreso e inscripci\u00f3n por l\u00ednea de beca<\/em>&nbsp;que est\u00e1 m\u00e1s abajo.<\/p>\n\n\n\n<p>Si no ten\u00e9s usuario,&nbsp;<strong>descarg\u00e1 Mi Argentina y complet\u00e1 el registro<\/strong>. Encontr\u00e1 m\u00e1s informaci\u00f3n y los pasos a seguir en&nbsp;<a href=\"https:\/\/www.argentina.gob.ar\/miargentina\">argentina.gob.ar\/miargentina<\/a><\/p>\n\n\n\n<p>En el link est\u00e1n las bases y condiciones para poder aspirar a la&nbsp;beca:&nbsp;&nbsp;<a href=\"https:\/\/www.argentina.gob.ar\/educacion\/progresar\" target=\"_blank\" rel=\"noopener\" data-saferedirecturl=\"https:\/\/www.google.com\/url?q=https:\/\/www.argentina.gob.ar\/educacion\/progresar&amp;source=gmail&amp;ust=1647380871148000&amp;usg=AOvVaw02FT9GMCFxfmr_kc7RX-k1\">https:\/\/www.<wbr>argentina.gob.ar\/educacion\/pro<wbr>gresar<\/a><\/p>\n\n\n\n<hr class=\"wp-block-separator has-alpha-channel-opacity\"\/>\n\n\n\n<div>&nbsp;<\/div>\n","protected":false},"excerpt":{"rendered":"<p>El espacio de Tutores Institucionales est\u00e1 concebido con el prop\u00f3sito de acompa\u00f1ar el inicio y recorrido formativo de los estudiantes de todos los Profesorados y Traductorados de la instituci\u00f3n. Tutoras institucionales:Profesoras Marina Aller y Ver\u00f3nica Rusler.Mail de contacto:&nbsp;tutoresinstitucionaleslv@gmail.com&#x27a1;&#xfe0f;Acceder a la presentaci\u00f3n de la tutor\u00edaReglamento del Tutor Par &#8211; descargar &#x1f4dd;TUTOR\u00cdAS ACAD\u00c9MICAS 2026 Traductorado de ingl\u00e9s: &#8230; <a title=\"Tutores institucionales\" class=\"read-more\" href=\"https:\/\/ieslvf-caba.infd.edu.ar\/sitio\/tutores-institucionales\/\" aria-label=\"More on Tutores institucionales\">[+]<\/a><\/p>\n","protected":false},"author":3315,"featured_media":0,"parent":0,"menu_order":0,"comment_status":"closed","ping_status":"closed","template":"","meta":[],"acf":[],"_links":{"self":[{"href":"https:\/\/ieslvf-caba.infd.edu.ar\/sitio\/wp-json\/wp\/v2\/pages\/2917"}],"collection":[{"href":"https:\/\/ieslvf-caba.infd.edu.ar\/sitio\/wp-json\/wp\/v2\/pages"}],"about":[{"href":"https:\/\/ieslvf-caba.infd.edu.ar\/sitio\/wp-json\/wp\/v2\/types\/page"}],"author":[{"embeddable":true,"href":"https:\/\/ieslvf-caba.infd.edu.ar\/sitio\/wp-json\/wp\/v2\/users\/3315"}],"replies":[{"embeddable":true,"href":"https:\/\/ieslvf-caba.infd.edu.ar\/sitio\/wp-json\/wp\/v2\/comments?post=2917"}],"version-history":[{"count":34,"href":"https:\/\/ieslvf-caba.infd.edu.ar\/sitio\/wp-json\/wp\/v2\/pages\/2917\/revisions"}],"predecessor-version":[{"id":21552,"href":"https:\/\/ieslvf-caba.infd.edu.ar\/sitio\/wp-json\/wp\/v2\/pages\/2917\/revisions\/21552"}],"wp:attachment":[{"href":"https:\/\/ieslvf-caba.infd.edu.ar\/sitio\/wp-json\/wp\/v2\/media?parent=2917"}],"curies":[{"name":"wp","href":"https:\/\/api.w.org\/{rel}","templated":true}]}}