{"id":2921,"date":"2018-08-29T16:04:08","date_gmt":"2018-08-29T19:04:08","guid":{"rendered":"https:\/\/ieslvf-caba.infd.edu.ar\/sitio\/centro-de-estudiantes-2\/"},"modified":"2026-04-09T18:34:48","modified_gmt":"2026-04-09T21:34:48","slug":"centro-de-estudiantes-2","status":"publish","type":"page","link":"https:\/\/ieslvf-caba.infd.edu.ar\/sitio\/centro-de-estudiantes-2\/","title":{"rendered":"Centro de estudiantes"},"content":{"rendered":"\n<div class=\"wp-block-cover alignwide is-position-center-center\" style=\"min-height:100px\"><span aria-hidden=\"true\" class=\"wp-block-cover__background has-background-dim-20 has-background-dim\"><\/span><img decoding=\"async\" loading=\"lazy\" width=\"640\" height=\"480\" class=\"wp-block-cover__image-background wp-image-10176\" alt=\"\" src=\"https:\/\/ieslvf-caba.infd.edu.ar\/sitio\/wp-content\/uploads\/2021\/09\/edificio-viejo-ventanas.jpg\" style=\"object-position:40% 26%\" data-object-fit=\"cover\" data-object-position=\"40% 26%\"\/><div class=\"wp-block-cover__inner-container\">\n<p class=\"has-text-align-center has-text-color\" style=\"color:#fffffa;font-size:40px;line-height:1.1\"><strong>Centro de estudiantes<\/strong><\/p>\n<\/div><\/div>\n\n\n<div class=\"wp-block-image\">\n<figure class=\"alignright size-full is-resized\"><img decoding=\"async\" loading=\"lazy\" src=\"https:\/\/ieslvf-caba.infd.edu.ar\/sitio\/wp-content\/uploads\/2026\/04\/Centro-de-Estudiantes_20260409_182252_0000.png\" alt=\"\" class=\"wp-image-21524\" width=\"261\" height=\"261\"\/><\/figure><\/div>\n\n\n<p>El IES en Lenguas Vivas \u00abJuan Ram\u00f3n Fern\u00e1ndez\u00bb cuenta con un centro de estudiantes (CETLV) desde el a\u00f1o 2014. A partir del 2026, la conducci\u00f3n est\u00e1 a cargo de <em>Lenguas en Acci\u00f3n (Lista 4)<\/em>.\u00a0<\/p>\n\n\n\n<p>Desde <em>Lenguas en Acci\u00f3n<\/em> proponemos un centro<strong> aut\u00f3nomo, horizontal, abierto y democr\u00e1tico<\/strong>, que funcione como espacio de participaci\u00f3n y representaci\u00f3n estudiantil. Nuestra prioridad es defender los derechos de nuestros estudiantes a una educaci\u00f3n p\u00fablica laica, gratuita, universal y de excelencia acad\u00e9mica.<\/p>\n\n\n\n<p>Contamos con un <a rel=\"noreferrer noopener\" href=\"https:\/\/docs.google.com\/document\/d\/1NflvH0UkPRnyhH2fZFv8OLS0ZlolaD-rR1qieMtFPbA\/edit?tab=t.0\" target=\"_blank\">Estatuto del Centro de Estudiantes<\/a>, realizado en conjunto con la comunidad educativa y votado en asamblea, en el que se detalla el funcionamiento del Centro.<\/p>\n\n\n\n<p>Realizamos asambleas abiertas mensualmente para debatir, proponer y mejorar tanto el funcionamiento del centro como el de nuestra casa de estudios. Pueden participar todos los miembros de la comunidad educativa que est\u00e9n interesados. Publicaremos las convocatorias a asambleas a trav\u00e9s de nuestras redes sociales.<\/p>\n\n\n\n<hr class=\"wp-block-separator has-alpha-channel-opacity\"\/>\n\n\n\n<p><strong>Contacto:<\/strong>&nbsp;<\/p>\n\n\n\n<p>Instagram: <a href=\"https:\/\/www.instagram.com\/cet.lenguas.jrf\/\">https:\/\/www.instagram.com\/cet.lenguas.jrf\/<\/a><\/p>\n\n\n\n<p>E-Mail: <a href=\"mailto:cetlenguasvivasjrf@gmail.com\">cetlenguasvivasjrf@gmail.com<\/a>&nbsp;<\/p>\n\n\n\n<p>Si ten\u00e9s dudas, propuestas o quer\u00e9s involucrarte, no dudes en escribirnos por mail o por mensaje directo en nuestras redes.<\/p>\n","protected":false},"excerpt":{"rendered":"<p>El IES en Lenguas Vivas \u00abJuan Ram\u00f3n Fern\u00e1ndez\u00bb cuenta con un centro de estudiantes (CETLV) desde el a\u00f1o 2014. A partir del 2026, la conducci\u00f3n est\u00e1 a cargo de Lenguas en Acci\u00f3n (Lista 4).\u00a0 Desde Lenguas en Acci\u00f3n proponemos un centro aut\u00f3nomo, horizontal, abierto y democr\u00e1tico, que funcione como espacio de participaci\u00f3n y representaci\u00f3n estudiantil. &#8230; <a title=\"Centro de estudiantes\" class=\"read-more\" href=\"https:\/\/ieslvf-caba.infd.edu.ar\/sitio\/centro-de-estudiantes-2\/\" aria-label=\"More on Centro de estudiantes\">[+]<\/a><\/p>\n","protected":false},"author":3315,"featured_media":0,"parent":0,"menu_order":0,"comment_status":"closed","ping_status":"closed","template":"","meta":[],"acf":[],"_links":{"self":[{"href":"https:\/\/ieslvf-caba.infd.edu.ar\/sitio\/wp-json\/wp\/v2\/pages\/2921"}],"collection":[{"href":"https:\/\/ieslvf-caba.infd.edu.ar\/sitio\/wp-json\/wp\/v2\/pages"}],"about":[{"href":"https:\/\/ieslvf-caba.infd.edu.ar\/sitio\/wp-json\/wp\/v2\/types\/page"}],"author":[{"embeddable":true,"href":"https:\/\/ieslvf-caba.infd.edu.ar\/sitio\/wp-json\/wp\/v2\/users\/3315"}],"replies":[{"embeddable":true,"href":"https:\/\/ieslvf-caba.infd.edu.ar\/sitio\/wp-json\/wp\/v2\/comments?post=2921"}],"version-history":[{"count":6,"href":"https:\/\/ieslvf-caba.infd.edu.ar\/sitio\/wp-json\/wp\/v2\/pages\/2921\/revisions"}],"predecessor-version":[{"id":21530,"href":"https:\/\/ieslvf-caba.infd.edu.ar\/sitio\/wp-json\/wp\/v2\/pages\/2921\/revisions\/21530"}],"wp:attachment":[{"href":"https:\/\/ieslvf-caba.infd.edu.ar\/sitio\/wp-json\/wp\/v2\/media?parent=2921"}],"curies":[{"name":"wp","href":"https:\/\/api.w.org\/{rel}","templated":true}]}}