{"id":2926,"date":"2018-08-29T16:04:10","date_gmt":"2018-08-29T19:04:10","guid":{"rendered":"https:\/\/ieslvf-caba.infd.edu.ar\/sitio\/secretaria-academica\/"},"modified":"2021-08-27T18:29:05","modified_gmt":"2021-08-27T21:29:05","slug":"secretaria-academica","status":"publish","type":"page","link":"https:\/\/ieslvf-caba.infd.edu.ar\/sitio\/secretaria-academica\/","title":{"rendered":"Secretar\u00eda Acad\u00e9mica"},"content":{"rendered":"<p>\u201cEs la unidad de gesti\u00f3n de los programas y proyectos de investigaci\u00f3n, extensi\u00f3n, capacitaci\u00f3n y post\u00edtulo. Depende directamente del Rector, al que informa peri\u00f3dicamente sobre los asuntos a su cargo\u201d (art\u00edculo 29 del Reglamento Org\u00e1nico Institucional, Resoluci\u00f3n N\u00b0 335\/SSGECP\/2015 \u2013 10\/07\/2015).<\/p>\n<p>En concreto, la Secretar\u00eda Acad\u00e9mica se ocupa de:<\/p>\n<ul>\n<li>Adscripciones <a href=\"https:\/\/ieslvf-caba.infd.edu.ar\/sitio\/normativa\/upload\/Reglamento_de_Adscripci%F3n_2015.pdf\">(<u>reglamento)<\/u><\/a><\/li>\n<li>Programa de Alumno Ayudante <a href=\"https:\/\/ieslvf-caba.infd.edu.ar\/sitio\/wp-content\/uploads\/2018\/12\/REGLAMENTO_ALUMNO_AYUDANTE_CD_11.03.2014.pdf\">(<u>reglamento<\/u>)<\/a><\/li>\n<li>Proyectos de investigaci\u00f3n (convocatoria cerrada hasta nuevo aviso)<\/li>\n<li>Programas de extensi\u00f3n a la comunidad: <a href=\"https:\/\/ieslvf-caba.infd.edu.ar\/sitio\/actividades-de-extension-del-nivel-superior\/\"><u>ELE<\/u> (Espa\u00f1ol Lengua Extranjera) y <u>AENS<\/u> (Actividades de Extensi\u00f3n de Nivel Terciario)<\/a><\/li>\n<li>Post\u00edtulos: <a href=\"https:\/\/ieslvf-caba.infd.edu.ar\/sitio\/posgrado\/\"><u>IELSE<\/u> (Interculturalidad y Espa\u00f1ol Lengua Segunda y Extranjera) y <u>ETIC<\/u> (Especializaci\u00f3n T\u00e9cnica en Interpretaci\u00f3n de Conferencias)<\/a><\/li>\n<li><a href=\"https:\/\/ieslvf-caba.infd.edu.ar\/sitio\/seminario-permanente-de-estudios-de-traduccion\/\" target=\"_blank\" rel=\"noopener\">SPET <\/a>(Seminario Permanente de Estudios de Traducci\u00f3n)<\/li>\n<li>Revista <a href=\"https:\/\/ieslvf-caba.infd.edu.ar\/sitio\/revista-lenguas-vvas\/\" target=\"_blank\" rel=\"noopener\"><em>Lenguas V;vas<\/em><\/a><\/li>\n<li><a href=\"https:\/\/ieslvf-caba.infd.edu.ar\/sitio\/cef-centro-de-estudios-farncofonos\/\" target=\"_blank\" rel=\"noopener\">CEF<\/a> (Centro de Estudios Franc\u00f3fonos)<\/li>\n<li><a href=\"https:\/\/ieslvf-caba.infd.edu.ar\/sitio\/escuela-de-otono-de-traduccion-literaria\/\" target=\"_blank\" rel=\"noopener\">EOTL<\/a> (Escuela de Oto\u00f1o de Traducci\u00f3n Literaria \u00abLucila Cordone\u00bb)<\/li>\n<li>Bibliotecas: <a href=\"https:\/\/ieslvf-caba.infd.edu.ar\/sitio\/bibliotecas\/\">Biblioteca General, Biblioteca Infantil Triling\u00fce \u201cLa Cueva de las Letras\u201d, Biblioteca Pedag\u00f3gica de Franc\u00e9s, Biblioteca de Alem\u00e1n y Biblioteca del Instituto Cam\u00f5es<\/a><\/li>\n<li>Organizaci\u00f3n de Congresos y Jornadas <a href=\"https:\/\/ieslvf-caba.infd.edu.ar\/sitio\/biblioteca-general\/#congreso\">(ir a las Actas)<\/a><\/li>\n<\/ul>\n<p>En 2016, 2017 y 2018, la Secretar\u00eda Acad\u00e9mica ha tenido a su cargo la organizaci\u00f3n de la <a href=\"http:\/\/fondodocumentallv.com.ar\/la-noche-de-los-museos-2018\/\">Noche de los Museos en la instituci\u00f3n<\/a>.<\/p>\n<p><strong>Secretaria Acad\u00e9mica \u2013 Oficina 13<\/strong><\/p>\n<p>Prof. Gabriela Villalba<\/p>\n<p>e-mail: gabrielaa.villalba@bue.edu.ar<\/p>\n<p>Por favor, concertar cita v\u00eda mail.<\/p>\n\n\n<p><\/p>\n","protected":false},"excerpt":{"rendered":"<p>\u201cEs la unidad de gesti\u00f3n de los programas y proyectos de investigaci\u00f3n, extensi\u00f3n, capacitaci\u00f3n y post\u00edtulo. Depende directamente del Rector, al que informa peri\u00f3dicamente sobre los asuntos a su cargo\u201d (art\u00edculo 29 del Reglamento Org\u00e1nico Institucional, Resoluci\u00f3n N\u00b0 335\/SSGECP\/2015 \u2013 10\/07\/2015). En concreto, la Secretar\u00eda Acad\u00e9mica se ocupa de: Adscripciones (reglamento) Programa de Alumno Ayudante &#8230; <a title=\"Secretar\u00eda Acad\u00e9mica\" class=\"read-more\" href=\"https:\/\/ieslvf-caba.infd.edu.ar\/sitio\/secretaria-academica\/\" aria-label=\"More on Secretar\u00eda Acad\u00e9mica\">[+]<\/a><\/p>\n","protected":false},"author":3315,"featured_media":0,"parent":0,"menu_order":0,"comment_status":"closed","ping_status":"closed","template":"","meta":[],"acf":[],"_links":{"self":[{"href":"https:\/\/ieslvf-caba.infd.edu.ar\/sitio\/wp-json\/wp\/v2\/pages\/2926"}],"collection":[{"href":"https:\/\/ieslvf-caba.infd.edu.ar\/sitio\/wp-json\/wp\/v2\/pages"}],"about":[{"href":"https:\/\/ieslvf-caba.infd.edu.ar\/sitio\/wp-json\/wp\/v2\/types\/page"}],"author":[{"embeddable":true,"href":"https:\/\/ieslvf-caba.infd.edu.ar\/sitio\/wp-json\/wp\/v2\/users\/3315"}],"replies":[{"embeddable":true,"href":"https:\/\/ieslvf-caba.infd.edu.ar\/sitio\/wp-json\/wp\/v2\/comments?post=2926"}],"version-history":[{"count":12,"href":"https:\/\/ieslvf-caba.infd.edu.ar\/sitio\/wp-json\/wp\/v2\/pages\/2926\/revisions"}],"predecessor-version":[{"id":9629,"href":"https:\/\/ieslvf-caba.infd.edu.ar\/sitio\/wp-json\/wp\/v2\/pages\/2926\/revisions\/9629"}],"wp:attachment":[{"href":"https:\/\/ieslvf-caba.infd.edu.ar\/sitio\/wp-json\/wp\/v2\/media?parent=2926"}],"curies":[{"name":"wp","href":"https:\/\/api.w.org\/{rel}","templated":true}]}}