{"id":2934,"date":"2018-08-29T16:04:13","date_gmt":"2018-08-29T19:04:13","guid":{"rendered":"https:\/\/ieslvf-caba.infd.edu.ar\/sitio\/institucion-libre-de-humo\/"},"modified":"2021-10-26T13:24:24","modified_gmt":"2021-10-26T16:24:24","slug":"institucion-libre-de-humo","status":"publish","type":"page","link":"https:\/\/ieslvf-caba.infd.edu.ar\/sitio\/institucion-libre-de-humo\/","title":{"rendered":"Instituci\u00f3n libre de humo"},"content":{"rendered":"\n<div class=\"wp-block-cover alignwide has-background-dim-20 has-background-dim is-position-center-center\" style=\"min-height:100px\"><img decoding=\"async\" loading=\"lazy\" width=\"700\" height=\"525\" class=\"wp-block-cover__image-background wp-image-10499\" alt=\"\" src=\"https:\/\/ieslvf-caba.infd.edu.ar\/sitio\/wp-content\/uploads\/2021\/09\/investigacion-1.jpg\" style=\"object-position:45% 21%\" data-object-fit=\"cover\" data-object-position=\"45% 21%\"\/><div class=\"wp-block-cover__inner-container\">\n<p class=\"has-text-align-center has-text-color\" style=\"color:#fffffa;font-size:40px;line-height:1.1\"><strong>Instituci\u00f3n libre de humo<\/strong><\/p>\n<\/div><\/div>\n\n\n<table style=\"width: 100%;\" border=\"0\">\n<tbody>\n<tr>\n<td colspan=\"3\">\n<h2><span style=\"color: #0000ff;\">Instituci\u00f3n 100% libre de humo de tabaco<\/span><\/h2>\n<\/td>\n<\/tr>\n<tr>\n<td colspan=\"2\">El Rectorado informa que, de acuerdo con el Programa Nacional de Control de Tabaco del que se desprende la Ley Nacional de Control de Tabaco <a href=\"http:\/\/www.msal.gov.ar\/tabaco\/images\/stories\/institucional\/pdf\/ley-26687.pdf\">N\u00ba 26.687<\/a>, sancionada en el a\u00f1o 2011, y la Ley <a href=\"http:\/\/www.buenosaires.gob.ar\/areas\/leg_tecnica\/sin\/normapop09.php?id=78696&amp;qu=h&amp;ft=0&amp;cp=&amp;rl=1&amp;rf=1&amp;im=&amp;ui=0&amp;printi=1&amp;pelikan=1&amp;sezion=1094340&amp;primera=0&amp;mot_toda=&amp;mot_frase=&amp;mot_alguna=\">N\u00b0 1799\/05<\/a>, Ley de Control de Tabaco del Gobierno de la Ciudad de Buenos Aires, implement\u00f3 la campa\u00f1a Instituci\u00f3n 100% libre de humo de tabaco. Se destacan a continuaci\u00f3n los aspectos m\u00e1s importantes de las leyes citadas anteriormente:&nbsp; <span style=\"font-family: verdana,geneva; font-size: 8pt;\"><span style=\"font-family: verdana,geneva; font-size: 10pt;\"><br>\n<\/span><\/span><\/td>\n<td width=\"30%\">\n<div style=\"text-align: center;\"><img decoding=\"async\" loading=\"lazy\" title=\"\" src=\"https:\/\/ieslvf-caba.infd.edu.ar\/sitio\/wp-content\/uploads\/2018\/08\/Ej1.jpg\" alt=\"\" width=\"167\" height=\"157\" border=\"0\"><\/div>\n<\/td>\n<\/tr>\n<tr>\n<td colspan=\"3\">\n<ul>\n<li dir=\"ltr\">\n<p dir=\"ltr\">Es responsabilidad de las autoridades, donde rige la prohibici\u00f3n, la aplicaci\u00f3n de las leyes y la adopci\u00f3n de las medidas necesarias a efectos de garantizar su estricto cumplimiento.<\/p>\n<\/li>\n<li dir=\"ltr\">\n<p dir=\"ltr\">La prohibici\u00f3n es absoluta en los establecimientos de salud y educaci\u00f3n de la ciudad.<\/p>\n<\/li>\n<li dir=\"ltr\">\n<p dir=\"ltr\">El establecimiento educativo debe considerar los siguientes objetivos:<\/p>\n<ul>\n<li dir=\"ltr\">\n<p dir=\"ltr\">a) la realizaci\u00f3n de campa\u00f1as de informaci\u00f3n y esclarecimiento, acerca de los riesgos que implica el consumo del tabaco, promoviendo estilos de vida y conductas saludables;<\/p>\n<\/li>\n<li dir=\"ltr\">\n<p dir=\"ltr\">b) la implementaci\u00f3n de campa\u00f1as educativas orientadas principalmente a fomentar nuevas generaciones de no fumadores;<\/p>\n<\/li>\n<li dir=\"ltr\">\n<p dir=\"ltr\">c) el desarrollo de una conciencia social sobre el derecho de los no fumadores, a respirar aire sin la contaminaci\u00f3n ambiental producida por el humo del tabaco;<\/p>\n<\/li>\n<li dir=\"ltr\">\n<p dir=\"ltr\">d) el est\u00edmulo a las nuevas generaciones para que no se inicien en el h\u00e1bito tab\u00e1quico, especialmente a las mujeres embarazadas y madres lactantes, resaltando los riesgos que representa fumar para la salud de sus hijos\/as;<\/p>\n<\/li>\n<li dir=\"ltr\">\n<p dir=\"ltr\">e) la difusi\u00f3n del conocimiento de las patolog\u00edas vinculadas con el tabaquismo, sus consecuencias y las formas de prevenci\u00f3n y tratamiento.<\/p>\n<\/li>\n<\/ul>\n<\/li>\n<li dir=\"ltr\">\n<p dir=\"ltr\">La instituci\u00f3n est\u00e1 obligada a informar la prohibici\u00f3n de consumo de tabaco a trav\u00e9s de carteles indicadores en lugares estrat\u00e9gicos del edificio con visibilidad permanente.<\/p>\n<\/li>\n<li dir=\"ltr\">\n<p dir=\"ltr\">La instituci\u00f3n est\u00e1 obligada a dar a conocer los alcances de dichas prohibiciones al p\u00fablico al momento de su ingreso y mientras dure su permanencia.<\/p>\n<\/li>\n<li dir=\"ltr\">\n<p dir=\"ltr\">Los responsables de la instituci\u00f3n deber\u00e1n planificar acciones que permitan lograr una progresiva concientizaci\u00f3n sobre los efectos nocivos del tabaco en cualquiera de las modalidades en que se lo practique y las que posibiliten la deshabituaci\u00f3n y abstinencia definitiva, siempre en el marco del respeto a la norma que determina la prohibici\u00f3n.<\/p>\n<\/li>\n<li dir=\"ltr\">\n<p dir=\"ltr\">La instituci\u00f3n promover\u00e1 programas especiales y peri\u00f3dicos de deshabituaci\u00f3n para el personal que se desempe\u00f1a en el lugar.<\/p>\n<\/li>\n<li dir=\"ltr\">\n<p dir=\"ltr\">Las zonas de acceso al establecimiento, recepci\u00f3n y atenci\u00f3n al p\u00fablico son zonas no habilitadas para fumar.<\/p>\n<\/li>\n<\/ul>\n<p><span dir=\"ltr\">En virtud de lo expuesto, el Rectorado informa que implementar\u00e1 un plan de control de tabaco con el objetivo de:<\/span><\/p><\/td>\n<\/tr>\n<tr>\n<td width=\"30%\">\n<div style=\"text-align: center;\"><span style=\"font-size: 8pt;\"><img decoding=\"async\" loading=\"lazy\" title=\"\" src=\"https:\/\/ieslvf-caba.infd.edu.ar\/sitio\/wp-content\/uploads\/2018\/08\/Ej6.jpg\" alt=\"\" width=\"214\" height=\"241\" border=\"0\"><\/span><\/div>\n<\/td>\n<td style=\"font-family: verdana,geneva; font-size: 8pt;\" colspan=\"2\">\n<ul>\n<li>\n<h6>Declarar al Instituto de Ense\u00f1anza Superior en Lenguas Vivas \u201cJ. R. Fern\u00e1ndez\u201d, instituci\u00f3n 100% libre de humo de tabaco.<\/h6>\n<\/li>\n<li>\n<h6>Involucrar a todos los actores institucionales: directivos, empleados administrativos, personal auxiliar de porter\u00eda, de seguridad, personal docente y no docente, alumnos en el cumplimiento de la normativa vigente.<\/h6>\n<\/li>\n<li>\n<h6>Establecer estrategias comunicacionales que acompa\u00f1en todas las etapas de la intervenci\u00f3n, con informaci\u00f3n a la comunidad educativa en forma sistematizada y permanente, y que atienda a las demandas y sugerencias de todos los sectores de la Instituci\u00f3n.<\/h6>\n<\/li>\n<li>\n<h6>Respetar la libre decisi\u00f3n de las personas acerca de dejar de fumar o no.<\/h6>\n<\/li>\n<li>\n<h6>Establecer estrategias de ayuda para dejar de fumar a los empleados que lo requieran.<\/h6>\n<\/li>\n<\/ul>\n<\/td>\n<\/tr>\n<\/tbody>\n<\/table>\n\n\n<p><\/p>\n","protected":false},"excerpt":{"rendered":"<p>Instituci\u00f3n 100% libre de humo de tabaco El Rectorado informa que, de acuerdo con el Programa Nacional de Control de Tabaco del que se desprende la Ley Nacional de Control de Tabaco N\u00ba 26.687, sancionada en el a\u00f1o 2011, y la Ley N\u00b0 1799\/05, Ley de Control de Tabaco del Gobierno de la Ciudad de &#8230; <a title=\"Instituci\u00f3n libre de humo\" class=\"read-more\" href=\"https:\/\/ieslvf-caba.infd.edu.ar\/sitio\/institucion-libre-de-humo\/\" aria-label=\"More on Instituci\u00f3n libre de humo\">[+]<\/a><\/p>\n","protected":false},"author":3315,"featured_media":0,"parent":0,"menu_order":0,"comment_status":"closed","ping_status":"closed","template":"","meta":[],"acf":[],"_links":{"self":[{"href":"https:\/\/ieslvf-caba.infd.edu.ar\/sitio\/wp-json\/wp\/v2\/pages\/2934"}],"collection":[{"href":"https:\/\/ieslvf-caba.infd.edu.ar\/sitio\/wp-json\/wp\/v2\/pages"}],"about":[{"href":"https:\/\/ieslvf-caba.infd.edu.ar\/sitio\/wp-json\/wp\/v2\/types\/page"}],"author":[{"embeddable":true,"href":"https:\/\/ieslvf-caba.infd.edu.ar\/sitio\/wp-json\/wp\/v2\/users\/3315"}],"replies":[{"embeddable":true,"href":"https:\/\/ieslvf-caba.infd.edu.ar\/sitio\/wp-json\/wp\/v2\/comments?post=2934"}],"version-history":[{"count":4,"href":"https:\/\/ieslvf-caba.infd.edu.ar\/sitio\/wp-json\/wp\/v2\/pages\/2934\/revisions"}],"predecessor-version":[{"id":11176,"href":"https:\/\/ieslvf-caba.infd.edu.ar\/sitio\/wp-json\/wp\/v2\/pages\/2934\/revisions\/11176"}],"wp:attachment":[{"href":"https:\/\/ieslvf-caba.infd.edu.ar\/sitio\/wp-json\/wp\/v2\/media?parent=2934"}],"curies":[{"name":"wp","href":"https:\/\/api.w.org\/{rel}","templated":true}]}}