{"id":2936,"date":"2018-08-29T16:04:13","date_gmt":"2018-08-29T19:04:13","guid":{"rendered":"https:\/\/ieslvf-caba.infd.edu.ar\/sitio\/programa-escuelas-verdes\/"},"modified":"2023-06-16T17:25:24","modified_gmt":"2023-06-16T20:25:24","slug":"programa-escuelas-verdes","status":"publish","type":"page","link":"https:\/\/ieslvf-caba.infd.edu.ar\/sitio\/programa-escuelas-verdes\/","title":{"rendered":"Programa Lenguas Verde"},"content":{"rendered":"\n<div class=\"wp-block-cover alignwide is-position-center-center\" style=\"min-height:100px\"><span aria-hidden=\"true\" class=\"wp-block-cover__background has-background-dim-20 has-background-dim\"><\/span><img decoding=\"async\" loading=\"lazy\" width=\"640\" height=\"480\" class=\"wp-block-cover__image-background wp-image-10174\" alt=\"\" src=\"https:\/\/ieslvf-caba.infd.edu.ar\/sitio\/wp-content\/uploads\/2021\/09\/edificio-viejo-jardin-flores.jpg\" style=\"object-position:40% 26%\" data-object-fit=\"cover\" data-object-position=\"40% 26%\"\/><div class=\"wp-block-cover__inner-container\">\n<p class=\"has-text-align-center has-text-color\" style=\"color:#fffffa;font-size:40px;line-height:1.1\"><strong>Programa Lenguas Verde<\/strong><\/p>\n<\/div><\/div>\n\n\n\n<h2 class=\"wp-block-heading\"><span style=\"color: #0000ff;\">Programa Lenguas Verde<\/span><\/h2>\n\n\n\n<p class=\"has-text-color\" style=\"color:#086610\"><strong>El Instituto de Ense\u00f1anza Superior en Lenguas Vivas \u201cJuan Ram\u00f3n Fern\u00e1ndez\u201d, en el marco del Programa Escuelas Verdes del Ministerio de Educaci\u00f3n e Innovaci\u00f3n del Gobierno de la Ciudad Aut\u00f3noma de Buenos Aires, se propone implementar el proyecto \u00abLenguas Verde\u00bb con el objetivo de analizar su pr\u00e1ctica en lo que se refiere al cuidado del medio ambiente, reflexionar sobre esa pr\u00e1ctica y promover la educaci\u00f3n ambiental.<\/strong><\/p>\n\n\n\n<figure class=\"wp-block-embed is-type-video is-provider-youtube wp-block-embed-youtube wp-embed-aspect-16-9 wp-has-aspect-ratio\"><div class=\"wp-block-embed__wrapper\">\n<iframe loading=\"lazy\" title=\"LENGUAS VERDE\" width=\"1200\" height=\"675\" src=\"https:\/\/www.youtube.com\/embed\/wFKbaTIbslg?feature=oembed\" frameborder=\"0\" allow=\"accelerometer; autoplay; clipboard-write; encrypted-media; gyroscope; picture-in-picture; web-share\" allowfullscreen><\/iframe>\n<\/div><\/figure>\n\n\n\n<figure class=\"wp-block-table\"><table><tbody><tr><td>La humanidad forma parte de los ecosistemas y depende de \u00e9stos para satisfacer sus necesidades, la demanda de las materias primas y las transformaciones por causa de la industrializaci\u00f3n impactan en el medio ambiente y generan el consecuente desequilibrio ecol\u00f3gico.<\/td><\/tr><tr><td>La <strong>educaci\u00f3n sustentable <\/strong>se encuentra enfocada en la resoluci\u00f3n de problemas concretos del medio ambiente, supone no s\u00f3lo el desarrollo de conocimientos y valores, sino tambi\u00e9n una pr\u00e1ctica comunitaria que se ejerce en el entorno inmediato en las primeras fases para extenderse m\u00e1s all\u00e1 de estos l\u00edmites con el tiempo.<\/td><\/tr><tr><td>Esta pr\u00e1ctica requiere implicarse en los procesos de cambio de toda la comunidad educativa que favorece una \u00e9tica de responsabilidad y solidaridad y, al mismo tiempo, exige preparar a sus actores, principalmente, en las habilidades para la negociaci\u00f3n, la toma de decisiones y la concientizaci\u00f3n. <p>En este camino las iniciativas escolares pueden ser instrumentos para mejorar la gesti\u00f3n e incrementar la participaci\u00f3n y los conocimientos de los alumnos en la problem\u00e1tica medio ambiental.<\/p><\/td><\/tr><tr><td><p><b>Objetivos:<\/b><span style=\"font-family: inherit; font-size: inherit; font-weight: inherit;\"> <\/span><\/p><ul><li style=\"font-weight: 400;\" aria-level=\"1\"><span style=\"font-weight: 400;\">Reconocer la necesidad de educarnos en el desarrollo sustentable.<\/span><\/li> <li style=\"font-weight: 400;\" aria-level=\"1\"><span style=\"font-weight: 400;\">Promover la toma de conciencia ambiental y la participaci\u00f3n de&nbsp; todos los niveles del sistema educativo institucional en el cuidado y mejoramiento ambiental.<\/span><\/li> <li style=\"font-weight: 400;\" aria-level=\"1\"><span style=\"font-weight: 400;\">Construir un conocimiento significativo y contribuir a cambiar la actitud de indiferencia frente a la problem\u00e1tica ambiental de algunos de los actores de la comunidad educativa.<\/span><\/li> <li style=\"font-weight: 400;\" aria-level=\"1\"><span style=\"font-weight: 400;\">Lograr que los alumnos tomen conciencia de la importancia del cuidado de nuestra escuela, la higiene y el medio ambiente.<\/span><\/li> <li style=\"font-weight: 400;\" aria-level=\"1\"><span style=\"font-weight: 400;\">Crear un v\u00ednculo saludable entre los alumnos, docentes y auxiliares de mutuo respeto y ayuda para mejorar el espacio donde los alumnos aprenden y los docentes trabajamos.<\/span><\/li> <li style=\"font-weight: 400;\" aria-level=\"1\"><span style=\"font-weight: 400;\">Fomentar el respeto por el trabajo de los dem\u00e1s e incentivar las tareas colaborativas.<\/span><\/li> <li style=\"font-weight: 400;\" aria-level=\"1\"><span style=\"font-weight: 400;\">Comprometer a los docentes y los alumnos en el cuidado de la escuela y sus espacios de trabajo.<\/span><\/li> <li style=\"font-weight: 400;\" aria-level=\"1\"><span style=\"font-weight: 400;\">Formar a los alumnos en valores de respeto por los dem\u00e1s y la escuela.<\/span><\/li> <li style=\"font-weight: 400;\" aria-level=\"1\"><span style=\"font-weight: 400;\">Fomentar la creatividad en la resoluci\u00f3n de problemas relacionados con el mantenimiento de la escuela y su higiene.<\/span><\/li> <\/ul><\/td><\/tr><tr><td> <p><strong>Propuesta de acciones:<\/strong><span style=\"font-family: inherit; font-size: inherit; font-weight: inherit;\"> <\/span><\/p><ul><li style=\"font-weight: 400;\" aria-level=\"1\"><span style=\"font-weight: 400;\">Construir un diagn\u00f3stico ambiental de la situaci\u00f3n en la escuela\/barrio.<\/span><\/li> <li style=\"font-weight: 400;\" aria-level=\"1\"><span style=\"font-weight: 400;\">Compartir reflexiones, an\u00e1lisis, ideas, propuestas y resultados del comit\u00e9 con toda la escuela y comunidad.<\/span><\/li> <li style=\"font-weight: 400;\" aria-level=\"1\"><span style=\"font-weight: 400;\">Establecer canales de comunicaci\u00f3n (blog, correo electr\u00f3nico, cartelera, etc.) para compartir las acciones en el marco del proyecto.<\/span><\/li> <li style=\"font-weight: 400;\" aria-level=\"1\"><span style=\"font-weight: 400;\">Realizar campa\u00f1as de difusi\u00f3n con folletos, carteles o videos.<\/span><\/li> <li style=\"font-weight: 400;\" aria-level=\"1\"><span style=\"font-weight: 400;\">Armar un dec\u00e1logo de acciones conjuntas, compromisos que se asumen que pueden dar lugar a la construcci\u00f3n de una acuerdo ambiental institucional.<\/span><\/li> <li aria-level=\"1\">Instrumentar la separaci\u00f3n en origen de materiales reciclables.&nbsp;<\/li> <li aria-level=\"1\">Implementar el acopio de materiales con el sistema botellas de amor.<\/li> <li aria-level=\"1\">Desarrollar el proyecto huerta agroecol\u00f3gica.<\/li> <\/ul> <\/td><\/tr><tr><td> <h4 class=\"helveticaL blue mbm pan\"><span style=\"color: #0000ff;\">Plataforma digital participativa para saber d\u00f3nde, c\u00f3mo y qu\u00e9 podemos reciclar&nbsp;<\/span><\/h4> <p>Enlace a la p\u00e1gina del <a href=\"https:\/\/buenosaires.gob.ar\/educacion\/escuelas-verdes\">Programa Escuela Verdes&nbsp;<\/a><\/p><br><a href=\"https:\/\/buenosaires.gob.ar\/sites\/default\/files\/media\/document\/2021\/09\/06\/be1d1f9171df1844874cbc182d66d240dda94097.pdf\">Lineamientos para el reconocimiento de Escuela Verde<\/a> <br><a href=\"https:\/\/buenosaires.gob.ar\/sites\/default\/files\/media\/document\/2018\/03\/01\/929d6237586de8980fff75b3d679c64fdef37284.pdf\">Gu\u00eda de reutilizaci\u00f3n creativa<\/a><\/td><\/tr><\/tbody><\/table><\/figure>\n\n\n\n<figure class=\"wp-block-embed is-type-video is-provider-youtube wp-block-embed-youtube wp-embed-aspect-16-9 wp-has-aspect-ratio\"><div class=\"wp-block-embed__wrapper\">\n<iframe loading=\"lazy\" title=\"Lenguas Verde\" width=\"1200\" height=\"675\" src=\"https:\/\/www.youtube.com\/embed\/mI_O-SyheKI?feature=oembed\" frameborder=\"0\" allow=\"accelerometer; autoplay; clipboard-write; encrypted-media; gyroscope; picture-in-picture; web-share\" allowfullscreen><\/iframe>\n<\/div><\/figure>\n","protected":false},"excerpt":{"rendered":"<p>Programa Lenguas Verde El Instituto de Ense\u00f1anza Superior en Lenguas Vivas \u201cJuan Ram\u00f3n Fern\u00e1ndez\u201d, en el marco del Programa Escuelas Verdes del Ministerio de Educaci\u00f3n e Innovaci\u00f3n del Gobierno de la Ciudad Aut\u00f3noma de Buenos Aires, se propone implementar el proyecto \u00abLenguas Verde\u00bb con el objetivo de analizar su pr\u00e1ctica en lo que se refiere &#8230; <a title=\"Programa Lenguas Verde\" class=\"read-more\" href=\"https:\/\/ieslvf-caba.infd.edu.ar\/sitio\/programa-escuelas-verdes\/\" aria-label=\"More on Programa Lenguas Verde\">[+]<\/a><\/p>\n","protected":false},"author":3315,"featured_media":0,"parent":0,"menu_order":0,"comment_status":"closed","ping_status":"closed","template":"","meta":[],"acf":[],"_links":{"self":[{"href":"https:\/\/ieslvf-caba.infd.edu.ar\/sitio\/wp-json\/wp\/v2\/pages\/2936"}],"collection":[{"href":"https:\/\/ieslvf-caba.infd.edu.ar\/sitio\/wp-json\/wp\/v2\/pages"}],"about":[{"href":"https:\/\/ieslvf-caba.infd.edu.ar\/sitio\/wp-json\/wp\/v2\/types\/page"}],"author":[{"embeddable":true,"href":"https:\/\/ieslvf-caba.infd.edu.ar\/sitio\/wp-json\/wp\/v2\/users\/3315"}],"replies":[{"embeddable":true,"href":"https:\/\/ieslvf-caba.infd.edu.ar\/sitio\/wp-json\/wp\/v2\/comments?post=2936"}],"version-history":[{"count":11,"href":"https:\/\/ieslvf-caba.infd.edu.ar\/sitio\/wp-json\/wp\/v2\/pages\/2936\/revisions"}],"predecessor-version":[{"id":15748,"href":"https:\/\/ieslvf-caba.infd.edu.ar\/sitio\/wp-json\/wp\/v2\/pages\/2936\/revisions\/15748"}],"wp:attachment":[{"href":"https:\/\/ieslvf-caba.infd.edu.ar\/sitio\/wp-json\/wp\/v2\/media?parent=2936"}],"curies":[{"name":"wp","href":"https:\/\/api.w.org\/{rel}","templated":true}]}}