{"id":2938,"date":"2018-08-29T16:04:14","date_gmt":"2018-08-29T19:04:14","guid":{"rendered":"https:\/\/ieslvf-caba.infd.edu.ar\/sitio\/seguridad\/"},"modified":"2021-10-26T13:29:12","modified_gmt":"2021-10-26T16:29:12","slug":"seguridad","status":"publish","type":"page","link":"https:\/\/ieslvf-caba.infd.edu.ar\/sitio\/seguridad\/","title":{"rendered":"Seguridad"},"content":{"rendered":"\n<div class=\"wp-block-cover alignwide has-background-dim-20 has-background-dim is-position-center-center\" style=\"min-height:100px\"><img decoding=\"async\" loading=\"lazy\" width=\"640\" height=\"480\" class=\"wp-block-cover__image-background wp-image-10171\" alt=\"\" src=\"https:\/\/ieslvf-caba.infd.edu.ar\/sitio\/wp-content\/uploads\/2021\/09\/edificio-nuevo-pg-1.jpg\" style=\"object-position:54% 80%\" data-object-fit=\"cover\" data-object-position=\"54% 80%\"\/><div class=\"wp-block-cover__inner-container\">\n<p class=\"has-text-align-center has-text-color\" style=\"color:#fffffa;font-size:40px;line-height:1.1\"><strong>Seguridad<\/strong><\/p>\n<\/div><\/div>\n\n\n<table style=\"width: 100%;\" border=\"0\">\n<tbody>\n<tr>\n<td colspan=\"3\">\n<h2 style=\"margin-top: 0px; margin-bottom: 0px; padding-bottom: 0px;\"><span style=\"color: #ff6600;\">Mitigaci\u00f3n de riesgo <\/span><\/h2>\n<p><span style=\"color: #ff6600;\"><strong>Ley N\u00aa 1346\/2004 \u2013 Ley N\u00aa 1706\/2005<\/strong><\/span><\/p>\n<\/td>\n<\/tr>\n<tr>\n<td colspan=\"2\">\n<p>La necesidad de proporcionar las mejores condiciones de seguridad a la comunidad educativa durante su permanencia en la escuela es una de las preocupaciones fundamentales que debe estar presente a la hora de dise\u00f1ar la estructura de la plataforma \u00abEscuelas Seguras\u00bb. Esta contiene los dispositivos de aplicaci\u00f3n en cada establecimiento educativo a los fines de cumplir con los lineamientos generales de seguridad en edificios escolares (Ley N\u00ba 1706, Art. 8).<\/p>\n<p>Entre los requisitos de esa plataforma se encuentra establecer un programa de mitigaci\u00f3n de riesgo que contenga las condiciones y conductas tendientes a\u00a0 que las comunidades educativas afronten sin ayuda externa y de forma inmediata situaciones de riesgo, controlando y mitigando o suprimiendo los riesgos.<\/p>\n<\/td>\n<td width=\"30%\">\n<div style=\"text-align: center;\"><img decoding=\"async\" src=\"https:\/\/ieslvf-caba.infd.edu.ar\/sitio\/wp-content\/uploads\/2018\/08\/1Xcnldl0q0TCLimagen_incrustada1.png\" alt=\"\" border=\"0\" \/><\/div>\n<\/td>\n<\/tr>\n<tr>\n<td colspan=\"3\">\n<p>Para tal objetivo, la comunidad educativa debe ser capacitada y entrenada permanentemente sobre la prevenci\u00f3n de riesgos, la promoci\u00f3n de la seguridad y la forma de actuar ante la amenaza, manteniendo la calma y respetando acuerdos preestablecidos.<\/p>\n<\/td>\n<\/tr>\n<tr>\n<td colspan=\"3\">\u00a0<\/td>\n<\/tr>\n<tr>\n<td colspan=\"3\">\n<h3><span style=\"color: #ff6600;\">\u00bfNuestra escuela es segura? \u00bfSabemos c\u00f3mo obrar frente a un siniestro? \u00bfNuestra Instituci\u00f3n cuenta con un Plan de Evacuaci\u00f3n?<\/span><\/h3>\n<\/td>\n<\/tr>\n<tr>\n<td colspan=\"3\">\n<p>La instituci\u00f3n cuenta con un <strong>plan de evacuaci\u00f3n<\/strong> frente a situaciones de grave riesgo y emergencia que puedan acontecer. Este debe ser concientizado y ensayado por todos, tanto por el equipo de conducci\u00f3n como por alumnos, personal docente y no docente, para <strong>saber qu\u00e9 hacer y<\/strong><strong>,<\/strong><strong> por lo tanto<\/strong><strong>,<\/strong><strong> qu\u00e9 no hacer.<\/strong><\/p>\n<\/td>\n<\/tr>\n<tr>\n<td colspan=\"3\">\u00a0<\/td>\n<\/tr>\n<tr>\n<td colspan=\"3\">\n<h2><span style=\"color: #ff6600;\">El Plan de Evacuaci\u00f3n<\/span><\/h2>\n<\/td>\n<\/tr>\n<tr>\n<td colspan=\"3\">\n<p>El objetivo de un <strong>plan de evacuaci\u00f3n<\/strong> es desalojar la totalidad de los ocupantes de un edificio en forma r\u00e1pida, ordenada y segura. Para lograrlo, es necesario contar con un equipo en el que se designar\u00e1n distintos <strong>roles<\/strong> de ejecuci\u00f3n simult\u00e1nea.<\/p>\n<p>Los roles estar\u00e1n desempe\u00f1ados por un titular y un suplente.<\/p>\n<\/td>\n<\/tr>\n<tr>\n<td colspan=\"3\">\n<p><img decoding=\"async\" loading=\"lazy\" style=\"border: 0px none; display: block; margin-left: auto; margin-right: auto;\" src=\"https:\/\/ieslvf-caba.infd.edu.ar\/sitio\/wp-content\/uploads\/2018\/08\/4Y4e2XUSUGwnimagen_incrustada2.png\" width=\"506\" height=\"359\" border=\"0\" \/><\/p>\n<\/td>\n<\/tr>\n<\/tbody>\n<\/table>\n<table style=\"width: 100%;\" border=\"0\">\n<tbody>\n<tr>\n<td colspan=\"3\">\n<h3><span style=\"color: #ff6600;\">El C\u00f3digo Rector del Plan de Evacuaci\u00f3n<\/span><\/h3>\n<\/td>\n<\/tr>\n<tr>\n<td colspan=\"3\">\n<p>\u00a0<\/p>\n<table border=\"0\" cellspacing=\"0\" cellpadding=\"0\">\n<tbody>\n<tr>\n<td width=\"204\">\n<h3>Se\u00f1alizaci\u00f3n<\/h3>\n<\/td>\n<td width=\"418\">\n<p>Indica zonas de riesgo, de seguridad, salidas de emergencia y la ubicaci\u00f3n de los dispositivos contra incendios.<\/p>\n<\/td>\n<\/tr>\n<tr>\n<td width=\"204\">\n<h3>Planos de evacuaci\u00f3n<\/h3>\n<\/td>\n<td width=\"418\">\n<p>Indican la totalidad de salidas posibles y las salidas alternativas a seguir para el caso de inutilizaci\u00f3n de cualquiera de ellas. Son colocados en espacios comunes en el establecimiento.<\/p>\n<\/td>\n<\/tr>\n<tr>\n<td width=\"204\">\n<h3>Responsables<\/h3>\n<\/td>\n<td width=\"418\">\n<p>Se distribuyen los roles y responsabilidades de acci\u00f3n a todos los integrantes de la escuela.<\/p>\n<\/td>\n<\/tr>\n<tr>\n<td width=\"204\">\n<h3>Capacitaci\u00f3n<\/h3>\n<\/td>\n<td width=\"418\">\n<p>Todo el personal docente y no docente es capacitado sobre el plan de evacuaci\u00f3n y se le asigna los roles que deber\u00e1 cumplir ante una emergencia.<\/p>\n<\/td>\n<\/tr>\n<tr>\n<td width=\"204\">\n<h3>Simulacros<\/h3>\n<\/td>\n<td width=\"418\">\n<p>Se efect\u00faan con el alumnado y el personal de la escuela con el objetivo de poner en pr\u00e1ctica los sucesivos pasos del plan de evacuaci\u00f3n y su estricto cumplimiento.<\/p>\n<\/td>\n<\/tr>\n<tr>\n<td width=\"204\">\n<h3>Organismos de emergencia<\/h3>\n<\/td>\n<td width=\"418\">\n<p>El personal designado como jefe de seguridad ser\u00e1 el encargado de llamar a: 911, Comisar\u00eda de la secci\u00f3n, Bomberos, SAME, Defensa Civil.<\/p>\n<\/td>\n<\/tr>\n<tr>\n<td width=\"204\">\n<h3>Centros de apoyo<\/h3>\n<\/td>\n<td width=\"418\">\n<p>Verificar las caracter\u00edsticas de los centros de apoyo cercanos al establecimiento educativo, conocerlos.<\/p>\n<\/td>\n<\/tr>\n<tr>\n<td width=\"204\">\n<h3>Salidas de emergencia<\/h3>\n<\/td>\n<td width=\"418\">\n<p>Los pasillos, puertas y equipos de protecci\u00f3n no deben estar obstruidos.<\/p>\n<\/td>\n<\/tr>\n<tr>\n<td width=\"204\">\n<h3>Alarma<\/h3>\n<\/td>\n<td width=\"418\">\n<p>La instituci\u00f3n cuenta con una alarma sonora tipo sirena y una tipo corneta<\/p>\n<\/td>\n<\/tr>\n<\/tbody>\n<\/table>\n<\/td>\n<\/tr>\n<tr>\n<td colspan=\"3\">\u00a0<\/td>\n<\/tr>\n<tr>\n<td colspan=\"3\">\n<h2><span style=\"color: #ff6600;\">Normas generales del Plan de Evacuaci\u00f3n<\/span><\/h2>\n<\/td>\n<\/tr>\n<tr>\n<td colspan=\"3\" width=\"30%\">\n<ul>\n<li>La evacuaci\u00f3n debe garantizar una <strong>salida r\u00e1pida y segura<\/strong> hacia el exterior.<\/li>\n<li><strong>La toma de decisi\u00f3n de evacuaci\u00f3n y la orden de efectuarla est\u00e1 a cargo del rector del establecimiento<\/strong> escolar siendo \u00e9sta una responsabilidad indelegable a excepci\u00f3n de que haya sido v\u00edctima del siniestro.<\/li>\n<li>El orden de evacuaci\u00f3n ser\u00e1 el siguiente: primero el lugar siniestrado, luego la totalidad del piso, continuando la cadena de evacuaci\u00f3n desde los pisos superiores hacia los inferiores (cabe destacar que las aulas ser\u00e1n evacuadas desde la m\u00e1s alejada a la m\u00e1s cercana a las salidas o escaleras).<\/li>\n<\/ul>\n<p style=\"padding-left: 30px;\">Toda persona que al momento de emitirse la alarma general se encuentre fuera de su lugar habitual, se unir\u00e1 al grupo m\u00e1s cercano de donde se halle.<\/p>\n<p style=\"padding-left: 30px;\">Una vez fuera del edificio, la columna se dirigir\u00e1 caminando siempre por la vereda, hacia el punto de reuni\u00f3n preestablecido, pasando por los cortes de calle una vez efectuados.<\/p>\n<ul>\n<li>El responsable de aula, quien est\u00e1 a cargo del aula al momento de la emergencia, al escuchar la se\u00f1al de alarma:\n<ul>\n<li><strong>Abre la puerta<\/strong> del aula, <strong>no sale y espera<\/strong> que el <strong>responsable de piso o sector<\/strong> indique el momento de salir.<\/li>\n<li>Prepara al alumnado dentro del aula, dejando mochilas, bolsos.<\/li>\n<li>Indica al alumnado que al salir, dentro y fuera del establecimiento deben <strong>desplazarse r\u00e1pido no corriendo<\/strong>.<\/li>\n<li><strong>Lleva el registro<\/strong> si estuviere en el aula, parte diario, cantidad de alumnos.<\/li>\n<li><strong>Sale del aula encabezando su grupo<\/strong>, el responsable de piso o sector revisar\u00e1 que no queden alumnos en el aula y <strong>cerrar\u00e1 la puerta del aula revisada;<\/strong> siguiente responsable de aula encabezar\u00e1 su alumnado detr\u00e1s del grupo anterior.<\/li>\n<li><strong>Evita que el grupo que dirige se detenga<\/strong> en el hall antepuerta de la salida del establecimiento, ordenar\u00e1 el grupo a medida que vayan saliendo a la calle.<\/li>\n<li><strong>En la calle ordena mantener fila continua<\/strong>, sin espacios entre las personas de su grupo, ni anterior o siguiente (la fila continua apoya a quienes hacen el corte de calle).<\/li>\n<li>En el <strong>punto de reuni\u00f3n<\/strong> reagrupa a los alumnos, alumno que haya salido con otro grupo incorporarlo al que le corresponda. Controlar y avisar novedades al director de evacuaci\u00f3n.<\/li>\n<\/ul>\n<p><a title=\"Plan de evacuaci\u00f3n\" href=\"upload\/plan_evacuacion.pdf\" target=\"_blank\" rel=\"noopener\"><br \/>Descargue las instrucciones del plan de evacuaci\u00f3n<\/a><\/p>\n<\/li>\n<\/ul>\n<\/td>\n<\/tr>\n<tr>\n<td style=\"text-align: center;\" colspan=\"3\"><img decoding=\"async\" style=\"display: block; margin-left: auto; margin-right: auto;\" src=\"https:\/\/ieslvf-caba.infd.edu.ar\/sitio\/wp-content\/uploads\/2018\/08\/y3Aej1RsV2nJimagen_incrustada3.png\" alt=\"\" border=\"0\" \/><\/td>\n<\/tr>\n<tr>\n<td colspan=\"3\">\n<ul>\n<li>Se\u00f1alizaci\u00f3n: las paredes se encuentran se\u00f1alizadas con carteles con la palabra SALIDA en corredores, escaleras, rampas, etc. Los recorridos de escape son bien se\u00f1alizados y reconocidos por todos.<\/li>\n<\/ul>\n<\/td>\n<\/tr>\n<tr>\n<td style=\"text-align: center;\" colspan=\"3\"><img decoding=\"async\" src=\"https:\/\/ieslvf-caba.infd.edu.ar\/sitio\/wp-content\/uploads\/2018\/08\/Wes7Evu3vkm3imagen_incrustada4.png\" alt=\"\" border=\"0\" \/><\/td>\n<\/tr>\n<tr>\n<td colspan=\"3\">\n<ul>\n<li>El trayecto de escape deber\u00e1 estar libre de obstrucciones o entorpecimiento de circulaci\u00f3n como as\u00ed puertas y pasillos.<\/li>\n<li>Los ascensores no deben ser usados en caso de alg\u00fan siniestro.<\/li>\n<li>La se\u00f1al de alarma se da con una alarma sonora y una tipo corneta que son muy relevantes y de f\u00e1cil reconocimiento por todos los actores institucionales, los cuales ante esta situaci\u00f3n se encaminar\u00e1n hacia la puerta de salida respetando el orden preestablecido.<\/li>\n<li>Roles y responsabilidades (identificados por el grupo) son distribuidas al personal docente y no docente, por ejemplo personal responsable de la utilizaci\u00f3n de los medios contra incendios -extintores, mangueras-, encargado del botiqu\u00edn de primeros auxilios, de interrumpir los circuitos el\u00e9ctricos y de gas, de la apertura de las puertas de salida (las llaves pertenecientes a las puertas de salida deber\u00e1n estar en tablero pr\u00f3ximo a dichas puertas).<\/li>\n<li>La concentraci\u00f3n y desconcentraci\u00f3n se realizar\u00e1 al <strong>punto de reuni\u00f3n<\/strong> prefijado y conocido con anterioridad donde se contar\u00e1 el n\u00famero de alumnos de cada grupo.<\/li>\n<\/ul>\n<\/td>\n<\/tr>\n<tr>\n<td style=\"text-align: center;\" colspan=\"3\"><img decoding=\"async\" src=\"https:\/\/ieslvf-caba.infd.edu.ar\/sitio\/wp-content\/uploads\/2018\/08\/1g5lEOrEoerDNimagen_incrustada5.png\" alt=\"\" border=\"0\" \/><\/td>\n<\/tr>\n<tr>\n<td colspan=\"3\">\n<ul>\n<li>Si los organismos de emergencia nos comunican que es posible retornar al establecimiento, el orden de retorno es el opuesto al que se utiliz\u00f3 para evacuar.<\/li>\n<li>Los <strong>simulacros<\/strong> se efectuar\u00e1n con periodicidad, se incluir\u00e1 concentraci\u00f3n y desconcentraci\u00f3n del alumnado fuera del establecimiento escolar, en los lugares espec\u00edficamente designados en el plan y contar\u00e1 con autorizaci\u00f3n escrita de los padres de los alumnos.<\/li>\n<li>Los <a title=\"Extintores\" href=\"http:\/\/www.odon.uba.ar\/comiteriesgo\/instructivoextincion.pdf\" target=\"_blank\" rel=\"noopener\">extintores<\/a> y otros elementos de protecci\u00f3n se controlar\u00e1n peri\u00f3dicamente, y se capacitar\u00e1 al personal acerca de su uso.<\/li>\n<\/ul>\n<\/td>\n<\/tr>\n<tr>\n<td style=\"text-align: center;\" colspan=\"3\"><img decoding=\"async\" src=\"https:\/\/ieslvf-caba.infd.edu.ar\/sitio\/wp-content\/uploads\/2018\/08\/1G6DozT9RLJBZimagen_incrustada6.png\" alt=\"\" border=\"0\" \/><\/td>\n<\/tr>\n<\/tbody>\n<\/table>","protected":false},"excerpt":{"rendered":"<p>Mitigaci\u00f3n de riesgo Ley N\u00aa 1346\/2004 \u2013 Ley N\u00aa 1706\/2005 La necesidad de proporcionar las mejores condiciones de seguridad a la comunidad educativa durante su permanencia en la escuela es una de las preocupaciones fundamentales que debe estar presente a la hora de dise\u00f1ar la estructura de la plataforma \u00abEscuelas Seguras\u00bb. Esta contiene los dispositivos &#8230; <a title=\"Seguridad\" class=\"read-more\" href=\"https:\/\/ieslvf-caba.infd.edu.ar\/sitio\/seguridad\/\" aria-label=\"More on Seguridad\">[+]<\/a><\/p>\n","protected":false},"author":3315,"featured_media":0,"parent":0,"menu_order":0,"comment_status":"closed","ping_status":"closed","template":"","meta":[],"acf":[],"_links":{"self":[{"href":"https:\/\/ieslvf-caba.infd.edu.ar\/sitio\/wp-json\/wp\/v2\/pages\/2938"}],"collection":[{"href":"https:\/\/ieslvf-caba.infd.edu.ar\/sitio\/wp-json\/wp\/v2\/pages"}],"about":[{"href":"https:\/\/ieslvf-caba.infd.edu.ar\/sitio\/wp-json\/wp\/v2\/types\/page"}],"author":[{"embeddable":true,"href":"https:\/\/ieslvf-caba.infd.edu.ar\/sitio\/wp-json\/wp\/v2\/users\/3315"}],"replies":[{"embeddable":true,"href":"https:\/\/ieslvf-caba.infd.edu.ar\/sitio\/wp-json\/wp\/v2\/comments?post=2938"}],"version-history":[{"count":1,"href":"https:\/\/ieslvf-caba.infd.edu.ar\/sitio\/wp-json\/wp\/v2\/pages\/2938\/revisions"}],"predecessor-version":[{"id":11180,"href":"https:\/\/ieslvf-caba.infd.edu.ar\/sitio\/wp-json\/wp\/v2\/pages\/2938\/revisions\/11180"}],"wp:attachment":[{"href":"https:\/\/ieslvf-caba.infd.edu.ar\/sitio\/wp-json\/wp\/v2\/media?parent=2938"}],"curies":[{"name":"wp","href":"https:\/\/api.w.org\/{rel}","templated":true}]}}