{"id":2940,"date":"2018-08-29T16:04:15","date_gmt":"2018-08-29T19:04:15","guid":{"rendered":"https:\/\/ieslvf-caba.infd.edu.ar\/sitio\/accion-solidaria\/"},"modified":"2021-10-26T13:31:44","modified_gmt":"2021-10-26T16:31:44","slug":"accion-solidaria","status":"publish","type":"page","link":"https:\/\/ieslvf-caba.infd.edu.ar\/sitio\/accion-solidaria\/","title":{"rendered":"Acci\u00f3n solidaria"},"content":{"rendered":"\n<div class=\"wp-block-cover alignwide has-background-dim-20 has-background-dim is-position-center-center\" style=\"min-height:100px\"><img decoding=\"async\" loading=\"lazy\" width=\"505\" height=\"378\" class=\"wp-block-cover__image-background wp-image-2448\" alt=\"\" src=\"https:\/\/ieslvf-caba.infd.edu.ar\/sitio\/wp-content\/uploads\/2018\/08\/foto1.jpg\" style=\"object-position:42% 42%\" data-object-fit=\"cover\" data-object-position=\"42% 42%\"\/><div class=\"wp-block-cover__inner-container\">\n<p class=\"has-text-align-center has-text-color\" style=\"color:#fffffa;font-size:40px;line-height:1.1\"><strong>Acci\u00f3n solidaria<\/strong><\/p>\n<\/div><\/div>\n\n\n<p class=\"normal\" style=\"text-align: center;\"><span style=\"font-family: verdana,geneva; font-size: 10pt; color: #000080;\">Proyecto Solidario: <em>Lenguas en Acci\u00f3n<\/em><\/span><\/p>\n<p class=\"normal\" style=\"text-align: center;\"><span style=\"font-family: verdana,geneva; font-size: 10pt; color: #000080;\">Actualmente llamado por los estudiantes:<\/span><\/p>\n<p class=\"normal\" style=\"text-align: center;\"><span style=\"font-family: verdana,geneva; font-size: 10pt; color: #000080;\">\u201cLa Comisoli\u201d<\/span><\/p>\n<p class=\"normal\" style=\"text-align: center;\"><span style=\"font-size: 10pt;\">&nbsp;<span style=\"font-family: verdana,geneva;\">Coordinaci\u00f3n: Prof. Claudia Peluso y Prof Gabriela Aste Avenda\u00f1o<\/span><\/span><\/p>\n<p class=\"normal\" style=\"text-align: center;\"><span style=\"font-size: 10pt;\">&nbsp;<\/span><\/p>\n<p class=\"normal\" style=\"text-align: center;\"><span style=\"font-size: 10pt;\">Padrinazgo de la Escuela N\u00ba 6330<\/span><\/p>\n<p class=\"normal\" style=\"text-align: center;\"><span style=\"font-size: 10pt;\">\u00abContralmirante Tiburcio Aldao\u00bb, Campo P\u00edccoli, Santa Fe<\/span><\/p>\n<p class=\"normal\" style=\"text-align: center;\"><span style=\"font-size: 10pt;\">&nbsp;<\/span><\/p>\n<p class=\"normal\" style=\"text-align: center;\"><span style=\"font-size: 10pt;\">&nbsp;<img decoding=\"async\" title=\"foto1\" src=\"https:\/\/ieslvf-caba.infd.edu.ar\/sitio\/wp-content\/uploads\/2018\/08\/foto1.jpg\" border=\"0\" alt=\"foto1\"><\/span><\/p>\n<p class=\"normal\"><span style=\"font-family: verdana,geneva; font-size: 10pt;\">La Escuela Rural N\u00ba 6330 \u201cContralmirante Tiburcio Aldao\u201d se encuentra situada en la localidad de Campo P\u00edccoli, sobre la ruta 89 S, a unos 15 km de la ciudad de Villa Ocampo, en el departamento General Obligado, provincia de Santa Fe.<\/span><\/p>\n<p class=\"normal\"><span style=\"font-family: verdana,geneva; font-size: 10pt;\">Esta escuela, ubicada en medio de la cu\u00f1a boscosa, tiene una matr\u00edcula de 22 alumnos, pertenecientes a familias que se instalaron all\u00ed durante el auge de la ca\u00f1a de az\u00facar.<\/span><\/p>\n<p class=\"normal\"><span style=\"font-family: verdana,geneva; font-size: 10pt;\">La escuela se encuentra dividida en nivel inicial y dos ciclos de primaria. Los alumnos tienen entre 3 y 13 a\u00f1os.<\/span><\/p>\n<p class=\"normal\"><span style=\"font-family: verdana,geneva; font-size: 10pt;\">Nuestro Instituto apadrina esta escuela y junto con los alumnos del Equipo de Acci\u00f3n Solidaria y ayuda del Centro de Estudiantes se han realizado durante los \u00faltimos a\u00f1os actividades destinadas a fortalecer el v\u00ednculo y estar atentos a sus necesidades.<\/span><\/p>\n<p class=\"normal\">&nbsp;<\/p>\n<p class=\"normal\"><strong><span style=\"font-family: verdana,geneva; font-size: 14pt;\"><span style=\"font-family: verdana,geneva;\">2015<\/span><\/span><\/strong><\/p>\n<p class=\"normal\">&nbsp;<\/p>\n<p class=\"normal\"><span style=\"font-family: verdana,geneva; font-size: 10pt;\"><span style=\"font-family: verdana,geneva;\"><span style=\"font-family: verdana,geneva;\"><strong>Estudiantes &nbsp;integrantes de la Comisi\u00f3n<\/strong><br><\/span><\/span><\/span><\/p>\n<p class=\"normal\">&nbsp;<\/p>\n<table style=\"width: 532px; height: 236px;\" border=\"0\">\n<tbody>\n<tr>\n<td style=\"background-color: #ff9933; border-color: #ffffff; border-style: solid; border-width: 1px; text-align: left;\">\n<p>&nbsp;<\/p>\n<p><span style=\"font-size: 10pt;\">-Artaza Martina<\/span><\/p>\n<p><span style=\"font-size: 10pt;\">-Bernstein Luc\u00eda<\/span><\/p>\n<p><span style=\"font-size: 10pt;\">-Cancela Luc\u00eda<\/span><\/p>\n<p><span style=\"font-size: 10pt;\">-Ca\u00f1ete Joaqu\u00edn<\/span><\/p>\n<p><span style=\"font-size: 10pt;\">-Fagundez Rosario<\/span><\/p>\n<p><span style=\"font-size: 10pt;\">-Garc\u00eda Candelaria<\/span><\/p>\n<p><span style=\"font-size: 10pt;\">-Gimenez Josefina<\/span><\/p>\n<\/td>\n<td style=\"background-color: #ff9933; border-color: #ffffff; border-style: solid; border-width: 1px; text-align: left;\">\n<p><span style=\"font-size: 10pt;\"><span style=\"font-size: 10pt;\">-Gonzalez De Castelli Roc\u00edo<\/span><\/span><\/p>\n<p><span style=\"font-size: 10pt;\">-Kupferschmidt Sof\u00eda<\/span><\/p>\n<p><span style=\"font-size: 10pt;\">-Lugones Diamela<\/span><\/p>\n<p><span style=\"font-size: 10pt;\">-Ovando Manuel<\/span><\/p>\n<p><span style=\"font-size: 10pt;\">-Parks Clara<\/span><\/p>\n<p><span style=\"font-size: 10pt;\">-Valencia Lourdes<\/span><\/p>\n<\/td>\n<td style=\"background-color: #ff9933; border-color: #ffffff; border-style: solid; border-width: 1px; text-align: left;\">\n<p><span style=\"font-size: 10pt;\"><span style=\"font-size: 10pt;\">-Carbone Lisandro<\/span><\/span><\/p>\n<p><span style=\"font-size: 10pt;\">-Rosso Valentina<\/span><\/p>\n<p><span style=\"font-size: 10pt;\">-Camila Dresney<\/span><\/p>\n<p><span style=\"font-size: 10pt;\">-Valentina Dazzari<\/span><\/p>\n<p><span style=\"font-size: 10pt;\">-Cyntia Anan\u00ed<\/span><\/p>\n<p><span style=\"font-size: 10pt;\">-Angela Vega<\/span><\/p>\n<\/td>\n<\/tr>\n<\/tbody>\n<\/table>\n<p class=\"normal\">&nbsp;<\/p>\n<p class=\"normal\">&nbsp;<\/p>\n<p><strong><span style=\"font-family: verdana,geneva; font-size: 10pt;\">Acciones realizadas durante este a\u00f1o lectivo:<\/span><\/strong><\/p>\n<p class=\"normal\">&nbsp;<\/p>\n<p><span style=\"font-family: verdana,geneva; font-size: 10pt;\">&nbsp;&nbsp;Escuela Apadrina Tiburcio Aldao, Campo Piccol\u00ed:<\/span><\/p>\n<p>&nbsp;<\/p>\n<p><span style=\"font-family: verdana,geneva; font-size: 10pt;\">-Armado de rincones en la sala de Jard\u00edn de Infantes. Nuestros alumnos compararon con dinero recaudado de rifas, los mobiliarios &nbsp;y ellos mismos los pintaron.<\/span><\/p>\n<p><span style=\"font-family: verdana,geneva; font-size: 10pt;\">-Confecci\u00f3n de Rinc\u00f3n de Juegos tranquilos: Ludos, TEG, Rompe cabezas, domino etc. <\/span><\/p>\n<p><span style=\"font-family: verdana,geneva; font-size: 10pt;\">-Rinc\u00f3n de la casita: disfraces, mu\u00f1ecos, peluches etc.<\/span><\/p>\n<p><span style=\"font-family: verdana,geneva; font-size: 10pt;\">-Ropa para las familias de Villa Ocampo.<\/span><\/p>\n<p><span style=\"font-family: verdana,geneva; font-size: 10pt;\">-Calzado: botas de lluvia, zapatillas, zapatos (varios n\u00fameros)<\/span><\/p>\n<p><span style=\"font-family: verdana,geneva; font-size: 10pt;\">-Intercambio socio-afectivo v\u00eda e-mail<\/span><\/p>\n<p><span style=\"font-family: verdana,geneva; font-size: 10pt;\"><img decoding=\"async\" loading=\"lazy\" style=\"display: block; margin-left: auto; margin-right: auto;\" title=\"foto1 2015\" src=\"https:\/\/ieslvf-caba.infd.edu.ar\/sitio\/wp-content\/uploads\/2018\/08\/foto1_1.jpg\" border=\"0\" alt=\"foto1 2015\" width=\"549\" height=\"410\"><\/span><\/p>\n<p>&nbsp;<\/p>\n<p><img decoding=\"async\" loading=\"lazy\" style=\"display: block; margin-left: auto; margin-right: auto;\" title=\"foto2 2015\" src=\"https:\/\/ieslvf-caba.infd.edu.ar\/sitio\/wp-content\/uploads\/2018\/08\/foto2_2015.png\" border=\"0\" alt=\"foto2 2015\" width=\"565\" height=\"317\"><\/p>\n<p style=\"text-align: center;\"><strong><span style=\"font-size: 8pt;\"><span style=\"font-family: verdana,geneva;\">Folleto elaborado por nuestros alumnos para juntar alimentos, ropa de abrigo, art\u00edculos de limpieza para los damnificados en las inundaciones durante este a\u00f1o.<\/span> <\/span><\/strong><\/p>\n<p>&nbsp;<\/p>\n<p><span style=\"font-family: verdana,geneva; font-size: 10pt;\">LAS DONACIONES FUERON LLEVADAS PERSONALMENTE A <span style=\"text-decoration: underline;\">LA FUNDACI\u00d3N S\u00cd.<\/span><\/span><\/p>\n<p><span style=\"font-size: 10pt; font-family: verdana,geneva;\">DIRECCI\u00d3N: \u00c1ngel&nbsp; Justiniano Carranza&nbsp; 1962, Buenos Aires<\/span><\/p>\n<p><span style=\"font-size: 10pt; font-family: verdana,geneva;\"><img decoding=\"async\" loading=\"lazy\" style=\"display: block; margin-left: auto; margin-right: auto;\" title=\"foto 3 2015\" src=\"https:\/\/ieslvf-caba.infd.edu.ar\/sitio\/wp-content\/uploads\/2018\/08\/foto3_2015.png\" border=\"0\" alt=\"foto 3 2015\" width=\"528\" height=\"296\"><\/span><\/p>\n<p>&nbsp;<img decoding=\"async\" style=\"display: block; margin-left: auto; margin-right: auto;\" title=\"COLLAGE 2015.jpg\" src=\"https:\/\/ieslvf-caba.infd.edu.ar\/sitio\/wp-content\/uploads\/2018\/08\/COLLAGE_2015.jpg\" border=\"0\" alt=\"COLLAGE 2015.jpg\"><\/p>\n<table style=\"height: 315px; width: 560px;\" border=\"0\" align=\"center\">\n<tbody>\n<tr>\n<td><a href=\"https:\/\/youtu.be\/1koHr0s7I5w\"><\/a><iframe loading=\"lazy\" frameborder=\"0\" height=\"315\" src=\"https:\/\/www.youtube.com\/embed\/1koHr0s7I5w?rel=0&amp;showinfo=0\" width=\"560\"><\/iframe><\/td>\n<\/tr>\n<\/tbody>\n<\/table>\n<p style=\"text-align: center;\">&nbsp;<\/p>\n<p>&nbsp;<\/p>\n<p>&nbsp;<\/p>\n<p><span style=\"font-family: verdana,geneva; font-size: 10pt;\">&#8211;<strong>Acci\u00f3n Solidaria dentro de nuestro Instituto<\/strong> :<\/span><\/p>\n<p><span style=\"font-family: verdana,geneva; font-size: 10pt;\">Compra y entrega de bandejas para que una ex_alumna comience un micro emprendimiento.<\/span><\/p>\n<p><span style=\"font-family: verdana,geneva; font-size: 10pt;\"><strong>Acciones pendientes:<\/strong><\/span><\/p>\n<p><span style=\"font-family: verdana,geneva; font-size: 10pt;\">-Viaje a Nuestra Escuela Apadrinada.<\/span><\/p>\n<p><span style=\"font-family: verdana,geneva; font-size: 10pt;\">-Entrega de cinco computadoras donadas.<\/span><\/p>\n<p><span style=\"font-family: verdana,geneva; font-size: 10pt;\">-Restaurar antiguas piezas abandonadas&nbsp; en el s\u00f3tano de nuestra escuela.<\/span><\/p>\n<p><span style=\"font-family: verdana,geneva; font-size: 10pt;\">-Concientizar a la comunidad educativa sobre la importancia del reciclaje &nbsp;y repartir contenedores de residuos en cada aula y pasillo.<\/span><\/p>\n<p>&nbsp;<\/p>\n<p><span style=\"font-family: verdana,geneva; font-size: 10pt;\"><strong>Taller de Micro-emprendimiento 2015<\/strong><\/span><\/p>\n<p><span style=\"font-family: verdana,geneva; font-size: 10pt;\"><strong>Coordinaci\u00f3n del Taller: Prof. Claudia Peluso y Prof. Gabriela Aste Avenda\u00f1o<\/strong><\/span><\/p>\n<p><span style=\"font-family: verdana,geneva; font-size: 10pt;\"><strong>Integrantes del Taller:<\/strong><\/span><\/p>\n<p><span style=\"font-family: verdana,geneva; font-size: 10pt;\"><strong>Dir.General: Angeles Priotti&nbsp;&nbsp;&nbsp;&nbsp;&nbsp;&nbsp;&nbsp;&nbsp;&nbsp;&nbsp;&nbsp;&nbsp;&nbsp;&nbsp; <\/strong><\/span><\/p>\n<p><span style=\"font-family: verdana,geneva; font-size: 10pt;\"><strong>Dir. Finanzas Victoria Varni<\/strong><\/span><\/p>\n<p><span style=\"font-family: verdana,geneva; font-size: 10pt;\"><strong>Dir.Marketing: Malena Vacca&nbsp;&nbsp;&nbsp;&nbsp;&nbsp;&nbsp;&nbsp;&nbsp;&nbsp;&nbsp;&nbsp;&nbsp; <\/strong><\/span><\/p>\n<p><span style=\"font-family: verdana,geneva; font-size: 10pt;\"><strong>Dir. Producci\u00f3n: Agostina Ghio<\/strong><\/span><\/p>\n<p><span style=\"font-family: verdana,geneva; font-size: 10pt;\"><strong>Dir. RRHH Zoel Larrea&nbsp;&nbsp;&nbsp;&nbsp;&nbsp;&nbsp; <\/strong><\/span><\/p>\n<p><span style=\"font-family: verdana,geneva; font-size: 10pt;\"><strong>Gesti\u00f3n de Calidad: Guadalupe Valenzuela<\/strong><\/span><\/p>\n<p><span style=\"font-family: verdana,geneva; font-size: 10pt;\"><strong>&nbsp;<\/strong><\/span><\/p>\n<p><span style=\"font-family: verdana,geneva; font-size: 10pt;\">Finalidad del taller: que los alumnos comprendan los pasos necesarios para comenzar un emprendimiento, la importancia de tomar riesgos, decisiones y trabajo en equipo.<\/span><\/p>\n<p><span style=\"font-family: verdana,geneva; font-size: 10pt;\">En el programa los estudiantes ejercen cargos de autoridad y responsabilidad. Comprenden c\u00f3mo funciona el mercado y opera con \u00e9l. Estudian cada una de las \u00e1reas de una Compa\u00f1\u00eda. Desarrollan habilidades de comunicaci\u00f3n y toma de decisiones.<\/span><\/p>\n<p><span style=\"font-family: verdana,geneva; font-size: 10pt;\">&nbsp;<\/span><\/p>\n<p><span style=\"font-family: verdana,geneva; font-size: 10pt;\"><strong>Feria de Compa\u00f1\u00edas en el Shopping Abasto de Buenos Aires, los d\u00edas s\u00e1bado 5&nbsp; y domingo 6 de septiembre de 9am. A 22pm.<\/strong><\/span><\/p>\n<p><span style=\"font-family: verdana,geneva; font-size: 10pt;\">Las alumnas muestran sus productos a partir de materiales de reciclaje.<\/span><\/p>\n<p><span style=\"font-family: verdana,geneva; font-size: 10pt;\">La Compa\u00f1\u00eda que fundaron se llama Rec.yCOR y el producto \u00a8 Chorchol\u00edn.<\/span><\/p>\n<p><span style=\"font-family: verdana,geneva; font-size: 10pt;\">Producto: bandejas, soporte, apoya objetos calientes confeccionados con corchos.<\/span><\/p>\n<p>&nbsp;<img decoding=\"async\" loading=\"lazy\" style=\"display: block; margin-left: auto; margin-right: auto;\" title=\"foto 4 2015\" src=\"https:\/\/ieslvf-caba.infd.edu.ar\/sitio\/wp-content\/uploads\/2018\/08\/foto4_2015.png\" border=\"0\" alt=\"foto 4 2015\" width=\"488\" height=\"365\"><\/p>\n<p><span style=\"font-family: verdana,geneva; font-size: 10pt;\">Teatro Opera City<\/span><\/p>\n<p><span style=\"font-family: verdana,geneva; font-size: 10pt;\">Sito en Av. Corrientes 860 CABA. <\/span><\/p>\n<p><span style=\"font-family: verdana,geneva; font-size: 10pt;\">La Compa\u00f1\u00eda particip\u00f3 de la Entrega de Premios de Junior Achievement, el d\u00eda 27 de octubre de 2015.<\/span><\/p>\n<p><span style=\"font-family: verdana,geneva; font-size: 10pt;\">La alumna \u00c1ngeles Priotti, recibe por parte de la ONG una Beca para realizar un curso en la&nbsp; Nueva Escuela de Dise\u00f1o y Comunicaci\u00f3n. <\/span><\/p>\n<p>&nbsp;<img decoding=\"async\" loading=\"lazy\" style=\"display: block; margin-left: auto; margin-right: auto;\" title=\"foto 5 2015\" src=\"https:\/\/ieslvf-caba.infd.edu.ar\/sitio\/wp-content\/uploads\/2018\/08\/foto5_2015.png\" border=\"0\" alt=\"foto 5 2015\" width=\"514\" height=\"684\"><\/p>\n<p>&nbsp;<\/p>\n<p class=\"normal\">&nbsp;<\/p>\n<p class=\"normal\"><strong><span style=\"font-size: 14pt;\"><span style=\"font-family: verdana,geneva;\">2014<\/span><\/span><\/strong><\/p>\n<p class=\"normal\"><span style=\"font-size: 10pt;\"><span style=\"font-family: verdana,geneva;\">Integrantes de La Comisoli:<\/span><\/span><\/p>\n<p><span style=\"font-size: 10pt;\"><em>Embajadoras:<\/em> Josefina Jim\u00e9nez y Luc\u00eda Cancela<\/span><\/p>\n<table border=\"0\">\n<tbody>\n<tr>\n<td style=\"background-color: #ff9933; border-color: #ffffff; border-style: solid; border-width: 1px;\">\n<p><span style=\"font-size: 10pt; color: #000000;\">Candelaria Garc\u00eda 1\u00b0 4<\/span><\/p>\n<p><span style=\"font-size: 10pt; color: #000000;\">Natalia Gomez Carrillo 1\u00b0 4\u00b0<\/span><\/p>\n<p><span style=\"font-size: 10pt; color: #000000;\">Daniel Acosta 2\u00b0 2\u00b0<\/span><\/p>\n<p><span style=\"font-size: 10pt; color: #000000;\">Clara Parks&nbsp; 2\u00b0 3\u00b0<\/span><\/p>\n<p><span style=\"font-size: 10pt; color: #000000;\">Lourdes Valencia 2\u00b0 3\u00b0<\/span><\/p>\n<\/td>\n<td style=\"background-color: #ff9933; border-color: #ffffff; border-style: solid; border-width: 1px;\">\n<p><span style=\"font-size: 10pt;\">&nbsp;<span style=\"color: #000000;\">Rosario Fagundez 2\u00b0 3\u00b0<\/span><\/span><\/p>\n<p><span style=\"font-size: 10pt; color: #000000;\">Sof\u00eda Kupferschmidth 2\u00b0 3\u00b0<\/span><\/p>\n<p><span style=\"font-size: 10pt; color: #000000;\">Manuel Ovando 2\u00b0 4\u00b0<\/span><\/p>\n<p><span style=\"font-size: 10pt; color: #000000;\">Candelaria Grimberg Sosa 3\u00b0 2\u00b0<\/span><\/p>\n<p><span style=\"font-size: 10pt; color: #000000;\">Martina Artaza 3\u00b0 2\u00b0<\/span><\/p>\n<\/td>\n<td style=\"background-color: #ff9933; border-color: #ffffff; border-style: solid; border-width: 1px;\">\n<p><span style=\"font-size: 10pt;\">&nbsp;<span style=\"color: #000000;\">Rafael Aguilar 3\u00b0 4\u00b0<\/span><\/span><\/p>\n<p><span style=\"font-size: 10pt; color: #000000;\">Josefina Jimenez Blanco 4\u00b0 2\u00b0<\/span><\/p>\n<p><span style=\"font-size: 10pt; color: #000000;\">Luc\u00eda Cancela 4\u00b0 2\u00b0<\/span><\/p>\n<p><span style=\"font-size: 10pt; color: #000000;\">Guadalupe Polledo 4\u00b0 3\u00b0<\/span><\/p>\n<p><span style=\"font-size: 10pt; color: #000000;\">Agustina Mar\u00edn 4\u00b0 3\u00b0<\/span><\/p>\n<\/td>\n<\/tr>\n<\/tbody>\n<\/table>\n<p class=\"normal\"><span style=\"font-family: verdana,geneva; font-size: 10pt;\">Viajamos a nuestra escuela apadrinada del 3 al 6 de noviembre.<\/span><\/p>\n<p class=\"normal\"><span style=\"font-family: verdana,geneva; font-size: 10pt;\">Nuestros ahijados nos recibieron con mucha alegr\u00eda. Fue una experiencia que nunca nos vamos a olvidar. El intercambio cultural entre los estudiantes y docentes fue extremadamente valioso. Compartimos actividades pedag\u00f3gicas, recreativas, almuerzos, pintamos, escribimos, dibujamos, almorzamos, bailamos, caminamos por los trigales y por los maizales, realizamos visitas a una f\u00e1brica en ruinas de quebracho. Los alumnos nos mostraron sus juegos, animales, lugares. Nos obsequiaron sus frutas y verduras cultivadas por ellos. Nos mostraron cada uno de sus queridos \u00e1rboles. Sus familiares nos vinieron a conocer. El Municipio cort\u00f3 el pasto y la radio anunci\u00f3 nuestra llegada.<\/span><\/p>\n<p class=\"normal\"><span style=\"font-family: verdana,geneva; font-size: 10pt;\">Entre las donaciones enviadas se encuentran:<\/span><\/p>\n<ul>\n<li><span style=\"font-family: verdana,geneva; font-size: 10pt;\">Material bibliogr\u00e1fico: libros escolares, cuentos, bibliograf\u00eda para los docentes. Estos materiales se agregan a env\u00edos anteriores.<\/span><\/li>\n<li><span style=\"font-family: verdana,geneva; font-size: 10pt;\">Botas de lluvia.<\/span><\/li>\n<li><span style=\"font-family: verdana,geneva; font-size: 10pt;\">Juegos y juguetes nuevos o en muy buenas condiciones.<\/span><\/li>\n<li><span style=\"font-family: verdana,geneva; font-size: 10pt;\">17 bicicletas.<\/span><\/li>\n<li><span style=\"font-family: verdana,geneva; font-size: 10pt;\">cepillos dentales, pasta dent\u00edfrica y analg\u00e9sico para muelas.<\/span><\/li>\n<li><span style=\"font-family: verdana,geneva; font-size: 10pt;\">Pa\u00f1ales descartables.<\/span><\/li>\n<li><span style=\"font-family: verdana,geneva; font-size: 10pt;\">Bolsa llena de medicamentos.<\/span><\/li>\n<li><span style=\"font-family: verdana,geneva; font-size: 10pt;\">Dinero para ayudar con el desayuno y almuerzos diarios (la Directora coment\u00f3 que tienen un presupuesto de $ 1.300 mensuales para alimentar a 22 chicos, 3 maestros y 1 encargado)<\/span><\/li>\n<li><span style=\"font-family: verdana,geneva; font-size: 10pt;\">Juguetes preparados por los estudiantes con material de descarte.<\/span><\/li>\n<\/ul>\n<p class=\"normal\" style=\"font-family: verdana,geneva; font-size: 10pt;\"><span style=\"font-size: 10pt;\">&nbsp;<\/span><\/p>\n<p class=\"normal\" style=\"text-align: center;\"><span style=\"font-size: 10pt;\"><img decoding=\"async\" loading=\"lazy\" title=\"foto 2\" src=\"https:\/\/ieslvf-caba.infd.edu.ar\/sitio\/wp-content\/uploads\/2018\/08\/foto2.jpg\" border=\"0\" alt=\"foto 2\" width=\"558\" height=\"1265\"><\/span><\/p>\n<p><span style=\"font-size: 10pt;\"><span style=\"font-family: verdana,geneva;\">Fundaci\u00f3n Juanito y damnificados por la inundaci\u00f3n de La Plata<\/span><\/span><\/p>\n<ul>\n<li><span style=\"font-family: verdana,geneva; font-size: 10pt;\">Enviamos ropa y libros para la Fundaci\u00f3n Juanito.<\/span><\/li>\n<li><span style=\"font-family: verdana,geneva; font-size: 10pt;\">Colaboramos recaudando frazadas y ropa para alumnas del&nbsp; Normal N\u00b011 que se le ha quemado la casa<\/span><\/li>\n<li><span style=\"font-family: verdana,geneva; font-size: 10pt;\">Recolectamos art\u00edculos de limpieza para los damnificados por las inundaciones.<\/span><\/li>\n<\/ul>\n<p class=\"normal\" style=\"text-align: center;\"><span style=\"font-size: 10pt;\">&nbsp;<\/span><\/p>\n<p class=\"normal\"><strong><span style=\"font-size: 14pt;\"><span style=\"font-family: verdana,geneva;\">2013<\/span><\/span><\/strong><\/p>\n<p class=\"normal\"><span style=\"font-family: verdana,geneva; font-size: 10pt;\">Teniendo en cuenta el cambio clim\u00e1tico que se ha estado mostrando en esta porci\u00f3n geogr\u00e1fica de nuestro territorio, incluimos un espacio espec\u00edfico para situaciones que se presenten en las que haya damnificados tanto material como sanitariamente.<\/span><\/p>\n<p class=\"normal\"><span style=\"font-family: verdana,geneva; font-size: 10pt;\">&nbsp;<\/span><\/p>\n<ul>\n<li><span style=\"font-family: verdana,geneva; font-size: 10pt;\">Donamos ropa de abrigo, ropa de cama, elementos de limpieza, etc. a las personas inundadas de La Plata.<\/span><\/li>\n<li><span style=\"font-family: verdana,geneva; font-size: 10pt;\">Colaboramos&nbsp; activa y personalmente con los damnificados en el lugar del hecho, llevamos y ayudamos a separar ropa y diferentes objetos en la Universidad de La Plata que era la encargada de repartir las donaciones a las personas damnificadas.<\/span><\/li>\n<li><span style=\"font-family: verdana,geneva; font-size: 10pt;\">Donaci\u00f3n de seis computadoras, parlantes, mouse y una impresora. Con estas herramientas La Escuela Contralmirante Tiburcio Aldao pudieron armar el Gabinete de computaci\u00f3n.<\/span><\/li>\n<\/ul>\n<p class=\"normal\"><span style=\"font-family: verdana,geneva; font-size: 10pt;\">Durante todo el a\u00f1o lectivo se ha mantenido una fluida comunicaci\u00f3n con la Sra. Mart\u00ednez, directora de nuestra escuelita apadrinada, y se han realizado env\u00edos de bicicletas, ropa, medicamentos, alimentos no perecederos, art\u00edculos de limpieza, juegos realizados por nuestros alumnos y canastitas navide\u00f1as.<\/span><\/p>\n<p class=\"normal\"><span style=\"font-family: verdana,geneva; font-size: 10pt;\">Para nuestro proyecto es muy importante el intercambio, por tal motivo, se envi\u00f3 por correo postal cartas de nuestros alumnos para los alumnos de la escuelita apadrinada.<\/span><\/p>\n<p class=\"normal\"><span style=\"font-family: verdana,geneva; font-size: 10pt;\">En el mes de febrero se enviaron los \u00fatiles necesarios para comenzar el a\u00f1o lectivo para todos los alumnos de la escuela.<\/span><\/p>\n<ul>\n<li><span style=\"font-family: verdana,geneva; font-size: 10pt;\">Donaci\u00f3n de libros y \u00fatiles a un hogar de Ni\u00f1as de Belgrano.<\/span><\/li>\n<\/ul>\n<p style=\"text-align: center;\"><span style=\"font-family: verdana,geneva; font-size: 10pt;\"><img decoding=\"async\" loading=\"lazy\" title=\"foto 3\" src=\"https:\/\/ieslvf-caba.infd.edu.ar\/sitio\/wp-content\/uploads\/2018\/08\/foto3.jpg\" border=\"0\" alt=\"foto 3\" width=\"535\" height=\"806\"><\/span><\/p>\n<p style=\"text-align: center;\"><span style=\"font-size: 10pt;\">&nbsp;<\/span><\/p>\n<p class=\"normal\"><span style=\"font-size: 10pt;\"><span style=\"font-family: verdana,geneva;\">2012<\/span><\/span><\/p>\n<p class=\"normal\"><span style=\"font-family: verdana,geneva; font-size: 10pt;\">Durante este a\u00f1o se restablecieron las comunicaciones con la escuela apadrinada por nuestra instituci\u00f3n: la escuela N\u00b0 6330 \u00abContralmirante Tiburcio Aldao\u00bb que hab\u00edan sido abandonadas por la gesti\u00f3n anterior. Se inform\u00f3 a <a href=\"http:\/\/www.apaer.com.ar\/web\/\" target=\"_blank\" rel=\"noopener\">APAER<\/a> sobre este reencuentro y el restablecimiento de la ayuda.<\/span><\/p>\n<p class=\"normal\"><span style=\"font-family: verdana,geneva; font-size: 10pt;\">Las primeras conversaciones telef\u00f3nicas fueron para regenerar el v\u00ednculo.<\/span><\/p>\n<p class=\"normal\"><span style=\"font-family: verdana,geneva; font-size: 10pt;\">Las acciones que se llevaron a cabo fueron las siguientes:<\/span><\/p>\n<ul>\n<li><span style=\"font-family: verdana,geneva; font-size: 10pt;\">Donaci\u00f3n de alimentos no perecederos, ropa, libros y calzado para los alumnos y las familias.<\/span><\/li>\n<li><span style=\"font-family: verdana,geneva; font-size: 10pt;\">Ayuda a comedor de Belgrano \u00abOlla popular de la plaza\u00bb.<\/span><\/li>\n<\/ul>","protected":false},"excerpt":{"rendered":"<p>Proyecto Solidario: Lenguas en Acci\u00f3n Actualmente llamado por los estudiantes: \u201cLa Comisoli\u201d &nbsp;Coordinaci\u00f3n: Prof. Claudia Peluso y Prof Gabriela Aste Avenda\u00f1o &nbsp; Padrinazgo de la Escuela N\u00ba 6330 \u00abContralmirante Tiburcio Aldao\u00bb, Campo P\u00edccoli, Santa Fe &nbsp; &nbsp; La Escuela Rural N\u00ba 6330 \u201cContralmirante Tiburcio Aldao\u201d se encuentra situada en la localidad de Campo P\u00edccoli, sobre &#8230; <a title=\"Acci\u00f3n solidaria\" class=\"read-more\" href=\"https:\/\/ieslvf-caba.infd.edu.ar\/sitio\/accion-solidaria\/\" aria-label=\"More on Acci\u00f3n solidaria\">[+]<\/a><\/p>\n","protected":false},"author":3315,"featured_media":0,"parent":0,"menu_order":0,"comment_status":"closed","ping_status":"closed","template":"","meta":[],"acf":[],"_links":{"self":[{"href":"https:\/\/ieslvf-caba.infd.edu.ar\/sitio\/wp-json\/wp\/v2\/pages\/2940"}],"collection":[{"href":"https:\/\/ieslvf-caba.infd.edu.ar\/sitio\/wp-json\/wp\/v2\/pages"}],"about":[{"href":"https:\/\/ieslvf-caba.infd.edu.ar\/sitio\/wp-json\/wp\/v2\/types\/page"}],"author":[{"embeddable":true,"href":"https:\/\/ieslvf-caba.infd.edu.ar\/sitio\/wp-json\/wp\/v2\/users\/3315"}],"replies":[{"embeddable":true,"href":"https:\/\/ieslvf-caba.infd.edu.ar\/sitio\/wp-json\/wp\/v2\/comments?post=2940"}],"version-history":[{"count":1,"href":"https:\/\/ieslvf-caba.infd.edu.ar\/sitio\/wp-json\/wp\/v2\/pages\/2940\/revisions"}],"predecessor-version":[{"id":11182,"href":"https:\/\/ieslvf-caba.infd.edu.ar\/sitio\/wp-json\/wp\/v2\/pages\/2940\/revisions\/11182"}],"wp:attachment":[{"href":"https:\/\/ieslvf-caba.infd.edu.ar\/sitio\/wp-json\/wp\/v2\/media?parent=2940"}],"curies":[{"name":"wp","href":"https:\/\/api.w.org\/{rel}","templated":true}]}}