{"id":4388,"date":"2019-04-22T17:11:54","date_gmt":"2019-04-22T20:11:54","guid":{"rendered":"https:\/\/ieslvf-caba.infd.edu.ar\/sitio\/?page_id=4388"},"modified":"2019-04-22T17:16:03","modified_gmt":"2019-04-22T20:16:03","slug":"comision-directiva-electa-2018","status":"publish","type":"page","link":"https:\/\/ieslvf-caba.infd.edu.ar\/sitio\/comision-directiva-electa-2018\/","title":{"rendered":"Comisi\u00f3n Directiva electa 2018"},"content":{"rendered":"<h5><span style=\"color: #333399;\">Comisi\u00f3n Directiva electa 2018<\/span><\/h5>\n<p><span style=\"color: #333399;\">Tenemos el agrado de comunicarles que el d\u00eda 11 de junio de 2018, mediante Asamblea General Ordinaria, se llev\u00f3 a cabo la elecci\u00f3n de los nuevos integrantes de la Comisi\u00f3n Directiva y de la Comisi\u00f3n Revisora de Cuentas. Quedaron conformadas ambas Comisiones con representantes de nivel primario, medio y terciario:<\/span><\/p>\n<p dir=\"ltr\"><span style=\"color: #333399;\">COMISI\u00d3N DIRECTIVA:<\/span><\/p>\n<ul>\n<li><span style=\"color: #333399;\">Presidente: A\u00edda Nazarena Vera (representante de Nivel Medio, per\u00edodo 2018-2020)<\/span><\/li>\n<li><span style=\"color: #333399;\">Vicepresidente: Daniel Rub\u00e9n Rodr\u00edguez Bozzani (representante de Nivel Medio y Primario, per\u00edodo 2018-2020)<\/span><\/li>\n<li><span style=\"color: #333399;\">Tesorero: Mariana Eugenia Manzo (representante de Nivel Primario, per\u00edodo 2018-2020)<\/span><\/li>\n<li><span style=\"color: #333399;\">Secretario: Mar\u00eda Eugenia Schaefer (representante de Nivel Primario, per\u00edodo 2018-2020)<\/span><\/li>\n<li><span style=\"color: #333399;\">ProTesorero: H\u00e9ctor De Carlo (representante de Nivel Medio, per\u00edodo 2017-2019)<\/span><\/li>\n<li><span style=\"color: #333399;\">Vocal Titular 1: \u00a0Mar\u00eda Josefina Suares (representante de Nivel Primario, per\u00edodo 2018-2019)<\/span><\/li>\n<li><span style=\"color: #333399;\">Vocal Titular 2: Richard Andrew Schpuntoff (representante de Nivel Primario, per\u00edodo 2018-2019)<\/span><\/li>\n<li><span style=\"color: #333399;\">Vocal Titular 3: Francisco Javier Casavelos (representante de Nivel Primario, per\u00edodo 2018-2020)<\/span><\/li>\n<li><span style=\"color: #333399;\">Vocal Suplente: Mar\u00eda Paula Gorosito (representante de Nivel Primario, per\u00edodo 2018-2019)<\/span><\/li>\n<li><span style=\"color: #333399;\">Vocal Suplente: Julieta Cembalo (representante de Nivel Primario, per\u00edodo 2018-2020)<\/span><\/li>\n<li><span style=\"color: #333399;\">Vocal Suplente: Mercedes Pi\u00f1ero (representante de Nivel Primario, per\u00edodo 2017-2019)<\/span><\/li>\n<\/ul>\n<p dir=\"ltr\"><span style=\"color: #333399;\">COMISI\u00d3N REVISORA DE CUENTAS:<\/span><\/p>\n<ul>\n<li><span style=\"color: #333399;\">Javier Alejandro Duplessy (representante de Nivel Primario, per\u00edodo 2018 -2019)<\/span><\/li>\n<li><span style=\"color: #333399;\">Vanina Giselle Walter Marchi (representante de Nivel Terciario, per\u00edodo 2018 -2019)<\/span><\/li>\n<li><span style=\"color: #333399;\">Sandra Elizabeth Faggiano (representante de Nivel Primario, per\u00edodo 2018 &#8211; 2019)<\/span><\/li>\n<li><span style=\"color: #333399;\">Corina Renata Marchi (representante de Nivel Medio, per\u00edodo 2018- 2019)<\/span><\/li>\n<\/ul>\n<p>&nbsp;<\/p>\n<div>\n<p>&nbsp;<\/p>\n<\/div>\n","protected":false},"excerpt":{"rendered":"<p>Comisi\u00f3n Directiva electa 2018 Tenemos el agrado de comunicarles que el d\u00eda 11 de junio de 2018, mediante Asamblea General Ordinaria, se llev\u00f3 a cabo la elecci\u00f3n de los nuevos integrantes de la Comisi\u00f3n Directiva y de la Comisi\u00f3n Revisora de Cuentas. Quedaron conformadas ambas Comisiones con representantes de nivel primario, medio y terciario: COMISI\u00d3N &#8230; <a title=\"Comisi\u00f3n Directiva electa 2018\" class=\"read-more\" href=\"https:\/\/ieslvf-caba.infd.edu.ar\/sitio\/comision-directiva-electa-2018\/\" aria-label=\"More on Comisi\u00f3n Directiva electa 2018\">[+]<\/a><\/p>\n","protected":false},"author":2415,"featured_media":0,"parent":0,"menu_order":0,"comment_status":"closed","ping_status":"closed","template":"","meta":[],"acf":[],"_links":{"self":[{"href":"https:\/\/ieslvf-caba.infd.edu.ar\/sitio\/wp-json\/wp\/v2\/pages\/4388"}],"collection":[{"href":"https:\/\/ieslvf-caba.infd.edu.ar\/sitio\/wp-json\/wp\/v2\/pages"}],"about":[{"href":"https:\/\/ieslvf-caba.infd.edu.ar\/sitio\/wp-json\/wp\/v2\/types\/page"}],"author":[{"embeddable":true,"href":"https:\/\/ieslvf-caba.infd.edu.ar\/sitio\/wp-json\/wp\/v2\/users\/2415"}],"replies":[{"embeddable":true,"href":"https:\/\/ieslvf-caba.infd.edu.ar\/sitio\/wp-json\/wp\/v2\/comments?post=4388"}],"version-history":[{"count":2,"href":"https:\/\/ieslvf-caba.infd.edu.ar\/sitio\/wp-json\/wp\/v2\/pages\/4388\/revisions"}],"predecessor-version":[{"id":4391,"href":"https:\/\/ieslvf-caba.infd.edu.ar\/sitio\/wp-json\/wp\/v2\/pages\/4388\/revisions\/4391"}],"wp:attachment":[{"href":"https:\/\/ieslvf-caba.infd.edu.ar\/sitio\/wp-json\/wp\/v2\/media?parent=4388"}],"curies":[{"name":"wp","href":"https:\/\/api.w.org\/{rel}","templated":true}]}}